{"id":26982,"date":"2019-10-05T10:37:43","date_gmt":"2019-10-05T08:37:43","guid":{"rendered":"https:\/\/www.alemape-tours.com\/?page_id=26982"},"modified":"2025-08-11T17:08:09","modified_gmt":"2025-08-11T15:08:09","slug":"aventura","status":"publish","type":"page","link":"https:\/\/www.alemape-tours.com\/es\/aventura\/","title":{"rendered":"Aventura"},"content":{"rendered":"<h1 style=\"text-align: center;\">ELIGE TU PR\u00d3XIMA AVENTURA<\/h1>\n<h2 style=\"text-align: center;\">Explora el Per\u00fa de una manera distinta con una selecci\u00f3n de actividades que forman parte del turismo de aventura.<br \/>\nTours que van desde un paseo en bicicleta en la ciudad de Cusco en medio d\u00eda hasta una caminata en el Ca\u00f1\u00f3n del Colca, pasando por el famoso Camino Inca hacia Machu Picchu.<\/h2>\n<p>&nbsp;<\/p>\n<p style=\"text-align: center;\">\n","protected":false},"excerpt":{"rendered":"<p>ELIGE TU PR\u00d3XIMA AVENTURA Explora el Per\u00fa de una manera distinta con una selecci\u00f3n de actividades que forman parte del turismo de aventura. Tours que van desde un paseo en bicicleta en la ciudad de Cusco en medio d\u00eda hasta una caminata en el Ca\u00f1\u00f3n del Colca, pasando por el famoso Camino Inca hacia Machu [&hellip;]<\/p>\n","protected":false},"author":1,"featured_media":21132,"parent":0,"menu_order":0,"comment_status":"closed","ping_status":"closed","template":"page-tour-list.php","meta":{"footnotes":""},"class_list":["post-26982","page","type-page","status-publish","has-post-thumbnail","hentry"],"_links":{"self":[{"href":"https:\/\/www.alemape-tours.com\/es\/wp-json\/wp\/v2\/pages\/26982","targetHints":{"allow":["GET"]}}],"collection":[{"href":"https:\/\/www.alemape-tours.com\/es\/wp-json\/wp\/v2\/pages"}],"about":[{"href":"https:\/\/www.alemape-tours.com\/es\/wp-json\/wp\/v2\/types\/page"}],"author":[{"embeddable":true,"href":"https:\/\/www.alemape-tours.com\/es\/wp-json\/wp\/v2\/users\/1"}],"replies":[{"embeddable":true,"href":"https:\/\/www.alemape-tours.com\/es\/wp-json\/wp\/v2\/comments?post=26982"}],"version-history":[{"count":1,"href":"https:\/\/www.alemape-tours.com\/es\/wp-json\/wp\/v2\/pages\/26982\/revisions"}],"predecessor-version":[{"id":32210,"href":"https:\/\/www.alemape-tours.com\/es\/wp-json\/wp\/v2\/pages\/26982\/revisions\/32210"}],"wp:featuredmedia":[{"embeddable":true,"href":"https:\/\/www.alemape-tours.com\/es\/wp-json\/wp\/v2\/media\/21132"}],"wp:attachment":[{"href":"https:\/\/www.alemape-tours.com\/es\/wp-json\/wp\/v2\/media?parent=26982"}],"curies":[{"name":"wp","href":"https:\/\/api.w.org\/{rel}","templated":true}]}}