{"id":26705,"date":"2019-10-01T20:10:08","date_gmt":"2019-10-01T18:10:08","guid":{"rendered":"https:\/\/www.alemape-tours.com\/?page_id=26705"},"modified":"2025-08-11T17:58:55","modified_gmt":"2025-08-11T15:58:55","slug":"bestseller","status":"publish","type":"page","link":"https:\/\/www.alemape-tours.com\/es\/bestseller\/","title":{"rendered":"Bestseller"},"content":{"rendered":"<h1 style=\"text-align: center;\"><span class=\"tlid-translation translation\" lang=\"es\"><span class=\"\" title=\"\">ELIGE TU PR\u00d3XIMA AVENTURA<\/span><\/span><\/h1>\n<h2 style=\"text-align: center;\">Itinerarios que van de 5 d\u00edas a 15, combinando el circuito sur del pa\u00eds dise\u00f1ado especialmente para los viajeros que est\u00e1n interesados en la cultura, la antropolog\u00eda y la historia.<\/h2>\n","protected":false},"excerpt":{"rendered":"<p>ELIGE TU PR\u00d3XIMA AVENTURA Itinerarios que van de 5 d\u00edas a 15, combinando el circuito sur del pa\u00eds dise\u00f1ado especialmente para los viajeros que est\u00e1n interesados en la cultura, la antropolog\u00eda y la historia.<\/p>\n","protected":false},"author":1,"featured_media":25357,"parent":0,"menu_order":0,"comment_status":"closed","ping_status":"closed","template":"page-tour-list.php","meta":{"footnotes":""},"class_list":["post-26705","page","type-page","status-publish","has-post-thumbnail","hentry"],"_links":{"self":[{"href":"https:\/\/www.alemape-tours.com\/es\/wp-json\/wp\/v2\/pages\/26705","targetHints":{"allow":["GET"]}}],"collection":[{"href":"https:\/\/www.alemape-tours.com\/es\/wp-json\/wp\/v2\/pages"}],"about":[{"href":"https:\/\/www.alemape-tours.com\/es\/wp-json\/wp\/v2\/types\/page"}],"author":[{"embeddable":true,"href":"https:\/\/www.alemape-tours.com\/es\/wp-json\/wp\/v2\/users\/1"}],"replies":[{"embeddable":true,"href":"https:\/\/www.alemape-tours.com\/es\/wp-json\/wp\/v2\/comments?post=26705"}],"version-history":[{"count":1,"href":"https:\/\/www.alemape-tours.com\/es\/wp-json\/wp\/v2\/pages\/26705\/revisions"}],"predecessor-version":[{"id":32223,"href":"https:\/\/www.alemape-tours.com\/es\/wp-json\/wp\/v2\/pages\/26705\/revisions\/32223"}],"wp:featuredmedia":[{"embeddable":true,"href":"https:\/\/www.alemape-tours.com\/es\/wp-json\/wp\/v2\/media\/25357"}],"wp:attachment":[{"href":"https:\/\/www.alemape-tours.com\/es\/wp-json\/wp\/v2\/media?parent=26705"}],"curies":[{"name":"wp","href":"https:\/\/api.w.org\/{rel}","templated":true}]}}