{"id":23670,"date":"2019-05-16T21:09:25","date_gmt":"2019-05-16T19:09:25","guid":{"rendered":"https:\/\/www.alemape-tours.com\/?page_id=23670"},"modified":"2025-08-11T22:43:36","modified_gmt":"2025-08-11T20:43:36","slug":"responsible-traveling","status":"publish","type":"page","link":"https:\/\/www.alemape-tours.com\/es\/responsible-traveling\/","title":{"rendered":"Responsible Traveling"},"content":{"rendered":"<h1><span style=\"color: #1ca4b4;\">Tipps f\u00fcr das Responsible Traveling<\/span><\/h1>\n<p>Es kann schwierig sein bewusst und \u00f6kologisch zu sein, besonders wenn man alles, was man besitzt, in einer einzigen Tasche tr\u00e4gt. Es l\u00e4sst sich sicher auch nicht alles umstellen oder optimal l\u00f6sen. Manchmal k\u00f6nnen aber auch einfache allt\u00e4gliche Dinge einen wichtigen Unterschied in dem Land das Du besuchst und es so auch f\u00fcr die Nachwelt als Reiseziel erhalten.<\/p>\n<h2><span style=\"color: #1ca4b4;\">Plastik vermeiden<\/span><\/h2>\n<h3><span style=\"color: #1ca4b4;\">Nutze eine nachf\u00fcllbare Trinkflasche<\/span><\/h3>\n<p>Probiere dies auch in L\u00e4ndern, in denen Du kein Wasser aus dem Wasserhahn trinken solltest. Such dir dort z.B. im Hostel, einem Restaurant, Caf\u00e9 oder einer Tankstelle eine Wasser-Auff\u00fcllstation. Dabei kannst du selbst entscheiden ob du lieber eine Glas-, Edelstahl oder faltbare Silikon-Flasche nutzt.<\/p>\n<h2><span style=\"color: #1ca4b4;\">Lerne Nein zu sagen<\/span><\/h2>\n<p>\u201eBitte keine Plastikt\u00fcte\u201c oder \u201eKeinen Strohhalm bitte\u201c in der jeweiligen Landessprache zu sagen \u2013 Zwei kleine S\u00e4tze, die ganz einfach das f\u00fcr unsere Umwelt so sch\u00e4dliche Einwegplastik vermeiden. Es gibt immer noch viel zu viele L\u00e4nder, die den Schaden den Plastik in der Natur verursacht noch nicht begriffen haben. Umso wichtiger ist es dort als gutes Beispiel voran zu gehen.<\/p>\n<p>TIPP: Auch ein \u201eHallo\u201c und \u201eDanke\u201c sind kleine Worte die in der Landessprache eine gro\u00dfe Wirkung haben.<\/p>\n<h2><span style=\"color: #1ca4b4;\">Kaufe lokal ein<\/span><\/h2>\n<p>Frisches Obst und Gem\u00fcse an kleinen St\u00e4nden statt in gro\u00dfen Superm\u00e4rkten. Gleiches gilt f\u00fcr Souvenirs. Kauf sie bei lokalen K\u00fcnstlern und Handwerkern. Mit etwas Gl\u00fcck wirst Du auch ein besseres Angebot bekommen. Unterst\u00fctzen immer lokale Unternehmen, wo auch immer auf der Welt Du dich befindest.<\/p>\n<h3><span style=\"color: #1ca4b4;\">Nimm eine Stoff- oder Mehrwegtasche mit<\/span><\/h3>\n<p>Damit kannst du einfach alles transportieren und du kannst sie gleich als Alternative zur oft \u00fcblichen Plastikt\u00fcte in L\u00e4den anbieten.<\/p>\n<h2><span style=\"color: #1ca4b4;\">Probiere einen umweltfreundlichen Transport<\/span><\/h2>\n<p>Nimm \u00f6ffentliche Verkehrsmittel wie Bus oder Bahn. Oder setz deine Muskelkraft ein und wandere einige Strecken, fahre Rad oder nutze Ridesharing \/ Mitfahrgelegenheit.<\/p>\n<h3><span style=\"color: #1ca4b4;\">Wenn sich Fliegen nicht vermeiden l\u00e4sst<\/span><\/h3>\n<p>Buche m\u00f6glichst einen Nonstop-Flug, anstatt mehrere Fl\u00fcge zu nehmen. Um die Menge der CO2-Emissionen zu reduzieren und bleibe m\u00f6glichst lange vor Ort damit es sich auch wirklich lohnt. \u00dcberlege auch ob du deinen Flug ansonsten kompensieren m\u00f6chtest. Das kannst du u.a. \u00fcber Organisationen wie atmosfair tun.<\/p>\n<h2><span style=\"color: #1ca4b4;\">Spare Papier<\/span><\/h2>\n<p>in dem du Flyer und Karten nur anschaust und entweder wieder zur\u00fcck gibst oder dich anschlie\u00dfend im Internet weiter informierst. Karten kannst du dir auch offline und kostenlos mit der App MapsMe herunterladen \u2013 so kannst du auch ohne Internet und ohne Karte aus Papier \u00fcberall navigieren.<\/p>\n<h2><span style=\"color: #1ca4b4;\">\u00dcbernimm Verantwortung f\u00fcr Tiere<\/span><\/h2>\n<p>Ob es um Souvenirs wie Krokodil-Ledertaschen, getrocknete Seesterne, Tier-Belustigungen wie trainierte \u00c4ffchen, gefangene Wale und Delfine oder sogar (wahrscheinlich bet\u00e4ubte) Tiger streicheln, geht \u2013 denke nicht nur an dich und dein sch\u00f6nes Foto, sondern achte darauf dass auch mit Tieren respektvoll umgegangen und eine m\u00f6glichst nat\u00fcrliche Haltung umgesetzt wird. Gleiches gilt nat\u00fcrlich f\u00fcr die Pflanzenwelt. Achte darauf keine Pflanzen-Krankheiten zu verbreiten oder gar \u00d6kosysteme wie Korallenriffe nicht zu zerst\u00f6ren.<\/p>\n<h2><span style=\"color: #1ca4b4;\">Spare Energie und Wasser<\/span><\/h2>\n<p>indem du einfach Licht, Klimaanlage \/ Heizger\u00e4te und Standby-Ger\u00e4te ausschaltest, wenn Du nicht da bist bzw. sie nicht brauchst. Die Klimaanlage von 20 auf 18 Graf zu stellen, spart 3-5 % Energie. Spare au\u00dferdem Wasser durch kurze Duschen oder eine romantische Dusche zu Zweit! Gew\u00f6hne es dir am besten gleich Zuhause an und setzt diese gute Angewohnheit einfach auf Reisen fort. H\u00e4ufig findet man auch in Hotels die kleinen Schildchen die einen auffordern Handt\u00fccher mehrfach zu nutzen. Komm dieser Bitte gern nach. So sparst du Wasser und chemische Reinigungsmittel in deiner Destination.<\/p>\n<h3><span style=\"color: #1ca4b4;\">Weniger ist mehr<\/span><\/h3>\n<p>Versuche m\u00f6glichst wenig Gep\u00e4ck mit zu nehmen. Das erleichtert nicht nur das Tragen, sondern spart auch beim Transport im Auto oder Flugzeug ganz einfach CO2. Und am Ende der Reise hast du auch noch weniger zu waschen.<\/p>\n<h3><span style=\"color: #1ca4b4;\">Weniger isst mehr<\/span><\/h3>\n<p>Ebenso wie das Gep\u00e4ck spart auch deine Ern\u00e4hrung CO2 ein, in dem du ganz oder zum Teil auf Fleisch verzichtest.<\/p>\n<h2><span style=\"color: #1ca4b4;\">Weitergeben statt wegwerfen<\/span><\/h2>\n<p>Ob beim Roadtrip, wo beispielsweise eine Packung Nudeln \u00fcbrig bleibt oder beim Backpacking im Hostel. Das gilt nat\u00fcrlich nicht nur f\u00fcr Lebensmittel sondern auch Alltagsgegenst\u00e4nde wie Wattest\u00e4bchen oder Camping-Utensilien, die man nicht mehr ben\u00f6tigt. Schaue nach ob dein Fahrzeugvermieter oder deine Unterkunft eine \u201eFor Free\u201c Ecke anbietet und stell dort die Dinge hin, die f\u00fcr andere noch n\u00fctzlich und genie\u00dfbar sind, anstatt sie zu entsorgen.<\/p>\n<h2><span style=\"color: #1ca4b4;\">\u201eTake only Photos, leave only Footprints\u201c<\/span><\/h2>\n<p>Eigentlich eine Selbstverst\u00e4ndlichkeit, aber denk daran keinen M\u00fcll in der Natur zu lassen. Falls dir eine Dose oder Plastikt\u00fcte begegnet, trau dich sie einzusammeln, auch wenn sie nicht von dir stammt. Vielleicht hast du auch Lust bei einem CleanUp mit zu machen? Eine gro\u00dfartige M\u00f6glichkeit Land und vor allem neue Leute kennen zu lernen<\/p>\n<h2><span style=\"color: #1ca4b4;\">Nimm dir Zeit und reise langsam<\/span><\/h2>\n<p>Je l\u00e4nger du an einem Ort bleibst desto besser lernst du ihn und die dort lebenden Menschen kennen.<br \/>\nGleichzeitig sparst du CO2 ein, wenn du weniger Transportmittel nutzt. Genie\u00dfe lieber deine Reise-Erlebnisse und halte sie in deinem Reisetagebuch fest.<\/p>\n<h2><span style=\"color: #1ca4b4;\">TIPP<\/span><\/h2>\n<p>13 Tipps f\u00fcr einen M\u00fcllfreien Urlaub &#8211;&gt; <a href=\"https:\/\/www.careelite.de\/zero-waste-reise-plastikfrei-urlaub\/\" target=\"_blank\" rel=\"noopener noreferrer\"><strong>Link<\/strong><\/a><\/p>\n","protected":false},"excerpt":{"rendered":"<p>Tipps f\u00fcr das Responsible Traveling Es kann schwierig sein bewusst und \u00f6kologisch zu sein, besonders wenn man alles, was man besitzt, in einer einzigen Tasche tr\u00e4gt. Es l\u00e4sst sich sicher auch nicht alles umstellen oder optimal l\u00f6sen. Manchmal k\u00f6nnen aber auch einfache allt\u00e4gliche Dinge einen wichtigen Unterschied in dem Land das Du besuchst und es [&hellip;]<\/p>\n","protected":false},"author":1,"featured_media":24398,"parent":0,"menu_order":0,"comment_status":"closed","ping_status":"closed","template":"","meta":{"footnotes":""},"class_list":["post-23670","page","type-page","status-publish","has-post-thumbnail","hentry"],"_links":{"self":[{"href":"https:\/\/www.alemape-tours.com\/es\/wp-json\/wp\/v2\/pages\/23670","targetHints":{"allow":["GET"]}}],"collection":[{"href":"https:\/\/www.alemape-tours.com\/es\/wp-json\/wp\/v2\/pages"}],"about":[{"href":"https:\/\/www.alemape-tours.com\/es\/wp-json\/wp\/v2\/types\/page"}],"author":[{"embeddable":true,"href":"https:\/\/www.alemape-tours.com\/es\/wp-json\/wp\/v2\/users\/1"}],"replies":[{"embeddable":true,"href":"https:\/\/www.alemape-tours.com\/es\/wp-json\/wp\/v2\/comments?post=23670"}],"version-history":[{"count":1,"href":"https:\/\/www.alemape-tours.com\/es\/wp-json\/wp\/v2\/pages\/23670\/revisions"}],"predecessor-version":[{"id":32394,"href":"https:\/\/www.alemape-tours.com\/es\/wp-json\/wp\/v2\/pages\/23670\/revisions\/32394"}],"wp:featuredmedia":[{"embeddable":true,"href":"https:\/\/www.alemape-tours.com\/es\/wp-json\/wp\/v2\/media\/24398"}],"wp:attachment":[{"href":"https:\/\/www.alemape-tours.com\/es\/wp-json\/wp\/v2\/media?parent=23670"}],"curies":[{"name":"wp","href":"https:\/\/api.w.org\/{rel}","templated":true}]}}