{"id":20077,"date":"2018-11-24T10:12:29","date_gmt":"2018-11-24T09:12:29","guid":{"rendered":"https:\/\/www.alemape-tours.com\/?page_id=20077"},"modified":"2025-08-11T22:41:11","modified_gmt":"2025-08-11T20:41:11","slug":"solicitud-de-un-viaje-a-peru","status":"publish","type":"page","link":"https:\/\/www.alemape-tours.com\/es\/solicitud-de-un-viaje-a-peru\/","title":{"rendered":"Solicitud de un viaje a Per\u00fa"},"content":{"rendered":"\n<div class=\"wpcf7 no-js\" id=\"wpcf7-f20054-o1\" lang=\"de-DE\" dir=\"ltr\" data-wpcf7-id=\"20054\">\n<div class=\"screen-reader-response\"><p role=\"status\" aria-live=\"polite\" aria-atomic=\"true\"><\/p> <ul><\/ul><\/div>\n<form action=\"\/es\/wp-json\/wp\/v2\/pages\/20077#wpcf7-f20054-o1\" method=\"post\" class=\"wpcf7-form init cf7-style solicitud-de-un-viaje-a-peru\" aria-label=\"Kontaktformular\" novalidate=\"novalidate\" data-status=\"init\">\n<fieldset class=\"hidden-fields-container\"><input type=\"hidden\" name=\"_wpcf7\" value=\"20054\" \/><input type=\"hidden\" name=\"_wpcf7_version\" value=\"6.1.5\" \/><input type=\"hidden\" name=\"_wpcf7_locale\" value=\"de_DE\" \/><input type=\"hidden\" name=\"_wpcf7_unit_tag\" value=\"wpcf7-f20054-o1\" \/><input type=\"hidden\" name=\"_wpcf7_container_post\" value=\"0\" \/><input type=\"hidden\" name=\"_wpcf7_posted_data_hash\" value=\"\" \/>\n<\/fieldset>\n<h2>\n\t<font color=\"lightseagreen\">AlemaPE-Tours es su experto en viajes en Per\u00fa. Con mucho gusto le ayudaremos a organizar su propio viaje de ida y vuelta personal. Por favor d\u00edganos sus deseos e intereses en el siguiente formulario. Luego, podemos enviarle una oferta personal no vinculante que se adapte a sus deseos e ideas.\n\t<\/font>\n<\/h2>\n<h2><b>PLANIFICAMOS SU VIAJE A PER\u00da SEG\u00daN SUS DESEOS<\/b>\n<\/h2>\n<h2>\u00bfCon qui\u00e9n quieres viajar?\n<\/h2>\n<p><span class=\"wpcf7-form-control-wrap\" data-name=\"Mit-wem-reisen\"><select class=\"wpcf7-form-control wpcf7-select wpcf7-validates-as-required\" aria-required=\"true\" aria-invalid=\"false\" name=\"Mit-wem-reisen\"><option value=\"Por favor seleccione...\">Por favor seleccione...<\/option><option value=\"Solo como individuo.\">Solo como individuo.<\/option><option value=\"Con amigos.\">Con amigos.<\/option><option value=\"Con mi pareja.\">Con mi pareja.<\/option><option value=\"Con mi familia.\">Con mi familia.<\/option><option value=\"Como grupo.\">Como grupo.<\/option><\/select><\/span>\n<\/p>\n<h2>\u00bfCu\u00e1nto tiempo debe durar su viaje?<br \/>\n\u00bfCu\u00e1ntos d\u00edas te gustar\u00eda pasar en Per\u00fa (vuelos exclusivos)?\n<\/h2>\n<p><span class=\"wpcf7-form-control-wrap\" data-name=\"Duracion-total\"><select class=\"wpcf7-form-control wpcf7-select wpcf7-validates-as-required\" aria-required=\"true\" aria-invalid=\"false\" name=\"Duracion-total\"><option value=\"5 dias\">5 dias<\/option><option value=\"6 dias\">6 dias<\/option><option value=\"7 dias\">7 dias<\/option><option value=\"8 dias\">8 dias<\/option><option value=\"9 dias\">9 dias<\/option><option value=\"10 dias\">10 dias<\/option><option value=\"11 dias\">11 dias<\/option><option value=\"12 dias\">12 dias<\/option><option value=\"13 dias\">13 dias<\/option><option value=\"14 dias\">14 dias<\/option><option value=\"15 dias\">15 dias<\/option><option value=\"16 dias\">16 dias<\/option><option value=\"17 dias\">17 dias<\/option><option value=\"18 dias\">18 dias<\/option><option value=\"19 dias\">19 dias<\/option><option value=\"20 dias\">20 dias<\/option><option value=\"21 dias\">21 dias<\/option><option value=\"22 dias\">22 dias<\/option><option value=\"23 dias\">23 dias<\/option><option value=\"24 dias\">24 dias<\/option><option value=\"25 dias\">25 dias<\/option><option value=\"26 dias\">26 dias<\/option><option value=\"27 dias\">27 dias<\/option><option value=\"28 dias\">28 dias<\/option><option value=\"29 dias\">29 dias<\/option><option value=\"30 dias\">30 dias<\/option><option value=\"Mas de 30 dias\">Mas de 30 dias<\/option><\/select><\/span>\n<\/p>\n<h2>\u00bfCu\u00e1ndo debe comenzar su viaje?<br \/>\nSi a\u00fan no tiene fechas exactas, ingrese una fecha primero para obtener un resumen aproximado.\n<\/h2>\n<h2>De\n<\/h2>\n<p><span class=\"wpcf7-form-control-wrap\" data-name=\"Datum\"><input class=\"wpcf7-form-control wpcf7-date wpcf7-validates-as-required wpcf7-validates-as-date\" aria-required=\"true\" aria-invalid=\"false\" value=\"\" type=\"date\" name=\"Datum\" \/><\/span>\n<\/p>\n<h2>Hasta\n<\/h2>\n<p><span class=\"wpcf7-form-control-wrap\" data-name=\"Datum\"><input class=\"wpcf7-form-control wpcf7-date wpcf7-validates-as-required wpcf7-validates-as-date\" aria-required=\"true\" aria-invalid=\"false\" value=\"\" type=\"date\" name=\"Datum\" \/><\/span>\n<\/p>\n<h2>\u00bfYa has reservado tu vuelo?\n<\/h2>\n<p><span class=\"wpcf7-form-control-wrap\" data-name=\"Flug_bereits_gebucht\"><span class=\"wpcf7-form-control wpcf7-radio\"><span class=\"wpcf7-list-item first\"><label><input type=\"radio\" name=\"Flug_bereits_gebucht\" value=\"S\u00ed, las entradas ya existen.\" checked=\"checked\" \/><span class=\"wpcf7-list-item-label\">S\u00ed, las entradas ya existen.<\/span><\/label><\/span><span class=\"wpcf7-list-item last\"><label><input type=\"radio\" name=\"Flug_bereits_gebucht\" value=\"No, todav\u00eda estoy buscando vuelos.\" \/><span class=\"wpcf7-list-item-label\">No, todav\u00eda estoy buscando vuelos.<\/span><\/label><\/span><\/span><\/span>\n<\/p>\n<h2><b>DATOS DE VUELO<\/b>\n<\/h2>\n<h2>Proporcione los detalles de su vuelo para que podamos asegurarnos de que su programa de viaje se encuentre dentro de los detalles de vuelo que ha proporcionado.\n<\/h2>\n<p><span class=\"wpcf7-form-control-wrap\" data-name=\"Angaben_zum_bereits_gebuchten_Flug\"><textarea cols=\"40\" rows=\"10\" maxlength=\"2000\" class=\"wpcf7-form-control wpcf7-textarea\" aria-invalid=\"false\" name=\"Angaben_zum_bereits_gebuchten_Flug\">Introduzca sus datos aqu\u00ed si ya ha completado los datos de vuelo.<\/textarea><\/span>\n<\/p>\n<h2><b>\n\t\t<font color=\"lightseagreen\">\u00bfC\u00f3mo es el dise\u00f1o del deseo de tu viaje?\nD\u00edganos sus deseos y ay\u00fadenos a nosotros ya nuestros socios de viajes locales a crear su propia oferta personal.\nPor supuesto, siempre podemos adaptarlo a sus deseos e ideas que puedan haber cambiado.\n\t\t<\/font><\/b>\n<\/h2>\n<h2>Definitivamente quieres estar en tu tour... (Varias opciones son posibles)\n<\/h2>\n<p><span class=\"wpcf7-form-control-wrap\" data-name=\"Reise_unbedingt\"><span class=\"wpcf7-form-control wpcf7-checkbox wpcf7-validates-as-required\"><span class=\"wpcf7-list-item first\"><span class=\"wpcf7-list-item-label\">Aventura.<\/span><input type=\"checkbox\" name=\"Reise_unbedingt[]\" value=\"Aventura.\" \/><\/span><span class=\"wpcf7-list-item\"><span class=\"wpcf7-list-item-label\">Explora los aspectos m\u00e1s destacados del pa\u00eds.<\/span><input type=\"checkbox\" name=\"Reise_unbedingt[]\" value=\"Explora los aspectos m\u00e1s destacados del pa\u00eds.\" \/><\/span><span class=\"wpcf7-list-item\"><span class=\"wpcf7-list-item-label\">Tener cultura y contacto con la poblaci\u00f3n local.<\/span><input type=\"checkbox\" name=\"Reise_unbedingt[]\" value=\"Tener cultura y contacto con la poblaci\u00f3n local.\" \/><\/span><span class=\"wpcf7-list-item\"><span class=\"wpcf7-list-item-label\">Conocer la historia y cultura del pa\u00eds.<\/span><input type=\"checkbox\" name=\"Reise_unbedingt[]\" value=\"Conocer la historia y cultura del pa\u00eds.\" \/><\/span><span class=\"wpcf7-list-item\"><span class=\"wpcf7-list-item-label\">Descubre la naturaleza.<\/span><input type=\"checkbox\" name=\"Reise_unbedingt[]\" value=\"Descubre la naturaleza.\" \/><\/span><span class=\"wpcf7-list-item\"><span class=\"wpcf7-list-item-label\">Descanso y relax.<\/span><input type=\"checkbox\" name=\"Reise_unbedingt[]\" value=\"Descanso y relax.\" \/><\/span><span class=\"wpcf7-list-item\"><span class=\"wpcf7-list-item-label\">Ser activo y deportivo.<\/span><input type=\"checkbox\" name=\"Reise_unbedingt[]\" value=\"Ser activo y deportivo.\" \/><\/span><span class=\"wpcf7-list-item last\"><span class=\"wpcf7-list-item-label\">Disfrutar de la cocina regional.<\/span><input type=\"checkbox\" name=\"Reise_unbedingt[]\" value=\"Disfrutar de la cocina regional.\" \/><\/span><\/span><\/span>\n<\/p>\n<h2>\u00bfC\u00f3mo te gustar\u00eda quedarte? (Varias opciones son posibles)\n<\/h2>\n<p><span class=\"wpcf7-form-control-wrap\" data-name=\"Wie_uebernachten\"><span class=\"wpcf7-form-control wpcf7-checkbox wpcf7-validates-as-required\"><span class=\"wpcf7-list-item first\"><span class=\"wpcf7-list-item-label\">Turismo rural.<\/span><input type=\"checkbox\" name=\"Wie_uebernachten[]\" value=\"Turismo rural.\" \/><\/span><span class=\"wpcf7-list-item\"><span class=\"wpcf7-list-item-label\">Camping.<\/span><input type=\"checkbox\" name=\"Wie_uebernachten[]\" value=\"Camping.\" \/><\/span><span class=\"wpcf7-list-item\"><span class=\"wpcf7-list-item-label\">Hostales.<\/span><input type=\"checkbox\" name=\"Wie_uebernachten[]\" value=\"Hostales.\" \/><\/span><span class=\"wpcf7-list-item\"><span class=\"wpcf7-list-item-label\">Hoteles sencillos.<\/span><input type=\"checkbox\" name=\"Wie_uebernachten[]\" value=\"Hoteles sencillos.\" \/><\/span><span class=\"wpcf7-list-item\"><span class=\"wpcf7-list-item-label\">Hotel mediano st\u00e1ndar.<\/span><input type=\"checkbox\" name=\"Wie_uebernachten[]\" value=\"Hotel mediano st\u00e1ndar.\" \/><\/span><span class=\"wpcf7-list-item last\"><span class=\"wpcf7-list-item-label\">Hoteles de lujo.<\/span><input type=\"checkbox\" name=\"Wie_uebernachten[]\" value=\"Hoteles de lujo.\" \/><\/span><\/span><\/span>\n<\/p>\n<h2>\u00bfQu\u00e9 tan completo quieres organizar tu viaje? (Varias opciones son posibles)\n<\/h2>\n<p><span class=\"wpcf7-form-control-wrap\" data-name=\"Wie_stark_organisiert\"><span class=\"wpcf7-form-control wpcf7-checkbox wpcf7-validates-as-required\"><span class=\"wpcf7-list-item first\"><span class=\"wpcf7-list-item-label\">Quiero tener todo lo posible organizado.<\/span><input type=\"checkbox\" name=\"Wie_stark_organisiert[]\" value=\"Quiero tener todo lo posible organizado.\" \/><\/span><span class=\"wpcf7-list-item\"><span class=\"wpcf7-list-item-label\">Tambi\u00e9n estoy de acuerdo con una gu\u00eda para un peque\u00f1o grupo tur\u00edstico.<\/span><input type=\"checkbox\" name=\"Wie_stark_organisiert[]\" value=\"Tambi\u00e9n estoy de acuerdo con una gu\u00eda para un peque\u00f1o grupo tur\u00edstico.\" \/><\/span><span class=\"wpcf7-list-item\"><span class=\"wpcf7-list-item-label\">Me gustar\u00eda viajar con mi propia gu\u00eda.<\/span><input type=\"checkbox\" name=\"Wie_stark_organisiert[]\" value=\"Me gustar\u00eda viajar con mi propia gu\u00eda.\" \/><\/span><span class=\"wpcf7-list-item\"><span class=\"wpcf7-list-item-label\">No necesito una guia.<\/span><input type=\"checkbox\" name=\"Wie_stark_organisiert[]\" value=\"No necesito una guia.\" \/><\/span><span class=\"wpcf7-list-item\"><span class=\"wpcf7-list-item-label\">Me gustar\u00eda viajar con un auto alquilado y conducir yo mismo.<\/span><input type=\"checkbox\" name=\"Wie_stark_organisiert[]\" value=\"Me gustar\u00eda viajar con un auto alquilado y conducir yo mismo.\" \/><\/span><span class=\"wpcf7-list-item\"><span class=\"wpcf7-list-item-label\">Principalmente quiero volar entre las grandes ciudades para llegar m\u00e1s r\u00e1pido.<\/span><input type=\"checkbox\" name=\"Wie_stark_organisiert[]\" value=\"Principalmente quiero volar entre las grandes ciudades para llegar m\u00e1s r\u00e1pido.\" \/><\/span><span class=\"wpcf7-list-item last\"><span class=\"wpcf7-list-item-label\">Me imagino viajando con un b\u00fas p\u00fablico de larga distancia.<\/span><input type=\"checkbox\" name=\"Wie_stark_organisiert[]\" value=\"Me imagino viajando con un b\u00fas p\u00fablico de larga distancia.\" \/><\/span><\/span><\/span>\n<\/p>\n<h2>M\u00c1S INFORMACI\u00d3N\n<\/h2>\n<h2>\n\t<font color=\"lightseagreen\">D\u00edganos por qu\u00e9 quiere hacer este viaje y qu\u00e9 tipo de viaje quiere hacer: Mucha cultura y museos, o naturaleza, relajarse en la playa, cosas que no querr\u00e1 perderse, cosas que preferir\u00eda no hacer. Querer hacer, tu forma f\u00edsica, y tus intereses. Si se dirige a uno o m\u00e1s de nuestros destinos de viaje, unos componentes de viajes o un viajes ida y vuelta, puede informarnos aqu\u00ed.\n\t<\/font>\n<\/h2>\n<p><span class=\"wpcf7-form-control-wrap\" data-name=\"Weitere_Informationen\"><textarea cols=\"40\" rows=\"10\" maxlength=\"2000\" class=\"wpcf7-form-control wpcf7-textarea\" aria-invalid=\"false\" name=\"Weitere_Informationen\"><\/textarea><\/span>\n<\/p>\n<h2>\u00bfCu\u00e1l es su presupuesto de viaje por persona?<br \/>\nEsta informaci\u00f3n no incluye vuelos internacionales desde su pa\u00eds de origen.\n<\/h2>\n<p><span class=\"wpcf7-form-control-wrap\" data-name=\"Reisebudget\"><select class=\"wpcf7-form-control wpcf7-select\" aria-invalid=\"false\" name=\"Reisebudget\"><option value=\"Por favor seleccione...\">Por favor seleccione...<\/option><option value=\"S \/. 3.500 hasta S \/. 6,000 por persona\">S \/. 3.500 hasta S \/. 6,000 por persona<\/option><option value=\"S \/. 6,000 hasta S \/. 7,500 por persona\">S \/. 6,000 hasta S \/. 7,500 por persona<\/option><option value=\"S \/. 7,500 hasta S \/. 9,500 por persona (Aqu\u00ed est\u00e1 nuestra recomendaci\u00f3n para una buena experiencia de viaje.)\">S \/. 7,500 hasta S \/. 9,500 por persona (Aqu\u00ed est\u00e1 nuestra recomendaci\u00f3n para una buena experiencia de viaje.)<\/option><option value=\"S \/. 9,500 hasta S \/. 11,500 por persona\">S \/. 9,500 hasta S \/. 11,500 por persona<\/option><option value=\"S\/. 11,500y mas por persona\">S\/. 11,500y mas por persona<\/option><\/select><\/span>\n<\/p>\n<h2>\u00bfYa has elaborado tu propio plan de viaje?\n<\/h2>\n<p><span class=\"wpcf7-form-control-wrap\" data-name=\"Eigene_Reiseplanung\"><select class=\"wpcf7-form-control wpcf7-select wpcf7-validates-as-required\" aria-required=\"true\" aria-invalid=\"false\" name=\"Eigene_Reiseplanung\"><option value=\"Por favor seleccione...\">Por favor seleccione...<\/option><option value=\"No, no tengo idea de lo que puedo hacer.\">No, no tengo idea de lo que puedo hacer.<\/option><option value=\"Necesito m\u00e1s informaci\u00f3n para poder decidir qu\u00e9 quiero ver.\">Necesito m\u00e1s informaci\u00f3n para poder decidir qu\u00e9 quiero ver.<\/option><option value=\"Ya he empezado mi organizaci\u00f3n de viajes.\">Ya he empezado mi organizaci\u00f3n de viajes.<\/option><option value=\"S\u00e9 a d\u00f3nde quiero ir y me gustar\u00eda reservar mi viaje r\u00e1pidamente.\">S\u00e9 a d\u00f3nde quiero ir y me gustar\u00eda reservar mi viaje r\u00e1pidamente.<\/option><\/select><\/span>\n<\/p>\n<h2><b>\n\t\t<font color=\"lightseagreen\">Para que podamos enviarle una oferta y \/ o material de informaci\u00f3n, todav\u00eda necesitamos informaci\u00f3n personal. Mantenemos y conservamos sus datos de conformidad con el Reglamento general de protecci\u00f3n de datos solo en el contexto de la solicitud de viaje o el procesamiento de la oferta de viaje desarrollada por nosotros. Encontrar\u00e1s nuestra pol\u00edtica de privacidad. <a href=\"https:\/\/www.alemape-tours.com\/politica-de-privacidad\/?lang=es\" target=\"_blank\"> <u>aqui.<\/u><\/a>\n\t\t<\/font><\/b>\n<\/h2>\n<h2>TUS DATOS DE CONTACTO\n<\/h2>\n<h2>Nombres (campo obligatorio)\n<\/h2>\n<p><span class=\"wpcf7-form-control-wrap\" data-name=\"your-vorname\"><input size=\"40\" maxlength=\"400\" class=\"wpcf7-form-control wpcf7-text wpcf7-validates-as-required\" aria-required=\"true\" aria-invalid=\"false\" value=\"\" type=\"text\" name=\"your-vorname\" \/><\/span>\n<\/p>\n<h2>Apellido (campo obligatorio)\n<\/h2>\n<p><span class=\"wpcf7-form-control-wrap\" data-name=\"your-name\"><input size=\"40\" maxlength=\"400\" class=\"wpcf7-form-control wpcf7-text wpcf7-validates-as-required\" aria-required=\"true\" aria-invalid=\"false\" value=\"\" type=\"text\" name=\"your-name\" \/><\/span>\n<\/p>\n<p><span id=\"wpcf7-69dea81ab6a15-wrapper\" class=\"wpcf7-form-control-wrap Correo-wrap\" style=\"display:none !important; visibility:hidden !important;\"><label for=\"wpcf7-69dea81ab6a15-field\" class=\"hp-message\">Bitte lasse dieses Feld leer.<\/label><input id=\"wpcf7-69dea81ab6a15-field\"  class=\"wpcf7-form-control wpcf7-text\" type=\"text\" name=\"Correo\" value=\"\" size=\"40\" tabindex=\"-1\" autocomplete=\"new-password\" \/><\/span>\n<\/p>\n<h2>Direccion de correo electronico (campo obligatorio)\n<\/h2>\n<p><span class=\"wpcf7-form-control-wrap\" data-name=\"your-email\"><input size=\"40\" maxlength=\"400\" class=\"wpcf7-form-control wpcf7-email wpcf7-validates-as-required wpcf7-text wpcf7-validates-as-email\" aria-required=\"true\" aria-invalid=\"false\" value=\"\" type=\"email\" name=\"your-email\" \/><\/span>\n<\/p>\n<h2>Repitir su direcci\u00f3n de correo electr\u00f3nico (campo obligatorio)\n<\/h2>\n<p><span class=\"wpcf7-form-control-wrap\" data-name=\"your-email\"><input size=\"40\" maxlength=\"400\" class=\"wpcf7-form-control wpcf7-email wpcf7-validates-as-required wpcf7-text wpcf7-validates-as-email\" aria-required=\"true\" aria-invalid=\"false\" value=\"\" type=\"email\" name=\"your-email\" \/><\/span>\n<\/p>\n<h2>Numero de telefono\n<\/h2>\n<p><span class=\"wpcf7-form-control-wrap\" data-name=\"Telefonnummer\"><input class=\"wpcf7-form-control wpcf7-number wpcf7-validates-as-number\" min=\"5\" aria-invalid=\"false\" value=\"\" type=\"number\" name=\"Telefonnummer\" \/><\/span>\n<\/p>\n<h2>\u00bfC\u00f3mo le gustar\u00eda comunicarse con nosotros? (Varias opciones posibles)\n<\/h2>\n<p><span class=\"wpcf7-form-control-wrap\" data-name=\"Kommunikationsweg\"><span class=\"wpcf7-form-control wpcf7-checkbox wpcf7-validates-as-required\"><span class=\"wpcf7-list-item first\"><input type=\"checkbox\" name=\"Kommunikationsweg[]\" value=\"Correo electronico\" \/><span class=\"wpcf7-list-item-label\">Correo electronico<\/span><\/span><span class=\"wpcf7-list-item\"><input type=\"checkbox\" name=\"Kommunikationsweg[]\" value=\"Skype\" \/><span class=\"wpcf7-list-item-label\">Skype<\/span><\/span><span class=\"wpcf7-list-item\"><input type=\"checkbox\" name=\"Kommunikationsweg[]\" value=\"Telefono\" \/><span class=\"wpcf7-list-item-label\">Telefono<\/span><\/span><span class=\"wpcf7-list-item last\"><input type=\"checkbox\" name=\"Kommunikationsweg[]\" value=\"WhatsApp\" \/><span class=\"wpcf7-list-item-label\">WhatsApp<\/span><\/span><\/span><\/span>\n<\/p>\n<h2>\u00bfC\u00f3mo llegaste a la p\u00e1gina web de AlemaPE-Tours?<br \/>\nPor ejemplo, a trav\u00e9s de Google, redes sociales, otros sitios web o amigos \/ familia\n<\/h2>\n<p><span class=\"wpcf7-form-control-wrap\" data-name=\"Wie_haben_sie_unsere_Seite_gefunden\"><textarea cols=\"40\" rows=\"10\" maxlength=\"2000\" class=\"wpcf7-form-control wpcf7-textarea wpcf7-validates-as-required\" aria-required=\"true\" aria-invalid=\"false\" name=\"Wie_haben_sie_unsere_Seite_gefunden\"><\/textarea><\/span>\n<\/p>\n<h2>\u00bfGustar\u00eda recibir valiosos consejos de viaje para su viaje?\n<\/h2>\n<p><span class=\"wpcf7-form-control-wrap\" data-name=\"Werbung_erhalten\"><span class=\"wpcf7-form-control wpcf7-acceptance optional\"><span class=\"wpcf7-list-item\"><label><input type=\"checkbox\" name=\"Werbung_erhalten\" value=\"1\" aria-invalid=\"false\" \/><span class=\"wpcf7-list-item-label\">Si con gusto.<\/span><\/label><\/span><\/span><\/span>\n<\/p>\n<p><span id=\"wpcf7-69dea81ab6c11-wrapper\" class=\"wpcf7-form-control-wrap Checkthistogetmail-wrap\" style=\"display:none !important; visibility:hidden !important;\"><label for=\"wpcf7-69dea81ab6c11-field\" class=\"hp-message\">Bitte lasse dieses Feld leer.<\/label><input id=\"wpcf7-69dea81ab6c11-field\"  class=\"wpcf7-form-control wpcf7-text\" type=\"text\" name=\"Checkthistogetmail\" value=\"\" size=\"40\" tabindex=\"-1\" autocomplete=\"new-password\" \/><\/span><br \/>\n<span class=\"wpcf7-form-control-wrap\" data-name=\"capital-quiz\"><label><span class=\"wpcf7-quiz-label\">The capital of Per\u00fa?<\/span> <input size=\"40\" class=\"wpcf7-form-control wpcf7-quiz\" autocomplete=\"off\" aria-required=\"true\" aria-invalid=\"false\" type=\"text\" name=\"capital-quiz\" \/><\/label><input type=\"hidden\" name=\"_wpcf7_quiz_answer_capital-quiz\" value=\"91237ec87dfc6bf20086d5c99b90c7f4\" \/><\/span>\n<\/p>\n<p><input class=\"wpcf7-form-control wpcf7-submit has-spinner\" type=\"submit\" value=\"Enviar\" \/>\n<\/p><div class=\"wpcf7-response-output\" aria-hidden=\"true\"><\/div>\n<\/form>\n<\/div>\n\n","protected":false},"excerpt":{"rendered":"AlemaPE-Tours es su experto en viajes en Per\u00fa. Con mucho gusto le ayudaremos a organizar su propio viaje de ida y vuelta personal. Por favor d\u00edganos sus deseos e intereses en el siguiente formulario. Luego, podemos enviarle una oferta personal no vinculante que se adapte a sus deseos e ideas. PLANIFICAMOS SU VIAJE A PER\u00da [...]","protected":false},"author":1,"featured_media":0,"parent":0,"menu_order":0,"comment_status":"closed","ping_status":"closed","template":"","meta":{"footnotes":""},"class_list":["post-20077","page","type-page","status-publish","hentry"],"_links":{"self":[{"href":"https:\/\/www.alemape-tours.com\/es\/wp-json\/wp\/v2\/pages\/20077","targetHints":{"allow":["GET"]}}],"collection":[{"href":"https:\/\/www.alemape-tours.com\/es\/wp-json\/wp\/v2\/pages"}],"about":[{"href":"https:\/\/www.alemape-tours.com\/es\/wp-json\/wp\/v2\/types\/page"}],"author":[{"embeddable":true,"href":"https:\/\/www.alemape-tours.com\/es\/wp-json\/wp\/v2\/users\/1"}],"replies":[{"embeddable":true,"href":"https:\/\/www.alemape-tours.com\/es\/wp-json\/wp\/v2\/comments?post=20077"}],"version-history":[{"count":1,"href":"https:\/\/www.alemape-tours.com\/es\/wp-json\/wp\/v2\/pages\/20077\/revisions"}],"predecessor-version":[{"id":32391,"href":"https:\/\/www.alemape-tours.com\/es\/wp-json\/wp\/v2\/pages\/20077\/revisions\/32391"}],"wp:attachment":[{"href":"https:\/\/www.alemape-tours.com\/es\/wp-json\/wp\/v2\/media?parent=20077"}],"curies":[{"name":"wp","href":"https:\/\/api.w.org\/{rel}","templated":true}]}}