{"id":19953,"date":"2018-11-18T15:04:32","date_gmt":"2018-11-18T14:04:32","guid":{"rendered":"https:\/\/www.alemape-tours.com\/?page_id=19953"},"modified":"2025-08-11T18:32:42","modified_gmt":"2025-08-11T16:32:42","slug":"proceso-de-reserva","status":"publish","type":"page","link":"https:\/\/www.alemape-tours.com\/es\/proceso-de-reserva\/","title":{"rendered":"Proceso de reserva"},"content":{"rendered":"<h2><span style=\"color: #1ca4b4;\">Lo m\u00e1s importante sobre el proceso de reserva<br \/>\n<\/span><\/h2>\n<p style=\"padding-left: 80px;\">Cumplimos sus deseos de viaje desde Per\u00fa! Podemos ayudarlo a establecer los tiempos de viaje para encontrar las conexiones de vuelo correctas, sin embargo usted debe reservar sus vuelos.<br \/>\nLa fecha de los vuelos de ida y vuelta son necesarios para planificar su viaje.<\/p>\n<h2><span style=\"color: #1ca4b4;\">Paso 1 &#8211; \u00a1Cu\u00e9ntenos sobre sus planes de viaje!<\/span><\/h2>\n<p style=\"padding-left: 80px;\">Si le gusta un tour o un viaje\u00a0 de nuestro sitio web y desea personalizarlo o ampliarlo. Aqu\u00ed tienes las siguientes opciones:<\/p>\n<ul>\n<li style=\"list-style-type: none;\">\n<ul>\n<li style=\"list-style-type: none;\">\n<ul>\n<li style=\"list-style-type: none;\">\n<ul>\n<li style=\"list-style-type: none;\">\n<ul>\n<li style=\"list-style-type: none;\">\n<ul>\n<li>Escr\u00edbanos a <a href=\"mailto:info@alemape-tours.com\" target=\"_blank\" rel=\"noopener noreferrer\"><strong><span style=\"color: #1ca4b4;\">info@alemape-tours.com<\/span><\/strong><\/a><\/li>\n<li>Utilice el formulario de consulta (bajo \u00ab<a href=\"https:\/\/www.alemape-tours.com\/es\/contacto\/?lang=es\" rel=\"noopener noreferrer\"><strong><span style=\"color: #1ca4b4;\">Contacto<\/span><\/strong><\/a>\u00ab)<\/li>\n<\/ul>\n<\/li>\n<\/ul>\n<\/li>\n<\/ul>\n<\/li>\n<\/ul>\n<\/li>\n<\/ul>\n<\/li>\n<\/ul>\n<h2><span style=\"color: #1ca4b4;\">Paso 2 &#8211; Reservaremos su viaje durante 5 d\u00edas sin compromiso.<\/span><\/h2>\n<p style=\"padding-left: 80px;\">Una vez que nos haya informado de sus necesidades (como fechas de viaje, categor\u00edas de habitaciones, programas adicionales, etc.) Recibir\u00e1 una oferta en formato PDF por correo electr\u00f3nico.<\/p>\n<p style=\"padding-left: 80px;\">Al mismo tiempo, reservamos su viaje o fracci\u00f3n por 5 d\u00edas sin compromiso.<\/p>\n<h2><span style=\"color: #1ca4b4;\">Paso 3 &#8211; Confirme su viaje.<\/span><\/h2>\n<p style=\"padding-left: 80px;\">En el siguiente paso, le pediremos que llene nuestro formulario de reserva con sus datos: Pasaporte, direcci\u00f3n, fecha de nacimiento. Igualmente para todos los compa\u00f1eros de viaje.<\/p>\n<p style=\"padding-left: 80px;\"><span style=\"color: #1ca4b4;\"><strong>Tenga en cuenta:<\/strong><\/span>\u00a0Podemos reservar su viaje s\u00f3lo s\u00ed se completan los formularios correspondientes.<\/p>\n<h2><span style=\"color: #1ca4b4;\">Paso 4 &#8211; Separe su viaje con el 20%.<\/span><\/h2>\n<p style=\"padding-left: 80px;\">Una vez reservado su viaje,\u00a0 le enviaremos la confirmaci\u00f3n\u00a0 y la factura del anticipo (20% del precio del viaje.)<\/p>\n<p style=\"padding-left: 80px;\">Si su viaje comienza dentro de los 30 d\u00edas de la reserva, le cobraremos la tarifa completa.<\/p>\n<h2><span style=\"color: #1ca4b4;\">Paso 5 &#8211; Complete su pago.<\/span><\/h2>\n<p style=\"padding-left: 80px;\">30 d\u00edas antes de la salida, le enviaremos la factura del pago restante (80% del precio del viaje.)<\/p>\n<h2><span style=\"color: #1ca4b4;\">Paso 6 &#8211; Obtenga los documentos de viaje.<\/span><\/h2>\n<p style=\"padding-left: 80px;\">Una vez que haya recibido el pago restante, en 14 d\u00edas antes de la salida, recibir\u00e1 un enlace a una carpeta personal con todos los datos del viaje: comprobantes, reservaciones, itinerarios, etc.<\/p>\n<p style=\"padding-left: 80px;\"><span style=\"color: #1ca4b4;\"><strong>Recuerde: <\/strong><\/span>Nosotros tenemos sus documentos de viaje de 2 a 3 d\u00edas antes de la fecha de salida y siempre incluimos los detalles de nuestros socios en nuestro sitio web.<\/p>\n","protected":false},"excerpt":{"rendered":"<p>Lo m\u00e1s importante sobre el proceso de reserva Cumplimos sus deseos de viaje desde Per\u00fa! Podemos ayudarlo a establecer los tiempos de viaje para encontrar las conexiones de vuelo correctas, sin embargo usted debe reservar sus vuelos. La fecha de los vuelos de ida y vuelta son necesarios para planificar su viaje. Paso 1 &#8211; [&hellip;]<\/p>\n","protected":false},"author":1,"featured_media":24575,"parent":0,"menu_order":0,"comment_status":"closed","ping_status":"closed","template":"","meta":{"footnotes":""},"class_list":["post-19953","page","type-page","status-publish","has-post-thumbnail","hentry"],"_links":{"self":[{"href":"https:\/\/www.alemape-tours.com\/es\/wp-json\/wp\/v2\/pages\/19953","targetHints":{"allow":["GET"]}}],"collection":[{"href":"https:\/\/www.alemape-tours.com\/es\/wp-json\/wp\/v2\/pages"}],"about":[{"href":"https:\/\/www.alemape-tours.com\/es\/wp-json\/wp\/v2\/types\/page"}],"author":[{"embeddable":true,"href":"https:\/\/www.alemape-tours.com\/es\/wp-json\/wp\/v2\/users\/1"}],"replies":[{"embeddable":true,"href":"https:\/\/www.alemape-tours.com\/es\/wp-json\/wp\/v2\/comments?post=19953"}],"version-history":[{"count":1,"href":"https:\/\/www.alemape-tours.com\/es\/wp-json\/wp\/v2\/pages\/19953\/revisions"}],"predecessor-version":[{"id":32228,"href":"https:\/\/www.alemape-tours.com\/es\/wp-json\/wp\/v2\/pages\/19953\/revisions\/32228"}],"wp:featuredmedia":[{"embeddable":true,"href":"https:\/\/www.alemape-tours.com\/es\/wp-json\/wp\/v2\/media\/24575"}],"wp:attachment":[{"href":"https:\/\/www.alemape-tours.com\/es\/wp-json\/wp\/v2\/media?parent=19953"}],"curies":[{"name":"wp","href":"https:\/\/api.w.org\/{rel}","templated":true}]}}