{"id":18939,"date":"2018-10-13T09:55:13","date_gmt":"2018-10-13T07:55:13","guid":{"rendered":"https:\/\/www.alemape-tours.com\/?page_id=18939"},"modified":"2025-08-11T23:53:46","modified_gmt":"2025-08-11T21:53:46","slug":"boletos-turisticos-de-cusco","status":"publish","type":"page","link":"https:\/\/www.alemape-tours.com\/es\/boletos-turisticos-de-cusco\/","title":{"rendered":"Boletos Turisticos de Cusco"},"content":{"rendered":"<h1><span style=\"color: #1ca4b4;\">Informaciones<\/span><\/h1>\n<figure id=\"attachment_19041\" aria-describedby=\"caption-attachment-19041\" style=\"width: 900px\" class=\"wp-caption alignnone\"><img decoding=\"async\" class=\"wp-image-19041\" src=\"https:\/\/www.alemape-tours.com\/wp-content\/uploads\/2018\/10\/2017-01-05_Boleto_tutistico_extranjero-e1550920590161.jpg\" alt=\"Boleto Turistico del Cusco Integral para Turistas Extranjero\" width=\"900\" height=\"600\" title=\"\"><figcaption id=\"caption-attachment-19041\" class=\"wp-caption-text\"><strong><span style=\"color: #1ca4b4;\">Boleto Turistico del Cusco Integral para Turistas Extranjero<\/span><\/strong><\/figcaption><\/figure>\n<p>Si desea pasar mucho tiempo en Cusco y sus alrededores y luego desea ver los lugares de inter\u00e9s, debe considerar un Boleto Tur\u00edstico Integral, el boleto tur\u00edstico por el precio de 130 soles para extranjeros y 70 soles para peruanos. Hay 14 atracciones incluidas, que no solo se encuentran en Cusco, sino tambi\u00e9n en el Valle Sagrado.<\/p>\n<p>Si tiene menos tiempo, entonces hay una segunda oferta de boletos, el Boleto Tur\u00edstico Parcial, que cubre solo algunos de los lugares de inter\u00e9s. Este boleto parcial est\u00e1 disponible en 3 variantes diferentes que han incluido diferentes lugares de inter\u00e9s. Si desea pasar mucho tiempo en Cusco y sus alrededores y luego desea ver los lugares de inter\u00e9s, debe considerar un Boleto Tur\u00edstico Integral, el boleto tur\u00edstico. Por el precio de 130 soles para extranjeros y 70 soles para peruanos. Hay 14 atracciones incluidas, que no solo se encuentran en Cusco, sino tambi\u00e9n en el Valle Sagrado.<\/p>\n<p>Si tiene menos tiempo, entonces hay una segunda oferta de boletos, el Boleto Tur\u00edstico Parcial, que cubre solo algunos de los lugares de inter\u00e9s. Este boleto parcial est\u00e1 disponible en 3 variantes diferentes que han incluido diferentes vistas.<\/p>\n<figure id=\"attachment_19045\" aria-describedby=\"caption-attachment-19045\" style=\"width: 900px\" class=\"wp-caption alignnone\"><img decoding=\"async\" class=\"wp-image-19045\" src=\"https:\/\/www.alemape-tours.com\/wp-content\/uploads\/2018\/10\/2017-01-05_Boleto_tutistico_nacional-e1550920580939.jpg\" alt=\"Boleto Tutistico Nacional\" width=\"900\" height=\"600\" title=\"\"><figcaption id=\"caption-attachment-19045\" class=\"wp-caption-text\"><strong><span style=\"color: #1ca4b4;\">Boleto Tutistico Nacional<\/span><\/strong><\/figcaption><\/figure>\n<h2><span style=\"color: #1ca4b4;\">Los siguientes art\u00edculos est\u00e1n incluidos en el Boleto Tur\u00edstico Integral de 10 d\u00edas:<\/span><\/h2>\n<ul>\n<li>Sacsayhuaman<\/li>\n<li>Qenqo<\/li>\n<li>PucaPucara<\/li>\n<li>Tambomachay<\/li>\n<li>Museo de Arte Contempor\u00e1neo<\/li>\n<li>Museo Hist\u00f3rico Regional<\/li>\n<li>Museo de Arte Popular<\/li>\n<li>Museo de Sitio de Qorikancha<\/li>\n<li>Centro Qosqo de Arte Nativo<\/li>\n<li>Monumento al Inca Pachacutec<\/li>\n<li>Piquillacta<\/li>\n<li>Tip\u00f3n<\/li>\n<li>Pisac<\/li>\n<li>Ollantaytambo<\/li>\n<li>Chinchero<\/li>\n<li>Moray<\/li>\n<\/ul>\n<h2><span id=\"result_box\" class=\"\" lang=\"es\" style=\"color: #1ca4b4;\" tabindex=\"-1\"><strong>Los siguientes puntos est\u00e1n incluidos en las variantes del Boleto Tur\u00edstico Parcial:<\/strong><\/span><\/h2>\n<h3><span class=\"\"><span style=\"color: #1ca4b4;\">\u00c1rea 1 \/ Circuito 1:<\/span><\/span><\/h3>\n<h3><span class=\"\">Este boleto solo incluye las siguientes atracciones en el parque arqueol\u00f3gico de Sacsayhuam\u00e1n <span style=\"color: #1ca4b4;\">por un d\u00eda:<\/span><\/span><\/h3>\n<ul>\n<li>Sacsayhuaman<\/li>\n<li>Q\u00e8nqo<\/li>\n<li>PucaPucara<\/li>\n<li>Tambomachay<\/li>\n<\/ul>\n<h3><span style=\"color: #1ca4b4;\">\u00c1rea 2 \/ Circuito 2:<\/span><\/h3>\n<h3>Esta entrada incluye solo las siguientes atracciones en el centro hist\u00f3rico <span style=\"color: #1ca4b4;\">por un per\u00edodo de 2 d\u00edas:<\/span><\/h3>\n<ul>\n<li>Museo de Arte Contempor\u00e1neo<\/li>\n<li>Museo Hist\u00f3rico Regional<\/li>\n<li>Museo de Arte Popular<\/li>\n<li>Museo de Sitio de Qorikancha<\/li>\n<li>Centro Qosqo de Arte Nativo<\/li>\n<li>Monumento al Inca Pachacutec<\/li>\n<li>Piquillacta<\/li>\n<li>Tipon<\/li>\n<\/ul>\n<h3><span style=\"color: #1ca4b4;\">\u00c1rea 3 \/ Circuito 3:<\/span><\/h3>\n<h3>Esta entrada solo incluye las siguientes atracciones en el Valle Sagrado (Vale Sagrado) <span style=\"color: #1ca4b4;\">por una duraci\u00f3n de 2 d\u00edas:<\/span><\/h3>\n<ul>\n<li>Pisac<\/li>\n<li>Ollantaytambo<\/li>\n<li>Chinchero<\/li>\n<li>Moray<\/li>\n<\/ul>\n<h3><span style=\"color: #1ca4b4;\"><strong>Y algo m\u00e1s:<\/strong><\/span><\/h3>\n<p>Si tiene una tarjeta de estudiante ISIC v\u00e1lida, obtendr\u00e1 el boleto completo v\u00e1lido como extranjero por 10 d\u00edas por el precio de 70 soles y los estudiantes peruanos por el precio de 40 soles. Para el boleto Parcial no hay m\u00e1s descuento.<\/p>\n<p>&nbsp;<\/p>\n<h2><span id=\"result_box\" class=\"\" lang=\"es\" style=\"color: #1ca4b4;\" tabindex=\"-1\">Nota<\/span><\/h2>\n<p><span id=\"result_box\" class=\"\" lang=\"es\" tabindex=\"-1\">Puede encontrar los precios actuales con este <a href=\"http:\/\/boletomachupicchu.com\/comprar-boleto-turistico-cusco\/\" target=\"_blank\" rel=\"noopener noreferrer\"><strong>link<\/strong><\/a>.<\/span><\/p>\n<h3><span style=\"color: #1ca4b4;\">La venta se realiza en las siguientes direcciones:<\/span><\/h3>\n<p><span style=\"color: #1ca4b4;\"><strong>Oficina principal COSITUC<\/strong>:<\/span> Galer\u00edas Tur\u00edsticas, Av. Sol N \u00b0 103 (de lunes a viernes de 8:00 a 17:30 y s\u00e1bados de 8:30 a 12:30)<\/p>\n<p><span class=\"\"><span style=\"color: #1ca4b4;\"><strong>Oficinas sucursales de OFEC<\/strong>:<\/span> Calle Garcilaso s \/ n (de lunes a s\u00e1bado de 8:00 a 17:00 y domingos de 8:00 a 20:00)<\/span><\/p>\n","protected":false},"excerpt":{"rendered":"<p>Informaciones Si desea pasar mucho tiempo en Cusco y sus alrededores y luego desea ver los lugares de inter\u00e9s, debe considerar un Boleto Tur\u00edstico Integral, el boleto tur\u00edstico por el precio de 130 soles para extranjeros y 70 soles para peruanos. Hay 14 atracciones incluidas, que no solo se encuentran en Cusco, sino tambi\u00e9n en [&hellip;]<\/p>\n","protected":false},"author":1,"featured_media":18922,"parent":0,"menu_order":6,"comment_status":"closed","ping_status":"closed","template":"","meta":{"footnotes":""},"class_list":["post-18939","page","type-page","status-publish","has-post-thumbnail","hentry"],"_links":{"self":[{"href":"https:\/\/www.alemape-tours.com\/es\/wp-json\/wp\/v2\/pages\/18939","targetHints":{"allow":["GET"]}}],"collection":[{"href":"https:\/\/www.alemape-tours.com\/es\/wp-json\/wp\/v2\/pages"}],"about":[{"href":"https:\/\/www.alemape-tours.com\/es\/wp-json\/wp\/v2\/types\/page"}],"author":[{"embeddable":true,"href":"https:\/\/www.alemape-tours.com\/es\/wp-json\/wp\/v2\/users\/1"}],"replies":[{"embeddable":true,"href":"https:\/\/www.alemape-tours.com\/es\/wp-json\/wp\/v2\/comments?post=18939"}],"version-history":[{"count":1,"href":"https:\/\/www.alemape-tours.com\/es\/wp-json\/wp\/v2\/pages\/18939\/revisions"}],"predecessor-version":[{"id":32471,"href":"https:\/\/www.alemape-tours.com\/es\/wp-json\/wp\/v2\/pages\/18939\/revisions\/32471"}],"wp:featuredmedia":[{"embeddable":true,"href":"https:\/\/www.alemape-tours.com\/es\/wp-json\/wp\/v2\/media\/18922"}],"wp:attachment":[{"href":"https:\/\/www.alemape-tours.com\/es\/wp-json\/wp\/v2\/media?parent=18939"}],"curies":[{"name":"wp","href":"https:\/\/api.w.org\/{rel}","templated":true}]}}