{"id":17487,"date":"2018-08-23T23:06:13","date_gmt":"2018-08-23T21:06:13","guid":{"rendered":"https:\/\/www.alemape-tours.com\/?page_id=17487"},"modified":"2025-08-12T02:38:20","modified_gmt":"2025-08-12T00:38:20","slug":"clima-y-temporadas","status":"publish","type":"page","link":"https:\/\/www.alemape-tours.com\/es\/informaciones\/clima-y-temporadas\/","title":{"rendered":"Clima y Temporadas"},"content":{"rendered":"<h1><span style=\"color: #1ca4b4;\"><strong><span id=\"result_box\" class=\"\" lang=\"en\" tabindex=\"-1\"><span title=\"Zuerst einmal gilt f\u00fcr Per\u00fa, das es eine sogenannte &quot;Beste Reisezeit&quot; nicht gibt. \">En primer lugar, para Per\u00fa, no existe el \u00abmejor momento para viajar\u00bb<\/span><\/span><\/strong><\/span><\/h1>\n<p>Debido a las condiciones clim\u00e1ticas especiales, en el Per\u00fa se puede viajar bien durante todo el a\u00f1o. Sin embargo, existe la estaci\u00f3n seca de abril a octubre, en la que las regiones de los Andes tienen mucho sol y poca lluvia, y tambi\u00e9n se puede esperar mucho cielo azul.<\/p>\n<p>Debido a las diferentes condiciones topogr\u00e1ficas (por ejemplo, m\u00e1s de 6.000 metros de altura en los Andes a diferencia del nivel del mar), las caracter\u00edsticas clim\u00e1ticas son muy diferentes. Por ejemplo, si bien es verano en la costa en enero, este es el tiempo m\u00e1s lluvioso para las tierras altas. En consecuencia, Per\u00fa es un destino de viaje durante todo el a\u00f1o y las temperaturas oscilan entre fr\u00edo y calor. B\u00e1sicamente, cuanto m\u00e1s alto va, m\u00e1s fr\u00eda es la temperatura. Por lo tanto, se\u00f1alamos a nuestros compa\u00f1eros de viaje en nuestro recorrido que planean sobre este hecho y tambi\u00e9n recomendamos la ropa apropiada, pueden cambiarse de nuevo dependiendo de la hora del d\u00eda (t\u00e9cnica de cebolla).<\/p>\n<p><script src='https:\/\/darksky.net\/map-embed\/@temperature,-8.777,-74.026,6.js?embed=true&#038;timeControl=true&#038;fieldControl=true&#038;defaultField=temperature&#038;defaultUnits=_c'><\/script><\/p>\n","protected":false},"excerpt":{"rendered":"<p>En primer lugar, para Per\u00fa, no existe el \u00abmejor momento para viajar\u00bb Debido a las condiciones clim\u00e1ticas especiales, en el Per\u00fa se puede viajar bien durante todo el a\u00f1o. Sin embargo, existe la estaci\u00f3n seca de abril a octubre, en la que las regiones de los Andes tienen mucho sol y poca lluvia, y tambi\u00e9n [&hellip;]<\/p>\n","protected":false},"author":1,"featured_media":0,"parent":17411,"menu_order":12,"comment_status":"closed","ping_status":"closed","template":"","meta":{"footnotes":""},"class_list":["post-17487","page","type-page","status-publish","hentry"],"_links":{"self":[{"href":"https:\/\/www.alemape-tours.com\/es\/wp-json\/wp\/v2\/pages\/17487","targetHints":{"allow":["GET"]}}],"collection":[{"href":"https:\/\/www.alemape-tours.com\/es\/wp-json\/wp\/v2\/pages"}],"about":[{"href":"https:\/\/www.alemape-tours.com\/es\/wp-json\/wp\/v2\/types\/page"}],"author":[{"embeddable":true,"href":"https:\/\/www.alemape-tours.com\/es\/wp-json\/wp\/v2\/users\/1"}],"replies":[{"embeddable":true,"href":"https:\/\/www.alemape-tours.com\/es\/wp-json\/wp\/v2\/comments?post=17487"}],"version-history":[{"count":1,"href":"https:\/\/www.alemape-tours.com\/es\/wp-json\/wp\/v2\/pages\/17487\/revisions"}],"predecessor-version":[{"id":32524,"href":"https:\/\/www.alemape-tours.com\/es\/wp-json\/wp\/v2\/pages\/17487\/revisions\/32524"}],"up":[{"embeddable":true,"href":"https:\/\/www.alemape-tours.com\/es\/wp-json\/wp\/v2\/pages\/17411"}],"wp:attachment":[{"href":"https:\/\/www.alemape-tours.com\/es\/wp-json\/wp\/v2\/media?parent=17487"}],"curies":[{"name":"wp","href":"https:\/\/api.w.org\/{rel}","templated":true}]}}