{"id":17452,"date":"2018-08-23T22:04:23","date_gmt":"2018-08-23T20:04:23","guid":{"rendered":"https:\/\/www.alemape-tours.com\/?page_id=17452"},"modified":"2025-08-12T01:00:32","modified_gmt":"2025-08-11T23:00:32","slug":"telefono-wifi-y-internet","status":"publish","type":"page","link":"https:\/\/www.alemape-tours.com\/es\/informaciones\/telefono-wifi-y-internet\/","title":{"rendered":"Telefono, WiFi y Internet"},"content":{"rendered":"<p><img decoding=\"async\" class=\"alignright wp-image-17448\" src=\"https:\/\/www.alemape-tours.com\/wp-content\/uploads\/2018\/08\/Telefon-e1550922179659.jpg\" alt=\"Telefon\" width=\"400\" height=\"267\" title=\"\"><\/p>\n<h1><span style=\"color: #1ca4b4;\">C\u00f3digos de Pa\u00eds<\/span><\/h1>\n<p>El c\u00f3digo de pa\u00eds para Alemania es: 0049<br \/>\nEl c\u00f3digo de pa\u00eds para Per\u00fa es: 0051<br \/>\nN\u00famero de emergencia general en Per\u00fa 105<\/p>\n<h1><span style=\"color: #1ca4b4;\">Tel\u00e9fono, M\u00f3vil y Tel\u00e9fonos Inteligentes<\/span><\/h1>\n<p>Las grandes compa\u00f1\u00edas telef\u00f3nicas se llaman BiTel (<strong><a href=\"http:\/\/www.bitel.com.pe\/\" target=\"_blank\" rel=\"noopener noreferrer\">www.bitel.com.pe<\/a><\/strong>), Telef\u00f3nica Per\u00fa (<strong><a href=\"http:\/\/www.btelefonica.com.pe\" target=\"_blank\" rel=\"noopener noreferrer\">www.telefonica.com.pe<\/a><\/strong>), Claro (<strong><a href=\"http:\/\/www.claro.com.pe\" target=\"_blank\" rel=\"noopener noreferrer\">www.claro.com.pe<\/a><\/strong>) y Entel <a href=\"http:\/\/www.entel.pe\" target=\"_blank\" rel=\"noopener noreferrer\">(<strong>www.entel.pe<\/strong><\/a>). Todas venden tarjetas de llamadas para tel\u00e9fonos p\u00fablicos, con las cuales tambi\u00e9n se pueden realizar llamadas al extranjero, aproximadamente 1\u00a0 hora a Alemania, Austria y Suiza por US $ 10. Bitel es nuestro favorito y, por cierto, tiene la mejor oferta si desea usar Facebook, lo que es ilimitado.<\/p>\n<h1><span style=\"color: #1ca4b4;\">Nuestras Posibilidades<\/span><\/h1>\n<p>Como extranjero, por lo general no tiene posibilidad de solicitar una tarjeta SIM. Si lo solicita, podemos ayudarlo y le ahorrar\u00e1 gastos de roaming muy elevados.<\/p>\n<p>Los tel\u00e9fonos m\u00f3viles solo funcionan en Per\u00fa y Bolivia si est\u00e1n equipados con tecnolog\u00eda Triband. Con las tarjetas prepago, que puede comprar en supermercados, gasolineras y quioscos, puede hacer llamadas locales baratas.<\/p>\n<h1><span style=\"color: #1ca4b4;\">Internet y WiFi<\/span><\/h1>\n<p>La mayor\u00eda de los restaurantes y hoteles en la actualidad ofrecen Wi-Fi, aunque esto no siempre es gratis. En todas las ciudades, sin embargo, tambi\u00e9n hay numerosos cibercaf\u00e9s, que suelen tener una conexi\u00f3n a Internet muy buena y r\u00e1pida.<\/p>\n<h1><span style=\"color: #1ca4b4;\">Cibercaf\u00e9s y WiFi<\/span><\/h1>\n<p>Los cibercaf\u00e9s son muy comunes. Una hora de navegaci\u00f3n por Internet en Per\u00fa cuesta entre 2 y 4 S \/. En Bolivia, tambi\u00e9n es considerablemente m\u00e1s barata con 2-4 bol\u00edvares. En general, tambi\u00e9n puedes descargar fotos de la c\u00e1mara y grabar CD.<\/p>\n<p>Las zonas Wi-Fi (llamadas localmente Zonas WiFi) est\u00e1n disponibles en los aeropuertos, centros comerciales, cafeter\u00edas, restaurantes y hoteles.<\/p>\n","protected":false},"excerpt":{"rendered":"<p>C\u00f3digos de Pa\u00eds El c\u00f3digo de pa\u00eds para Alemania es: 0049 El c\u00f3digo de pa\u00eds para Per\u00fa es: 0051 N\u00famero de emergencia general en Per\u00fa 105 Tel\u00e9fono, M\u00f3vil y Tel\u00e9fonos Inteligentes Las grandes compa\u00f1\u00edas telef\u00f3nicas se llaman BiTel (www.bitel.com.pe), Telef\u00f3nica Per\u00fa (www.telefonica.com.pe), Claro (www.claro.com.pe) y Entel (www.entel.pe). Todas venden tarjetas de llamadas para tel\u00e9fonos p\u00fablicos, [&hellip;]<\/p>\n","protected":false},"author":1,"featured_media":0,"parent":17411,"menu_order":8,"comment_status":"closed","ping_status":"closed","template":"","meta":{"footnotes":""},"class_list":["post-17452","page","type-page","status-publish","hentry"],"_links":{"self":[{"href":"https:\/\/www.alemape-tours.com\/es\/wp-json\/wp\/v2\/pages\/17452","targetHints":{"allow":["GET"]}}],"collection":[{"href":"https:\/\/www.alemape-tours.com\/es\/wp-json\/wp\/v2\/pages"}],"about":[{"href":"https:\/\/www.alemape-tours.com\/es\/wp-json\/wp\/v2\/types\/page"}],"author":[{"embeddable":true,"href":"https:\/\/www.alemape-tours.com\/es\/wp-json\/wp\/v2\/users\/1"}],"replies":[{"embeddable":true,"href":"https:\/\/www.alemape-tours.com\/es\/wp-json\/wp\/v2\/comments?post=17452"}],"version-history":[{"count":1,"href":"https:\/\/www.alemape-tours.com\/es\/wp-json\/wp\/v2\/pages\/17452\/revisions"}],"predecessor-version":[{"id":32512,"href":"https:\/\/www.alemape-tours.com\/es\/wp-json\/wp\/v2\/pages\/17452\/revisions\/32512"}],"up":[{"embeddable":true,"href":"https:\/\/www.alemape-tours.com\/es\/wp-json\/wp\/v2\/pages\/17411"}],"wp:attachment":[{"href":"https:\/\/www.alemape-tours.com\/es\/wp-json\/wp\/v2\/media?parent=17452"}],"curies":[{"name":"wp","href":"https:\/\/api.w.org\/{rel}","templated":true}]}}