{"id":17415,"date":"2018-08-23T20:53:22","date_gmt":"2018-08-23T18:53:22","guid":{"rendered":"https:\/\/www.alemape-tours.com\/?page_id=17415"},"modified":"2025-08-12T00:53:30","modified_gmt":"2025-08-11T22:53:30","slug":"overseas-health-insurance","status":"publish","type":"page","link":"https:\/\/www.alemape-tours.com\/es\/informaciones\/overseas-health-insurance\/","title":{"rendered":"Seguro de salud en el extranjero"},"content":{"rendered":"<h1><span style=\"color: #1ca4b4;\">\u00bfNecesario?<\/span><\/h1>\n<p>El seguro de viaje anual o un seguro de salud extranjero es uno de los seguros de viaje realmente necesarios, ya que cubre su riesgo existencial y, especialmente con viajes m\u00e1s largos o incluso m\u00e1s durante el a\u00f1o, no hay protecci\u00f3n suficiente contra un seguro de salud legal normal de Alemania.<\/p>\n<h2><span style=\"color: #1ca4b4;\">\u00bfCu\u00e1nto tiempo dura una Poliza de seguro en el extranjero?<\/span><\/h2>\n<p>Las diferentes p\u00f3lizas de seguro tienen modelos de tarifas muy diferentes, pero son algo similares. Con HanseMerkur puede contratar un seguro de salud extranjero para una \u00fanica estad\u00eda en el extranjero (esto solo por este per\u00edodo limitado). Pero en realidad no vale la pena, especialmente si desea ir de vacaciones en alg\u00fan lugar del extranjero cada a\u00f1o.<\/p>\n<p>Tan pronto como desee ausentarse varias veces al a\u00f1o, y hasta un m\u00e1ximo de seis a ocho semanas, puede inscribirse en un seguro de salud econ\u00f3mico anual con HanseMerkur (generalmente cuesta entre diez y veinte euros). La ventaja es que si no cancela el seguro, se renueva autom\u00e1ticamente por otro a\u00f1o. Estos son en cierto modo los pilares m\u00e1s importantes de un seguro de salud de viajes anual:<\/p>\n<p>\u00bfTe gustar\u00eda viajar m\u00e1s tiempo, por ejemplo? porque tiene suficiente tiempo como pensionista, entonces un seguro de salud convencional no ser\u00e1 suficiente y tendr\u00e1 que pagar mucho m\u00e1s. Las tarifas de las aseguradoras difieren seg\u00fan la edad del asegurado. Tambi\u00e9n es crucial si desea visitar los EE. UU. Y \/ o Canad\u00e1 por un tiempo. Las diferencias significativas se deben a los altos costos de tratamiento en Am\u00e9rica del Norte.<\/p>\n<p>El seguro de salud extranjero es obligatorio porque el seguro obligatorio de enfermedad en los pa\u00edses extranjeros no europeos ofrece casi ning\u00fan beneficio o ninguno. Sin un seguro de salud adecuado a largo plazo en el extranjero, la emergencia m\u00e9dica puede conducir r\u00e1pidamente a la ruina financiera.<\/p>\n<h1><span style=\"color: #1ca4b4;\">Nuestro Consejo<\/span><\/h1>\n<p>Adem\u00e1s de un seguro de salud a largo plazo, que a veces se concluye con un deducible para ahorrar costos, incluso un seguro de salud de viaje anual normal, a menudo Por ejemplo, si tiene una tarjeta de cr\u00e9dito con usted gratis, debe verificar en el caso de un reclamo en las primeras seis semanas de sus vacaciones si una de las dos aseguradoras no tiene deducible y luego liquidar el da\u00f1o.<\/p>\n<p>Aunque la mayor\u00eda de las compa\u00f1\u00edas de seguros llevan a cabo una repatriaci\u00f3n, pero mientras que muchos proveedores pagan el transporte de regreso solo cuando existe una necesidad m\u00e9dica, hay otros que ya soportan los costos si tiene sentido desde el punto de vista m\u00e9dico.<\/p>\n<h1><span style=\"color: #1ca4b4;\">Seguro de Hanse Merkur<\/span><\/h1>\n<p><a href=\"https:\/\/www.hansemerkur.de\/angebot\/auslandskrankenversicherung\/\" target=\"_blank\" rel=\"noopener noreferrer\"><img decoding=\"async\" class=\"alignnone wp-image-6096 size-full\" src=\"https:\/\/www.alemape-tours.com\/wp-content\/uploads\/2015\/02\/hansemerkur-logo-e1551024296241.png\" alt=\"HanseMerkur\" width=\"280\" height=\"67\" title=\"\"><\/a><\/p>\n<p>Ya hemos investigado esto por nosotros mismos a menudo. En la jungla de tarifas, es absolutamente necesario comparar precios y servicios en Internet de acuerdo con sus propios requisitos. <strong>Stiftung Warentest<\/strong> tambi\u00e9n eval\u00faa repetidamente a los proveedores m\u00e1s diversos de seguros de salud extranjeros a largo plazo. Seg\u00fan Stiftung Warentest, el seguro de salud extranjero a largo plazo de Hanse Merkur est\u00e1 bien asegurado.<\/p>\n<p>Para obtener informaci\u00f3n aqu\u00ed\u00a0<a href=\"https:\/\/www.hansemerkur.de\/reiseversicherungen?tcr=2602415&amp;etcc_med=SEA&amp;etcc_var=desktop&amp;etcc_par=Google&amp;etcc_cmp=02_generisch_reise_versicherung&amp;etcc_grp=528231212\" target=\"_blank\" rel=\"noopener noreferrer\"><strong>Link<\/strong><\/a>,\u00a0a la vista general de las diversas ofertas de HanseMerkur\u00a0<a href=\"https:\/\/www.hansemerkur.de\/reiseversicherungspakete\/jahresschutz\" target=\"_blank\" rel=\"noopener noreferrer\"><strong>Link<\/strong><\/a> a HanseMerkur, que es especialmente interesante para los viajeros a largo plazo.<\/p>\n<h1><span style=\"color: #1ca4b4;\">Seguro de Envivas<\/span><\/h1>\n<p><a href=\"https:\/\/www.envivas.de\/tarife\" target=\"_blank\" rel=\"noopener noreferrer\"><img decoding=\"async\" class=\"alignnone wp-image-6097\" src=\"https:\/\/www.alemape-tours.com\/wp-content\/uploads\/2015\/02\/Envivas-logo-e1551024284977.png\" alt=\"Envivas\" width=\"280\" height=\"61\" title=\"\"><\/a><\/p>\n<p>De nuevo, hemos examinado las diversas tarifas de acuerdo con los puntos anteriores. El seguro de salud extranjero de Envivas se recomienda principalmente para viajes de hasta 90 d\u00edas.<\/p>\n<p>Aqu\u00ed para obtener informaci\u00f3n sobre\u00a0<a href=\"https:\/\/www.envivas.de\/de\/tarife-und-service\/zusatzversicherungen\/auslandsreise#\/quickrechner\/reise\" target=\"_blank\" rel=\"noopener noreferrer\"><strong>Envivas<\/strong><\/a>.<\/p>\n","protected":false},"excerpt":{"rendered":"<p>\u00bfNecesario? El seguro de viaje anual o un seguro de salud extranjero es uno de los seguros de viaje realmente necesarios, ya que cubre su riesgo existencial y, especialmente con viajes m\u00e1s largos o incluso m\u00e1s durante el a\u00f1o, no hay protecci\u00f3n suficiente contra un seguro de salud legal normal de Alemania. \u00bfCu\u00e1nto tiempo dura [&hellip;]<\/p>\n","protected":false},"author":1,"featured_media":0,"parent":17411,"menu_order":5,"comment_status":"closed","ping_status":"closed","template":"","meta":{"footnotes":""},"class_list":["post-17415","page","type-page","status-publish","hentry"],"_links":{"self":[{"href":"https:\/\/www.alemape-tours.com\/es\/wp-json\/wp\/v2\/pages\/17415","targetHints":{"allow":["GET"]}}],"collection":[{"href":"https:\/\/www.alemape-tours.com\/es\/wp-json\/wp\/v2\/pages"}],"about":[{"href":"https:\/\/www.alemape-tours.com\/es\/wp-json\/wp\/v2\/types\/page"}],"author":[{"embeddable":true,"href":"https:\/\/www.alemape-tours.com\/es\/wp-json\/wp\/v2\/users\/1"}],"replies":[{"embeddable":true,"href":"https:\/\/www.alemape-tours.com\/es\/wp-json\/wp\/v2\/comments?post=17415"}],"version-history":[{"count":1,"href":"https:\/\/www.alemape-tours.com\/es\/wp-json\/wp\/v2\/pages\/17415\/revisions"}],"predecessor-version":[{"id":32503,"href":"https:\/\/www.alemape-tours.com\/es\/wp-json\/wp\/v2\/pages\/17415\/revisions\/32503"}],"up":[{"embeddable":true,"href":"https:\/\/www.alemape-tours.com\/es\/wp-json\/wp\/v2\/pages\/17411"}],"wp:attachment":[{"href":"https:\/\/www.alemape-tours.com\/es\/wp-json\/wp\/v2\/media?parent=17415"}],"curies":[{"name":"wp","href":"https:\/\/api.w.org\/{rel}","templated":true}]}}