{"id":17408,"date":"2018-08-23T20:36:23","date_gmt":"2018-08-23T18:36:23","guid":{"rendered":"https:\/\/www.alemape-tours.com\/?page_id=17408"},"modified":"2025-08-11T22:08:52","modified_gmt":"2025-08-11T20:08:52","slug":"prensa-y-medios","status":"publish","type":"page","link":"https:\/\/www.alemape-tours.com\/es\/nuestro-servicios-de-alemape-tours\/prensa-y-medios\/","title":{"rendered":"Prensa y medios"},"content":{"rendered":"<div class=\"wpb-content-wrapper\"><p>[vc_row][vc_column][vc_column_text css=\u00bb\u00bb]<\/p>\n<h1><span style=\"color: #1ca4b4;\">Informaci\u00f3nes<\/span><\/h1>\n<p>Informaci\u00f3n regular sobre nuestra compa\u00f1\u00eda AlemaPE-Tours S.A.C., sobre nuestros viajes y ofertas especiales, con gusto lo incluiremos en nuestra lista de correo de prensa y lo mantendremos actualizado.<\/p>\n<p>Por favor dirija qualquer pregunta a:<\/p>\n<p><a href=\"mailto:info@alemape-tours.com\" target=\"_blank\" rel=\"noopener noreferrer\"><strong>info@alemape-tours.com<\/strong><\/a>[\/vc_column_text][\/vc_column][\/vc_row]<\/p>\n<\/div>","protected":false},"excerpt":{"rendered":"<p>[vc_row][vc_column][vc_column_text css=\u00bb\u00bb] Informaci\u00f3nes Informaci\u00f3n regular sobre nuestra compa\u00f1\u00eda AlemaPE-Tours S.A.C., sobre nuestros viajes y ofertas especiales, con gusto lo incluiremos en nuestra lista de correo de prensa y lo mantendremos actualizado. Por favor dirija qualquer pregunta a: info@alemape-tours.com[\/vc_column_text][\/vc_column][\/vc_row]<\/p>\n","protected":false},"author":1,"featured_media":0,"parent":23508,"menu_order":4,"comment_status":"closed","ping_status":"closed","template":"","meta":{"footnotes":""},"class_list":["post-17408","page","type-page","status-publish","hentry"],"_links":{"self":[{"href":"https:\/\/www.alemape-tours.com\/es\/wp-json\/wp\/v2\/pages\/17408","targetHints":{"allow":["GET"]}}],"collection":[{"href":"https:\/\/www.alemape-tours.com\/es\/wp-json\/wp\/v2\/pages"}],"about":[{"href":"https:\/\/www.alemape-tours.com\/es\/wp-json\/wp\/v2\/types\/page"}],"author":[{"embeddable":true,"href":"https:\/\/www.alemape-tours.com\/es\/wp-json\/wp\/v2\/users\/1"}],"replies":[{"embeddable":true,"href":"https:\/\/www.alemape-tours.com\/es\/wp-json\/wp\/v2\/comments?post=17408"}],"version-history":[{"count":1,"href":"https:\/\/www.alemape-tours.com\/es\/wp-json\/wp\/v2\/pages\/17408\/revisions"}],"predecessor-version":[{"id":32372,"href":"https:\/\/www.alemape-tours.com\/es\/wp-json\/wp\/v2\/pages\/17408\/revisions\/32372"}],"up":[{"embeddable":true,"href":"https:\/\/www.alemape-tours.com\/es\/wp-json\/wp\/v2\/pages\/23508"}],"wp:attachment":[{"href":"https:\/\/www.alemape-tours.com\/es\/wp-json\/wp\/v2\/media?parent=17408"}],"curies":[{"name":"wp","href":"https:\/\/api.w.org\/{rel}","templated":true}]}}