{"id":17399,"date":"2018-08-23T20:25:33","date_gmt":"2018-08-23T18:25:33","guid":{"rendered":"https:\/\/www.alemape-tours.com\/?page_id=17399"},"modified":"2025-08-11T23:32:24","modified_gmt":"2025-08-11T21:32:24","slug":"por-que-viajar-en-grupos-pequenos","status":"publish","type":"page","link":"https:\/\/www.alemape-tours.com\/es\/por-que-viajar-en-grupos-pequenos\/","title":{"rendered":"Por qu\u00e9 viajar en grupos peque\u00f1os?"},"content":{"rendered":"<h1><span style=\"color: #1ca4b4;\">La idea<\/span><\/h1>\n<p style=\"padding-left: 80px;\">AlemaPE-Tours tiene experiencia en viajes para grupos peque\u00f1os de 4 a 10 personas. En su visita al Per\u00fa tendr\u00e1 gu\u00edas de habla alemana, inglesa y \/ o espa\u00f1ola. Los grupos peque\u00f1os tienen muchas ventajas, que hacen que nuestros tours sean una experiencia real,\u00a0Por ejemplo durante el almuerzo puede dialogar con una familia Peruana acerca de sus costumbres y tradiciones.<\/p>\n<p style=\"padding-left: 80px;\">A trav\u00e9s de los grupos peque\u00f1os, podr\u00e1 conocer mejor a la poblaci\u00f3n local y tambi\u00e9n a sus compa\u00f1eros de viaje. Durante nuestros Tours en Per\u00fa la relaci\u00f3n de amistad y colaboraci\u00f3n entre los viajeros, se desarrollan r\u00e1pidamente como: \u00a1un viaje amical!<\/p>\n<h2><span style=\"color: #1ca4b4;\">Por qu\u00e9 es mejor viajar en grupos peque\u00f1os?<\/span><\/h2>\n<ul>\n<li style=\"list-style-type: none;\">\n<ul>\n<li style=\"list-style-type: none;\">\n<ul>\n<li style=\"list-style-type: none;\">\n<ul>\n<li style=\"list-style-type: none;\">\n<ul>\n<li style=\"list-style-type: none;\">\n<ul>\n<li>Es m\u00e1s f\u00e1cil entablar una conversaci\u00f3n con los lugare\u00f1os.<\/li>\n<li>Los alojamientos t\u00edpicos en un pueblo peque\u00f1o ser\u00e1n factibles para este grupo.<\/li>\n<li>Su gu\u00eda tur\u00edstico tiene m\u00e1s tiempo para Usted.<\/li>\n<li>Estos grupos son m\u00e1s flexibles y se organizan mejor.<\/li>\n<\/ul>\n<\/li>\n<\/ul>\n<\/li>\n<\/ul>\n<\/li>\n<\/ul>\n<\/li>\n<\/ul>\n<\/li>\n<\/ul>\n","protected":false},"excerpt":{"rendered":"<p>La idea AlemaPE-Tours tiene experiencia en viajes para grupos peque\u00f1os de 4 a 10 personas. En su visita al Per\u00fa tendr\u00e1 gu\u00edas de habla alemana, inglesa y \/ o espa\u00f1ola. Los grupos peque\u00f1os tienen muchas ventajas, que hacen que nuestros tours sean una experiencia real,\u00a0Por ejemplo durante el almuerzo puede dialogar con una familia Peruana [&hellip;]<\/p>\n","protected":false},"author":1,"featured_media":0,"parent":0,"menu_order":2,"comment_status":"closed","ping_status":"closed","template":"","meta":{"footnotes":""},"class_list":["post-17399","page","type-page","status-publish","hentry"],"_links":{"self":[{"href":"https:\/\/www.alemape-tours.com\/es\/wp-json\/wp\/v2\/pages\/17399","targetHints":{"allow":["GET"]}}],"collection":[{"href":"https:\/\/www.alemape-tours.com\/es\/wp-json\/wp\/v2\/pages"}],"about":[{"href":"https:\/\/www.alemape-tours.com\/es\/wp-json\/wp\/v2\/types\/page"}],"author":[{"embeddable":true,"href":"https:\/\/www.alemape-tours.com\/es\/wp-json\/wp\/v2\/users\/1"}],"replies":[{"embeddable":true,"href":"https:\/\/www.alemape-tours.com\/es\/wp-json\/wp\/v2\/comments?post=17399"}],"version-history":[{"count":1,"href":"https:\/\/www.alemape-tours.com\/es\/wp-json\/wp\/v2\/pages\/17399\/revisions"}],"predecessor-version":[{"id":32446,"href":"https:\/\/www.alemape-tours.com\/es\/wp-json\/wp\/v2\/pages\/17399\/revisions\/32446"}],"wp:attachment":[{"href":"https:\/\/www.alemape-tours.com\/es\/wp-json\/wp\/v2\/media?parent=17399"}],"curies":[{"name":"wp","href":"https:\/\/api.w.org\/{rel}","templated":true}]}}