{"id":17395,"date":"2018-08-23T20:24:13","date_gmt":"2018-08-23T18:24:13","guid":{"rendered":"https:\/\/www.alemape-tours.com\/?page_id=17395"},"modified":"2025-08-11T23:26:59","modified_gmt":"2025-08-11T21:26:59","slug":"por-que-viajar-con-alemape-tours","status":"publish","type":"page","link":"https:\/\/www.alemape-tours.com\/es\/por-que-viajar-con-alemape-tours\/","title":{"rendered":"Por qu\u00e9 viajar con AlemaPE-Tours?"},"content":{"rendered":"<h1><span style=\"color: #1ca4b4;\">\u00a1Todo el tiempo nuestros viajeros recibir\u00e1n una atenci\u00f3n de calidad!<\/span><\/h1>\n<ul>\n<li style=\"list-style-type: none;\">\n<ul>\n<li style=\"list-style-type: none;\">\n<ul>\n<li style=\"list-style-type: none;\">\n<ul>\n<li style=\"list-style-type: none;\">\n<ul>\n<li style=\"list-style-type: none;\">\n<ul>\n<li>AlemaPE-Tours S.A.C. prepara viajes personalizados para conocer el Per\u00fa. Es decir, son programas de acuerdo a las necesidades y expectativas de cada cliente.<\/li>\n<li>Asi cuando viaje a Per\u00fa, ya tendra toda la informaci\u00f3n \u00fatil para su travesia. Como su especialista en viajes, le daremos un constante apoyo durante su estad\u00eda y lo ayudaremos en caso de eventos imprevistos.<\/li>\n<li><span id=\"result_box\" lang=\"de\"><span title=\"Trip-Per\u00fa cuenta con un grupo de Tour operadores con los m\u00e1s altos est\u00e1ndares de calidad que har\u00e1n que su viaje a Per\u00fa sea una experiencia inolvidable. \u00a0\u00a0\u00a0\u00a0\"><span title=\"Trip-Per\u00fa prepara viajes personalizados para conocer el Per\u00fa.\">AlemaPE-Tours S.A.C. tiene un grupo de excelentes gu\u00edas tur\u00edsticos que har\u00e1n que su viaje sea inolvidable.<\/span><\/span><\/span><\/li>\n<li>Nuestros clientes reciben un seguro m\u00e9dico de viaje a trav\u00e9s de nuestro socio HANSE-MERKUR, que lo cubre desde su ingreso al territorio peruano. Este seguro de salud lo cubre en caso de accidente o enfermedad durante su estad\u00eda en Per\u00fa.<\/li>\n<li>Tenemos las mejores referencias de clientes satisfechos, por lo cual puede revisar en nuestra pagina web.<\/li>\n<li>Nuestra empresa AlemaPE-Tours S.A.C. cuenta con la acreditaci\u00f3n de la marca Country de la Comisi\u00f3n de Promoci\u00f3n Tur\u00edstica en Per\u00fa (PromPer\u00fa), esta acreditaci\u00f3n se basa en nuestra reputaci\u00f3n y experiencias \u00fanicas y gratificantes de nuestros clientes.<\/li>\n<li>Despu\u00e9s de varios a\u00f1os de brindar servicios tur\u00edsticos y de asesoramiento, podemos decirle que si nos elige, le organizaremos para usted el viaje que siempre ha so\u00f1ado.<\/li>\n<\/ul>\n<\/li>\n<\/ul>\n<\/li>\n<\/ul>\n<\/li>\n<\/ul>\n<\/li>\n<\/ul>\n<\/li>\n<\/ul>\n<h2><span style=\"color: #1ca4b4;\">Siete razones que hablan por nosotros:<\/span><\/h2>\n<ul>\n<li style=\"list-style-type: none;\">\n<ul>\n<li style=\"list-style-type: none;\">\n<ul>\n<li style=\"list-style-type: none;\">\n<ul>\n<li style=\"list-style-type: none;\">\n<ul>\n<li style=\"list-style-type: none;\">\n<ul>\n<li>Alojamientos seleccionados y comprobados por nosotros, siendo ideal para sus vacaciones.<\/li>\n<li>Desde 2014, hemos planificado viajes individuales y grupales, donde sus deseos personales se toman en cuenta.<\/li>\n<li>Todos los detalles del viaje son preparados paso a paso por nosotros.<\/li>\n<li>Nuestros m\u00f3dulos de viaje son flexibles y se pueden realizar visitas a lugares que no estan planificados.<\/li>\n<li>Lo mejor en calidad-precio.<\/li>\n<li>Precios accesibles para los grupos tur\u00edsticos sean peque\u00f1os.<\/li>\n<li>Nuestra mejor garant\u00eda es la experiencia que tenemos en viajes.<\/li>\n<\/ul>\n<\/li>\n<\/ul>\n<\/li>\n<\/ul>\n<\/li>\n<\/ul>\n<\/li>\n<\/ul>\n<\/li>\n<\/ul>\n<p>&nbsp;<\/p>\n<h2><span style=\"color: #1ca4b4;\">Puede verificar las credenciales de la compa\u00f1\u00eda en:<\/span><\/h2>\n<ul>\n<li style=\"list-style-type: none;\">\n<ul>\n<li style=\"list-style-type: none;\">\n<ul>\n<li style=\"list-style-type: none;\">\n<ul>\n<li style=\"list-style-type: none;\">\n<ul>\n<li style=\"list-style-type: none;\">\n<ul>\n<li><span title=\"www.mincetur.gob.pe [Ministerio de Turismo del Per\u00fa] \u00a0\u00a0\u00a0\u00a0\"><span style=\"color: #1ca4b4;\"><strong><a style=\"color: #1ca4b4;\" href=\"http:\/\/www.mincetur.gob.pe\" target=\"_blank\" rel=\"noopener noreferrer\">www.mincetur.gob.pe<\/a><\/strong><\/span> [Ministerio de Turismo de Per\u00fa]<br \/>\n<\/span><\/li>\n<li><span title=\"www.peru.info [PromPeru] \u00a0\u00a0\u00a0\u00a0\"><strong><a href=\"http:\/\/www.peru.info\" target=\"_blank\" rel=\"noopener noreferrer\"><span style=\"color: #1ca4b4;\">www.peru.info<\/span><\/a><\/strong> [PromPer\u00fa]<\/span><\/li>\n<li><span title=\"www.sunat.gob.pe [Superintendencia de Administraci\u00f3n Tributaria (SUNAT) B\u00fasquenos con el RUC: 20512626204]\"><a href=\"http:\/\/www.sunat.gob.pe\" target=\"_blank\" rel=\"noopener noreferrer\"><strong><span style=\"color: #1ca4b4;\">www.sunat.gob.pe<\/span><\/strong><\/a> [Superintendencia Nacional de Aduanas y de Administraci\u00f3n Tributaria (SUNAT) Encu\u00e9ntranos con el RUC: 20602854338]<\/span><\/li>\n<\/ul>\n<\/li>\n<\/ul>\n<\/li>\n<\/ul>\n<\/li>\n<\/ul>\n<\/li>\n<\/ul>\n<\/li>\n<\/ul>\n","protected":false},"excerpt":{"rendered":"<p>\u00a1Todo el tiempo nuestros viajeros recibir\u00e1n una atenci\u00f3n de calidad! AlemaPE-Tours S.A.C. prepara viajes personalizados para conocer el Per\u00fa. Es decir, son programas de acuerdo a las necesidades y expectativas de cada cliente. Asi cuando viaje a Per\u00fa, ya tendra toda la informaci\u00f3n \u00fatil para su travesia. Como su especialista en viajes, le daremos un [&hellip;]<\/p>\n","protected":false},"author":1,"featured_media":0,"parent":0,"menu_order":1,"comment_status":"closed","ping_status":"closed","template":"","meta":{"footnotes":""},"class_list":["post-17395","page","type-page","status-publish","hentry"],"_links":{"self":[{"href":"https:\/\/www.alemape-tours.com\/es\/wp-json\/wp\/v2\/pages\/17395","targetHints":{"allow":["GET"]}}],"collection":[{"href":"https:\/\/www.alemape-tours.com\/es\/wp-json\/wp\/v2\/pages"}],"about":[{"href":"https:\/\/www.alemape-tours.com\/es\/wp-json\/wp\/v2\/types\/page"}],"author":[{"embeddable":true,"href":"https:\/\/www.alemape-tours.com\/es\/wp-json\/wp\/v2\/users\/1"}],"replies":[{"embeddable":true,"href":"https:\/\/www.alemape-tours.com\/es\/wp-json\/wp\/v2\/comments?post=17395"}],"version-history":[{"count":1,"href":"https:\/\/www.alemape-tours.com\/es\/wp-json\/wp\/v2\/pages\/17395\/revisions"}],"predecessor-version":[{"id":32440,"href":"https:\/\/www.alemape-tours.com\/es\/wp-json\/wp\/v2\/pages\/17395\/revisions\/32440"}],"wp:attachment":[{"href":"https:\/\/www.alemape-tours.com\/es\/wp-json\/wp\/v2\/media?parent=17395"}],"curies":[{"name":"wp","href":"https:\/\/api.w.org\/{rel}","templated":true}]}}