{"id":17309,"date":"2018-08-23T14:35:40","date_gmt":"2018-08-23T12:35:40","guid":{"rendered":"https:\/\/www.alemape-tours.com\/?page_id=17309"},"modified":"2025-08-12T00:43:50","modified_gmt":"2025-08-11T22:43:50","slug":"reglas-de-entrada-salida-y-aduanas","status":"publish","type":"page","link":"https:\/\/www.alemape-tours.com\/es\/informaciones\/reglas-de-entrada-salida-y-aduanas\/","title":{"rendered":"Reglas de entrada, salida y aduanas"},"content":{"rendered":"<h1><span style=\"color: #1ca4b4;\">Requisitos de ingreso al Per\u00fa<\/span><\/h1>\n<p><img decoding=\"async\" class=\"alignright wp-image-17290\" src=\"https:\/\/www.alemape-tours.com\/wp-content\/uploads\/2018\/08\/Reisepass-001-e1550922069563.jpg\" alt=\"Reisepass\" width=\"300\" height=\"225\" title=\"\"><\/p>\n<p>No se requiere una visa especial para ingresar como ciudadano de la UE y Suiza. El \u00fanico documento importante es el pasaporte, que debe ser v\u00e1lido durante al menos 6 meses despu\u00e9s de la entrada. Por favor verifique la validez de su pasaporte. Siempre cuide bien de sus documentos de viaje durante los recorridos y haga un escaneo o unas pocas copias antes de la partida que lo guiar\u00e1n por seguridad. Tambi\u00e9n puede almacenar los escaneos de los documentos muy bien en un almacenamiento en l\u00ednea (Dropbox o similar) o en su casilla de correo electr\u00f3nico. La p\u00e9rdida de un pasaporte est\u00e1 asociada con un enorme esfuerzo y papeleos, y tambi\u00e9n puede significar el final prematuro del viaje.<\/p>\n<p><img decoding=\"async\" class=\"wp-image-17293 alignleft\" src=\"https:\/\/www.alemape-tours.com\/wp-content\/uploads\/2018\/08\/Aeropuerto-de-Lima-001.jpg\" alt=\"Aeropuerto de Lima\" width=\"350\" height=\"263\" title=\"\"><\/p>\n<p>Al ingresar, la visa y el per\u00edodo de validez se sellar\u00e1n en su pasaporte. Este procedimiento fue cambiado recientemente y simplific\u00f3 el procedimiento de entrada. Tambi\u00e9n tenga en cuenta que en los hoteles y albergues siempre se copia su pasaporte. Aseg\u00farese de que su pasaporte est\u00e9 completo.<\/p>\n<p><strong>Atenci\u00f3n:<\/strong> aseg\u00farese de solicitar una tarjeta de entrada en el mostrador de entrada, ya que estar\u00e1 exento del IVA en todos los hoteles present\u00e1ndolos junto con su pasaporte.<\/p>\n<p><img decoding=\"async\" class=\"aligncenter wp-image-17296\" src=\"https:\/\/www.alemape-tours.com\/wp-content\/uploads\/2018\/08\/Aeropuerto-de-Lima-002-e1550922107815.jpg\" alt=\"Aeropuerto de Lima\" width=\"800\" height=\"448\" title=\"\"><\/p>\n<p><img decoding=\"async\" class=\"wp-image-17299 alignright\" src=\"https:\/\/www.alemape-tours.com\/wp-content\/uploads\/2018\/08\/Reisepass-002-e1550922023982.jpg\" alt=\"Reisepass\" width=\"390\" height=\"229\" title=\"\"><\/p>\n<p>Los turistas pueden permanecer en Per\u00fa por hasta 183 d\u00edas. Normalmente, el guardia fronterizo le sellara 90 d\u00edas en su pasaporte a su llegada, lo cual es suficiente para un viaje tur\u00edstico normal. En los casos m\u00e1s raros, pero tambi\u00e9n obtiene solo 30 d\u00edas registrados en el pasaporte. Si planea quedarse m\u00e1s tiempo, una nota amistosa sobre el hecho de que ha planeado viajes m\u00e1s largos en Per\u00fa y tambi\u00e9n puede ser ocupado por el boleto de retorno ya existente. Luego, los guardias fronterizos tambi\u00e9n deben ingresar los d\u00edas correspondientes en el documento. Si ha planeado una estad\u00eda a\u00fan m\u00e1s larga en Per\u00fa, puede solicitarla amablemente despu\u00e9s de 183 d\u00edas.<\/p>\n<p>De ser posible, se debe evitar un sobregiro del permiso de residencia registrado. Si ese fuera el caso, la pena probable es de $ 1 por d\u00eda. (Esta penalizaci\u00f3n deber\u00e1 pagarse a la salida en el momento de la migraci\u00f3n del aeropuerto, en cuyo caso debe tener en cuenta que su check-in de salida puede ser muy lento y necesita tomarse m\u00e1s tiempo para hacerlo.<\/p>\n<p>Adem\u00e1s, se le puede solicitar que solicite un boleto de regreso u otro comprobante de su futura partida desde Per\u00fa a su llegada. Sin embargo, esto no corresponde a los requisitos oficiales de ingreso, pero por lo general ya tiene un boleto de regreso en su bolsillo.<\/p>\n<p>Tambi\u00e9n lleve consigo una copia de su pasaporte, lo que facilitar\u00e1 en gran medida la recreaci\u00f3n del documento en caso de p\u00e9rdida o robo.<\/p>\n<p>Si no tienen la ciudadan\u00eda alemana, consulte los requisitos de ingreso antes de viajar a las autoridades pertinentes de su pa\u00eds de origen. En estos casos, tambi\u00e9n inf\u00f3rmenos de su ciudadan\u00eda cuando solicite un viaje para que podamos informarle en consecuencia.<\/p>\n<h1><span style=\"color: #1ca4b4;\">Arreglos para viajar con mascotas a la Rep\u00fablica del Per\u00fa<\/span><\/h1>\n<p>Viajar con perros y gatos requiere un certificado de salud y un certificado de vacunaci\u00f3n internacional certificado por la Embajada o el Consulado del Per\u00fa. El certificado de vacunaci\u00f3n debe certificar al titular, la identidad del animal y una vacuna antirr\u00e1bica que tenga al menos 30 d\u00edas de antig\u00fcedad. Adem\u00e1s, los documentos necesarios deben estar certificados por el veterinario oficial, as\u00ed como por el departamento de mayor rango y por la embajada o el consulado peruano. Las mascotas (mascotas) pueden no estar a la venta.<\/p>\n<p><span style=\"color: #1ca4b4;\"><strong>Nota: <\/strong><\/span>Para los gatos de Alemania, Austria y Suiza, se requiere un certificado adicional que los gatos no fueron alimentados con carne.<\/p>\n<h1><span style=\"color: #1ca4b4;\">Cobertura de seguro<\/span><\/h1>\n<p>Un seguro de viaje es definitivamente recomendado.<\/p>\n<h1><span style=\"color: #1ca4b4;\">Aduanas<\/span><\/h1>\n<p>Al ingresar a Per\u00fa, puede importar hasta 2,5 litros de alcohol, 200 cigarrillos o 50 cigarros, y obsequios de hasta US $ 300 libres de impuestos. Las monedas nacionales y extranjeras que valen m\u00e1s de $ 10,000 deben registrarse y declararse.<\/p>\n<p>El portar armas no est\u00e1 permitido.<\/p>\n<p>A la salida, est\u00e1 prohibida la exportaci\u00f3n de hallazgos arqueol\u00f3gicos y especies de flora y fauna en peligro de extinci\u00f3n. Tenga en cuenta en las reglamentaciones aduaneras alemanas generales que la importaci\u00f3n de t\u00e9 de coca y hojas de coca a Europa est\u00e1 prohibida, incluso en peque\u00f1as cantidades, y en Alemania constituye una violaci\u00f3n de la Ley alemana de estupefacientes.<\/p>\n<p>Puedes leer m\u00e1s sobre Per\u00fa aqu\u00ed\u00a0<span style=\"color: #1ca4b4;\"><a style=\"color: #1ca4b4;\" href=\"http:\/\/www.sunat.gob.pe\/orientacionaduanera\/viajeros\/\" target=\"_blank\" rel=\"noopener noreferrer\"><strong>SUNAT<\/strong><\/a><\/span>\u00a0y puedes leer m\u00e1s sobre Alemania aqui\u00a0<a href=\"http:\/\/www.zoll.de\/\" target=\"_blank\" rel=\"noopener noreferrer\"><strong><span style=\"color: #1ca4b4;\">ZOLL<\/span><\/strong><\/a> .<\/p>\n<p>Aqu\u00ed hay algunos videos que est\u00e1n en ingl\u00e9s y espa\u00f1ol (Lamentablemente, no hay una versi\u00f3n en alem\u00e1n disponible), qu\u00e9 consideran al ingresar y al salir:<\/p>\n<h3><span style=\"color: #1ca4b4;\"><strong>Version espa\u00f1ol<\/strong><\/span><\/p>\n<div class=\"brlbs-cmpnt-container brlbs-cmpnt-content-blocker brlbs-cmpnt-with-individual-styles\" data-borlabs-cookie-content-blocker-id=\"youtube-content-blocker\" data-borlabs-cookie-content=\"PGlmcmFtZSBzcmM9Imh0dHBzOi8vd3d3LnlvdXR1YmUtbm9jb29raWUuY29tL2VtYmVkL1Y4VHI2eGgxR2dFIiB3aWR0aD0iNDMwIiBoZWlnaHQ9IjI1MCIgZnJhbWVib3JkZXI9IjAiIGFsbG93ZnVsbHNjcmVlbj0iYWxsb3dmdWxsc2NyZWVuIiBkYXRhLW1jZS1mcmFnbWVudD0iMSI+PC9pZnJhbWU+\">\n<div class=\"brlbs-cmpnt-cb-preset-c brlbs-cmpnt-cb-youtube\">\n<div class=\"brlbs-cmpnt-cb-thumbnail\" style=\"background-image: url('https:\/\/www.alemape-tours.com\/wp-content\/uploads\/borlabs-cookie\/1\/yt_V8Tr6xh1GgE_hqdefault.jpg')\"><\/div>\n<div class=\"brlbs-cmpnt-cb-main\">\n<div class=\"brlbs-cmpnt-cb-play-button\"><\/div>\n<div class=\"brlbs-cmpnt-cb-content\">\n<p class=\"brlbs-cmpnt-cb-description\">Est\u00e1s viendo un contenido de marcador de posici\u00f3n de <strong>YouTube<\/strong>. Para acceder al contenido real, haz clic en el siguiente bot\u00f3n. Ten en cuenta que al hacerlo compartir\u00e1s datos con terceros proveedores.<\/p>\n<p> <a class=\"brlbs-cmpnt-cb-provider-toggle\" href=\"#\" data-borlabs-cookie-show-provider-information role=\"button\">M\u00e1s informaci\u00f3n<\/a> <\/div>\n<div class=\"brlbs-cmpnt-cb-buttons\"> <a class=\"brlbs-cmpnt-cb-btn\" href=\"#\" data-borlabs-cookie-unblock role=\"button\">Desbloquear contenido<\/a> <a class=\"brlbs-cmpnt-cb-btn\" href=\"#\" data-borlabs-cookie-accept-service role=\"button\" style=\"display: inherit\">Aceptar el servicio requerido y desbloquear los contenidos<\/a> <\/div><\/div><\/div>\n<\/div>\n<div class=\"brlbs-cmpnt-container brlbs-cmpnt-content-blocker brlbs-cmpnt-with-individual-styles\" data-borlabs-cookie-content-blocker-id=\"youtube-content-blocker\" data-borlabs-cookie-content=\"PGlmcmFtZSBzcmM9Imh0dHBzOi8vd3d3LnlvdXR1YmUtbm9jb29raWUuY29tL2VtYmVkLzd4WEFkQ2N3WVR3IiB3aWR0aD0iNDMwIiBoZWlnaHQ9IjI1MCIgZnJhbWVib3JkZXI9IjAiIGFsbG93ZnVsbHNjcmVlbj0iYWxsb3dmdWxsc2NyZWVuIiBkYXRhLW1jZS1mcmFnbWVudD0iMSI+PC9pZnJhbWU+\">\n<div class=\"brlbs-cmpnt-cb-preset-c brlbs-cmpnt-cb-youtube\">\n<div class=\"brlbs-cmpnt-cb-thumbnail\" style=\"background-image: url('https:\/\/www.alemape-tours.com\/wp-content\/uploads\/borlabs-cookie\/1\/yt_7xXAdCcwYTw_hqdefault.jpg')\"><\/div>\n<div class=\"brlbs-cmpnt-cb-main\">\n<div class=\"brlbs-cmpnt-cb-play-button\"><\/div>\n<div class=\"brlbs-cmpnt-cb-content\">\n<p class=\"brlbs-cmpnt-cb-description\">Est\u00e1s viendo un contenido de marcador de posici\u00f3n de <strong>YouTube<\/strong>. Para acceder al contenido real, haz clic en el siguiente bot\u00f3n. Ten en cuenta que al hacerlo compartir\u00e1s datos con terceros proveedores.<\/p>\n<p> <a class=\"brlbs-cmpnt-cb-provider-toggle\" href=\"#\" data-borlabs-cookie-show-provider-information role=\"button\">M\u00e1s informaci\u00f3n<\/a> <\/div>\n<div class=\"brlbs-cmpnt-cb-buttons\"> <a class=\"brlbs-cmpnt-cb-btn\" href=\"#\" data-borlabs-cookie-unblock role=\"button\">Desbloquear contenido<\/a> <a class=\"brlbs-cmpnt-cb-btn\" href=\"#\" data-borlabs-cookie-accept-service role=\"button\" style=\"display: inherit\">Aceptar el servicio requerido y desbloquear los contenidos<\/a> <\/div><\/div><\/div>\n<\/div>\n<\/h3>\n<h3><span style=\"color: #1ca4b4;\"><strong>Version ingles<\/strong><\/span><\/p>\n<div class=\"brlbs-cmpnt-container brlbs-cmpnt-content-blocker brlbs-cmpnt-with-individual-styles\" data-borlabs-cookie-content-blocker-id=\"youtube-content-blocker\" data-borlabs-cookie-content=\"PGlmcmFtZSBzcmM9Imh0dHBzOi8vd3d3LnlvdXR1YmUtbm9jb29raWUuY29tL2VtYmVkL2RzaGxPdjdHX2NNIiB3aWR0aD0iNDMwIiBoZWlnaHQ9IjI1MCIgZnJhbWVib3JkZXI9IjAiIGFsbG93ZnVsbHNjcmVlbj0iYWxsb3dmdWxsc2NyZWVuIiBkYXRhLW1jZS1mcmFnbWVudD0iMSI+PC9pZnJhbWU+\">\n<div class=\"brlbs-cmpnt-cb-preset-c brlbs-cmpnt-cb-youtube\">\n<div class=\"brlbs-cmpnt-cb-thumbnail\" style=\"background-image: url('https:\/\/www.alemape-tours.com\/wp-content\/uploads\/borlabs-cookie\/1\/yt_dshlOv7G_cM_hqdefault.jpg')\"><\/div>\n<div class=\"brlbs-cmpnt-cb-main\">\n<div class=\"brlbs-cmpnt-cb-play-button\"><\/div>\n<div class=\"brlbs-cmpnt-cb-content\">\n<p class=\"brlbs-cmpnt-cb-description\">Est\u00e1s viendo un contenido de marcador de posici\u00f3n de <strong>YouTube<\/strong>. Para acceder al contenido real, haz clic en el siguiente bot\u00f3n. Ten en cuenta que al hacerlo compartir\u00e1s datos con terceros proveedores.<\/p>\n<p> <a class=\"brlbs-cmpnt-cb-provider-toggle\" href=\"#\" data-borlabs-cookie-show-provider-information role=\"button\">M\u00e1s informaci\u00f3n<\/a> <\/div>\n<div class=\"brlbs-cmpnt-cb-buttons\"> <a class=\"brlbs-cmpnt-cb-btn\" href=\"#\" data-borlabs-cookie-unblock role=\"button\">Desbloquear contenido<\/a> <a class=\"brlbs-cmpnt-cb-btn\" href=\"#\" data-borlabs-cookie-accept-service role=\"button\" style=\"display: inherit\">Aceptar el servicio requerido y desbloquear los contenidos<\/a> <\/div><\/div><\/div>\n<\/div>\n<p><span style=\"color: #1ca4b4;\">Lo sentimos, no hay un video en ingl\u00e9s para salir de Per\u00fa.<\/span><\/h3>\n<p>&nbsp;<\/p>\n<p><strong><span style=\"color: #1ca4b4;\">Nota: <\/span><\/strong>Toda la informaci\u00f3n sin garant\u00eda de integridad y precisi\u00f3n.<\/p>\n","protected":false},"excerpt":{"rendered":"<p>Requisitos de ingreso al Per\u00fa No se requiere una visa especial para ingresar como ciudadano de la UE y Suiza. El \u00fanico documento importante es el pasaporte, que debe ser v\u00e1lido durante al menos 6 meses despu\u00e9s de la entrada. Por favor verifique la validez de su pasaporte. Siempre cuide bien de sus documentos de [&hellip;]<\/p>\n","protected":false},"author":1,"featured_media":0,"parent":17411,"menu_order":1,"comment_status":"closed","ping_status":"closed","template":"","meta":{"footnotes":""},"class_list":["post-17309","page","type-page","status-publish","hentry"],"_links":{"self":[{"href":"https:\/\/www.alemape-tours.com\/es\/wp-json\/wp\/v2\/pages\/17309","targetHints":{"allow":["GET"]}}],"collection":[{"href":"https:\/\/www.alemape-tours.com\/es\/wp-json\/wp\/v2\/pages"}],"about":[{"href":"https:\/\/www.alemape-tours.com\/es\/wp-json\/wp\/v2\/types\/page"}],"author":[{"embeddable":true,"href":"https:\/\/www.alemape-tours.com\/es\/wp-json\/wp\/v2\/users\/1"}],"replies":[{"embeddable":true,"href":"https:\/\/www.alemape-tours.com\/es\/wp-json\/wp\/v2\/comments?post=17309"}],"version-history":[{"count":1,"href":"https:\/\/www.alemape-tours.com\/es\/wp-json\/wp\/v2\/pages\/17309\/revisions"}],"predecessor-version":[{"id":32490,"href":"https:\/\/www.alemape-tours.com\/es\/wp-json\/wp\/v2\/pages\/17309\/revisions\/32490"}],"up":[{"embeddable":true,"href":"https:\/\/www.alemape-tours.com\/es\/wp-json\/wp\/v2\/pages\/17411"}],"wp:attachment":[{"href":"https:\/\/www.alemape-tours.com\/es\/wp-json\/wp\/v2\/media?parent=17309"}],"curies":[{"name":"wp","href":"https:\/\/api.w.org\/{rel}","templated":true}]}}