{"id":17260,"date":"2018-08-23T14:03:42","date_gmt":"2018-08-23T12:03:42","guid":{"rendered":"https:\/\/www.alemape-tours.com\/?page_id=17260"},"modified":"2025-08-12T00:55:39","modified_gmt":"2025-08-11T22:55:39","slug":"seguridad","status":"publish","type":"page","link":"https:\/\/www.alemape-tours.com\/es\/informaciones\/seguridad\/","title":{"rendered":"Seguridad"},"content":{"rendered":"<h1><span style=\"color: #1ca4b4;\">Todo sobre seguridad en Per\u00fa<\/span><\/h1>\n<p><img decoding=\"async\" class=\"wp-image-17262 aligncenter\" src=\"https:\/\/www.alemape-tours.com\/wp-content\/uploads\/2018\/08\/Sicherheit_und_Polizei-e1550922201665.jpg\" alt=\"Sicherheit und Polizei\" width=\"950\" height=\"570\" title=\"\" srcset=\"https:\/\/www.alemape-tours.com\/wp-content\/uploads\/2018\/08\/Sicherheit_und_Polizei-e1550922201665.jpg 800w, https:\/\/www.alemape-tours.com\/wp-content\/uploads\/2018\/08\/Sicherheit_und_Polizei-e1550922201665-768x461.jpg 768w, https:\/\/www.alemape-tours.com\/wp-content\/uploads\/2018\/08\/Sicherheit_und_Polizei-e1550922201665-600x360.jpg 600w\" sizes=\"(max-width: 950px) 100vw, 950px\" \/><\/p>\n<p>En principio, el Per\u00fa actualmente se considera un destino de viaje seguro. Sin embargo, siempre debe tener en cuenta que se encuentra en un pa\u00eds de reciente industrializaci\u00f3n y, a los ojos de la mayor\u00eda de los peruanos, todos los turistas son ricos. En vista de esto, no es sorprendente que los robos puedan ocurrir una y otra vez. El peligro amenaza m\u00e1s particularmente en las grandes ciudades tur\u00edsticas, como Lima o Cusco y en grandes multitudes, como mercados, festivales o estaciones de tren.<\/p>\n<p>Sin embargo, no hay ninguna raz\u00f3n para que est\u00e9 demasiado ansioso e inquieto acerca de su viaje a Per\u00fa, porque cada a\u00f1o miles de turistas de Europa viajan a Per\u00fa, la mayor\u00eda de ellos sin incidentes.<\/p>\n<p>Per\u00fa esta en t\u00e9rminos de crimen, en el centro del campo latinoamericano. Especialmente en ciudades m\u00e1s grandes (Lima, Cuzco) uno debe tener cuidado. Para minimizar el riesgo de robo, nos gustar\u00eda darle el siguiente consejo:<\/p>\n<p>\u2022 Cubra objetos de valor como joyas y c\u00e1maras digitales (si es posible, evite las joyas tanto como sea posible)<\/p>\n<p>\u2022 Nunca lleve m\u00e1s dinero de lo que necesita<\/p>\n<p>\u2022 No deje objetos de valor en la habitaci\u00f3n del hotel, solicite una caja de seguridad o reciba las llamadas bolsas para guardar, que est\u00e1n disponibles con una cerradura, como una cadena de bicicletas.<\/p>\n<p>\u2022 Siempre mantenga los bolsillos y la c\u00e1mara firmemente bajo control (especialmente en los caf\u00e9s de la calle o en las terminales de autobuses o en grandes multitudes)<\/p>\n<p>\u2022 Siempre mantenga su equipaje de mano con usted (preferiblemente no en el compartimiento superior en el autob\u00fas p\u00fablico o fuera del alcance<br \/>\n\u2022 Haga copias de todos los documentos importantes (pasaporte, boleto de avi\u00f3n, etc.) antes del viaje<\/p>\n<h4><span class=\"tlid-translation translation\" style=\"color: #1ca4b4;\"><span class=\"\" title=\"\">Este aviso cumple con BGH 25.04.2006X ZR 198\/04<\/span><\/span><\/h4>\n","protected":false},"excerpt":{"rendered":"<p>Todo sobre seguridad en Per\u00fa En principio, el Per\u00fa actualmente se considera un destino de viaje seguro. Sin embargo, siempre debe tener en cuenta que se encuentra en un pa\u00eds de reciente industrializaci\u00f3n y, a los ojos de la mayor\u00eda de los peruanos, todos los turistas son ricos. En vista de esto, no es sorprendente [&hellip;]<\/p>\n","protected":false},"author":1,"featured_media":0,"parent":17411,"menu_order":6,"comment_status":"closed","ping_status":"closed","template":"","meta":{"footnotes":""},"class_list":["post-17260","page","type-page","status-publish","hentry"],"_links":{"self":[{"href":"https:\/\/www.alemape-tours.com\/es\/wp-json\/wp\/v2\/pages\/17260","targetHints":{"allow":["GET"]}}],"collection":[{"href":"https:\/\/www.alemape-tours.com\/es\/wp-json\/wp\/v2\/pages"}],"about":[{"href":"https:\/\/www.alemape-tours.com\/es\/wp-json\/wp\/v2\/types\/page"}],"author":[{"embeddable":true,"href":"https:\/\/www.alemape-tours.com\/es\/wp-json\/wp\/v2\/users\/1"}],"replies":[{"embeddable":true,"href":"https:\/\/www.alemape-tours.com\/es\/wp-json\/wp\/v2\/comments?post=17260"}],"version-history":[{"count":1,"href":"https:\/\/www.alemape-tours.com\/es\/wp-json\/wp\/v2\/pages\/17260\/revisions"}],"predecessor-version":[{"id":32506,"href":"https:\/\/www.alemape-tours.com\/es\/wp-json\/wp\/v2\/pages\/17260\/revisions\/32506"}],"up":[{"embeddable":true,"href":"https:\/\/www.alemape-tours.com\/es\/wp-json\/wp\/v2\/pages\/17411"}],"wp:attachment":[{"href":"https:\/\/www.alemape-tours.com\/es\/wp-json\/wp\/v2\/media?parent=17260"}],"curies":[{"name":"wp","href":"https:\/\/api.w.org\/{rel}","templated":true}]}}