{"id":17257,"date":"2018-08-23T14:00:10","date_gmt":"2018-08-23T12:00:10","guid":{"rendered":"https:\/\/www.alemape-tours.com\/?page_id=17257"},"modified":"2025-08-11T23:43:19","modified_gmt":"2025-08-11T21:43:19","slug":"viaje-sostenible","status":"publish","type":"page","link":"https:\/\/www.alemape-tours.com\/es\/viaje-sostenible\/","title":{"rendered":"Viaje sostenible"},"content":{"rendered":"<h1><span style=\"color: #1ca4b4;\">Nuestros intereses<\/span><\/h1>\n<p style=\"padding-left: 80px;\">Como guia tur\u00edstico, estamos comprometidos a proporcionar viajes sostenibles que ayudar\u00e1n a las personas en el Per\u00fa. Creemos firmemente que los viajes deben ser ambientalmente, econ\u00f3micamente y culturalmente sostenibles, y la mayor\u00eda de nuestros viajeros tienen la misma opini\u00f3n.<\/p>\n<p style=\"padding-left: 80px;\">AlemaPE-Tours S.A.C. como guia tur\u00edstico, nos comprometemos a mantener y garantizar que las condiciones para un viaje sostenible en nuestra oferta se pongan en pr\u00e1ctica. Esto significa que trabajamos de forma sostenible, incorporando los principios del desarrollo, al proporcionar directamente a nuestros viajeros experiencias pr\u00e1cticas con la gente de Per\u00fa.<\/p>\n<p style=\"padding-left: 80px;\">Adem\u00e1s, esperamos que nuestros viajeros respeten los principios del viaje, respeten a las personas, las culturas y la naturaleza, demostrando buena voluntad en las diferentes culturas, as\u00ed como contribuir al desarrollo sostenible.<\/p>\n<h2><span style=\"color: #1ca4b4;\">AlemaPE-Tours S.A.C. y el constante cambio clim\u00e1tico<\/span><\/h2>\n<p style=\"padding-left: 80px;\">En t\u00e9rminos de nuestra misi\u00f3n de reducir nuestras huellas en todos los caminos de nosotros y los viajeros, hemos logrado mucho. Adem\u00e1s, hemos sido oficialmente CO2-neutral desde 2017. Como viajero de AlemaPE-Tours S.A.C. puede relajarse, porque los componentes de CO2 m\u00e1s grandes de sus viajes (transporte, alojamiento y desperdicio) han sido calculados para usted.<\/p>\n<h2><span style=\"color: #1ca4b4;\">Viaje responsable<\/span><\/h2>\n<p style=\"padding-left: 80px;\">Desde nuestro punto de vista, un viaje responsable se trata de su actitud y las decisiones que toma al viajar: \u00a1respetar y apoyar a los lugare\u00f1os, en sus culturas, la econom\u00eda y la naturaleza!<\/p>\n<p style=\"padding-left: 80px;\">Algunas de las caracter\u00edsticas responsables de AlemaPE-Tours S.A.C. son:<\/p>\n<ul>\n<li style=\"list-style-type: none;\">\n<ul>\n<li style=\"list-style-type: none;\">\n<ul>\n<li style=\"list-style-type: none;\">\n<ul>\n<li style=\"list-style-type: none;\">\n<ul>\n<li style=\"list-style-type: none;\">\n<ul>\n<li>Uso del transporte p\u00fablico cuando sea posible.<\/li>\n<li>Alojamiento en peque\u00f1os locales, donde sea posible.<\/li>\n<li>Compra de alimentos y bebidas de producci\u00f3n local y recuerdos de artistas locales.<\/li>\n<li>Apoyar a una variedad de proveedores para distribuir los beneficios econ\u00f3micos.<\/li>\n<li>Minimice los desechos pl\u00e1sticos siempre que sea posible.<\/li>\n<li>Manejo cuidadoso de recursos de agua y energ\u00eda limitados.<\/li>\n<li>Ofertas de experiencias reales que contribuyen a la comprensi\u00f3n intercultural.<\/li>\n<li>Evitar la explotaci\u00f3n de los Patrimonios: incluidos mujeres, ni\u00f1os, animales y todas las especies en peligro de extinci\u00f3n.<\/li>\n<\/ul>\n<\/li>\n<\/ul>\n<\/li>\n<\/ul>\n<\/li>\n<\/ul>\n<\/li>\n<\/ul>\n<\/li>\n<\/ul>\n","protected":false},"excerpt":{"rendered":"<p>Nuestros intereses Como guia tur\u00edstico, estamos comprometidos a proporcionar viajes sostenibles que ayudar\u00e1n a las personas en el Per\u00fa. Creemos firmemente que los viajes deben ser ambientalmente, econ\u00f3micamente y culturalmente sostenibles, y la mayor\u00eda de nuestros viajeros tienen la misma opini\u00f3n. AlemaPE-Tours S.A.C. como guia tur\u00edstico, nos comprometemos a mantener y garantizar que las condiciones [&hellip;]<\/p>\n","protected":false},"author":1,"featured_media":0,"parent":0,"menu_order":4,"comment_status":"closed","ping_status":"closed","template":"","meta":{"footnotes":""},"class_list":["post-17257","page","type-page","status-publish","hentry"],"_links":{"self":[{"href":"https:\/\/www.alemape-tours.com\/es\/wp-json\/wp\/v2\/pages\/17257","targetHints":{"allow":["GET"]}}],"collection":[{"href":"https:\/\/www.alemape-tours.com\/es\/wp-json\/wp\/v2\/pages"}],"about":[{"href":"https:\/\/www.alemape-tours.com\/es\/wp-json\/wp\/v2\/types\/page"}],"author":[{"embeddable":true,"href":"https:\/\/www.alemape-tours.com\/es\/wp-json\/wp\/v2\/users\/1"}],"replies":[{"embeddable":true,"href":"https:\/\/www.alemape-tours.com\/es\/wp-json\/wp\/v2\/comments?post=17257"}],"version-history":[{"count":1,"href":"https:\/\/www.alemape-tours.com\/es\/wp-json\/wp\/v2\/pages\/17257\/revisions"}],"predecessor-version":[{"id":32462,"href":"https:\/\/www.alemape-tours.com\/es\/wp-json\/wp\/v2\/pages\/17257\/revisions\/32462"}],"wp:attachment":[{"href":"https:\/\/www.alemape-tours.com\/es\/wp-json\/wp\/v2\/media?parent=17257"}],"curies":[{"name":"wp","href":"https:\/\/api.w.org\/{rel}","templated":true}]}}