{"id":17254,"date":"2018-08-23T13:58:38","date_gmt":"2018-08-23T11:58:38","guid":{"rendered":"https:\/\/www.alemape-tours.com\/?page_id=17254"},"modified":"2025-08-12T00:49:00","modified_gmt":"2025-08-11T22:49:00","slug":"bancos-y-dinero","status":"publish","type":"page","link":"https:\/\/www.alemape-tours.com\/es\/informaciones\/bancos-y-dinero\/","title":{"rendered":"Bancos y dinero"},"content":{"rendered":"<h1><span style=\"color: #1ca4b4;\">La moneda<\/span><\/h1>\n<p>La moneda nacional es el sol peruano (PEN). El valor diario v\u00e1lido debe determinarse al menos aproximadamente una vez antes del viaje. Por el momento 1 \u20ac corresponde a aproximadamente 3.25 PEN (a partir de marzo de 2017). Se acepta el d\u00f3lar estadounidense adem\u00e1s de la moneda nacional, por lo que es aconsejable tomar el billete estadounidense, como mucho en denominaciones peque\u00f1as.<\/p>\n<p>Los retiros en efectivo de la moneda local y tambi\u00e9n de d\u00f3lares estadounidenses a cajeros autom\u00e1ticos generalmente son posibles con tarjeta de cr\u00e9dito. Por otro lado, solo es muy limitado con la tarjeta EC (sistema MAESTRO) posible. Los cheques de viajero no son intercambiables por efectivo en ninguna parte.<\/p>\n<h2><span style=\"color: #1ca4b4;\">Conversor de moneda<\/span><\/h2>\n<p>Recomendamos el convertidor de divisas\u00a0<strong><a href=\"https:\/\/www.oanda.com\/mobile\/converter\/android?srccont=bottom\" target=\"_blank\" rel=\"noopener noreferrer\">App de OANDA<\/a><\/strong><\/p>\n<h1><span style=\"color: #1ca4b4;\">Las mejores Tarjetas de Cr\u00e9dito para viajeros<\/span><\/h1>\n<p><span style=\"color: #1ca4b4;\"><strong>Una cosa de antemano<\/strong>:<\/span> La \u00abmejor\u00bb tarjeta de cr\u00e9dito no existe. Hay algo para todos y sus demandas en el mercado. Solo tienes que encontrar la tarjeta que m\u00e1s te convenga. Hace una diferencia, debido a las diferentes estructuras de tarifas, si usted, como mochilero de bajo presupuesto, usa su tarjeta para retirar efectivo, o si usa principalmente su dinero de pl\u00e1stico para comprar y pagar.<\/p>\n<p>No se requiere una tarjeta de cr\u00e9dito. Con efectivo y una tarjeta bancaria ordinaria ya est\u00e1s bastante lejos. Por ejemplo, usamos casi exclusivamente la tarjeta VISA de Postbank. Esto nos permite retirar dinero pr\u00e1cticamente en cualquier parte del mundo y utilizar servicios en l\u00ednea, como Western Union transfiere nuestro dinero a (casi) todos los lugares del mundo. La mayor\u00eda de nosotros viajamos en efectivo de todos modos.<\/p>\n<p><span style=\"color: #1ca4b4;\"><strong>En general, sin embargo:<\/strong><\/span> Una tarjeta <span style=\"color: #1ca4b4;\"><strong>VISA\u00a0<\/strong><\/span>y \/ o una <span style=\"color: #1ca4b4;\"><strong>MasterCard<\/strong> <\/span>como reserva.<\/p>\n<p>Efectivo en Euros y d\u00f3lares estadounidenses (segunda moneda en Per\u00fa), cada uno en peque\u00f1a denominaci\u00f3n<\/p>\n<p>Como reaseguro para documentos posiblemente perdidos, una copia impresa o un archivo PDF con el n\u00famero y la direcci\u00f3n de su n\u00famero bloqueado de tarjetas de cr\u00e9dito siempre es \u00fatil.<\/p>\n<p>Dado que la moneda nacional Nuevo Sol no se comercializa en Europa y otras regiones del estado y no se ofrece para el cambio de divisas, solo el intercambio permanece en el destino del viaje. A menudo se puede cambiar a los cambistas oficiales frente a los bancos y en algunas intersecciones en la capital del estado, Lima, en t\u00e9rminos m\u00e1s favorables. Tambi\u00e9n hay muchas oficinas de cambio m\u00e1s peque\u00f1as dentro de Lima. Si usa esta opci\u00f3n de cambio de moneda, aseg\u00farese de que no haya demasiados espectadores que lo est\u00e9n observando de cerca. Se ha revelado repetidamente que la gran mayor\u00eda de los robos se producen directamente en las proximidades de cambistas, oficinas de cambio e incluso bancos. Gracias a Dios, nada nos ha pasado.<\/p>\n<h1><span style=\"color: #1ca4b4;\">Sobre los precios en Per\u00fa<\/span><\/h1>\n<p>Al igual que en todas las zonas tur\u00edsticas del mundo, tambi\u00e9n existe una segunda \/ paralela y tambi\u00e9n m\u00e1s costosa infraestructura en el Per\u00fa solo para los turistas, que pueden ser h\u00e1bilmente evitados a excepci\u00f3n de algunos puntos.<\/p>\n<p>Vuelos, autobuses y trenes, hoteles y buenos restaurantes est\u00e1n disponibles para locales y turistas. Para los lugare\u00f1os, algunas cosas son mucho m\u00e1s baratas, pero menos lujosas. Los restaurantes caros, que est\u00e1n esperando que los turistas sean servidos de acuerdo con su gusto en Burger &amp; Co., desafortunadamente han penetrado hasta el Per\u00fa. Pero a menudo hay dos o tres cuadras de distancia, una oferta mucho m\u00e1s agradable que se destaca no solo en t\u00e9rminos de sabor, sino tambi\u00e9n en la cantidad claramente desde el restaurante tur\u00edstico. Adem\u00e1s del precio m\u00e1s econ\u00f3mico, los men\u00fas son los que se ofrecen en restaurantes peruanos en el mismo precio doble y local.<\/p>\n<p>Desafortunadamente, como extranjero, no es posible utilizar la infraestructura de los ferrocarriles como los lugare\u00f1os porque estaba prohibido por ley. Por ejemplo, hay trenes a Machu Picchu que solo pueden usar los locales. Como extranjero, puede reservar solo el tren tur\u00edstico mucho m\u00e1s caro. Como resultado, ha surgido una sociedad de dos clases legalmente prescrita, que solo busca obtener ganancias. Sin embargo, si se le informa de ello, a\u00fan puede viajar a bajo costo, porque puede llegar a Machu Picchu por un camino muy favorable. Hay una ruta que es atendida por Colectivos \/ Taxis \/ Bus desde Cusco a Hidroel\u00e9ctrica y desde all\u00ed se puede caminar hasta Aguas Calientes. Por supuesto, si lo desea, tambi\u00e9n puede utilizar la forma algo c\u00f3moda del viaje en tren y luego colocar f\u00e1cilmente 325 soles (alrededor de 100 \u20ac) sobre la mesa.<\/p>\n<p>Por lo tanto, si est\u00e1 preparado adecuadamente para una gira, tambi\u00e9n puede llegar a los destinos a bajo costo.<\/p>\n","protected":false},"excerpt":{"rendered":"<p>La moneda La moneda nacional es el sol peruano (PEN). El valor diario v\u00e1lido debe determinarse al menos aproximadamente una vez antes del viaje. Por el momento 1 \u20ac corresponde a aproximadamente 3.25 PEN (a partir de marzo de 2017). Se acepta el d\u00f3lar estadounidense adem\u00e1s de la moneda nacional, por lo que es aconsejable [&hellip;]<\/p>\n","protected":false},"author":1,"featured_media":0,"parent":17411,"menu_order":3,"comment_status":"closed","ping_status":"closed","template":"","meta":{"footnotes":""},"class_list":["post-17254","page","type-page","status-publish","hentry"],"_links":{"self":[{"href":"https:\/\/www.alemape-tours.com\/es\/wp-json\/wp\/v2\/pages\/17254","targetHints":{"allow":["GET"]}}],"collection":[{"href":"https:\/\/www.alemape-tours.com\/es\/wp-json\/wp\/v2\/pages"}],"about":[{"href":"https:\/\/www.alemape-tours.com\/es\/wp-json\/wp\/v2\/types\/page"}],"author":[{"embeddable":true,"href":"https:\/\/www.alemape-tours.com\/es\/wp-json\/wp\/v2\/users\/1"}],"replies":[{"embeddable":true,"href":"https:\/\/www.alemape-tours.com\/es\/wp-json\/wp\/v2\/comments?post=17254"}],"version-history":[{"count":1,"href":"https:\/\/www.alemape-tours.com\/es\/wp-json\/wp\/v2\/pages\/17254\/revisions"}],"predecessor-version":[{"id":32497,"href":"https:\/\/www.alemape-tours.com\/es\/wp-json\/wp\/v2\/pages\/17254\/revisions\/32497"}],"up":[{"embeddable":true,"href":"https:\/\/www.alemape-tours.com\/es\/wp-json\/wp\/v2\/pages\/17411"}],"wp:attachment":[{"href":"https:\/\/www.alemape-tours.com\/es\/wp-json\/wp\/v2\/media?parent=17254"}],"curies":[{"name":"wp","href":"https:\/\/api.w.org\/{rel}","templated":true}]}}