{"id":17085,"date":"2018-08-23T10:10:57","date_gmt":"2018-08-23T08:10:57","guid":{"rendered":"https:\/\/www.alemape-tours.com\/?page_id=17085"},"modified":"2025-08-11T22:30:07","modified_gmt":"2025-08-11T20:30:07","slug":"medias-de-pago","status":"publish","type":"page","link":"https:\/\/www.alemape-tours.com\/es\/medias-de-pago\/","title":{"rendered":"Medias de pago"},"content":{"rendered":"<div class=\"wpb-content-wrapper\"><p>[vc_row][vc_column][vc_column_text css=\u00bb\u00bb]<\/p>\n<h1><span style=\"color: #1ca4b4;\">Condiciones de reserva de AlemaPE-Tours S.A.C.<\/span><\/h1>\n<p style=\"padding-left: 80px;\">Lea con atenci\u00f3n los detalles a continuaci\u00f3n, antes de reservar un viaje con nosotros. Le recomendamos encarecidamente que lea las notas relacionadas con su viaje, antes de realizar la reserva para entender el itinerario y estilo del viaje que est\u00e1 escogiendo.<\/p>\n<p>&nbsp;<\/p>\n<h2><span style=\"color: #1ca4b4;\">1. Valido<\/span><\/h2>\n<p style=\"padding-left: 80px;\">Las fechas, los itinerarios y los precios son v\u00e1lidos desde el 01 de enero de 2025 hasta el 31 de diciembre de 2025. M\u00e1s all\u00e1 del 31 de diciembre de 2025, las fechas, los itinerarios y los precios son solo indicativos.<\/p>\n<p>&nbsp;<\/p>\n<h2><span style=\"color: #1ca4b4;\">2. Requisito de dep\u00f3sito<\/span><\/h2>\n<p style=\"padding-left: 80px;\">Se requiere que pague un dep\u00f3sito no reembolsable del 50% para confirmar su reserva (tenga en cuenta que se aplican requisitos de dep\u00f3sito especiales para algunos viajes). Si su reserva se realiza dentro de los 30 d\u00edas de la fecha de salida, el monto total se pagar\u00e1 en el momento de la reserva.<\/p>\n<p>&nbsp;<\/p>\n<h3 class=\"termss\"><span style=\"color: #1ca4b4;\">2.1 Una forma de pagar su dep\u00f3sito:<\/span><\/h3>\n<p style=\"padding-left: 40px;\">Puede depositar su cantidad en uno de nuestros bancos. Los identificadores de la direcci\u00f3n del banco son los siguientes:<\/p>\n<p>&nbsp;<\/p>\n<h3><span style=\"color: #1ca4b4;\">2.2 Para dep\u00f3sitos en Euro<br \/>\n<\/span><\/h3>\n<table class=\"table table-bordered table-background\">\n<tbody>\n<tr>\n<td>Nombre del banco<\/td>\n<td>DEUTSCHE POSTBANK<\/td>\n<\/tr>\n<tr>\n<td>Titular<\/td>\n<td>Karl-Heinz Dibke<\/td>\n<\/tr>\n<tr>\n<td>IBAN<\/td>\n<td>DE5776010085002184585<\/td>\n<\/tr>\n<tr>\n<td>Swift bancario<\/td>\n<td>PBNKDEFF760<\/td>\n<\/tr>\n<\/tbody>\n<\/table>\n<p>&nbsp;<\/p>\n<h3><span style=\"color: #1ca4b4;\">2.3 Para dep\u00f3sitos en US Dollares<br \/>\n<\/span><\/h3>\n<table class=\"table table-bordered table-background\">\n<tbody>\n<tr>\n<td>Nombre del banco<\/td>\n<td>INTERBANK<\/td>\n<\/tr>\n<tr>\n<td>Titular<\/td>\n<td>ALEMAPE TOURS SAC<\/td>\n<\/tr>\n<tr>\n<td>N\u00famero de cuenta<\/td>\n<td>0753001929452<\/td>\n<\/tr>\n<tr>\n<td>Swift bancario<\/td>\n<td>BINPPEPL<\/td>\n<\/tr>\n<\/tbody>\n<\/table>\n<p>&nbsp;<\/p>\n<h3><span style=\"color: #1ca4b4;\">2.4 Para dep\u00f3sitos en Peruvian Soles<\/span><\/h3>\n<table class=\"table table-bordered table-background\">\n<tbody>\n<tr>\n<td>Nombre del banco<\/td>\n<td>INTERBANK<\/td>\n<\/tr>\n<tr>\n<td>Titular<\/td>\n<td>ALEMAPE TOURS SAC<\/td>\n<\/tr>\n<tr>\n<td>N\u00famero de cuenta<\/td>\n<td>0753001929460<\/td>\n<\/tr>\n<tr>\n<td>Swift bancario<\/td>\n<td>BINPPEPL<\/td>\n<\/tr>\n<\/tbody>\n<\/table>\n<p>&nbsp;<\/p>\n<h2><span style=\"color: #1ca4b4;\">3. Aceptaci\u00f3n de reservas y pagos finales<\/span><\/h2>\n<ul>\n<li style=\"list-style-type: none;\">\n<ul>\n<li style=\"list-style-type: none;\">\n<ul>\n<li>La aceptaci\u00f3n de su reserva ser\u00e1 confirmada por nosotros por escrito. Consulte la factura de confirmaci\u00f3n de su reserva para obtener detalles sobre los pagos finales. Pago del saldo del precio del viaje en nuestra oficina o por banca en l\u00ednea antes de la fecha de salida.<\/li>\n<li>Para procesar la reserva de viajes, deber\u00e1 proporcionar informaci\u00f3n sobre los viajes a AlemaPE-Tours S.A.C. dentro de los 30 d\u00edas para grupos o tours de charter y al menos 3 d\u00edas para viajeros individuales.<\/li>\n<li>Todas las consultas deber\u00e1n ser reconocidas dentro de las 24 horas h\u00e1biles. La confirmaci\u00f3n final de las reservas est\u00e1 sujeta a la confirmaci\u00f3n de haber recibido el pago. AlemaPE-Tours S.A.C. se reserva el derecho de liberar lugares en caso de que no se reciba el pago.<\/li>\n<\/ul>\n<\/li>\n<\/ul>\n<\/li>\n<\/ul>\n<h2><span style=\"color: #1ca4b4;\">4. Procedimientos de reserva<\/span><\/h2>\n<ul>\n<li style=\"list-style-type: none;\">\n<ul>\n<li style=\"list-style-type: none;\">\n<ul>\n<li>Ahora solo hacemos un peque\u00f1o dep\u00f3sito (sin cargos por tarjeta de cr\u00e9dito) para confirmar la reserva y el saldo restante se procesar\u00e1 5 d\u00edas antes de la fecha del viaje.<\/li>\n<li>Tenemos una p\u00e1gina de pago segura con opciones de pago de transferencia con tarjeta de cr\u00e9dito, Western Union o banco a banco. Todo el pago se realiza en EUR o USD (EURO o d\u00f3lar estadounidense).<\/li>\n<li>Tenga en cuenta que pagar\u00e1 (aproximadamente entre un 2% y un 5%) un recargo en los pagos con tarjeta de cr\u00e9dito sobre el saldo restante, pero puede evitarlo si prefiere pagar en efectivo. Le informaremos del recargo exacto por escrito.<\/li>\n<li>Al reservar con nosotros, le enviaremos un correo electr\u00f3nico de \u00abPedido pendiente\u00bb para informarle que hemos recibido esto. Luego, reservamos su viaje lo m\u00e1s r\u00e1pido posible y le enviamos un segundo correo electr\u00f3nico de \u00abReserva confirmada\u00bb con todos los detalles relevantes. Puede guardar la copia blanda o impresa de este cup\u00f3n para presentarlo a la reserva.<\/li>\n<li>Su tarjeta de cr\u00e9dito est\u00e1 almacenada en nuestro sistema seguro de gesti\u00f3n de reservas y se eliminar\u00e1 autom\u00e1ticamente 30 d\u00edas despu\u00e9s de su recorrido. No tenemos acceso a los datos de su tarjeta de cr\u00e9dito.<\/li>\n<li>En tiempos de cualquier desastre natural o cualquier evento que no nos permita proceder con su reserva, le reembolsaremos el 100% de su pago.<\/li>\n<\/ul>\n<\/li>\n<\/ul>\n<\/li>\n<\/ul>\n<h2><span style=\"color: #1ca4b4;\">5. Cancelaciones \/ Prepagos<\/span><\/h2>\n<ul>\n<li style=\"list-style-type: none;\">\n<ul>\n<li style=\"list-style-type: none;\">\n<ul>\n<li>Si cancela 5 d\u00edas antes de la fecha del tour, se reembolsar\u00e1 el monto total..<\/li>\n<li>Si se cancela entre 3-5 d\u00edas antes de la fecha del tour, solo se realizar\u00e1 un dep\u00f3sito del 100%.<\/li>\n<li>Si se cancela dentro de los 3 d\u00edas posteriores a la fecha del tour o si no se presenta, no se reembolsar\u00e1.<\/li>\n<li>Le recomendamos que tenga un seguro de viaje para cubrir los posibles costos de cancelaci\u00f3n.<\/li>\n<li>Para cualquier problema o cancelaci\u00f3n, cont\u00e1ctenos en <a href=\"mailto:info@alemape-tours.com\" target=\"_blank\" rel=\"noopener noreferrer\"><strong><span style=\"color: #1ca4b4;\">info@alemape-tours.com<\/span><\/strong><\/a><\/li>\n<\/ul>\n<\/li>\n<\/ul>\n<\/li>\n<\/ul>\n<h2><span style=\"color: #1ca4b4;\">6. Terminos y condiciones de viaje<\/span><\/h2>\n<p style=\"padding-left: 80px;\"><span class=\"tlid-translation translation\"><span class=\"\" title=\"\">Para todas las informaciones consulte nuestra<\/span><\/span> <a href=\"https:\/\/www.alemape-tours.com\/wp-content\/uploads\/2018\/10\/T\u00e9rminos-y-condiciones-T\u00e9rminos-de-viaje-AlemaPE-Tours-2018-07-01.pdf\" target=\"_blank\" rel=\"noopener noreferrer\"><span style=\"color: #1ca4b4;\"><strong>PDF de <\/strong><\/span><strong><span style=\"color: #1ca4b4;\">T\u00e9rminos y condiciones &#8211; T\u00e9rminos de viaje &#8211; AlemaPE-Tours S.A.C. &#8211; 2018-07-01<\/span><\/strong><\/a><\/p>\n<p>[\/vc_column_text][\/vc_column][\/vc_row]<\/p>\n<\/div>","protected":false},"excerpt":{"rendered":"<p>[vc_row][vc_column][vc_column_text css=\u00bb\u00bb] Condiciones de reserva de AlemaPE-Tours S.A.C. Lea con atenci\u00f3n los detalles a continuaci\u00f3n, antes de reservar un viaje con nosotros. Le recomendamos encarecidamente que lea las notas relacionadas con su viaje, antes de realizar la reserva para entender el itinerario y estilo del viaje que est\u00e1 escogiendo. &nbsp; 1. Valido Las fechas, los [&hellip;]<\/p>\n","protected":false},"author":1,"featured_media":24564,"parent":0,"menu_order":0,"comment_status":"closed","ping_status":"closed","template":"","meta":{"footnotes":""},"class_list":["post-17085","page","type-page","status-publish","has-post-thumbnail","hentry"],"_links":{"self":[{"href":"https:\/\/www.alemape-tours.com\/es\/wp-json\/wp\/v2\/pages\/17085","targetHints":{"allow":["GET"]}}],"collection":[{"href":"https:\/\/www.alemape-tours.com\/es\/wp-json\/wp\/v2\/pages"}],"about":[{"href":"https:\/\/www.alemape-tours.com\/es\/wp-json\/wp\/v2\/types\/page"}],"author":[{"embeddable":true,"href":"https:\/\/www.alemape-tours.com\/es\/wp-json\/wp\/v2\/users\/1"}],"replies":[{"embeddable":true,"href":"https:\/\/www.alemape-tours.com\/es\/wp-json\/wp\/v2\/comments?post=17085"}],"version-history":[{"count":2,"href":"https:\/\/www.alemape-tours.com\/es\/wp-json\/wp\/v2\/pages\/17085\/revisions"}],"predecessor-version":[{"id":32382,"href":"https:\/\/www.alemape-tours.com\/es\/wp-json\/wp\/v2\/pages\/17085\/revisions\/32382"}],"wp:featuredmedia":[{"embeddable":true,"href":"https:\/\/www.alemape-tours.com\/es\/wp-json\/wp\/v2\/media\/24564"}],"wp:attachment":[{"href":"https:\/\/www.alemape-tours.com\/es\/wp-json\/wp\/v2\/media?parent=17085"}],"curies":[{"name":"wp","href":"https:\/\/api.w.org\/{rel}","templated":true}]}}