{"id":16997,"date":"2018-08-23T09:06:42","date_gmt":"2018-08-23T07:06:42","guid":{"rendered":"https:\/\/www.alemape-tours.com\/?page_id=16997"},"modified":"2025-08-11T21:39:16","modified_gmt":"2025-08-11T19:39:16","slug":"impresion","status":"publish","type":"page","link":"https:\/\/www.alemape-tours.com\/es\/nuestro-servicios-de-alemape-tours\/impresion\/","title":{"rendered":"Impresi\u00f3n"},"content":{"rendered":"<div class=\"wpb-content-wrapper\"><p>[vc_row][vc_column][vc_column_text css=\u00bb\u00bb]<\/p>\n<h1>Proveedor<\/h1>\n<h3>AlemaPE-Tours S.A.C.<\/h3>\n<p><strong>Gerente:<\/strong> Karl-Heinz Dibke<br \/>\nCalle Ramon Castilla 442<br \/>\nPE &#8211; 07036 Callao<br \/>\n<strong>Correo electr\u00f3nico:<\/strong>\u00a0 <span id=\"result_box\" class=\"\" lang=\"en\" tabindex=\"-1\"><span title=\"E-Mail: info@alemape-tours.com \"><strong><a href=\"mailto:info@alemape-tours.com\" target=\"_blank\" rel=\"noopener noreferrer\">info@alemape-tours.com<\/a><\/strong><\/span><\/span><br \/>\n<strong>P\u00e1gina web:<\/strong><span id=\"result_box\" class=\"\" lang=\"en\" tabindex=\"-1\"> <\/span><span id=\"result_box\" class=\"\" lang=\"en\" tabindex=\"-1\"><span title=\"PE - 07036 Callao \">\u00a0<span title=\"Website: www.alemape-tours.com \"> <strong><a href=\"https:\/\/www.alemape-tours.com\/es\/\">www.alemape-tours.com<\/a><\/strong>\u00a0, <a href=\"https:\/\/www,alemape-tours.de\" target=\"_blank\" rel=\"noopener noreferrer\"><strong>www.alemape-tours.de<\/strong><\/a> , <a href=\"https:\/\/www.alemape-tours.es\" target=\"_blank\" rel=\"noopener noreferrer\"><strong>www.alemape-tours.es<\/strong><\/a> , <strong><a href=\"https:\/\/www.cincopasos.pe\" target=\"_blank\" rel=\"noopener noreferrer\">www.cincopasos.pe<\/a><\/strong><\/span> , <a href=\"https:\/\/www,cincopasos.de\" target=\"_blank\" rel=\"noopener noreferrer\"><strong>cincopasos.de<\/strong><\/a> , <strong><a href=\"http:\/\/www.5pasos.de\" target=\"_blank\" rel=\"noopener\">www.5pasos.de<\/a><\/strong><\/span><\/span><\/p>\n<p><strong>Para Per\u00fa RUC: <\/strong>20602854338<\/p>\n<h2>Datos<\/h2>\n<p>El proveedor est\u00e1 ubicado en Callao &#8211; Per\u00fa y como resultado, el lugar de actuaci\u00f3n y jurisdicci\u00f3n es Callao &#8211; Per\u00fa.<\/p>\n<p>Organizamos <a href=\"https:\/\/www.alemape-tours.com\/es\/seguro\/\"><strong>seguros<\/strong><\/a> de viaje con estatus de corredor del anexo.<\/p>\n<h2>Derechos de Autor<\/h2>\n<p>El contenido creado por el operador del sitio y que trabaja en estas p\u00e1ginas est\u00e1 sujeto a derechos de autor peruanos. La reproducci\u00f3n, el procesamiento, la distribuci\u00f3n y cualquier tipo de explotaci\u00f3n fuera de los l\u00edmites de los derechos de autor requieren el consentimiento por escrito del autor o creador correspondiente. Las descargas y copias de este sitio son solo para uso privado y no comercial. Las marcas registradas, los nombres comerciales y los logotipos son propiedad de AlemaPE-Tours S.A.C. y est\u00e1n sujetos a protecci\u00f3n legal bajo la ley peruana. Una utilizaci\u00f3n, tambi\u00e9n en parte, sin el permiso por escrito viola los derechos de autor y, por lo tanto, es ilegal.<br \/>\nEn la medida en que los contenidos de este lado no fueron creados por el operador, se consideran los derechos de autor de terceros. En particular, el contenido de terceros se identifica como tal. Si a\u00fan debe estar al tanto de una infracci\u00f3n de derechos de autor, solicitamos una nota. Tras la notificaci\u00f3n de violaciones, eliminaremos dicho contenido de inmediato.<\/p>\n<h2>Pol\u00edtica de privacidad<\/h2>\n<p>Encontrar\u00e1 informaci\u00f3n sobre protecci\u00f3n de datos\u00a0<strong><a href=\"https:\/\/www.alemape-tours.com\/politica-de-privacidad\/?lang=es\">aqui<\/a><\/strong>.[\/vc_column_text][\/vc_column][\/vc_row]<\/p>\n<\/div>","protected":false},"excerpt":{"rendered":"<p>[vc_row][vc_column][vc_column_text css=\u00bb\u00bb] Proveedor AlemaPE-Tours S.A.C. Gerente: Karl-Heinz Dibke Calle Ramon Castilla 442 PE &#8211; 07036 Callao Correo electr\u00f3nico:\u00a0 info@alemape-tours.com P\u00e1gina web: \u00a0 www.alemape-tours.com\u00a0, www.alemape-tours.de , www.alemape-tours.es , www.cincopasos.pe , cincopasos.de , www.5pasos.de Para Per\u00fa RUC: 20602854338 Datos El proveedor est\u00e1 ubicado en Callao &#8211; Per\u00fa y como resultado, el lugar de actuaci\u00f3n y jurisdicci\u00f3n es [&hellip;]<\/p>\n","protected":false},"author":1,"featured_media":0,"parent":23508,"menu_order":1,"comment_status":"closed","ping_status":"closed","template":"","meta":{"footnotes":""},"class_list":["post-16997","page","type-page","status-publish","hentry"],"_links":{"self":[{"href":"https:\/\/www.alemape-tours.com\/es\/wp-json\/wp\/v2\/pages\/16997","targetHints":{"allow":["GET"]}}],"collection":[{"href":"https:\/\/www.alemape-tours.com\/es\/wp-json\/wp\/v2\/pages"}],"about":[{"href":"https:\/\/www.alemape-tours.com\/es\/wp-json\/wp\/v2\/types\/page"}],"author":[{"embeddable":true,"href":"https:\/\/www.alemape-tours.com\/es\/wp-json\/wp\/v2\/users\/1"}],"replies":[{"embeddable":true,"href":"https:\/\/www.alemape-tours.com\/es\/wp-json\/wp\/v2\/comments?post=16997"}],"version-history":[{"count":2,"href":"https:\/\/www.alemape-tours.com\/es\/wp-json\/wp\/v2\/pages\/16997\/revisions"}],"predecessor-version":[{"id":32358,"href":"https:\/\/www.alemape-tours.com\/es\/wp-json\/wp\/v2\/pages\/16997\/revisions\/32358"}],"up":[{"embeddable":true,"href":"https:\/\/www.alemape-tours.com\/es\/wp-json\/wp\/v2\/pages\/23508"}],"wp:attachment":[{"href":"https:\/\/www.alemape-tours.com\/es\/wp-json\/wp\/v2\/media?parent=16997"}],"curies":[{"name":"wp","href":"https:\/\/api.w.org\/{rel}","templated":true}]}}