{"id":16904,"date":"2018-08-23T06:57:29","date_gmt":"2018-08-23T04:57:29","guid":{"rendered":"https:\/\/www.alemape-tours.com\/?page_id=16904"},"modified":"2025-08-11T21:41:39","modified_gmt":"2025-08-11T19:41:39","slug":"politica-de-cookies","status":"publish","type":"page","link":"https:\/\/www.alemape-tours.com\/es\/nuestro-servicios-de-alemape-tours\/politica-de-cookies\/","title":{"rendered":"Pol\u00edtica de Cookies"},"content":{"rendered":"<h1><span style=\"color: #1ca4b4;\">Aqu\u00ed explicamos todo sobre las cookies<\/span><\/h1>\n<p>Si tiene m\u00e1s preguntas, puede contactarnos a trav\u00e9s del formulario de contacto. Estamos aqu\u00ed para ayudar.<\/p>\n<h2><span style=\"color: #1ca4b4;\">\u00bfCu\u00e1l es el prop\u00f3sito de una cookie?<\/span><\/h2>\n<p>Las cookies son muy \u00fatiles y realizan varias tareas que hacen que el uso de los sitios web sea m\u00e1s f\u00e1cil y divertido. Podr\u00eda decirse que los sitios web usan cookies para \u00abrecordarlo\u00bb: los ayudan a recordar qu\u00e9 subp\u00e1ginas visitaron y qu\u00e9 opciones tomaron.<\/p>\n<p>En un sitio web que te recuerda, puedes moverte mucho m\u00e1s f\u00e1cil y m\u00e1s r\u00e1pido que alguien que no sabe nada de ti. Es por eso que la mayor\u00eda de los sitios web que usted conoce usan cookies.<\/p>\n<h2><span style=\"color: #1ca4b4;\">\u00bfQu\u00e9 est\u00e1 incluido en una cookie?<\/span><\/h2>\n<p>Una cookie es una recopilaci\u00f3n simple de datos en forma de un archivo de texto muy peque\u00f1o. Cada cookie es \u00fanica y consiste en el nombre de la p\u00e1gina web que la cre\u00f3, as\u00ed como \u00fanica cadena de n\u00fameros y letras.<\/p>\n<p>La gran mayor\u00eda de los sitios web y aplicaciones colocan cookies en el disco duro de su dispositivo (computadora, tel\u00e9fono m\u00f3vil o tableta) mientras usted los usa. Esto se hace a trav\u00e9s de tu web navegador, por ejemplo, Google Chrome, Internet Explorer, Edge, Safari o Mozilla Firefox, etc. Una cookie solo puede ser le\u00edda y recuperada por el sitio web que la cre\u00f3; Los sitios web nunca pueden intercambiar informaci\u00f3n entre ellos a trav\u00e9s de cookies.<\/p>\n<p>Algunas cookies solo duran por la duraci\u00f3n de su visita. Tales \u00abcookies de sesi\u00f3n\u00bb desaparecen de su computadora o tel\u00e9fono m\u00f3vil tan pronto como cierre su navegador.<\/p>\n<p>Otro las cookies permanecen en su computadora o dispositivo m\u00f3vil despu\u00e9s de que haya cerrado su navegador y est\u00e9 almacenado all\u00ed por un cierto per\u00edodo de tiempo. Estas \u00abcookies persistentes\u00bb son se activa cada vez que visita el sitio web desde el que se crearon.<\/p>\n<h2><span style=\"color: #1ca4b4;\">\u00bfQu\u00e9 no est\u00e1 incluido en una cookie?<\/span><\/h2>\n<p>Los siguientes datos NO est\u00e1n incluidos en las cookies:<\/p>\n<ul>\n<li>Informaci\u00f3n personal: no se puede identificar personalmente con una cookie.<\/li>\n<li>C\u00f3digo de programa: a diferencia de un virus inform\u00e1tico, una cookie no es un c\u00f3digo, lo que significa que no podr\u00e1 da\u00f1ar su dispositivo.<\/li>\n<\/ul>\n<h2><span style=\"color: #1ca4b4;\">\u00bfSon peligrosas las cookies?<\/span><\/h2>\n<p>No.<\/p>\n<p>Las cookies son cadenas peque\u00f1as y simples en forma de archivos de texto. No son programas de computadora. No almacenan informaci\u00f3n personal sobre usted. No puedes propagar virus inform\u00e1ticos. Las cookies no pueden da\u00f1ar su dispositivo y no representan una amenaza para su privacidad.<\/p>\n<h2><span style=\"color: #1ca4b4;\">\u00bfAlemaPE-Tours vende datos de cookies a terceros?<\/span><\/h2>\n<p>Desde su creaci\u00f3n, AlemaPE-Tours se ha dedicado a abrir el mundo a los viajeros de Per\u00fa. Uno de los principios de nuestro trabajo siempre ha sido poner a nuestros usuarios en el centro. Por este motivo, nunca hemos vendido datos de usuarios a terceros y nunca lo haremos. Por supuesto, esto tambi\u00e9n se aplica a los datos en conexi\u00f3n con nuestras cookies. Si quiere saber m\u00e1s, puede leer nuestra pol\u00edtica de privacidad.<\/p>\n<h2><span style=\"color: #1ca4b4;\">\u00bfAlemaPE-Tours usa cookies para subir los precios en los resultados de b\u00fasqueda?<\/span><\/h2>\n<p>En resumen: no.<\/p>\n<p>AlemaPE-Tours nunca utiliza sus cookies o direcciones IP para los precios de los albergues, hoteles, paquetes de viaje. Aumente artificialmente las ofertas de excursiones y viajes de ida y vuelta.<\/p>\n<p>AlemaPE-Tours est\u00e1 comprometido con la transparencia. Este fue uno de nuestros principios b\u00e1sicos en el momento de nuestra fundaci\u00f3n y forma la base de todo lo que hacemos hoy. Queremos mostrarte las posibilidades que tienes, sin importar si se trata del mejor precio o la mejor selecci\u00f3n. Como nosotros no vendemos nada, nunca subiremos los precios en los resultados de b\u00fasqueda.<\/p>\n<h2><span style=\"color: #1ca4b4;\">\u00bfC\u00f3mo utiliza AlemaPE-Tours las cookies?<\/span><\/h2>\n<p>Si usa uno de nuestros sitios web o aplicaciones, las siguientes cuatro categor\u00edas de cookies pueden almacenarse en su dispositivo:<\/p>\n<h2><span style=\"color: #1ca4b4;\">Urgentemente requerido<\/span><\/h2>\n<p>Necesita estas cookies para navegar por nuestro sitio web y nuestras aplicaciones, y para usar sus funciones. Sin estas cookies, nuestros servicios no funcionar\u00edan correctamente.<\/p>\n<h3><span style=\"color: #1ca4b4;\">Ejemplo:<\/span><\/h3>\n<ul>\n<li>AlemaPE-Tours debe utilizar cookies para reenviarlas a los proveedores de ofertas de hoteles y ofertas tur\u00edsticas baratas y atractivas.<\/li>\n<\/ul>\n<p>Dichas cookies no almacenan ninguna informaci\u00f3n suya que pueda ser utilizada con fines de comercializaci\u00f3n o que registre qu\u00e9 p\u00e1ginas web ha visitado.<\/p>\n<h2><span style=\"color: #1ca4b4;\">Funcionalidad<\/span><\/h2>\n<p>Estas cookies permiten que nuestros sitios web y aplicaciones guarden sus elecciones y preferencias. Esto nos permite ofrecerle mejores y m\u00e1s funciones personales.<\/p>\n<h3><span style=\"color: #1ca4b4;\">Ejemplo:<\/span><\/h3>\n<ul>\n<li>Le daremos las fechas, salidas y destinos que utiliz\u00f3 en su \u00faltima b\u00fasqueda para que no tenga que volver a ingresar esta informaci\u00f3n; Tambi\u00e9n nos aseguramos de que el idioma y la moneda que elija se utilicen siempre que nos visite desde el mismo dispositivo.<\/li>\n<\/ul>\n<p>Dichas cookies tambi\u00e9n se pueden usar para guardar los cambios realizados en el tama\u00f1o del texto, las fuentes y otros aspectos personalizables del navegador de nuestras p\u00e1ginas web.<\/p>\n<p>Estas cookies no recopilan ning\u00fan dato que lo identifique personalmente. No recopila ninguna informaci\u00f3n suya que pueda ser utilizada con fines promocionales ni registre los sitios web que ha visitado.<\/p>\n<h2><span style=\"color: #1ca4b4;\">Rendimiento<\/span><\/h2>\n<p>Para garantizar que AlemaPE-Tours siga siendo f\u00e1cil de usar, relevante y actualizado, utilizamos servicios de an\u00e1lisis web que nos ayudan a comprender c\u00f3mo los visitantes usan nuestros sitios web y nuestras aplicaciones.<\/p>\n<h3><span style=\"color: #1ca4b4;\">Ejemplo:<\/span><\/h3>\n<ul>\n<li>Podemos mejorar el dise\u00f1o de nuestro sitio web porque hemos estudiado c\u00f3mo los visitantes como usted se han movido en \u00e9l.<\/li>\n<\/ul>\n<p>Las cookies y los datos de an\u00e1lisis web no se pueden usar para identificarlo, ya que no contienen informaci\u00f3n personal. Se usan exclusivamente para nuestras estad\u00edsticas internas.<\/p>\n<p>Usamos compa\u00f1\u00edas de medici\u00f3n e investigaci\u00f3n independientes para recopilar tales estad\u00edsticas para nosotros. En tales casos, estas cookies pueden enviarse a un tercero (cookies de terceros).<\/p>\n<h2><span style=\"color: #1ca4b4;\">Determinaci\u00f3n de grupos objetivo<\/span><\/h2>\n<p>Tambi\u00e9n utilizamos cookies para publicidad dirigida. Dichas cookies se utilizan para mostrarle anuncios con tarifas de hoteles y ofertas de viajes que creemos que le pueden interesar. Puede ver este anuncio cuando use sitios web fuera de AlemaPE-Tours. Utilizamos campa\u00f1as publicitarias a medida con contenido relevante ya que queremos inspirarte y permitirte reservar el viaje perfecto.<\/p>\n<h3><span style=\"color: #1ca4b4;\">Ejemplo:<\/span><\/h3>\n<ul>\n<li>Ver\u00e1 un anuncio en otro sitio web que muestra los precios de recorrido de un destino que haya buscado AlemaPE-Tours recientemente.<\/li>\n<li>Aunque estas cookies pueden registrar los sitios web que visita, no puede identificarlos. Estas cookies no recopilan ninguna informaci\u00f3n personal confidencial sobre usted.<\/li>\n<\/ul>\n<p>Tambi\u00e9n incluimos enlaces a redes sociales como Facebook. Estos sitios web pueden luego usar informaci\u00f3n sobre su visita a un sitio web de AlemaPE Tours para mostrarle publicidad dirigida.<\/p>\n<h2><span style=\"color: #1ca4b4;\">\u00bfC\u00f3mo administro las cookies?<\/span><\/h2>\n<p>Hay varias formas de administrar sus cookies. Para obtener m\u00e1s informaci\u00f3n sobre c\u00f3mo administrar las cookies en el navegador de su elecci\u00f3n, visite la p\u00e1gina de ayuda de su navegador.<\/p>\n<p>En la mayor\u00eda de los navegadores puedes:<\/p>\n<ul>\n<li>Vea qu\u00e9 cookies est\u00e1n presentes o configuradas en su dispositivo y elim\u00ednelas individualmente<\/li>\n<li>Rechazar cookies de terceros<\/li>\n<li>Rechazar las cookies de ciertos sitios web<\/li>\n<li>Generalmente rechaza las cookies<\/li>\n<li>Eliminar todas las cookies al cerrar el navegador<\/li>\n<\/ul>\n<p>Recuerde que cualquier cambio que realice en la configuraci\u00f3n de cookies se aplicar\u00e1 a todas las p\u00e1ginas web que visite, no solo a AlemaPE-Tours (a menos que bloquee espec\u00edficamente las cookies de una p\u00e1gina web en particular).<\/p>\n","protected":false},"excerpt":{"rendered":"<p>Aqu\u00ed explicamos todo sobre las cookies Si tiene m\u00e1s preguntas, puede contactarnos a trav\u00e9s del formulario de contacto. Estamos aqu\u00ed para ayudar. \u00bfCu\u00e1l es el prop\u00f3sito de una cookie? Las cookies son muy \u00fatiles y realizan varias tareas que hacen que el uso de los sitios web sea m\u00e1s f\u00e1cil y divertido. Podr\u00eda decirse que [&hellip;]<\/p>\n","protected":false},"author":1,"featured_media":0,"parent":23508,"menu_order":2,"comment_status":"closed","ping_status":"closed","template":"","meta":{"footnotes":""},"class_list":["post-16904","page","type-page","status-publish","hentry"],"_links":{"self":[{"href":"https:\/\/www.alemape-tours.com\/es\/wp-json\/wp\/v2\/pages\/16904","targetHints":{"allow":["GET"]}}],"collection":[{"href":"https:\/\/www.alemape-tours.com\/es\/wp-json\/wp\/v2\/pages"}],"about":[{"href":"https:\/\/www.alemape-tours.com\/es\/wp-json\/wp\/v2\/types\/page"}],"author":[{"embeddable":true,"href":"https:\/\/www.alemape-tours.com\/es\/wp-json\/wp\/v2\/users\/1"}],"replies":[{"embeddable":true,"href":"https:\/\/www.alemape-tours.com\/es\/wp-json\/wp\/v2\/comments?post=16904"}],"version-history":[{"count":1,"href":"https:\/\/www.alemape-tours.com\/es\/wp-json\/wp\/v2\/pages\/16904\/revisions"}],"predecessor-version":[{"id":32361,"href":"https:\/\/www.alemape-tours.com\/es\/wp-json\/wp\/v2\/pages\/16904\/revisions\/32361"}],"up":[{"embeddable":true,"href":"https:\/\/www.alemape-tours.com\/es\/wp-json\/wp\/v2\/pages\/23508"}],"wp:attachment":[{"href":"https:\/\/www.alemape-tours.com\/es\/wp-json\/wp\/v2\/media?parent=16904"}],"curies":[{"name":"wp","href":"https:\/\/api.w.org\/{rel}","templated":true}]}}