{"id":29350,"date":"2020-07-21T19:54:22","date_gmt":"2020-07-21T17:54:22","guid":{"rendered":"https:\/\/www.alemape-tours.com\/?page_id=29350"},"modified":"2025-08-11T19:33:46","modified_gmt":"2025-08-11T17:33:46","slug":"esnna-kodex-und-alemape-tours","status":"publish","type":"page","link":"https:\/\/www.alemape-tours.com\/de\/esnna-kodex-und-alemape-tours\/","title":{"rendered":"ESNNA-Kodex und AlemaPE-Tours"},"content":{"rendered":"<p><img decoding=\"async\" class=\"aligncenter wp-image-29341\" src=\"https:\/\/www.alemape-tours.com\/wp-content\/uploads\/2020\/07\/codigo-esnna-alemape-tours-1.jpg\" alt=\"C\u00f3digo ESNNA\" width=\"850\" height=\"428\" title=\"\" srcset=\"https:\/\/www.alemape-tours.com\/wp-content\/uploads\/2020\/07\/codigo-esnna-alemape-tours-1.jpg 795w, https:\/\/www.alemape-tours.com\/wp-content\/uploads\/2020\/07\/codigo-esnna-alemape-tours-1-768x386.jpg 768w\" sizes=\"(max-width: 850px) 100vw, 850px\" \/><\/p>\n<p>&nbsp;<\/p>\n<p>In \u00dcbereinstimmung mit dem Obersten Dekret Nr. 005-2020-MINCETUR, das die Vorschriften f\u00fcr Reise- und Tourismusagenturen genehmigt, haben AlemaPE-Tours den Verhaltenskodex zum Schutz von Kindern vor sexueller Ausbeutung in Reisen und Tourismus (ESNNA) unterzeichnet. Auf diese Weise ratifizieren wir unseren Kodex f\u00fcr Organisationsethik und lehnen jede Praxis im Zusammenhang mit sexuellem Missbrauch und Ausbeutung von Minderj\u00e4hrigen in Peru und im Rest der Welt entschieden ab, verurteilen und verurteilen sie nachdr\u00fccklich.<\/p>\n<h2><span style=\"color: #1ca4b4;\">Das ESNNA-Programm und unser Engagement<\/span><\/h2>\n<p>Dieses Programm in der Politik f\u00fcr soziale Entwicklung und Schutz gef\u00e4hrdeter Bev\u00f6lkerungsgruppen ist eine breit angelegte und komplexe Initiative des Ministeriums f\u00fcr Au\u00dfenhandel und Tourismus (Mincetur).<\/p>\n<p>Sie besteht in der Sensibilisierung und Ausbildung des gesamten Sektors in Peru mit dem Ziel, die sexuelle Ausbeutung von Minderj\u00e4hrigen zu verhindern und schlie\u00dflich zu beseitigen. K\u00fcrzlich haben wir nach den neuen Regelungen notwendige die Zertifizierung f\u00fcr unsere T\u00e4tigkeiten erhalten, die und nun hilft, die anspruchsvollsten staatlichen Vorschriften f\u00fcr optimale Tourismusqualit\u00e4t einzuhalten.<\/p>\n<p>Insbesondere im Falle autorisierter und zertifizierter Tourismusagenturen wie AlemaPE-Tours fordert das ESNNA-Programm die Einhaltung eines Verhaltenskodexes, der dann zusammen mit der Mincetur unterzeichnet wird. Es verlangt vom Unternehmen, diese Initiative, ihre Regeln und Ziele offenzulegen. Ebenso, dass eine angemessene Ausbildung des Personals durchgef\u00fchrt wird. Selbstverst\u00e4ndlich verpflichtet sich das Unternehmen, nach allen Anforderungen des Kodex zu arbeiten.<\/p>\n<p>Leider ist der Kinderhandel in Peru ein gro\u00dfes Problem, aber er wird bek\u00e4mpft. Durch die Umsetzung eines ethisch verantwortlichen Tourismus bringt AlemaPE-Tours Entwicklung, wirtschaftliche Aktivit\u00e4t und Verbesserung des Lebensstandards in die von uns besuchten Reiseziele. In diesem Sinne bewirkt unser Engagement mit dem ESNNA-Programm auch, dass wir dazu beitragen, die sexuelle Ausbeutung von Minderj\u00e4hrigen einzud\u00e4mmen und auszumerzen.<\/p>\n<h2><span style=\"color: #1ca4b4;\">Konkrete Aktionen &#8211; ESNNA-Kodex und AlemaPE-Tours<\/span><\/h2>\n<p>Die Befolgung des Verhaltenskodex des ESNNA-Programms verpflichtet uns zur st\u00e4ndigen Umsetzung einer Reihe von Ma\u00dfnahmen, die im Rahmen der Aktivit\u00e4ten durchgef\u00fchrt und verst\u00e4rkt werden.<\/p>\n<ul>\n<li>Unsere B\u00fcromitarbeiter wie auch das Logistikpersonal (Reisef\u00fchrer, Fahrer) sind bereits entsprechend geschult, um zum Verhaltenskodex beizutragen. Der Tourist, ob In- oder Ausl\u00e4nder, wird in keiner Weise angeboten, noch wird aus ethischen und rechtlichen Gr\u00fcnden irgendeiner Anfrage bez\u00fcglich Sextourismus mit Kindern oder Jugendlichen stattgegeben.<\/li>\n<li>Auf der gleichen Linie agieren wir gemeinsam mit unseren Partnern (Hotels, Restaurants usw. und all ihren Mitarbeitern), um sicherzustellen, dass die Ziele und Verpflichtungen des ESNNA-Programms in allen Sektoren und Phasen der von uns angebotenen touristischen Dienstleistungen erf\u00fcllt werden.<\/li>\n<li>Wir alle bei AlemaPE-Tours und auch die Partner bei unseren Operationen haben die Verpflichtung, den ENNSA-Verhaltenskodex durchzusetzen und den Beh\u00f6rden bei Bedarf Bericht zu erstatten.<\/li>\n<li>Als Erg\u00e4nzung zum Engagement f\u00fcr eine Politik der sozialen Verantwortung in AlemaPE-Tours tragen wir zum Wohlergehen der Kinder in Peru bei, indem wir den Familien in unseren Reisezielen ein regelm\u00e4\u00dfiges Einkommen bringen und auch zu besonderen Anl\u00e4ssen, wie z.B. Weihnachten f\u00fcr Kinder in einer abgelegenen Gemeinde in den Anden unterst\u00fctzen.<\/li>\n<\/ul>\n<p>Die Aktionen des ESNNA-Codes und AlemaPE-Tours heben sich ab und haben Priorit\u00e4t in unserer Einstellung der sozialen Verantwortung. Wir versuchen, den Tourismus zu einer Aktivit\u00e4t zu machen, die der Region und dem Land nur Vorteile bringt, entsprechend der Mission, der Vision und den Unternehmenswerten.<\/p>\n<p>F\u00fcr die Brosch\u00fcre in spanischer Sprache bitte auf das Logo klicken:<\/p>\n<p><a href=\"https:\/\/www.alemape-tours.com\/wp-content\/uploads\/2020\/07\/Gu\u00eda_de_detecci\u00f3n_y_derivaci\u00f3n_de_v\u00edctimas_de_ESNNA.pdf\" target=\"_blank\" rel=\"noopener noreferrer\"><img decoding=\"async\" class=\"alignnone wp-image-29330 size-thumbnail\" src=\"https:\/\/www.alemape-tours.com\/wp-content\/uploads\/2020\/07\/C\u00f3digo-ESNNA_maxi_2020-300x200.jpg\" alt=\"C\u00f3digo ESNNA\" width=\"300\" height=\"200\" title=\"\" srcset=\"https:\/\/www.alemape-tours.com\/wp-content\/uploads\/2020\/07\/C\u00f3digo-ESNNA_maxi_2020-300x200.jpg 300w, https:\/\/www.alemape-tours.com\/wp-content\/uploads\/2020\/07\/C\u00f3digo-ESNNA_maxi_2020-600x400.jpg 600w, https:\/\/www.alemape-tours.com\/wp-content\/uploads\/2020\/07\/C\u00f3digo-ESNNA_maxi_2020-768x512.jpg 768w, https:\/\/www.alemape-tours.com\/wp-content\/uploads\/2020\/07\/C\u00f3digo-ESNNA_maxi_2020.jpg 873w\" sizes=\"(max-width: 300px) 100vw, 300px\" \/><\/a><\/p>\n","protected":false},"excerpt":{"rendered":"<p>&nbsp; In \u00dcbereinstimmung mit dem Obersten Dekret Nr. 005-2020-MINCETUR, das die Vorschriften f\u00fcr Reise- und Tourismusagenturen genehmigt, haben AlemaPE-Tours den Verhaltenskodex zum Schutz von Kindern vor sexueller Ausbeutung in Reisen und Tourismus (ESNNA) unterzeichnet. Auf diese Weise ratifizieren wir unseren Kodex f\u00fcr Organisationsethik und lehnen jede Praxis im Zusammenhang mit sexuellem Missbrauch und Ausbeutung von [&hellip;]<\/p>\n","protected":false},"author":1,"featured_media":29337,"parent":0,"menu_order":0,"comment_status":"closed","ping_status":"closed","template":"page-blank.php","meta":{"footnotes":""},"class_list":["post-29350","page","type-page","status-publish","has-post-thumbnail","hentry"],"_links":{"self":[{"href":"https:\/\/www.alemape-tours.com\/de\/wp-json\/wp\/v2\/pages\/29350","targetHints":{"allow":["GET"]}}],"collection":[{"href":"https:\/\/www.alemape-tours.com\/de\/wp-json\/wp\/v2\/pages"}],"about":[{"href":"https:\/\/www.alemape-tours.com\/de\/wp-json\/wp\/v2\/types\/page"}],"author":[{"embeddable":true,"href":"https:\/\/www.alemape-tours.com\/de\/wp-json\/wp\/v2\/users\/1"}],"replies":[{"embeddable":true,"href":"https:\/\/www.alemape-tours.com\/de\/wp-json\/wp\/v2\/comments?post=29350"}],"version-history":[{"count":1,"href":"https:\/\/www.alemape-tours.com\/de\/wp-json\/wp\/v2\/pages\/29350\/revisions"}],"predecessor-version":[{"id":32287,"href":"https:\/\/www.alemape-tours.com\/de\/wp-json\/wp\/v2\/pages\/29350\/revisions\/32287"}],"wp:featuredmedia":[{"embeddable":true,"href":"https:\/\/www.alemape-tours.com\/de\/wp-json\/wp\/v2\/media\/29337"}],"wp:attachment":[{"href":"https:\/\/www.alemape-tours.com\/de\/wp-json\/wp\/v2\/media?parent=29350"}],"curies":[{"name":"wp","href":"https:\/\/api.w.org\/{rel}","templated":true}]}}