{"id":29277,"date":"2020-07-19T19:44:50","date_gmt":"2020-07-19T17:44:50","guid":{"rendered":"https:\/\/www.alemape-tours.com\/?page_id=29277"},"modified":"2025-08-11T19:04:19","modified_gmt":"2025-08-11T17:04:19","slug":"kontaktdaten-von-fluggesellschaften-die-grundsaetzlich-fluege-von-peru-nach-europa-anbieten","status":"publish","type":"page","link":"https:\/\/www.alemape-tours.com\/de\/kontaktdaten-von-fluggesellschaften-die-grundsaetzlich-fluege-von-peru-nach-europa-anbieten\/","title":{"rendered":"Kontaktdaten von Fluggesellschaften"},"content":{"rendered":"<h2><span style=\"color: #1ca4b4;\">Kontaktdaten von Fluggesellschaften, die grunds\u00e4tzlich Fl\u00fcge von Peru nach Europa anbieten<\/span><\/h2>\n<p>Nach unseren Informationen sind die <strong>Fluggesellschaften, die unter normalen Umst\u00e4nden Fl\u00fcge von Peru nach Europa anbieten<\/strong>, unter anderem wie folgt zu erreichen <strong>(alle Angaben ohne Gew\u00e4hr)<\/strong>:<\/p>\n<p>&nbsp;<\/p>\n<h4><img decoding=\"async\" class=\"alignnone size-full wp-image-28535\" src=\"https:\/\/www.alemape-tours.com\/wp-content\/uploads\/2020\/02\/air-europa.png\" alt=\"Air Europa\" width=\"240\" height=\"72\" title=\"\"><\/h4>\n<h4>Telefon: + 51 &#8211; 1 &#8211; 652 7373<\/h4>\n<p>&nbsp;<\/p>\n<h4><img decoding=\"async\" class=\"alignnone size-full wp-image-28475\" src=\"https:\/\/www.alemape-tours.com\/wp-content\/uploads\/2020\/02\/air-france.png\" alt=\"Air France\" width=\"240\" height=\"72\" title=\"\"><\/h4>\n<h4>B\u00fcro: Av. Alvarez Calder\u00f3n 185, 6. Stock, San Isidro, Lima,<\/h4>\n<h4>Telefon: +51 -1- 574 5491 \/ 574 5492 \/ 574 5493\u00a0 (Montag bis Freitag von 9.00 bis 17.30 Uhr, Samstag 9.00 bis 13.00 Uhr)<\/h4>\n<h4>Call Center +51 &#8211; 1- 708 5469<\/h4>\n<p>&nbsp;<\/p>\n<h4><img decoding=\"async\" class=\"alignnone size-full wp-image-28502\" src=\"https:\/\/www.alemape-tours.com\/wp-content\/uploads\/2020\/02\/iberia.png\" alt=\"IBERIA\" width=\"228\" height=\"72\" title=\"\"><\/h4>\n<h4>B\u00fcro: Avda. Camino Real 390, Torre<\/h4>\n<h4>Central, oficina 902, San Isidro, Lima<\/h4>\n<h4>Telefon: +51 &#8211; 1 &#8211; 642 9156\u00a0 (Von 8.50 bis 13.00 und von 14.15 bis 18.00 Uhr)<\/h4>\n<p>&nbsp;<\/p>\n<h4><img decoding=\"async\" class=\"alignnone size-full wp-image-28505\" src=\"https:\/\/www.alemape-tours.com\/wp-content\/uploads\/2020\/02\/klm.png\" alt=\"KLM Royal Dutch Airlines\" width=\"240\" height=\"72\" title=\"\"><\/h4>\n<h4>Update 25.08.2020:<\/h4>\n<h4>Das B\u00fcro scheint zur Zeit geschlossen zu sein, denn das<\/h4>\n<h4>Telefon: +51 &#8211; 1- 708 5576 (Call Center) ist seit Tagen nicht erreichbar gewesen.<\/h4>\n<h4>Bitte versucht es f\u00fcr Flugbuchungen unter der TeIefonnummer +51 &#8211; 1 &#8211; 907 662 046 einer Reiseagentur.<\/h4>\n<h4>E-Mail: <a href=\"mailto:soportedeventasperu@klm.com\" target=\"_blank\" rel=\"noopener noreferrer\"><strong><span style=\"color: #1ca4b4;\">soportedeventasperu@klm.com<\/span><\/strong><\/a> (Buchungsnummer angeben!)<\/h4>\n<p>&nbsp;<\/p>\n<h4><img decoding=\"async\" class=\"alignnone size-full wp-image-28511\" src=\"https:\/\/www.alemape-tours.com\/wp-content\/uploads\/2020\/02\/latam-airlines.png\" alt=\"LATAM Airlines\" width=\"240\" height=\"72\" title=\"\"><\/h4>\n<h4>B\u00fcros: siehe <a href=\"http:\/\/www.latam.com\/es_pe\/latam-travel\/oficinas\/\" target=\"_blank\" rel=\"noopener noreferrer\"><strong><span style=\"color: #1ca4b4;\">http:\/\/www.latam.com\/es_pe\/latam-travel\/oficinas\/<\/span><\/strong><\/a><\/h4>\n<h4>Telefon: +51 &#8211; 1 -213 8200<\/h4>\n","protected":false},"excerpt":{"rendered":"<p>Kontaktdaten von Fluggesellschaften, die grunds\u00e4tzlich Fl\u00fcge von Peru nach Europa anbieten Nach unseren Informationen sind die Fluggesellschaften, die unter normalen Umst\u00e4nden Fl\u00fcge von Peru nach Europa anbieten, unter anderem wie folgt zu erreichen (alle Angaben ohne Gew\u00e4hr): &nbsp; Telefon: + 51 &#8211; 1 &#8211; 652 7373 &nbsp; B\u00fcro: Av. Alvarez Calder\u00f3n 185, 6. Stock, San [&hellip;]<\/p>\n","protected":false},"author":1,"featured_media":29137,"parent":0,"menu_order":0,"comment_status":"closed","ping_status":"closed","template":"","meta":{"footnotes":""},"class_list":["post-29277","page","type-page","status-publish","has-post-thumbnail","hentry"],"_links":{"self":[{"href":"https:\/\/www.alemape-tours.com\/de\/wp-json\/wp\/v2\/pages\/29277","targetHints":{"allow":["GET"]}}],"collection":[{"href":"https:\/\/www.alemape-tours.com\/de\/wp-json\/wp\/v2\/pages"}],"about":[{"href":"https:\/\/www.alemape-tours.com\/de\/wp-json\/wp\/v2\/types\/page"}],"author":[{"embeddable":true,"href":"https:\/\/www.alemape-tours.com\/de\/wp-json\/wp\/v2\/users\/1"}],"replies":[{"embeddable":true,"href":"https:\/\/www.alemape-tours.com\/de\/wp-json\/wp\/v2\/comments?post=29277"}],"version-history":[{"count":1,"href":"https:\/\/www.alemape-tours.com\/de\/wp-json\/wp\/v2\/pages\/29277\/revisions"}],"predecessor-version":[{"id":32257,"href":"https:\/\/www.alemape-tours.com\/de\/wp-json\/wp\/v2\/pages\/29277\/revisions\/32257"}],"wp:featuredmedia":[{"embeddable":true,"href":"https:\/\/www.alemape-tours.com\/de\/wp-json\/wp\/v2\/media\/29137"}],"wp:attachment":[{"href":"https:\/\/www.alemape-tours.com\/de\/wp-json\/wp\/v2\/media?parent=29277"}],"curies":[{"name":"wp","href":"https:\/\/api.w.org\/{rel}","templated":true}]}}