{"id":27048,"date":"2019-10-06T12:43:10","date_gmt":"2019-10-06T10:43:10","guid":{"rendered":"https:\/\/www.alemape-tours.com\/?page_id=27048"},"modified":"2025-08-11T17:48:32","modified_gmt":"2025-08-11T15:48:32","slug":"archaeologisch","status":"publish","type":"page","link":"https:\/\/www.alemape-tours.com\/de\/archaeologisch\/","title":{"rendered":"Arch\u00e4ologisch"},"content":{"rendered":"<h1 style=\"text-align: center;\">W\u00c4HLEN SIE IHR N\u00c4CHSTES ABENTEUER<\/h1>\n<h2 style=\"text-align: center;\">Die arch\u00e4ologischen St\u00e4tten in Peru sind zahlreich und vielf\u00e4ltig und repr\u00e4sentieren verschiedene Aspekte, darunter Tempel und Festungen der verschiedenen Kulturen des antiken Perus wie Moche und Nazca.<\/h2>\n<p style=\"text-align: center;\">\n","protected":false},"excerpt":{"rendered":"<p>W\u00c4HLEN SIE IHR N\u00c4CHSTES ABENTEUER Die arch\u00e4ologischen St\u00e4tten in Peru sind zahlreich und vielf\u00e4ltig und repr\u00e4sentieren verschiedene Aspekte, darunter Tempel und Festungen der verschiedenen Kulturen des antiken Perus wie Moche und Nazca.<\/p>\n","protected":false},"author":1,"featured_media":0,"parent":0,"menu_order":0,"comment_status":"closed","ping_status":"closed","template":"page-tour-list.php","meta":{"footnotes":""},"class_list":["post-27048","page","type-page","status-publish","hentry"],"_links":{"self":[{"href":"https:\/\/www.alemape-tours.com\/de\/wp-json\/wp\/v2\/pages\/27048","targetHints":{"allow":["GET"]}}],"collection":[{"href":"https:\/\/www.alemape-tours.com\/de\/wp-json\/wp\/v2\/pages"}],"about":[{"href":"https:\/\/www.alemape-tours.com\/de\/wp-json\/wp\/v2\/types\/page"}],"author":[{"embeddable":true,"href":"https:\/\/www.alemape-tours.com\/de\/wp-json\/wp\/v2\/users\/1"}],"replies":[{"embeddable":true,"href":"https:\/\/www.alemape-tours.com\/de\/wp-json\/wp\/v2\/comments?post=27048"}],"version-history":[{"count":1,"href":"https:\/\/www.alemape-tours.com\/de\/wp-json\/wp\/v2\/pages\/27048\/revisions"}],"predecessor-version":[{"id":32215,"href":"https:\/\/www.alemape-tours.com\/de\/wp-json\/wp\/v2\/pages\/27048\/revisions\/32215"}],"wp:attachment":[{"href":"https:\/\/www.alemape-tours.com\/de\/wp-json\/wp\/v2\/media?parent=27048"}],"curies":[{"name":"wp","href":"https:\/\/api.w.org\/{rel}","templated":true}]}}