{"id":26977,"date":"2019-10-05T10:24:05","date_gmt":"2019-10-05T08:24:05","guid":{"rendered":"https:\/\/www.alemape-tours.com\/?page_id=26977"},"modified":"2025-08-11T17:07:33","modified_gmt":"2025-08-11T15:07:33","slug":"abenteuer","status":"publish","type":"page","link":"https:\/\/www.alemape-tours.com\/de\/abenteuer\/","title":{"rendered":"Abenteuer"},"content":{"rendered":"<h1 style=\"text-align: center;\">W\u00c4HLEN SIE IHR N\u00c4CHSTES ABENTEUER<\/h1>\n<h2 style=\"text-align: center;\">Entdecken Sie Peru auf eine andere Art und Weise mit einer Auswahl von Aktivit\u00e4ten, die Teil des Abenteuertourismus sind.<br \/>\nTouren, die von einer Halbtages-Radtour in der Stadt Cusco bis zu einem Wanderung durch den Colca-Canyon f\u00fchren, vorbei am ber\u00fchmten Inka-Trail nach Machu Picchu.<\/h2>\n<p style=\"text-align: center;\">\n","protected":false},"excerpt":{"rendered":"<p>W\u00c4HLEN SIE IHR N\u00c4CHSTES ABENTEUER Entdecken Sie Peru auf eine andere Art und Weise mit einer Auswahl von Aktivit\u00e4ten, die Teil des Abenteuertourismus sind. Touren, die von einer Halbtages-Radtour in der Stadt Cusco bis zu einem Wanderung durch den Colca-Canyon f\u00fchren, vorbei am ber\u00fchmten Inka-Trail nach Machu Picchu.<\/p>\n","protected":false},"author":1,"featured_media":21131,"parent":0,"menu_order":0,"comment_status":"closed","ping_status":"closed","template":"page-tour-list.php","meta":{"footnotes":""},"class_list":["post-26977","page","type-page","status-publish","has-post-thumbnail","hentry"],"_links":{"self":[{"href":"https:\/\/www.alemape-tours.com\/de\/wp-json\/wp\/v2\/pages\/26977","targetHints":{"allow":["GET"]}}],"collection":[{"href":"https:\/\/www.alemape-tours.com\/de\/wp-json\/wp\/v2\/pages"}],"about":[{"href":"https:\/\/www.alemape-tours.com\/de\/wp-json\/wp\/v2\/types\/page"}],"author":[{"embeddable":true,"href":"https:\/\/www.alemape-tours.com\/de\/wp-json\/wp\/v2\/users\/1"}],"replies":[{"embeddable":true,"href":"https:\/\/www.alemape-tours.com\/de\/wp-json\/wp\/v2\/comments?post=26977"}],"version-history":[{"count":1,"href":"https:\/\/www.alemape-tours.com\/de\/wp-json\/wp\/v2\/pages\/26977\/revisions"}],"predecessor-version":[{"id":32209,"href":"https:\/\/www.alemape-tours.com\/de\/wp-json\/wp\/v2\/pages\/26977\/revisions\/32209"}],"wp:featuredmedia":[{"embeddable":true,"href":"https:\/\/www.alemape-tours.com\/de\/wp-json\/wp\/v2\/media\/21131"}],"wp:attachment":[{"href":"https:\/\/www.alemape-tours.com\/de\/wp-json\/wp\/v2\/media?parent=26977"}],"curies":[{"name":"wp","href":"https:\/\/api.w.org\/{rel}","templated":true}]}}