{"id":26703,"date":"2019-10-01T20:05:45","date_gmt":"2019-10-01T18:05:45","guid":{"rendered":"https:\/\/www.alemape-tours.com\/?page_id=26703"},"modified":"2025-08-11T17:58:14","modified_gmt":"2025-08-11T15:58:14","slug":"bestseller","status":"publish","type":"page","link":"https:\/\/www.alemape-tours.com\/de\/bestseller\/","title":{"rendered":"Bestseller"},"content":{"rendered":"<h1 style=\"text-align: center;\">W\u00c4HLEN SIE IHR N\u00c4CHSTES ABENTEUER<\/h1>\n<h2 style=\"text-align: center;\">Auswahl unserer Peru Bestseller-Programme.<br \/>\nReiserouten von 5 bis 15 Tagen, die die S\u00fcdrunde des Landes verbinden.<br \/>\nSpeziell f\u00fcr Reisende, die sich f\u00fcr Kultur, Anthropologie und Geschichte interessieren.<\/h2>\n<p>&nbsp;<\/p>\n","protected":false},"excerpt":{"rendered":"<p>W\u00c4HLEN SIE IHR N\u00c4CHSTES ABENTEUER Auswahl unserer Peru Bestseller-Programme. Reiserouten von 5 bis 15 Tagen, die die S\u00fcdrunde des Landes verbinden. Speziell f\u00fcr Reisende, die sich f\u00fcr Kultur, Anthropologie und Geschichte interessieren. &nbsp;<\/p>\n","protected":false},"author":1,"featured_media":26526,"parent":0,"menu_order":0,"comment_status":"closed","ping_status":"closed","template":"page-tour-list.php","meta":{"footnotes":""},"class_list":["post-26703","page","type-page","status-publish","has-post-thumbnail","hentry"],"_links":{"self":[{"href":"https:\/\/www.alemape-tours.com\/de\/wp-json\/wp\/v2\/pages\/26703","targetHints":{"allow":["GET"]}}],"collection":[{"href":"https:\/\/www.alemape-tours.com\/de\/wp-json\/wp\/v2\/pages"}],"about":[{"href":"https:\/\/www.alemape-tours.com\/de\/wp-json\/wp\/v2\/types\/page"}],"author":[{"embeddable":true,"href":"https:\/\/www.alemape-tours.com\/de\/wp-json\/wp\/v2\/users\/1"}],"replies":[{"embeddable":true,"href":"https:\/\/www.alemape-tours.com\/de\/wp-json\/wp\/v2\/comments?post=26703"}],"version-history":[{"count":1,"href":"https:\/\/www.alemape-tours.com\/de\/wp-json\/wp\/v2\/pages\/26703\/revisions"}],"predecessor-version":[{"id":32222,"href":"https:\/\/www.alemape-tours.com\/de\/wp-json\/wp\/v2\/pages\/26703\/revisions\/32222"}],"wp:featuredmedia":[{"embeddable":true,"href":"https:\/\/www.alemape-tours.com\/de\/wp-json\/wp\/v2\/media\/26526"}],"wp:attachment":[{"href":"https:\/\/www.alemape-tours.com\/de\/wp-json\/wp\/v2\/media?parent=26703"}],"curies":[{"name":"wp","href":"https:\/\/api.w.org\/{rel}","templated":true}]}}