{"id":23846,"date":"2019-06-06T19:33:27","date_gmt":"2019-06-06T17:33:27","guid":{"rendered":"https:\/\/www.alemape-tours.com\/?page_id=23846"},"modified":"2025-08-11T22:59:01","modified_gmt":"2025-08-11T20:59:01","slug":"nachhaltiges-reisen-2","status":"publish","type":"page","link":"https:\/\/www.alemape-tours.com\/de\/nachhaltiges-reisen-2\/","title":{"rendered":"Nachhaltiges Reisen"},"content":{"rendered":"<h1><span style=\"color: #1ca4b4;\">Zw\u00f6lf einfache Tipps f\u00fcr den achtsamen Tourismus<\/span><\/h1>\n<p>Es kann schwierig sein, bewusst und \u00f6kologisch zu handeln, besonders wenn du alles, was du besitzt, in einem einzigen Rucksack dabei hast. Wir k\u00f6nnen sicher nicht alles \u00e4ndern oder optimal l\u00f6sen, aber manchmal k\u00f6nnen sogar allt\u00e4gliche Dinge einen gro\u00dfen Unterschied in dem Land ausmachen, das du besuchst, und dies gilt auch f\u00fcr die Nachwelt als Reiseziel.<\/p>\n<h2><span style=\"color: #1ca4b4;\">Plastik vermeiden<\/span><\/h2>\n<h3><span style=\"color: #1ca4b4;\">Nutze eine nachf\u00fcllbare Trinkflasche<\/span><\/h3>\n<p>Probiere dies auch in L\u00e4ndern, in denen Du kein Wasser aus dem Wasserhahn trinken solltest. Such dir dort z.B. im Hostel, einem Restaurant, Caf\u00e9 oder einer Tankstelle eine Wasser-Auff\u00fcllstation. Dabei kannst du selbst entscheiden ob du lieber eine Glas-, Edelstahl oder faltbare Silikon-Flasche nutzt.<\/p>\n<h3><span style=\"color: #1ca4b4;\">Lerne Nein zu sagen<\/span><\/h3>\n<p>\u201eBitte keine Plastikt\u00fcte\u201c oder \u201eKeinen Strohhalm bitte\u201c in der jeweiligen Landessprache zu sagen \u2013 Zwei kleine S\u00e4tze, die ganz einfach das f\u00fcr unsere Umwelt so sch\u00e4dliche Einwegplastik vermeiden. Es gibt immer noch viel zu viele L\u00e4nder, die den Schaden den Plastik in der Natur verursacht noch nicht begriffen haben. Umso wichtiger ist es dort als gutes Beispiel voran zu gehen.<\/p>\n<p><strong><span style=\"color: #1ca4b4;\">TIPP<\/span><\/strong>: Incluso &#8222;hola&#8220; y &#8222;gracias&#8220; son palabras peque\u00f1as que tienen un gran efecto en el idioma nacional.<\/p>\n<h3><span style=\"color: #1ca4b4;\">Vor Ort kaufen<\/span><\/h3>\n<p>Frisches Obst und Gem\u00fcse an kleinen St\u00e4nden statt in gro\u00dfen Superm\u00e4rkten. Gleiches gilt f\u00fcr Souvenirs. Kaufen Sie sie bei lokalen K\u00fcnstlern und Handwerkern. Mit etwas Gl\u00fcck bekommen Sie auch ein besseres Angebot. Unterst\u00fctzen Sie lokale Unternehmen immer und \u00fcberall auf der Welt.<\/p>\n<h3><span style=\"color: #1ca4b4;\">Nehmen Sie ein Tuch oder eine Mehrzwecktasche mit<\/span><\/h3>\n<p>So k\u00f6nnen Sie einfach alles transportieren und sofort als Alternative zur \u00fcblichen Plastikt\u00fcte im Handel anbieten.<\/p>\n<h2><span style=\"color: #1ca4b4;\">Versuchen Sie einen umweltfreundlichen Transport<\/span><\/h2>\n<p>Nehmen Sie \u00f6ffentliche Verkehrsmittel wie Bus oder Bahn. Oder nutzen Sie Ihre Muskelkraft und gehen Sie ein paar Strecken, fahren Sie Fahrrad oder nutzen Sie Mitfahrgelegenheiten.<\/p>\n<h3><span style=\"color: #1ca4b4;\">Wenn Sie das Fliegen nicht vermeiden k\u00f6nnen<\/span><\/h3>\n<p>Wenn m\u00f6glich, buchen Sie einen Nonstop-Flug anstelle von mehreren Fl\u00fcgen. Die Menge an CO2-Emissionen reduzieren und so lange wie m\u00f6glich vor Ort bleiben, damit es sich wirklich auszahlt. \u00dcberlegen Sie auch, ob Sie Ihren Flug anderweitig kompensieren m\u00f6chten. Sie k\u00f6nnen u.a. \u00fcber Organisationen wie <a href=\"https:\/\/www.atmosfair.de\/en\/\" target=\"_blank\" rel=\"noopener noreferrer\"><strong>atmosfair<\/strong><\/a> zu tun.<\/p>\n<h2><span style=\"color: #1ca4b4;\">Papier sparen<\/span><\/h2>\n<p>in dem Sie sich Flyer und Karten ansehen und diese entweder zur\u00fcckgeben oder Sie anschlie\u00dfend im Internet informieren. Karten k\u00f6nnen auch offline und kostenlos mit der MapsMe-App heruntergeladen werden. So k\u00f6nnen Sie \u00fcberall ohne Internet und ohne Karte aus Papier navigieren.<\/p>\n<h2><span style=\"color: #1ca4b4;\">\u00dcbernimm Verantwortung f\u00fcr Tiere<\/span><\/h2>\n<p>Ob es sich um Souvenirs wie Krokodilledertaschen, getrocknete Seesterne, Tiervergn\u00fcgen wie trainierte Affen, eingesperrte Wale und Delfine oder gar (wahrscheinlich bet\u00e4ubte) Tiger handelt, denken Sie nicht nur an sich selbst und Ihr sch\u00f6nes Foto, sondern achten Sie auch auf den respektvollen Umgang mit Tieren und eine nat\u00fcrliche Haltung wie m\u00f6glich. Gleiches gilt nat\u00fcrlich auch f\u00fcr die Pflanzenwelt. Achten Sie darauf, keine Pflanzenkrankheiten zu verbreiten oder sogar \u00d6kosysteme wie Korallenriffe zu zerst\u00f6ren.<\/p>\n<h2><span style=\"color: #1ca4b4;\">Energie und Wasser sparen<\/span><\/h2>\n<p>Schalten Sie einfach Lichter, Klimaanlagen \/ Heizungen und Standby-Ger\u00e4te aus, wenn Sie nicht da sind oder sie nicht ben\u00f6tigen. Das Einstellen der Klimaanlage von 20 auf 18 Z\u00e4hler spart 3-5% Energie. Sparen Sie auch Wasser mit kurzen Duschen oder einer romantischen Dusche f\u00fcr zwei! Gew\u00f6hnen Sie sich zu Hause daran und setzen Sie diese gute Angewohnheit auf Reisen fort. Oft findet man auch in Hotels die kleinen Teller die man mehrmals zur Benutzung von Handt\u00fcchern bittet. Bitte kommen Sie zu dieser Anfrage. So sparen Sie Wasser und chemische Reinigungsmittel an Ihrem Bestimmungsort.<\/p>\n<h2><span style=\"color: #1ca4b4;\">Weniger ist mehr<br \/>\n<\/span><\/h2>\n<p>Versuchen Sie, so wenig Gep\u00e4ck wie m\u00f6glich mitzunehmen. Dies erleichtert nicht nur das Tragen, sondern spart auch CO2 beim Transport mit dem Auto oder Flugzeug. Und am Ende der Reise haben Sie noch weniger zu waschen.<\/p>\n<h3><span style=\"color: #1ca4b4;\">Weniger isst mehr<\/span><\/h3>\n<p>Wie Ihr Gep\u00e4ck spart auch Ihre Ern\u00e4hrung CO2, indem Sie ganz oder teilweise auf Fleisch verzichten.<\/p>\n<h2><span style=\"color: #1ca4b4;\">Weitergeben statt wegwerfen<\/span><\/h2>\n<p>Egal ob auf dem Roadtrip, wo zum Beispiel eine Packung Nudeln \u00fcbrig bleibt oder im Hostel gepackt wird. Dies gilt nat\u00fcrlich nicht nur f\u00fcr Lebensmittel, sondern auch f\u00fcr Alltagsgegenst\u00e4nde wie Wattest\u00e4bchen oder Campingutensilien, die Sie nicht mehr ben\u00f6tigen. Sehen Sie nach, ob Ihr Autovermieter oder Ihre Unterkunft eine &#8222;kostenlose&#8220; Ecke anbietet, und legen Sie dort Dinge ab, die f\u00fcr andere noch n\u00fctzlich und essbar sind, anstatt sie zu entsorgen.<\/p>\n<h2><span style=\"color: #1ca4b4;\">\u201eNur Fotos machen, nur Fu\u00dfspuren hinterlassen\u201c<\/span><\/h2>\n<p>Eigentlich eine Selbstverst\u00e4ndlichkeit, aber denken Sie daran, keine Abf\u00e4lle in die Natur zu lassen. Wenn Sie auf eine Dose oder Plastikt\u00fcte sto\u00dfen, wagen Sie es, diese einzusammeln, auch wenn es nicht Ihre ist. Vielleicht m\u00f6chten Sie an einem CleanUp teilnehmen? Eine gro\u00dfartige M\u00f6glichkeit, das Land und vor allem neue Leute kennenzulernen.<\/p>\n<h2><span style=\"color: #1ca4b4;\">Nehmen Sie sich Zeit und reisen Sie langsam<\/span><\/h2>\n<p>Je l\u00e4nger Sie an einem Ort bleiben, desto besser lernen Sie ihn und die dort lebenden Menschen kennen.<br \/>\nGleichzeitig sparen Sie CO2, wenn Sie weniger Transportmittel verwenden. Genie\u00dfen Sie Ihre Reiseerlebnisse und tragen Sie sie in Ihr Reisetagebuch ein.<\/p>\n<h2><strong><span style=\"color: #1ca4b4;\">TIPP<\/span><\/strong><\/h2>\n<p><a href=\"https:\/\/www.careelite.de\/zero-waste-reise-plastikfrei-urlaub\/\" target=\"_blank\" rel=\"noopener noreferrer\"><strong>13 Tipps f\u00fcr einen Urlaub ohne M\u00fcll<\/strong><\/a><\/p>\n","protected":false},"excerpt":{"rendered":"<p>Zw\u00f6lf einfache Tipps f\u00fcr den achtsamen Tourismus Es kann schwierig sein, bewusst und \u00f6kologisch zu handeln, besonders wenn du alles, was du besitzt, in einem einzigen Rucksack dabei hast. Wir k\u00f6nnen sicher nicht alles \u00e4ndern oder optimal l\u00f6sen, aber manchmal k\u00f6nnen sogar allt\u00e4gliche Dinge einen gro\u00dfen Unterschied in dem Land ausmachen, das du besuchst, und [&hellip;]<\/p>\n","protected":false},"author":1,"featured_media":0,"parent":0,"menu_order":0,"comment_status":"closed","ping_status":"closed","template":"","meta":{"footnotes":""},"class_list":["post-23846","page","type-page","status-publish","hentry"],"_links":{"self":[{"href":"https:\/\/www.alemape-tours.com\/de\/wp-json\/wp\/v2\/pages\/23846","targetHints":{"allow":["GET"]}}],"collection":[{"href":"https:\/\/www.alemape-tours.com\/de\/wp-json\/wp\/v2\/pages"}],"about":[{"href":"https:\/\/www.alemape-tours.com\/de\/wp-json\/wp\/v2\/types\/page"}],"author":[{"embeddable":true,"href":"https:\/\/www.alemape-tours.com\/de\/wp-json\/wp\/v2\/users\/1"}],"replies":[{"embeddable":true,"href":"https:\/\/www.alemape-tours.com\/de\/wp-json\/wp\/v2\/comments?post=23846"}],"version-history":[{"count":1,"href":"https:\/\/www.alemape-tours.com\/de\/wp-json\/wp\/v2\/pages\/23846\/revisions"}],"predecessor-version":[{"id":32411,"href":"https:\/\/www.alemape-tours.com\/de\/wp-json\/wp\/v2\/pages\/23846\/revisions\/32411"}],"wp:attachment":[{"href":"https:\/\/www.alemape-tours.com\/de\/wp-json\/wp\/v2\/media?parent=23846"}],"curies":[{"name":"wp","href":"https:\/\/api.w.org\/{rel}","templated":true}]}}