{"id":20072,"date":"2018-11-24T10:10:24","date_gmt":"2018-11-24T09:10:24","guid":{"rendered":"https:\/\/www.alemape-tours.com\/?page_id=20072"},"modified":"2025-08-11T22:40:33","modified_gmt":"2025-08-11T20:40:33","slug":"reiseanfrage","status":"publish","type":"page","link":"https:\/\/www.alemape-tours.com\/de\/reiseanfrage\/","title":{"rendered":"Reiseanfrage"},"content":{"rendered":"\n<div class=\"wpcf7 no-js\" id=\"wpcf7-f20060-o1\" lang=\"de-DE\" dir=\"ltr\" data-wpcf7-id=\"20060\">\n<div class=\"screen-reader-response\"><p role=\"status\" aria-live=\"polite\" aria-atomic=\"true\"><\/p> <ul><\/ul><\/div>\n<form action=\"\/de\/wp-json\/wp\/v2\/pages\/20072#wpcf7-f20060-o1\" method=\"post\" class=\"wpcf7-form init cf7-style reiseanfrage\" aria-label=\"Kontaktformular\" novalidate=\"novalidate\" data-status=\"init\">\n<fieldset class=\"hidden-fields-container\"><input type=\"hidden\" name=\"_wpcf7\" value=\"20060\" \/><input type=\"hidden\" name=\"_wpcf7_version\" value=\"6.1.5\" \/><input type=\"hidden\" name=\"_wpcf7_locale\" value=\"de_DE\" \/><input type=\"hidden\" name=\"_wpcf7_unit_tag\" value=\"wpcf7-f20060-o1\" \/><input type=\"hidden\" name=\"_wpcf7_container_post\" value=\"0\" \/><input type=\"hidden\" name=\"_wpcf7_posted_data_hash\" value=\"\" \/>\n<\/fieldset>\n<h2>\n\t<font color=\"lightseagreen\">AlemaPE-Tours ist Ihr Reiseexperte in Peru. Wir helfen Ihnen gerne beim Zusammenstellen Ihrer ganz pers\u00f6nlichen Rundreise. Bitte teilen Sie uns im folgenden Formular Ihre W\u00fcnsche und Interessen mit. Dann k\u00f6nnen wir Ihnen ein unverbindliches pers\u00f6nliches Angebot senden, das Ihren W\u00fcnschen und Ideen entspricht.\n\t<\/font>\n<\/h2>\n<h2><b>WIR PLANEN F\u00dcR SIE IHRE GANZ NACH IHREN W\u00dcNSCHEN ZUGESCHNITTE PERUREISE<\/b>\n<\/h2>\n<h2>Mit wem m\u00f6chten Sie reisen?\n<\/h2>\n<p><span class=\"wpcf7-form-control-wrap\" data-name=\"Mit-wem-reisen\"><select class=\"wpcf7-form-control wpcf7-select wpcf7-validates-as-required\" aria-required=\"true\" aria-invalid=\"false\" name=\"Mit-wem-reisen\"><option value=\"Bitte ausw\u00e4hlen...\">Bitte ausw\u00e4hlen...<\/option><option value=\"Alleine als Einzelperson.\">Alleine als Einzelperson.<\/option><option value=\"Mit Freunden.\">Mit Freunden.<\/option><option value=\"Mit meinem Partner \/ meiner Partnerin.\">Mit meinem Partner \/ meiner Partnerin.<\/option><option value=\"Mit meiner Familie.\">Mit meiner Familie.<\/option><option value=\"Als Gruppe.\">Als Gruppe.<\/option><\/select><\/span>\n<\/p>\n<h2>Wie lang soll Ihre Reise insgesamt dauern?<br \/>\nWieviele Tage m\u00f6chten Sie vor Ort in Peru verbringen (Exklusive Fl\u00fcge)?\n<\/h2>\n<p><span class=\"wpcf7-form-control-wrap\" data-name=\"Gesamtdauer\"><select class=\"wpcf7-form-control wpcf7-select wpcf7-validates-as-required\" aria-required=\"true\" aria-invalid=\"false\" name=\"Gesamtdauer\"><option value=\"5 Tage\">5 Tage<\/option><option value=\"6 Tage\">6 Tage<\/option><option value=\"7 Tage\">7 Tage<\/option><option value=\"8 Tage\">8 Tage<\/option><option value=\"9 Tage\">9 Tage<\/option><option value=\"10 Tage\">10 Tage<\/option><option value=\"11 Tage\">11 Tage<\/option><option value=\"12 Tage\">12 Tage<\/option><option value=\"13 Tage\">13 Tage<\/option><option value=\"14 Tage\">14 Tage<\/option><option value=\"15 Tage\">15 Tage<\/option><option value=\"16 Tage\">16 Tage<\/option><option value=\"17 Tage\">17 Tage<\/option><option value=\"18 Tage\">18 Tage<\/option><option value=\"19 Tage\">19 Tage<\/option><option value=\"20 Tage\">20 Tage<\/option><option value=\"21 Tage\">21 Tage<\/option><option value=\"22 Tages\">22 Tages<\/option><option value=\"23 Tage\">23 Tage<\/option><option value=\"24 Tage\">24 Tage<\/option><option value=\"25 Tage\">25 Tage<\/option><option value=\"26 Tage\">26 Tage<\/option><option value=\"27 Tage\">27 Tage<\/option><option value=\"28 Tage\">28 Tage<\/option><option value=\"29 Tage\">29 Tage<\/option><option value=\"30 Tage\">30 Tage<\/option><option value=\"Mehr als 30 Tage\">Mehr als 30 Tage<\/option><\/select><\/span>\n<\/p>\n<h2>Wann soll Ihre Reise starten?<br \/>\nWenn Sie noch keine genauen Reisedaten vorliegen haben, tragen Sie bitte erst einmal ein Datum ein, damit wir einen groben Rahmen erhalten.\n<\/h2>\n<h3>Vom\n<\/h3>\n<p><span class=\"wpcf7-form-control-wrap\" data-name=\"Datum_von\"><input class=\"wpcf7-form-control wpcf7-date wpcf7-validates-as-required wpcf7-validates-as-date\" aria-required=\"true\" aria-invalid=\"false\" value=\"\" type=\"date\" name=\"Datum_von\" \/><\/span>\n<\/p>\n<h3>Bis\n<\/h3>\n<p><span class=\"wpcf7-form-control-wrap\" data-name=\"Datum_bis\"><input class=\"wpcf7-form-control wpcf7-date wpcf7-validates-as-required wpcf7-validates-as-date\" aria-required=\"true\" aria-invalid=\"false\" value=\"\" type=\"date\" name=\"Datum_bis\" \/><\/span>\n<\/p>\n<h2>Haben bereits Ihre Flugreise gebucht?\n<\/h2>\n<p><span class=\"wpcf7-form-control-wrap\" data-name=\"Flug_bereits_gebucht\"><span class=\"wpcf7-form-control wpcf7-radio\"><span class=\"wpcf7-list-item first\"><label><input type=\"radio\" name=\"Flug_bereits_gebucht\" value=\"Ja, die Tickets sind bereits vorhanden.\" checked=\"checked\" \/><span class=\"wpcf7-list-item-label\">Ja, die Tickets sind bereits vorhanden.<\/span><\/label><\/span><span class=\"wpcf7-list-item last\"><label><input type=\"radio\" name=\"Flug_bereits_gebucht\" value=\"Nein, ich suche noch nach Fl\u00fcgen.\" \/><span class=\"wpcf7-list-item-label\">Nein, ich suche noch nach Fl\u00fcgen.<\/span><\/label><\/span><\/span><\/span>\n<\/p>\n<h2><b>FLUGDATEN<\/b>\n<\/h2>\n<h2>Bitte geben Sie Ihre Flugdetails an, damit wir daf\u00fcr sorgen k\u00f6nnen, dass sich Ihr Reiseprogramm innerhalb der von Ihnen angegebenen Flugdaten liegt.\n<\/h2>\n<p><span class=\"wpcf7-form-control-wrap\" data-name=\"Angaben_zum_bereits_gebuchten_Flug\"><textarea cols=\"40\" rows=\"10\" maxlength=\"2000\" class=\"wpcf7-form-control wpcf7-textarea\" aria-invalid=\"false\" name=\"Angaben_zum_bereits_gebuchten_Flug\">Tragen Sie hier Ihre Angaben ein, falls Sie bereits fertige Flugdaten vorliegen haben.<\/textarea><\/span>\n<\/p>\n<h2><b>\n\t\t<font color=\"lightseagreen\">Wie sieht sieht die Wunschgestaltung Ihrer Reise aus?\nNennen Sie uns Ihre W\u00fcnsche und helfen Sie uns und unseren lokalen Reisepartnern bei der Erstellung Ihres ganz pers\u00f6nlichen Angebots.\n\/Wir k\u00f6nnen das nat\u00fcrlich jederzeit noch an Ihre vielleicht ver\u00e4nderten W\u00fcnsche und vorstellungen anpassen.\n\t\t<\/font><\/b>\n<\/h2>\n<h2>Sie m\u00f6chten bei Ihrer Rundreise unbedingt... (Mehrere Optionen sind m\u00f6glich)\n<\/h2>\n<p><span class=\"wpcf7-form-control-wrap\" data-name=\"Reise_unbedingt\"><span class=\"wpcf7-form-control wpcf7-checkbox wpcf7-validates-as-required\"><span class=\"wpcf7-list-item first\"><span class=\"wpcf7-list-item-label\">Abenteuer<\/span><input type=\"checkbox\" name=\"Reise_unbedingt[]\" value=\"Abenteuer\" \/><\/span><span class=\"wpcf7-list-item\"><span class=\"wpcf7-list-item-label\">Die Highlights des Landes erkunden.<\/span><input type=\"checkbox\" name=\"Reise_unbedingt[]\" value=\"Die Highlights des Landes erkunden.\" \/><\/span><span class=\"wpcf7-list-item\"><span class=\"wpcf7-list-item-label\">Kultur &amp; Kontakt zur lokalen Bev\u00f6lkerung haben.<\/span><input type=\"checkbox\" name=\"Reise_unbedingt[]\" value=\"Kultur &amp; Kontakt zur lokalen Bev\u00f6lkerung haben.\" \/><\/span><span class=\"wpcf7-list-item\"><span class=\"wpcf7-list-item-label\">Die Geschichte des Landes kennenlernen.<\/span><input type=\"checkbox\" name=\"Reise_unbedingt[]\" value=\"Die Geschichte des Landes kennenlernen.\" \/><\/span><span class=\"wpcf7-list-item\"><span class=\"wpcf7-list-item-label\">Natur &amp; Tierwelt entdecken.<\/span><input type=\"checkbox\" name=\"Reise_unbedingt[]\" value=\"Natur &amp; Tierwelt entdecken.\" \/><\/span><span class=\"wpcf7-list-item\"><span class=\"wpcf7-list-item-label\">Ruhe &amp; Entspannung erleben.<\/span><input type=\"checkbox\" name=\"Reise_unbedingt[]\" value=\"Ruhe &amp; Entspannung erleben.\" \/><\/span><span class=\"wpcf7-list-item\"><span class=\"wpcf7-list-item-label\">Aktiv &amp; sportlich unterwegs sein.<\/span><input type=\"checkbox\" name=\"Reise_unbedingt[]\" value=\"Aktiv &amp; sportlich unterwegs sein.\" \/><\/span><span class=\"wpcf7-list-item last\"><span class=\"wpcf7-list-item-label\">Lokale K\u00fcche genie\u00dfen.<\/span><input type=\"checkbox\" name=\"Reise_unbedingt[]\" value=\"Lokale K\u00fcche genie\u00dfen.\" \/><\/span><\/span><\/span>\n<\/p>\n<h2>Wie m\u00f6chten Sie \u00fcbernachten? (Mehrere Optionen m\u00f6glich)\n<\/h2>\n<p><span class=\"wpcf7-form-control-wrap\" data-name=\"Wie_uebernachten\"><span class=\"wpcf7-form-control wpcf7-checkbox wpcf7-validates-as-required\"><span class=\"wpcf7-list-item first\"><span class=\"wpcf7-list-item-label\">Bei Gastfamilien zuhause (Homestays).<\/span><input type=\"checkbox\" name=\"Wie_uebernachten[]\" value=\"Bei Gastfamilien zuhause (Homestays).\" \/><\/span><span class=\"wpcf7-list-item\"><span class=\"wpcf7-list-item-label\">Camping \/ Zelten.<\/span><input type=\"checkbox\" name=\"Wie_uebernachten[]\" value=\"Camping \/ Zelten.\" \/><\/span><span class=\"wpcf7-list-item\"><span class=\"wpcf7-list-item-label\">Hostals.<\/span><input type=\"checkbox\" name=\"Wie_uebernachten[]\" value=\"Hostals.\" \/><\/span><span class=\"wpcf7-list-item\"><span class=\"wpcf7-list-item-label\">Einfache Hotels.<\/span><input type=\"checkbox\" name=\"Wie_uebernachten[]\" value=\"Einfache Hotels.\" \/><\/span><span class=\"wpcf7-list-item\"><span class=\"wpcf7-list-item-label\">Mittlerer Standard.<\/span><input type=\"checkbox\" name=\"Wie_uebernachten[]\" value=\"Mittlerer Standard.\" \/><\/span><span class=\"wpcf7-list-item\"><span class=\"wpcf7-list-item-label\">Gehobener Standard \/ Luxus.<\/span><input type=\"checkbox\" name=\"Wie_uebernachten[]\" value=\"Gehobener Standard \/ Luxus.\" \/><\/span><span class=\"wpcf7-list-item last\"><span class=\"wpcf7-list-item-label\">Ausgefallene Unterk\u00fcnfte (Eco-Lodges, Boutique-Hotels).<\/span><input type=\"checkbox\" name=\"Wie_uebernachten[]\" value=\"Ausgefallene Unterk\u00fcnfte (Eco-Lodges, Boutique-Hotels).\" \/><\/span><\/span><\/span>\n<\/p>\n<h2>Wie komplett m\u00f6chten Sie Ihre Reise organisiert bekommen? (Mehrere Optionen m\u00f6glich)\n<\/h2>\n<p><span class=\"wpcf7-form-control-wrap\" data-name=\"Wie_stark_organisiert\"><span class=\"wpcf7-form-control wpcf7-checkbox wpcf7-validates-as-required\"><span class=\"wpcf7-list-item first\"><span class=\"wpcf7-list-item-label\">Ich m\u00f6chte so viel wie m\u00f6glich organisiert haben.<\/span><input type=\"checkbox\" name=\"Wie_stark_organisiert[]\" value=\"Ich m\u00f6chte so viel wie m\u00f6glich organisiert haben.\" \/><\/span><span class=\"wpcf7-list-item\"><span class=\"wpcf7-list-item-label\">Ich bin auch mit einem Reisef\u00fchrer f\u00fcr eine kleine Reisegruppe einverstanden.<\/span><input type=\"checkbox\" name=\"Wie_stark_organisiert[]\" value=\"Ich bin auch mit einem Reisef\u00fchrer f\u00fcr eine kleine Reisegruppe einverstanden.\" \/><\/span><span class=\"wpcf7-list-item\"><span class=\"wpcf7-list-item-label\">Ich m\u00f6chte gerne mit einem eigenen Reisef\u00fchrer reisen.<\/span><input type=\"checkbox\" name=\"Wie_stark_organisiert[]\" value=\"Ich m\u00f6chte gerne mit einem eigenen Reisef\u00fchrer reisen.\" \/><\/span><span class=\"wpcf7-list-item\"><span class=\"wpcf7-list-item-label\">Ich brauche keinen Reisef\u00fchrer.<\/span><input type=\"checkbox\" name=\"Wie_stark_organisiert[]\" value=\"Ich brauche keinen Reisef\u00fchrer.\" \/><\/span><span class=\"wpcf7-list-item\"><span class=\"wpcf7-list-item-label\">Ich m\u00f6chte mit einem Mietwagen reisen und dabei selber fahren.<\/span><input type=\"checkbox\" name=\"Wie_stark_organisiert[]\" value=\"Ich m\u00f6chte mit einem Mietwagen reisen und dabei selber fahren.\" \/><\/span><span class=\"wpcf7-list-item\"><span class=\"wpcf7-list-item-label\">Ich will \u00fcberwiegend zwischen den gro\u00dfen St\u00e4dten fliegen um schneller vor Ort zu gelangen.<\/span><input type=\"checkbox\" name=\"Wie_stark_organisiert[]\" value=\"Ich will \u00fcberwiegend zwischen den gro\u00dfen St\u00e4dten fliegen um schneller vor Ort zu gelangen.\" \/><\/span><span class=\"wpcf7-list-item last\"><span class=\"wpcf7-list-item-label\">Ich kann mir vorstellen, mit einem \u00f6ffentlichen Fernreisebus mitzufahren.<\/span><input type=\"checkbox\" name=\"Wie_stark_organisiert[]\" value=\"Ich kann mir vorstellen, mit einem \u00f6ffentlichen Fernreisebus mitzufahren.\" \/><\/span><\/span><\/span>\n<\/p>\n<h2>WEITERE INFORMATIONEN\n<\/h2>\n<h2>\n\t<font color=\"lightseagreen\">Erz\u00e4hlen Sie uns bitte, warum Sie diese Reise machen m\u00f6chten, und was f\u00fcr eine Reiseart Sie unternehmen wollen: Viel Kultur und Museen, oder lieber Natur, Entspannung am Strand, Dinge, die Sie sich nicht entgehen lassen wollen, Dinge, die Sie lieber nicht machen m\u00f6chten, Ihre Fitness, und Ihre Interessen. Wenn Sie eines oder mehrere unserer Reiseziele, Reisebausteine oder Touren anspricht, k\u00f6nnen Sie uns das hier mitteilen.\n\t<\/font>\n<\/h2>\n<p><span class=\"wpcf7-form-control-wrap\" data-name=\"Weitere_Informationen\"><textarea cols=\"40\" rows=\"10\" maxlength=\"2000\" class=\"wpcf7-form-control wpcf7-textarea\" aria-invalid=\"false\" name=\"Weitere_Informationen\"><\/textarea><\/span>\n<\/p>\n<h2>Wie hoch ist Ihr Reisebudget pro Person?<br \/>\nDiese Angabe beinhaltet nicht die internationalen Fl\u00fcge von Ihrem Ursprungsland.\n<\/h2>\n<p><span class=\"wpcf7-form-control-wrap\" data-name=\"Reisebudget\"><select class=\"wpcf7-form-control wpcf7-select\" aria-invalid=\"false\" name=\"Reisebudget\"><option value=\"Bitte ausw\u00e4hlen...\">Bitte ausw\u00e4hlen...<\/option><option value=\"1.000 \u20ac bis 1.500 \u20ac pro Person\">1.000 \u20ac bis 1.500 \u20ac pro Person<\/option><option value=\"1.500 \u20ac bis 2.000 \u20ac pro Person\">1.500 \u20ac bis 2.000 \u20ac pro Person<\/option><option value=\"2.000 \u20ac bis 2.500 \u20ac pro Person (Hier liegt unsere Empfehlung f\u00fcr ein gutes Reiseergebnis.)\">2.000 \u20ac bis 2.500 \u20ac pro Person (Hier liegt unsere Empfehlung f\u00fcr ein gutes Reiseergebnis.)<\/option><option value=\"3.000 \u20ac bis 3.500 \u20ac pro Person\">3.000 \u20ac bis 3.500 \u20ac pro Person<\/option><option value=\"3.500 \u20ac und mehr pro Person\">3.500 \u20ac und mehr pro Person<\/option><\/select><\/span>\n<\/p>\n<h2>Haben Sie bereits eine eigene Reiseplanung ausgearbeitet?\n<\/h2>\n<p><span class=\"wpcf7-form-control-wrap\" data-name=\"Eigene_Reiseplanung\"><select class=\"wpcf7-form-control wpcf7-select wpcf7-validates-as-required\" aria-required=\"true\" aria-invalid=\"false\" name=\"Eigene_Reiseplanung\"><option value=\"Bitte ausw\u00e4hlen...\">Bitte ausw\u00e4hlen...<\/option><option value=\"Nein, ich habe noch keine Ahnung, was ich unternehmen kann.\">Nein, ich habe noch keine Ahnung, was ich unternehmen kann.<\/option><option value=\"Ich brauche erst mehr Informationen, damit ich entscheiden kann, was ich sehen m\u00f6chte.\">Ich brauche erst mehr Informationen, damit ich entscheiden kann, was ich sehen m\u00f6chte.<\/option><option value=\"Ich habe schon mit meiner Reiseorganisation begonnen.\">Ich habe schon mit meiner Reiseorganisation begonnen.<\/option><option value=\"Ich wei\u00df bereits wo ich hin m\u00f6chte und will meine Reise schnell buchen.\">Ich wei\u00df bereits wo ich hin m\u00f6chte und will meine Reise schnell buchen.<\/option><\/select><\/span>\n<\/p>\n<h2><b>\n\t\t<font color=\"lightseagreen\">Damit wir Ihnen ein Angebot und \/ oder Informationsmaterial zukommen lassen k\u00f6nnen, ben\u00f6tigen wir noch ein paar pers\u00f6nliche Angaben. Wir halten und pflegen Ihre Daten gem\u00e4\u00df der Datenschutzgrundverordnung nur im Rahmen der Reiseanfrage bzw. Abwicklung des von uns erarbeiteten Reiseangebotes. Unsere Datenschutzerkl\u00e4rung finden Sie <a href=\"https:\/\/www.alemape-tours.com\/datenschutzerklaerung\/?lang=de\/\" target=\"_blank\"> <u>hier.<\/u><\/a>\n\t\t<\/font><\/b>\n<\/h2>\n<h2>IHRE KONTAKTDATEN\n<\/h2>\n<h2>Vorname (Pflichtfeld)\n<\/h2>\n<p><span class=\"wpcf7-form-control-wrap\" data-name=\"your-vorname\"><input size=\"40\" maxlength=\"400\" class=\"wpcf7-form-control wpcf7-text wpcf7-validates-as-required\" aria-required=\"true\" aria-invalid=\"false\" value=\"\" type=\"text\" name=\"your-vorname\" \/><\/span>\n<\/p>\n<h2>Ihr Name (Pflichtfeld)\n<\/h2>\n<p><span class=\"wpcf7-form-control-wrap\" data-name=\"your-name\"><input size=\"40\" maxlength=\"400\" class=\"wpcf7-form-control wpcf7-text wpcf7-validates-as-required\" aria-required=\"true\" aria-invalid=\"false\" value=\"\" type=\"text\" name=\"your-name\" \/><\/span>\n<\/p>\n<h2>Ihre E-Mail-Adresse (Pflichtfeld)\n<\/h2>\n<p><span class=\"wpcf7-form-control-wrap\" data-name=\"your-email\"><input size=\"40\" maxlength=\"400\" class=\"wpcf7-form-control wpcf7-email wpcf7-validates-as-required wpcf7-text wpcf7-validates-as-email\" aria-required=\"true\" aria-invalid=\"false\" value=\"\" type=\"email\" name=\"your-email\" \/><\/span>\n<\/p>\n<p><span id=\"wpcf7-69e5e9dc6b178-wrapper\" class=\"wpcf7-form-control-wrap E-Mail-wrap\" style=\"display:none !important; visibility:hidden !important;\"><label for=\"wpcf7-69e5e9dc6b178-field\" class=\"hp-message\">Bitte lasse dieses Feld leer.<\/label><input id=\"wpcf7-69e5e9dc6b178-field\"  class=\"wpcf7-form-control wpcf7-text\" type=\"text\" name=\"E-Mail\" value=\"\" size=\"40\" tabindex=\"-1\" autocomplete=\"new-password\" \/><\/span>\n<\/p>\n<h2>Ihre E-Mail-Adresse wiederholen (Pflichtfeld)\n<\/h2>\n<p><span class=\"wpcf7-form-control-wrap\" data-name=\"your-email\"><input size=\"40\" maxlength=\"400\" class=\"wpcf7-form-control wpcf7-email wpcf7-validates-as-required wpcf7-text wpcf7-validates-as-email\" aria-required=\"true\" aria-invalid=\"false\" value=\"\" type=\"email\" name=\"your-email\" \/><\/span>\n<\/p>\n<h2>Ihre Telefonnummer\n<\/h2>\n<p><span class=\"wpcf7-form-control-wrap\" data-name=\"Telefonnummer\"><input class=\"wpcf7-form-control wpcf7-number wpcf7-validates-as-number\" min=\"5\" aria-invalid=\"false\" value=\"\" type=\"number\" name=\"Telefonnummer\" \/><\/span>\n<\/p>\n<h2>Wie m\u00f6chten Sie mit uns kommunizieren? (Mehrere Optionen m\u00f6glich)\n<\/h2>\n<p><span class=\"wpcf7-form-control-wrap\" data-name=\"Kommunikationsweg\"><span class=\"wpcf7-form-control wpcf7-checkbox wpcf7-validates-as-required\"><span class=\"wpcf7-list-item first\"><input type=\"checkbox\" name=\"Kommunikationsweg[]\" value=\"E-Mail\" \/><span class=\"wpcf7-list-item-label\">E-Mail<\/span><\/span><span class=\"wpcf7-list-item\"><input type=\"checkbox\" name=\"Kommunikationsweg[]\" value=\"Skype\" \/><span class=\"wpcf7-list-item-label\">Skype<\/span><\/span><span class=\"wpcf7-list-item\"><input type=\"checkbox\" name=\"Kommunikationsweg[]\" value=\"Telefon\" \/><span class=\"wpcf7-list-item-label\">Telefon<\/span><\/span><span class=\"wpcf7-list-item last\"><input type=\"checkbox\" name=\"Kommunikationsweg[]\" value=\"WhatsApp\" \/><span class=\"wpcf7-list-item-label\">WhatsApp<\/span><\/span><\/span><\/span>\n<\/p>\n<h2>Wie kamen Sie auf die Website von AlemaPE-Tours?<br \/>\nZum Beispiel \u00fcber Google, Social Media, andere Websites oder Freunde \/ Familie\n<\/h2>\n<p><span class=\"wpcf7-form-control-wrap\" data-name=\"Wie_haben_sie_unsere_Seite_gefunden\"><textarea cols=\"40\" rows=\"10\" maxlength=\"2000\" class=\"wpcf7-form-control wpcf7-textarea wpcf7-validates-as-required\" aria-required=\"true\" aria-invalid=\"false\" name=\"Wie_haben_sie_unsere_Seite_gefunden\"><\/textarea><\/span>\n<\/p>\n<h2>M\u00f6chten Sie wertvolle Reisetipps f\u00fcr Ihre Reise erhalten?\n<\/h2>\n<p><span class=\"wpcf7-form-control-wrap\" data-name=\"Werbung_erhalten\"><span class=\"wpcf7-form-control wpcf7-acceptance optional\"><span class=\"wpcf7-list-item\"><label><input type=\"checkbox\" name=\"Werbung_erhalten\" value=\"1\" aria-invalid=\"false\" \/><span class=\"wpcf7-list-item-label\">Ja, gerne.<\/span><\/label><\/span><\/span><\/span>\n<\/p>\n<p><span id=\"wpcf7-69e5e9dc6b323-wrapper\" class=\"wpcf7-form-control-wrap DiesesFeldanhakenfuerE-Mailbestaetigung-wrap\" style=\"display:none !important; visibility:hidden !important;\"><label for=\"wpcf7-69e5e9dc6b323-field\" class=\"hp-message\">Bitte lasse dieses Feld leer.<\/label><input id=\"wpcf7-69e5e9dc6b323-field\"  class=\"wpcf7-form-control wpcf7-text\" type=\"text\" name=\"DiesesFeldanhakenfuerE-Mailbestaetigung\" value=\"\" size=\"40\" tabindex=\"-1\" autocomplete=\"new-password\" \/><\/span><br \/>\n<span class=\"wpcf7-form-control-wrap\" data-name=\"capital-quiz\"><label><span class=\"wpcf7-quiz-label\">The capital of Per\u00fa?<\/span> <input size=\"40\" class=\"wpcf7-form-control wpcf7-quiz\" autocomplete=\"off\" aria-required=\"true\" aria-invalid=\"false\" type=\"text\" name=\"capital-quiz\" \/><\/label><input type=\"hidden\" name=\"_wpcf7_quiz_answer_capital-quiz\" value=\"91237ec87dfc6bf20086d5c99b90c7f4\" \/><\/span>\n<\/p>\n<p><input class=\"wpcf7-form-control wpcf7-submit has-spinner\" type=\"submit\" value=\"Senden\" \/>\n<\/p><div class=\"wpcf7-response-output\" aria-hidden=\"true\"><\/div>\n<\/form>\n<\/div>\n\n","protected":false},"excerpt":{"rendered":"AlemaPE-Tours ist Ihr Reiseexperte in Peru. Wir helfen Ihnen gerne beim Zusammenstellen Ihrer ganz pers\u00f6nlichen Rundreise. Bitte teilen Sie uns im folgenden Formular Ihre W\u00fcnsche und Interessen mit. Dann k\u00f6nnen wir Ihnen ein unverbindliches pers\u00f6nliches Angebot senden, das Ihren W\u00fcnschen und Ideen entspricht. WIR PLANEN F\u00dcR SIE IHRE GANZ NACH IHREN W\u00dcNSCHEN ZUGESCHNITTE PERUREISE Mit [...]","protected":false},"author":1,"featured_media":0,"parent":0,"menu_order":0,"comment_status":"closed","ping_status":"closed","template":"","meta":{"footnotes":""},"class_list":["post-20072","page","type-page","status-publish","hentry"],"_links":{"self":[{"href":"https:\/\/www.alemape-tours.com\/de\/wp-json\/wp\/v2\/pages\/20072","targetHints":{"allow":["GET"]}}],"collection":[{"href":"https:\/\/www.alemape-tours.com\/de\/wp-json\/wp\/v2\/pages"}],"about":[{"href":"https:\/\/www.alemape-tours.com\/de\/wp-json\/wp\/v2\/types\/page"}],"author":[{"embeddable":true,"href":"https:\/\/www.alemape-tours.com\/de\/wp-json\/wp\/v2\/users\/1"}],"replies":[{"embeddable":true,"href":"https:\/\/www.alemape-tours.com\/de\/wp-json\/wp\/v2\/comments?post=20072"}],"version-history":[{"count":1,"href":"https:\/\/www.alemape-tours.com\/de\/wp-json\/wp\/v2\/pages\/20072\/revisions"}],"predecessor-version":[{"id":32390,"href":"https:\/\/www.alemape-tours.com\/de\/wp-json\/wp\/v2\/pages\/20072\/revisions\/32390"}],"wp:attachment":[{"href":"https:\/\/www.alemape-tours.com\/de\/wp-json\/wp\/v2\/media?parent=20072"}],"curies":[{"name":"wp","href":"https:\/\/api.w.org\/{rel}","templated":true}]}}