{"id":19948,"date":"2018-11-18T14:57:11","date_gmt":"2018-11-18T13:57:11","guid":{"rendered":"https:\/\/www.alemape-tours.com\/?page_id=19948"},"modified":"2025-08-11T18:31:59","modified_gmt":"2025-08-11T16:31:59","slug":"buchungsablauf","status":"publish","type":"page","link":"https:\/\/www.alemape-tours.com\/de\/buchungsablauf\/","title":{"rendered":"Buchungsablauf"},"content":{"rendered":"<h1><span style=\"color: #1ca4b4;\">Reservierungsinformationen, Buchungsablauf, Anzahlung und Restzahlung<\/span><\/h1>\n<h2><span style=\"color: #1ca4b4;\">Zuerst einmal das Wichtigste<\/span><\/h2>\n<p style=\"padding-left: 80px;\">Wir arbeiten Deine Reisew\u00fcnsche ab Peru aus! Wir k\u00f6nnen Dir bei der Festlegung von Reisezeiten dahingehend helfen, imdem wir Dir bei der Suche der passenden Flugverbindungen helfen, buchen musst Du Deine Fl\u00fcge bitte alleine.<br \/>\nDas Ankunftsdatum des Fluges und das R\u00fcckflugdatum sind die f\u00fcr unsere Aufgabe verbindlichen Eckdaten die wir zur Planung Deiner individuellen Reise ben\u00f6tigen.<\/p>\n<h2><span style=\"color: #1ca4b4;\">Schritt 1 &#8211; Erz\u00e4hle uns von Deinen Reisepl\u00e4nen<\/span><\/h2>\n<p style=\"padding-left: 80px;\">Wenn Dir eine Reise oder ein Reisebaustein auf unseren Seiten gef\u00e4llt und \/ oder Du diese individuell angepasst bekommen oder verl\u00e4ngern m\u00f6chtest, dann erz\u00e4hle uns von Deinen\u00a0 Reisepl\u00e4nen. Hierzu hast Du folgende M\u00f6glichkeiten:<\/p>\n<ul>\n<li style=\"list-style-type: none;\">\n<ul>\n<li style=\"list-style-type: none;\">\n<ul>\n<li style=\"list-style-type: none;\">\n<ul>\n<li style=\"list-style-type: none;\">\n<ul>\n<li style=\"list-style-type: none;\">\n<ul>\n<li>Schreibe uns eine E-Mail an <span style=\"color: #1ca4b4;\"><a style=\"color: #1ca4b4;\" href=\"mailto:info@alemape-tours.com\" target=\"_blank\" rel=\"noopener noreferrer\"><strong>info@alemape-tours.com<\/strong><\/a><\/span> oder<\/li>\n<li>Benutze das Anfrageformular (unter &#8222;<span style=\"color: #1ca4b4;\"><a style=\"color: #1ca4b4;\" href=\"https:\/\/www.alemape-tours.com\/de\/kontakt\/?lang=de\" rel=\"noopener noreferrer\"><strong>Kontakt<\/strong><\/a><\/span>&#8222;).<\/li>\n<\/ul>\n<\/li>\n<\/ul>\n<\/li>\n<\/ul>\n<\/li>\n<\/ul>\n<\/li>\n<\/ul>\n<\/li>\n<\/ul>\n<h2><span style=\"color: #1ca4b4;\">Schritt 2 &#8211; Wir erstellen Dir ein pers\u00f6nlich ausgearbeitetes Angebot und reservieren Dir Deine Reise nach Ausarbeitung f\u00fcr 5 Arbeitstage unverbindlich<\/span><\/h2>\n<p style=\"padding-left: 80px;\">Nachdem Du uns Deine W\u00fcnsche mitgeteilt hast, werden wir alle notwendigen Einzelheiten (wie Reisedatum, Zimmerkategorien, Zusatzprogramme, etc.) mit Dir besprechen, danach erh\u00e4lst Du von uns ein Angebot in PDF Format per E-Mail zugeschickt.<\/p>\n<p style=\"padding-left: 80px;\">Gleichzeitig reservieren wir die Deine Reise \/ Reisebausteine f\u00fcr 5 Arbeitstage unverbindlich.<\/p>\n<h2><span style=\"color: #1ca4b4;\">Schritt 3 &#8211; Buche Deine Reise verbindlich<\/span><\/h2>\n<p style=\"padding-left: 80px;\">Unser(e) Angebot(e) gefallen Dir und Du m\u00f6chtest Deine Reise nun verbindlich buchen?<\/p>\n<p style=\"padding-left: 80px;\">Im n\u00e4chsten Schritt bitten wir Dich unser Buchungsformular mit Angabe von der Reservierungsnummer(n) (die wir Dir im zweiten Schritt im ausgearbeiteten Angebot mitteilen) auszuf\u00fcllen. Gemeinsam mit dem Buchungsformular muss auch das Kundendaten &#8211; Formular (in dem Du uns Deine Daten wie Reisepass, Adressedaten, Geburtsdatum (auch f\u00fcr alle Mitreisenden) mitteilen ausf\u00fcllen.<\/p>\n<p style=\"padding-left: 80px;\"><span style=\"color: #1ca4b4;\"><strong>Bitte beachte:<\/strong><\/span> Nur wenn Buchungsformular und Kundendatenformular ausgef\u00fcllt sind, k\u00f6nnen wir die Reise f\u00fcr Dich verbindlich buchen.<\/p>\n<h2><span style=\"color: #1ca4b4;\">Schritt 4 &#8211; Reisepreissicherungsschein &amp; Anzahlungsrechnung<\/span><\/h2>\n<p style=\"padding-left: 80px;\">Nachdem Du das ausgef\u00fcllte Buchungsformular und Deine Kundendaten bei uns eingegangen sind, senden wir Dir per Post die Reisepreissicherungsscheine, die Buchungsbest\u00e4tigung und die Anzahlungsrechnung (20% des Reisepreises) an die Adresse, die Du uns als unser Kunde angegeben haben.<\/p>\n<p style=\"padding-left: 80px;\">Wenn Deine Reise innerhalb von 30 Tagen nach Buchung beginnt, stellen wir Dir jetzt den gesamten Reisepreis in Rechnung.<\/p>\n<h2><span style=\"color: #1ca4b4;\">Schritt 5 &#8211; Restzahlung<\/span><\/h2>\n<p style=\"padding-left: 80px;\">30 Tage vor Abreise schicken wir Deine Dir die Rechnung \u00fcber die Restzahlung (80% des Reisepreises).<\/p>\n<h2><span style=\"color: #1ca4b4;\">Schritt 6 &#8211; Reiseunterlagen<\/span><\/h2>\n<p style=\"padding-left: 80px;\">Nachdem Deine Restzahlung bei uns eingegangen ist, bekommst Du 14 Tage vor Abreise von uns einen Link zu Deiner digitalen Reisemappe mit einem pers\u00f6nlichen Benutzernamen und einer pers\u00f6nlichen Reisenummer.<\/p>\n<p style=\"padding-left: 80px;\">Du kannst dann Deine gesamten Reiseunterlagen unten dem Link den wir Dir zusenden finden (detaillierter Reiseablauf, Hotelliste etc.).<\/p>\n<p style=\"padding-left: 80px;\">Du kannst dann alle Deine Reiseunterlagen bei Dir abspeichern und diese auf Deiner Reise benutzen, selbst wenn Du offline bist.<\/p>\n<p style=\"padding-left: 80px;\"><span style=\"color: #1ca4b4;\"><strong>Noch ein kurzer Hinweis in eigener Sache:<br \/>\n<\/strong><\/span>Wir vervollst\u00e4ndigen Deine Reiseunterlagen st\u00e4ndig und es kommt in S\u00fcdamerika \u00f6fters vor, dass wir Deine Reiseunterlagen erst 2-3 Tage vor Abreise komplett haben. Wir f\u00fcgen die Einzeldetails unserer Partner vor Ort immer schnellstm\u00f6glichst ein. Du kannst die \u00c4nderung dann direkt mitverfolgen.<\/p>\n","protected":false},"excerpt":{"rendered":"<p>Reservierungsinformationen, Buchungsablauf, Anzahlung und Restzahlung Zuerst einmal das Wichtigste Wir arbeiten Deine Reisew\u00fcnsche ab Peru aus! Wir k\u00f6nnen Dir bei der Festlegung von Reisezeiten dahingehend helfen, imdem wir Dir bei der Suche der passenden Flugverbindungen helfen, buchen musst Du Deine Fl\u00fcge bitte alleine. Das Ankunftsdatum des Fluges und das R\u00fcckflugdatum sind die f\u00fcr unsere Aufgabe [&hellip;]<\/p>\n","protected":false},"author":1,"featured_media":24574,"parent":0,"menu_order":0,"comment_status":"closed","ping_status":"closed","template":"","meta":{"footnotes":""},"class_list":["post-19948","page","type-page","status-publish","has-post-thumbnail","hentry"],"_links":{"self":[{"href":"https:\/\/www.alemape-tours.com\/de\/wp-json\/wp\/v2\/pages\/19948","targetHints":{"allow":["GET"]}}],"collection":[{"href":"https:\/\/www.alemape-tours.com\/de\/wp-json\/wp\/v2\/pages"}],"about":[{"href":"https:\/\/www.alemape-tours.com\/de\/wp-json\/wp\/v2\/types\/page"}],"author":[{"embeddable":true,"href":"https:\/\/www.alemape-tours.com\/de\/wp-json\/wp\/v2\/users\/1"}],"replies":[{"embeddable":true,"href":"https:\/\/www.alemape-tours.com\/de\/wp-json\/wp\/v2\/comments?post=19948"}],"version-history":[{"count":1,"href":"https:\/\/www.alemape-tours.com\/de\/wp-json\/wp\/v2\/pages\/19948\/revisions"}],"predecessor-version":[{"id":32227,"href":"https:\/\/www.alemape-tours.com\/de\/wp-json\/wp\/v2\/pages\/19948\/revisions\/32227"}],"wp:featuredmedia":[{"embeddable":true,"href":"https:\/\/www.alemape-tours.com\/de\/wp-json\/wp\/v2\/media\/24574"}],"wp:attachment":[{"href":"https:\/\/www.alemape-tours.com\/de\/wp-json\/wp\/v2\/media?parent=19948"}],"curies":[{"name":"wp","href":"https:\/\/api.w.org\/{rel}","templated":true}]}}