{"id":18763,"date":"2018-10-06T17:53:47","date_gmt":"2018-10-06T15:53:47","guid":{"rendered":"https:\/\/www.alemape-tours.com\/?page_id=18763"},"modified":"2025-08-12T00:03:22","modified_gmt":"2025-08-11T22:03:22","slug":"flugverbindungen-von-und-nach-peru","status":"publish","type":"page","link":"https:\/\/www.alemape-tours.com\/de\/informationen\/flugverbindungen-von-und-nach-peru\/","title":{"rendered":"Flugverbindungen von und nach Peru"},"content":{"rendered":"<h1><span style=\"color: #1ca4b4;\">\u00dcbersicht m\u00f6glicher Flugverbindungen<\/span><\/h1>\n<h3><span style=\"color: #1ca4b4;\">AMSTERDAM (Direktflug mit KLM von Amsterdam nach Lima)<\/span><\/h3>\n<h3>\n<div class=\"brlbs-cmpnt-container brlbs-cmpnt-content-blocker brlbs-cmpnt-with-individual-styles\" data-borlabs-cookie-content-blocker-id=\"google-maps\" data-borlabs-cookie-content=\"PGlmcmFtZSBzdHlsZT0iYm9yZGVyOiAwOyIgc3JjPSJodHRwczovL3d3dy5nb29nbGUuY29tL21hcHMvZW1iZWQ\/cGI9ITFtMjghMW0xMiExbTMhMWQ2MjgyNTYzNS41OTMzMzA2NSEyZC01LjUxMzQ5NTczMTEyNTc0NCEzZDIxLjkyMzIzNDU1OTA3NTcxMyEybTMhMWYwITJmMCEzZjAhM20yITFpMTAyNCEyaTc2OCE0ZjEzLjEhNG0xMyEzZTQhNG01ITFzMHg0N2M2M2ZiNTk0OWE3NzU1JTNBMHg2NjAwZmQ0Y2I3YzBhZjhkITJzQW1zdGVyZGFtJTJDK05pZWRlcmxhbmRlITNtMiExZDUyLjM2Nzk4NDI5OTk5OTk5NiEyZDQuOTAzNTYxNCE0bTUhMXMweDkxMDVjNWY2MTllZTNlYzclM0EweDE0MjA2Y2I5Y2M0NTJlNGEhMnNMaW1hJTJDK1BlcnUhM20yITFkLTEyLjA0NjM3MzEhMmQtNzcuMDQyNzU0ITVlMCEzbTIhMXNkZSEyc2RlITR2MTUzODgzMzI5ODYzNiIgd2lkdGg9IjYwMCIgaGVpZ2h0PSI0NTAiIGZyYW1lYm9yZGVyPSIwIiBhbGxvd2Z1bGxzY3JlZW49ImFsbG93ZnVsbHNjcmVlbiIgZGF0YS1tY2UtZnJhZ21lbnQ9IjEiPjwvaWZyYW1lPg==\">\n<div class=\"brlbs-cmpnt-cb-preset-b brlbs-cmpnt-cb-google-maps\">\n<div class=\"brlbs-cmpnt-cb-thumbnail\" style=\"background-image: url('https:\/\/www.alemape-tours.com\/wp-content\/uploads\/borlabs-cookie\/1\/brlbs-cb-google-maps-main.png')\"><\/div>\n<div class=\"brlbs-cmpnt-cb-main\">\n<div class=\"brlbs-cmpnt-cb-content\">\n<p class=\"brlbs-cmpnt-cb-description\">Sie sehen gerade einen Platzhalterinhalt von <strong>Google Maps<\/strong>. Um auf den eigentlichen Inhalt zuzugreifen, klicken Sie auf die Schaltfl\u00e4che unten. Bitte beachten Sie, dass dabei Daten an Drittanbieter weitergegeben werden.<\/p>\n<p> <a class=\"brlbs-cmpnt-cb-provider-toggle\" href=\"#\" data-borlabs-cookie-show-provider-information role=\"button\">Mehr Informationen<\/a> <\/div>\n<div class=\"brlbs-cmpnt-cb-buttons\"> <a class=\"brlbs-cmpnt-cb-btn\" href=\"#\" data-borlabs-cookie-unblock role=\"button\">Inhalt entsperren<\/a> <a class=\"brlbs-cmpnt-cb-btn\" href=\"#\" data-borlabs-cookie-accept-service role=\"button\" style=\"display: inherit\">Erforderlichen Service akzeptieren und Inhalte entsperren<\/a> <\/div><\/div><\/div>\n<\/div>\n<\/h3>\n<h2><span style=\"color: #1ca4b4;\">LONDON (Direktflug mit BRITISH AIRWAYS von London nach Lima)<\/span><\/h2>\n<div class=\"brlbs-cmpnt-container brlbs-cmpnt-content-blocker brlbs-cmpnt-with-individual-styles\" data-borlabs-cookie-content-blocker-id=\"google-maps\" data-borlabs-cookie-content=\"PGlmcmFtZSBzdHlsZT0iYm9yZGVyOiAwOyIgc3JjPSJodHRwczovL3d3dy5nb29nbGUuY29tL21hcHMvZW1iZWQ\/cGI9ITFtMjghMW0xMiExbTMhMWQzMDg3MDc2Mi4xMjMwNTUzMTMhMmQtMjQuMTMxNDgxMTg3NjY3Nzg4ITNkMjUuNDM4NTY2ODk3ODE2ODIzITJtMyExZjAhMmYwITNmMCEzbTIhMWkxMDI0ITJpNzY4ITRmMTMuMSE0bTEzITNlNCE0bTUhMXMweDQ3ZDhhMDBiYWYyMWRlNzUlM0EweDUyOTYzYTVhZGRkNTJhOTkhMnNMb25kb24lMkMrVmVyZWluaWd0ZXMrSyVDMyVCNm5pZ3JlaWNoITNtMiExZDUxLjUwNzM1MDkhMmQtMC4xMjc3NTgzITRtNSExczB4OTEwNWM1ZjYxOWVlM2VjNyUzQTB4MTQyMDZjYjljYzQ1MmU0YSEyc0xpbWElMkMrUGVydSEzbTIhMWQtMTIuMDQ2MzczMSEyZC03Ny4wNDI3NTQhNWUwITNtMiExc2RlITJzZGUhNHYxNTM4ODM3MjI1NDI4IiB3aWR0aD0iNjAwIiBoZWlnaHQ9IjQ1MCIgZnJhbWVib3JkZXI9IjAiIGFsbG93ZnVsbHNjcmVlbj0iYWxsb3dmdWxsc2NyZWVuIiBkYXRhLW1jZS1mcmFnbWVudD0iMSI+PC9pZnJhbWU+\">\n<div class=\"brlbs-cmpnt-cb-preset-b brlbs-cmpnt-cb-google-maps\">\n<div class=\"brlbs-cmpnt-cb-thumbnail\" style=\"background-image: url('https:\/\/www.alemape-tours.com\/wp-content\/uploads\/borlabs-cookie\/1\/brlbs-cb-google-maps-main.png')\"><\/div>\n<div class=\"brlbs-cmpnt-cb-main\">\n<div class=\"brlbs-cmpnt-cb-content\">\n<p class=\"brlbs-cmpnt-cb-description\">Sie sehen gerade einen Platzhalterinhalt von <strong>Google Maps<\/strong>. Um auf den eigentlichen Inhalt zuzugreifen, klicken Sie auf die Schaltfl\u00e4che unten. Bitte beachten Sie, dass dabei Daten an Drittanbieter weitergegeben werden.<\/p>\n<p> <a class=\"brlbs-cmpnt-cb-provider-toggle\" href=\"#\" data-borlabs-cookie-show-provider-information role=\"button\">Mehr Informationen<\/a> <\/div>\n<div class=\"brlbs-cmpnt-cb-buttons\"> <a class=\"brlbs-cmpnt-cb-btn\" href=\"#\" data-borlabs-cookie-unblock role=\"button\">Inhalt entsperren<\/a> <a class=\"brlbs-cmpnt-cb-btn\" href=\"#\" data-borlabs-cookie-accept-service role=\"button\" style=\"display: inherit\">Erforderlichen Service akzeptieren und Inhalte entsperren<\/a> <\/div><\/div><\/div>\n<\/div>\n<h2><span style=\"color: #1ca4b4;\">MADRID (Direktflug mit IBERIA von Madrid nach Lima)<\/span><\/h2>\n<div class=\"brlbs-cmpnt-container brlbs-cmpnt-content-blocker brlbs-cmpnt-with-individual-styles\" data-borlabs-cookie-content-blocker-id=\"google-maps\" data-borlabs-cookie-content=\"PGlmcmFtZSBzdHlsZT0iYm9yZGVyOiAwOyIgc3JjPSJodHRwczovL3d3dy5nb29nbGUuY29tL21hcHMvZW1iZWQ\/cGI9ITFtMjghMW0xMiExbTMhMWQ2MjgyNTYzNS41OTMzMzA2OTYhMmQtMTMuODY2OTE1MTM4NDQ1MTUzITNkMTMuMjg4NjA4ODYxODg3NzMhMm0zITFmMCEyZjAhM2YwITNtMiExaTEwMjQhMmk3NjghNGYxMy4xITRtMTMhM2U0ITRtNSExczB4ZDQyMjk5NzgwMGEzYzgxJTNBMHhjNDM2ZGVjMTYxOGMyMjY5ITJzTWFkcmlkJTJDK1NwYW5pZW4hM20yITFkNDAuNDE2Nzc1NCEyZC0zLjcwMzc5MDIhNG01ITFzMHg5MTA1YzVmNjE5ZWUzZWM3JTNBMHgxNDIwNmNiOWNjNDUyZTRhITJzTGltYSUyQytQZXJ1ITNtMiExZC0xMi4wNDYzNzMxITJkLTc3LjA0Mjc1NCE1ZTAhM20yITFzZGUhMnNkZSE0djE1Mzg4MzczMDc5NTMiIHdpZHRoPSI2MDAiIGhlaWdodD0iNDUwIiBmcmFtZWJvcmRlcj0iMCIgYWxsb3dmdWxsc2NyZWVuPSJhbGxvd2Z1bGxzY3JlZW4iIGRhdGEtbWNlLWZyYWdtZW50PSIxIj48L2lmcmFtZT4=\">\n<div class=\"brlbs-cmpnt-cb-preset-b brlbs-cmpnt-cb-google-maps\">\n<div class=\"brlbs-cmpnt-cb-thumbnail\" style=\"background-image: url('https:\/\/www.alemape-tours.com\/wp-content\/uploads\/borlabs-cookie\/1\/brlbs-cb-google-maps-main.png')\"><\/div>\n<div class=\"brlbs-cmpnt-cb-main\">\n<div class=\"brlbs-cmpnt-cb-content\">\n<p class=\"brlbs-cmpnt-cb-description\">Sie sehen gerade einen Platzhalterinhalt von <strong>Google Maps<\/strong>. Um auf den eigentlichen Inhalt zuzugreifen, klicken Sie auf die Schaltfl\u00e4che unten. Bitte beachten Sie, dass dabei Daten an Drittanbieter weitergegeben werden.<\/p>\n<p> <a class=\"brlbs-cmpnt-cb-provider-toggle\" href=\"#\" data-borlabs-cookie-show-provider-information role=\"button\">Mehr Informationen<\/a> <\/div>\n<div class=\"brlbs-cmpnt-cb-buttons\"> <a class=\"brlbs-cmpnt-cb-btn\" href=\"#\" data-borlabs-cookie-unblock role=\"button\">Inhalt entsperren<\/a> <a class=\"brlbs-cmpnt-cb-btn\" href=\"#\" data-borlabs-cookie-accept-service role=\"button\" style=\"display: inherit\">Erforderlichen Service akzeptieren und Inhalte entsperren<\/a> <\/div><\/div><\/div>\n<\/div>\n<h2><span style=\"color: #1ca4b4;\">PARIS (Direktflug mit AIR FRANCE von Paris nach Lima)<\/span><\/h2>\n<h2>\n<div class=\"brlbs-cmpnt-container brlbs-cmpnt-content-blocker brlbs-cmpnt-with-individual-styles\" data-borlabs-cookie-content-blocker-id=\"google-maps\" data-borlabs-cookie-content=\"PGlmcmFtZSBzdHlsZT0iYm9yZGVyOiAwOyIgc3JjPSJodHRwczovL3d3dy5nb29nbGUuY29tL21hcHMvZW1iZWQ\/cGI9ITFtMjghMW0xMiExbTMhMWQ2MjgyNTYzNS41OTMzMzA2OTYhMmQtMTMuODY2OTE1MTM4NDQ1MTUzITNkMTMuMjg4NjA4ODYxODg3NzMhMm0zITFmMCEyZjAhM2YwITNtMiExaTEwMjQhMmk3NjghNGYxMy4xITRtMTMhM2U0ITRtNSExczB4NDdlNjNlMDM4ZTRjY2Y1YiUzQTB4NDJiZTA5ODJmNWJhNjJjITJzUGFyaXMrQ2hhcmxlcytkZStHYXVsbGUrQWlycG9ydCUyQys5NTcwMCtSb2lzc3ktZW4tRnJhbmNlJTJDK0ZyYW5rcmVpY2ghM20yITFkNDkuMDA5NjkwNiEyZDIuNTQ3OTI0NDk5OTk5OTk5NyE0bTUhMXMweDkxMDVjNWY2MTllZTNlYzclM0EweDE0MjA2Y2I5Y2M0NTJlNGEhMnNMaW1hJTJDK1BlcnUhM20yITFkLTEyLjA0NjM3MzEhMmQtNzcuMDQyNzU0ITVlMCEzbTIhMXNkZSEyc2RlITR2MTUzODgzNjg4ODUyMCIgd2lkdGg9IjYwMCIgaGVpZ2h0PSI0NTAiIGZyYW1lYm9yZGVyPSIwIiBhbGxvd2Z1bGxzY3JlZW49ImFsbG93ZnVsbHNjcmVlbiIgZGF0YS1tY2UtZnJhZ21lbnQ9IjEiPjwvaWZyYW1lPg==\">\n<div class=\"brlbs-cmpnt-cb-preset-b brlbs-cmpnt-cb-google-maps\">\n<div class=\"brlbs-cmpnt-cb-thumbnail\" style=\"background-image: url('https:\/\/www.alemape-tours.com\/wp-content\/uploads\/borlabs-cookie\/1\/brlbs-cb-google-maps-main.png')\"><\/div>\n<div class=\"brlbs-cmpnt-cb-main\">\n<div class=\"brlbs-cmpnt-cb-content\">\n<p class=\"brlbs-cmpnt-cb-description\">Sie sehen gerade einen Platzhalterinhalt von <strong>Google Maps<\/strong>. Um auf den eigentlichen Inhalt zuzugreifen, klicken Sie auf die Schaltfl\u00e4che unten. Bitte beachten Sie, dass dabei Daten an Drittanbieter weitergegeben werden.<\/p>\n<p> <a class=\"brlbs-cmpnt-cb-provider-toggle\" href=\"#\" data-borlabs-cookie-show-provider-information role=\"button\">Mehr Informationen<\/a> <\/div>\n<div class=\"brlbs-cmpnt-cb-buttons\"> <a class=\"brlbs-cmpnt-cb-btn\" href=\"#\" data-borlabs-cookie-unblock role=\"button\">Inhalt entsperren<\/a> <a class=\"brlbs-cmpnt-cb-btn\" href=\"#\" data-borlabs-cookie-accept-service role=\"button\" style=\"display: inherit\">Erforderlichen Service akzeptieren und Inhalte entsperren<\/a> <\/div><\/div><\/div>\n<\/div>\n<\/h2>\n<h2><span style=\"color: #1ca4b4;\">STUTTGART (Von Stuttgart \u00fcber Zwischenziele aus nach Lima)<\/span><\/h2>\n<h4><span style=\"color: #1ca4b4;\">[STR-ATL-LIM, STR-CDG-LIM, STR-FRA-GRU-LIM, STR-FRA-IAH-LIM, STR-FRA-MIA-LIM, STR-MAD-LIM]<\/span><\/h4>\n<h3>\n<div class=\"brlbs-cmpnt-container brlbs-cmpnt-content-blocker brlbs-cmpnt-with-individual-styles\" data-borlabs-cookie-content-blocker-id=\"google-maps\" data-borlabs-cookie-content=\"PGlmcmFtZSBzdHlsZT0iYm9yZGVyOiAwOyIgc3JjPSJodHRwczovL3d3dy5nb29nbGUuY29tL21hcHMvZW1iZWQ\/cGI9ITFtMjghMW0xMiExbTMhMWQ0Mzc2MjY1MC4yNzg4NTc5NCEyZC0xOS40MTQ5OTkxNDE3Nzk0ODIhM2QxNi41MTg3Njk5NjI5NjAzNjYhMm0zITFmMCEyZjAhM2YwITNtMiExaTEwMjQhMmk3NjghNGYxMy4xITRtMTMhM2U0ITRtNSExczB4NDc5OWRiMzRjMWFkOGZkMyUzQTB4NzlkNWMxMWM3NzkxY2ZlNCEyc1N0dXR0Z2FydCEzbTIhMWQ0OC43NzU4NDU5ITJkOS4xODI5MzIxITRtNSExczB4OTEwNWM1ZjYxOWVlM2VjNyUzQTB4MTQyMDZjYjljYzQ1MmU0YSEyc0xpbWElMkMrUGVydSEzbTIhMWQtMTIuMDQ2MzczMSEyZC03Ny4wNDI3NTQhNWUwITNtMiExc2RlITJzZGUhNHYxNTM4ODM4MzQ1OTA5IiB3aWR0aD0iNjAwIiBoZWlnaHQ9IjQ1MCIgZnJhbWVib3JkZXI9IjAiIGFsbG93ZnVsbHNjcmVlbj0iYWxsb3dmdWxsc2NyZWVuIiBkYXRhLW1jZS1mcmFnbWVudD0iMSI+PC9pZnJhbWU+\">\n<div class=\"brlbs-cmpnt-cb-preset-b brlbs-cmpnt-cb-google-maps\">\n<div class=\"brlbs-cmpnt-cb-thumbnail\" style=\"background-image: url('https:\/\/www.alemape-tours.com\/wp-content\/uploads\/borlabs-cookie\/1\/brlbs-cb-google-maps-main.png')\"><\/div>\n<div class=\"brlbs-cmpnt-cb-main\">\n<div class=\"brlbs-cmpnt-cb-content\">\n<p class=\"brlbs-cmpnt-cb-description\">Sie sehen gerade einen Platzhalterinhalt von <strong>Google Maps<\/strong>. Um auf den eigentlichen Inhalt zuzugreifen, klicken Sie auf die Schaltfl\u00e4che unten. Bitte beachten Sie, dass dabei Daten an Drittanbieter weitergegeben werden.<\/p>\n<p> <a class=\"brlbs-cmpnt-cb-provider-toggle\" href=\"#\" data-borlabs-cookie-show-provider-information role=\"button\">Mehr Informationen<\/a> <\/div>\n<div class=\"brlbs-cmpnt-cb-buttons\"> <a class=\"brlbs-cmpnt-cb-btn\" href=\"#\" data-borlabs-cookie-unblock role=\"button\">Inhalt entsperren<\/a> <a class=\"brlbs-cmpnt-cb-btn\" href=\"#\" data-borlabs-cookie-accept-service role=\"button\" style=\"display: inherit\">Erforderlichen Service akzeptieren und Inhalte entsperren<\/a> <\/div><\/div><\/div>\n<\/div>\n<\/h3>\n<h2><span style=\"color: #1ca4b4;\">M\u00fcnchen (Von M\u00fcnchen \u00fcber Zwischenziele nach Lima oder Cusco)<\/span><\/h2>\n<h4><span style=\"color: #1ca4b4;\">[MUC-BOG-LIM, MUC-BOG-CUS]<\/span><\/h4>\n<div class=\"brlbs-cmpnt-container brlbs-cmpnt-content-blocker brlbs-cmpnt-with-individual-styles\" data-borlabs-cookie-content-blocker-id=\"google-maps\" data-borlabs-cookie-content=\"PGlmcmFtZSBzdHlsZT0iYm9yZGVyOiAwOyIgc3JjPSJodHRwczovL3d3dy5nb29nbGUuY29tL21hcHMvZW1iZWQ\/cGI9ITFtMjghMW0xMiExbTMhMWQzMTIwNTU2My4zNTU3MTQxNzYhMmQtNTAuOTY3NTIyNjA3MzU5NjUhM2QxNy4zMDIzNzg1OTQ0NTI0OTUhMm0zITFmMCEyZjAhM2YwITNtMiExaTEwMjQhMmk3NjghNGYxMy4xITRtMTMhM2U0ITRtNSExczB4NDc5ZTEzNTkyM2RhNmQ0NSUzQTB4ZTNjNTdhODUzYTU2Y2Y0YiEyc0ZsdWdoYWZlbitNJUMzJUJDbmNoZW4rKE1VQyklMkMrTm9yZGFsbGVlKzI1JTJDKzg1MzU2K00lQzMlQkNuY2hlbiEzbTIhMWQ0OC4zNTM2NjIxITJkMTEuNzc1MDI3OSE0bTUhMXMweDkxMDVjYzNkNTJmNTFlMDElM0EweDFmNzVhZTk3ZmIxMjY1MmMhMnNKb3JnZStDaGF2ZXoraW50ZXJuYXRpb25hbGVuK0ZsdWdoYWZlbiUyQytBdi4rRWxtZXIrRmF1Y2V0dCtzJTJGbiUyQytDYWxsYW8rMDcwMzElMkMrUGVydSEzbTIhMWQtMTIuMDI0MDUyNjk5OTk5OTk5ITJkLTc3LjExMjAzNiE1ZTAhM20yITFzZGUhMnNkZSE0djE1Mzg4Mzk4ODYzMjUiIHdpZHRoPSI2MDAiIGhlaWdodD0iNDUwIiBmcmFtZWJvcmRlcj0iMCIgYWxsb3dmdWxsc2NyZWVuPSJhbGxvd2Z1bGxzY3JlZW4iIGRhdGEtbWNlLWZyYWdtZW50PSIxIj48L2lmcmFtZT4=\">\n<div class=\"brlbs-cmpnt-cb-preset-b brlbs-cmpnt-cb-google-maps\">\n<div class=\"brlbs-cmpnt-cb-thumbnail\" style=\"background-image: url('https:\/\/www.alemape-tours.com\/wp-content\/uploads\/borlabs-cookie\/1\/brlbs-cb-google-maps-main.png')\"><\/div>\n<div class=\"brlbs-cmpnt-cb-main\">\n<div class=\"brlbs-cmpnt-cb-content\">\n<p class=\"brlbs-cmpnt-cb-description\">Sie sehen gerade einen Platzhalterinhalt von <strong>Google Maps<\/strong>. Um auf den eigentlichen Inhalt zuzugreifen, klicken Sie auf die Schaltfl\u00e4che unten. Bitte beachten Sie, dass dabei Daten an Drittanbieter weitergegeben werden.<\/p>\n<p> <a class=\"brlbs-cmpnt-cb-provider-toggle\" href=\"#\" data-borlabs-cookie-show-provider-information role=\"button\">Mehr Informationen<\/a> <\/div>\n<div class=\"brlbs-cmpnt-cb-buttons\"> <a class=\"brlbs-cmpnt-cb-btn\" href=\"#\" data-borlabs-cookie-unblock role=\"button\">Inhalt entsperren<\/a> <a class=\"brlbs-cmpnt-cb-btn\" href=\"#\" data-borlabs-cookie-accept-service role=\"button\" style=\"display: inherit\">Erforderlichen Service akzeptieren und Inhalte entsperren<\/a> <\/div><\/div><\/div>\n<\/div>\n<div class=\"brlbs-cmpnt-container brlbs-cmpnt-content-blocker brlbs-cmpnt-with-individual-styles\" data-borlabs-cookie-content-blocker-id=\"google-maps\" data-borlabs-cookie-content=\"PGlmcmFtZSBzcmM9Imh0dHBzOi8vd3d3Lmdvb2dsZS5jb20vbWFwcy9kL2VtYmVkP21pZD0xMlhSeUZrTTJMUGhwdm9HSVAydjN5NjB3Vy00NnYzZUsiIHdpZHRoPSI2MDAiIGhlaWdodD0iNDUwIj48c3BhbiBzdHlsZT0iZGlzcGxheTogaW5saW5lLWJsb2NrOyB3aWR0aDogMHB4OyBvdmVyZmxvdzogaGlkZGVuOyBsaW5lLWhlaWdodDogMDsiIGRhdGEtbWNlLXR5cGU9ImJvb2ttYXJrIiBjbGFzcz0ibWNlX1NFTFJFU19zdGFydCI+77u\/PC9zcGFuPjwvaWZyYW1lPg==\">\n<div class=\"brlbs-cmpnt-cb-preset-b brlbs-cmpnt-cb-google-maps\">\n<div class=\"brlbs-cmpnt-cb-thumbnail\" style=\"background-image: url('https:\/\/www.alemape-tours.com\/wp-content\/uploads\/borlabs-cookie\/1\/brlbs-cb-google-maps-main.png')\"><\/div>\n<div class=\"brlbs-cmpnt-cb-main\">\n<div class=\"brlbs-cmpnt-cb-content\">\n<p class=\"brlbs-cmpnt-cb-description\">Sie sehen gerade einen Platzhalterinhalt von <strong>Google Maps<\/strong>. Um auf den eigentlichen Inhalt zuzugreifen, klicken Sie auf die Schaltfl\u00e4che unten. Bitte beachten Sie, dass dabei Daten an Drittanbieter weitergegeben werden.<\/p>\n<p> <a class=\"brlbs-cmpnt-cb-provider-toggle\" href=\"#\" data-borlabs-cookie-show-provider-information role=\"button\">Mehr Informationen<\/a> <\/div>\n<div class=\"brlbs-cmpnt-cb-buttons\"> <a class=\"brlbs-cmpnt-cb-btn\" href=\"#\" data-borlabs-cookie-unblock role=\"button\">Inhalt entsperren<\/a> <a class=\"brlbs-cmpnt-cb-btn\" href=\"#\" data-borlabs-cookie-accept-service role=\"button\" style=\"display: inherit\">Erforderlichen Service akzeptieren und Inhalte entsperren<\/a> <\/div><\/div><\/div>\n<\/div>\n","protected":false},"excerpt":{"rendered":"<p>\u00dcbersicht m\u00f6glicher Flugverbindungen AMSTERDAM (Direktflug mit KLM von Amsterdam nach Lima) Sie sehen gerade einen Platzhalterinhalt von Google Maps. Um auf den eigentlichen Inhalt zuzugreifen, klicken Sie auf die Schaltfl\u00e4che unten. Bitte beachten Sie, dass dabei Daten an Drittanbieter weitergegeben werden. Mehr Informationen Inhalt entsperren Erforderlichen Service akzeptieren und Inhalte entsperren LONDON (Direktflug mit BRITISH [&hellip;]<\/p>\n","protected":false},"author":1,"featured_media":10792,"parent":17334,"menu_order":0,"comment_status":"closed","ping_status":"closed","template":"","meta":{"footnotes":""},"class_list":["post-18763","page","type-page","status-publish","has-post-thumbnail","hentry"],"_links":{"self":[{"href":"https:\/\/www.alemape-tours.com\/de\/wp-json\/wp\/v2\/pages\/18763","targetHints":{"allow":["GET"]}}],"collection":[{"href":"https:\/\/www.alemape-tours.com\/de\/wp-json\/wp\/v2\/pages"}],"about":[{"href":"https:\/\/www.alemape-tours.com\/de\/wp-json\/wp\/v2\/types\/page"}],"author":[{"embeddable":true,"href":"https:\/\/www.alemape-tours.com\/de\/wp-json\/wp\/v2\/users\/1"}],"replies":[{"embeddable":true,"href":"https:\/\/www.alemape-tours.com\/de\/wp-json\/wp\/v2\/comments?post=18763"}],"version-history":[{"count":1,"href":"https:\/\/www.alemape-tours.com\/de\/wp-json\/wp\/v2\/pages\/18763\/revisions"}],"predecessor-version":[{"id":32486,"href":"https:\/\/www.alemape-tours.com\/de\/wp-json\/wp\/v2\/pages\/18763\/revisions\/32486"}],"up":[{"embeddable":true,"href":"https:\/\/www.alemape-tours.com\/de\/wp-json\/wp\/v2\/pages\/17334"}],"wp:featuredmedia":[{"embeddable":true,"href":"https:\/\/www.alemape-tours.com\/de\/wp-json\/wp\/v2\/media\/10792"}],"wp:attachment":[{"href":"https:\/\/www.alemape-tours.com\/de\/wp-json\/wp\/v2\/media?parent=18763"}],"curies":[{"name":"wp","href":"https:\/\/api.w.org\/{rel}","templated":true}]}}