{"id":17575,"date":"2018-08-24T12:17:03","date_gmt":"2018-08-24T10:17:03","guid":{"rendered":"https:\/\/www.alemape-tours.com\/?page_id=17575"},"modified":"2025-08-11T22:33:02","modified_gmt":"2025-08-11T20:33:02","slug":"thrombose-verhindern-tipps","status":"publish","type":"page","link":"https:\/\/www.alemape-tours.com\/de\/thrombose-verhindern-tipps\/","title":{"rendered":"Thrombose verhindern &#8211; Tipps"},"content":{"rendered":"<h1><span style=\"color: #1ca4b4;\">Vorbeugende Ma\u00dfnahmen<\/span><\/h1>\n<h2><span style=\"color: #1ca4b4;\">Thrombose durch Bewegung verhindern<\/span><\/h2>\n<p>Zu den Sportarten, die zur Thromboseprophylaxe geeignet sind, geh\u00f6ren Schwimmen, Wassergymnastik oder Radfahren sowie Laufen und Gehen. Geeignet sind auch Sportarten wie Golfen, Tanzen und Langlaufen.<\/p>\n<p>Eher unsportliche Menschen sollten zumindest regelm\u00e4\u00dfige Spazierg\u00e4nge oder Wanderungen unternehmen. Schwimmen st\u00e4rkt auch die Durchblutung, aber das Wasser sollte hier nicht zu warm sein. Eine Pooltemperatur von bis zu 28 \u00b0 C gilt als empfohlen. Diejenigen, die anf\u00e4llig f\u00fcr Venenerkrankungen sind, sollten Krafttraining oder alle Ballspiele wie Fu\u00dfball oder Eishockey vermeiden.<\/p>\n<h2><span style=\"color: #1ca4b4;\">Ader\u00fcbungen<\/span><\/h2>\n<p>Um die Gef\u00e4\u00dfe gesund zu halten und Thrombosen vorzubeugen, k\u00f6nnen einfache Venen\u00fcbungen helfen, da sie das Einsinken des Blutes in die Beine verhindern. Besonders zu empfehlen sind die \u00dcbungen auch bei Reisen mit dem Flugzeug oder Bus, bei l\u00e4ngeren Fahrten sowie mit eingeschr\u00e4nkter Gehf\u00e4higkeit.<\/p>\n<p>Ven\u00f6se \u00dcbungen k\u00f6nnen auch bei sitzender B\u00fcroarbeit sehr effektiv sein. Es ist wichtig, diese \u00dcbungen abwechselnd mit beiden Beinen zu machen. Optimal sind 30 Minuten Venengymnastik t\u00e4glich, aber auch kleine \u00dcbungen k\u00f6nnen dazwischen gut verhindern:<\/p>\n<h3><span style=\"color: #1ca4b4;\">Ven\u00f6se \u00dcbung 1<\/span><\/h3>\n<p>Heben Sie ein Bein an, ziehen Sie die Zehen aus und wieder ein, senken Sie dann das Bein und fahren Sie mit dem anderen Bein fort. Wiederholen Sie die \u00dcbung 20 mal.<\/p>\n<h3><img decoding=\"async\" class=\"alignnone size-full wp-image-6385\" src=\"https:\/\/www.alemape-tours.com\/wp-content\/uploads\/2018\/07\/Beitrag_Venen\u00fcbung11.png\" alt=\"Beitrag Venen\u00fcbung\" width=\"250\" height=\"191\" title=\"\">\u00a0\u00a0\u00a0\u00a0 <img decoding=\"async\" class=\"alignnone size-full wp-image-6386\" src=\"https:\/\/www.alemape-tours.com\/wp-content\/uploads\/2018\/07\/Beitrag_Venen\u00fcbung12.png\" alt=\"Beitrag Venen\u00fcbung\" width=\"250\" height=\"191\" title=\"\"><\/h3>\n<h3><span style=\"color: #1ca4b4;\">Ven\u00f6se \u00dcbung 2<\/span><\/h3>\n<p>Hebe ein Bein und zeichne mit Ihrem Fu\u00df eine 8 in die Luft. Dann wiederhole es mit dem anderen Fu\u00df.<\/p>\n<h3><img decoding=\"async\" class=\"alignnone size-full wp-image-6387\" src=\"https:\/\/www.alemape-tours.com\/wp-content\/uploads\/2018\/07\/Beitrag_Venen\u00fcbung21.png\" alt=\"Beitrag Venen\u00fcbung\" width=\"250\" height=\"191\" title=\"\">\u00a0\u00a0\u00a0\u00a0 <img decoding=\"async\" class=\"alignnone size-full wp-image-6388\" src=\"https:\/\/www.alemape-tours.com\/wp-content\/uploads\/2018\/07\/Beitrag_Venen\u00fcbung22.png\" alt=\"Beitrag Venen\u00fcbung\" width=\"250\" height=\"191\" title=\"\"><\/h3>\n<h3><span style=\"color: #1ca4b4;\">Ven\u00f6se \u00dcbung\u00a03<\/span><\/h3>\n<p><span id=\"result_box\" lang=\"de\" tabindex=\"-1\">Die F\u00fc\u00dfe sind Schulterbreite breit. Dr\u00fccke dann fest mit dem Handr\u00fccken gegen den inneren Oberschenkel. Die Schenkel dr\u00fccken gleichzeitig auch nach innen. Halte diesen Vorgang f\u00fcr ca. 5 Sekunden. Die \u00dcbung wird wiederholt, aber jetzt umgekehrt. Dies bedeutet, dass mit den H\u00e4nden von au\u00dfen Druck auf die Oberschenkel ausge\u00fcbt wird, w\u00e4hrend den Schenkeln mit Druck nach au\u00dfen entgegengewirkt wird.<\/span><\/p>\n<h3><img decoding=\"async\" class=\"alignnone size-full wp-image-6389\" src=\"https:\/\/www.alemape-tours.com\/wp-content\/uploads\/2018\/07\/Beitrag_Venen\u00fcbung31.png\" alt=\"Beitrag Venen\u00fcbung\" width=\"250\" height=\"191\" title=\"\">\u00a0\u00a0\u00a0\u00a0 <img decoding=\"async\" class=\"alignnone size-full wp-image-6390\" src=\"https:\/\/www.alemape-tours.com\/wp-content\/uploads\/2018\/07\/Beitrag_Venen\u00fcbung32.png\" alt=\"Beitrag Venen\u00fcbung\" width=\"250\" height=\"191\" title=\"\"><\/h3>\n<h3><span style=\"color: #1ca4b4;\">Ven\u00f6se \u00dcbung\u00a04<\/span><\/h3>\n<p><span id=\"result_box\" class=\"short_text\" lang=\"de\" tabindex=\"-1\">Hebe abwechselnd die Ferse und die Zehen beider F\u00fc\u00dfe an.<\/span><\/p>\n<h3><img decoding=\"async\" class=\"alignnone size-full wp-image-6391\" src=\"https:\/\/www.alemape-tours.com\/wp-content\/uploads\/2018\/07\/Beitrag_Venen\u00fcbung41.png\" alt=\"Beitrag Venen\u00fcbung\" width=\"250\" height=\"191\" title=\"\">\u00a0\u00a0\u00a0\u00a0 <img decoding=\"async\" class=\"alignnone size-full wp-image-6392\" src=\"https:\/\/www.alemape-tours.com\/wp-content\/uploads\/2018\/07\/Beitrag_Venen\u00fcbung42.png\" alt=\"Beitrag Venen\u00fcbung\" width=\"250\" height=\"191\" title=\"\"><\/h3>\n<h3><span style=\"color: #1ca4b4;\">Ven\u00f6se \u00dcbung\u00a05<\/span><\/h3>\n<p><span id=\"result_box\" lang=\"de\" tabindex=\"-1\">Setze dich gerade hin und stelle deinee F\u00fc\u00dfe parallel zum Boden. Spanne dein Ges\u00e4\u00df und hebe dich langsam aus dem Sitz, ohne aufzustehen. Halte die Spannung f\u00fcr ca. 3 Sekunden.<\/span><\/p>\n<h3><img decoding=\"async\" class=\"alignnone size-full wp-image-6393\" src=\"https:\/\/www.alemape-tours.com\/wp-content\/uploads\/2018\/07\/Beitrag_Venen\u00fcbung51.png\" alt=\"Beitrag Venen\u00fcbung\" width=\"250\" height=\"191\" title=\"\">\u00a0\u00a0\u00a0\u00a0 <img decoding=\"async\" class=\"alignnone size-full wp-image-6394\" src=\"https:\/\/www.alemape-tours.com\/wp-content\/uploads\/2018\/07\/Beitrag_Venen\u00fcbung52.png\" alt=\"Beitrag Venen\u00fcbung\" width=\"250\" height=\"191\" title=\"\"><\/h3>\n<h3><span style=\"color: #1ca4b4;\">Ven\u00f6se \u00dcbung 6<\/span><\/h3>\n<p><span id=\"result_box\" lang=\"de\" tabindex=\"-1\">Hebe die Zehen zur gleichen Zeit und halte deine Fersen auf dem Boden. Nun rolle langsam dein F\u00fc\u00dfe, bis du wieder auf den Zehenspitzen bist.<\/span><\/p>\n<h3><img decoding=\"async\" class=\"alignnone size-full wp-image-6395\" src=\"https:\/\/www.alemape-tours.com\/wp-content\/uploads\/2018\/07\/Beitrag_Venen\u00fcbung61.png\" alt=\"Beitrag Venen\u00fcbung\" width=\"250\" height=\"191\" title=\"\">\u00a0\u00a0\u00a0\u00a0 <img decoding=\"async\" class=\"alignnone size-full wp-image-6396\" src=\"https:\/\/www.alemape-tours.com\/wp-content\/uploads\/2018\/07\/Beitrag_Venen\u00fcbung62.png\" alt=\"Beitrag Venen\u00fcbung\" width=\"250\" height=\"191\" title=\"\"><\/h3>\n<h3><span style=\"color: #1ca4b4;\">Ven\u00f6se \u00dcbung 7<\/span><\/h3>\n<p>Dr\u00fccke beide Fersen auf den Boden und ziehe die Zehen so hoch wie m\u00f6glich nach oben. Halte diese Spannung f\u00fcr ca. 3 Sekunden. Dann dr\u00fccke die Zehen f\u00fcr ca. 3 Sekunden fest auf den Boden.<\/p>\n<h3><img decoding=\"async\" class=\"alignnone size-full wp-image-6397\" src=\"https:\/\/www.alemape-tours.com\/wp-content\/uploads\/2018\/07\/Beitrag_Venen\u00fcbung71.png\" alt=\"Beitrag Venen\u00fcbung\" width=\"250\" height=\"191\" title=\"\">\u00a0\u00a0\u00a0\u00a0 <img decoding=\"async\" class=\"alignnone size-full wp-image-6398\" src=\"https:\/\/www.alemape-tours.com\/wp-content\/uploads\/2018\/07\/Beitrag_Venen\u00fcbung72.png\" alt=\"Beitrag Venen\u00fcbung\" width=\"250\" height=\"191\" title=\"\"><\/h3>\n<h3><span id=\"result_box\" lang=\"de\" style=\"color: #1ca4b4;\" tabindex=\"-1\"><span title=\"Changing showers and treadles \">Duschen und Treten wechseln<\/span><\/span><\/h3>\n<p><span id=\"result_box\" lang=\"de\" tabindex=\"-1\"><span title=\"Cold showers or alternating showers between cold and warm water stimulate the circulation.\">Kalte Duschen oder abwechselnde Duschen zwischen kaltem und warmem Wasser regen die Durchblutung an. <\/span><span title=\"The temperature fluctuations in cold water should be between ten to sixteen degrees and the subsequent hot water at 38 degrees.\">Die Temperaturschwankungen in kaltem Wasser sollten zwischen zehn und sechzehn Grad liegen und das nachfolgende hei\u00dfe Wasser bei 38 Grad. <\/span><span title=\"It is recommended that the applications are always finished with a cold water.\">Es wird empfohlen, die Anwendungen immer mit kaltem Wasser zu beenden. <\/span><span title=\"A welcome change that is still fun is water treading.\">Eine willkommene Abwechslung, die immer noch Spa\u00df macht, ist das Wassertreten. <\/span><span title=\"On the other hand, too high temperatures should be avoided if there is a tendency to thrombosis diseases.\">Auf der anderen Seite sollten zu hohe Temperaturen vermieden werden, wenn zu Thrombose-Erkrankungen neigt. <\/span><span title=\"These include extensive sunshine, sauna or hot baths. \">Dazu geh\u00f6ren umfangreiche Sonnenschein, Sauna oder hei\u00dfe B\u00e4der.<\/span><\/span><\/p>\n<h3><span id=\"result_box\" lang=\"de\" style=\"color: #1ca4b4;\" tabindex=\"-1\"><span title=\"Drink a lot prevents thrombosis \">Viel trinken verhindert Thrombose<\/span><\/span><\/h3>\n<p><span id=\"result_box\" lang=\"de\" tabindex=\"-1\"><span title=\"Every day two liters of liquid should be drunk, it is particularly hot, it may be three liters.\">Jeden Tag sollten zwei Liter Fl\u00fcssigkeit getrunken werden, es ist besonders hei\u00df, es k\u00f6nnen drei Liter sein. <\/span><span title=\"Unsweetened herbal tea or low sodium mineral water are best.\">Unges\u00fcsster Kr\u00e4utertee oder wenig Natrium Mineralwasser sind am besten. <\/span><span title=\"Coffee and black tea are not included in the stated amounts and should only be consumed in moderate amounts.\">Kaffee und Schwarztee sind nicht in den angegebenen Mengen enthalten und sollten nur in moderaten Mengen konsumiert werden. <\/span><span title=\"The same applies to alcohol, which is about twenty milliliters for men and ten milliliters for women.\">Gleiches gilt f\u00fcr Alkohol, der bei M\u00e4nnern etwa zwanzig Milliliter und bei Frauen zehn Milliliter betr\u00e4gt. <\/span><span title=\"One eighth of a liter of wine or one quarter of a liter of beer is equivalent to about ten milligrams of alcohol.\">Ein Achtel Liter Wein oder ein Viertel Liter Bier entspricht etwa zehn Milligramm Alkohol.<\/span><\/span><\/p>\n<h2><span id=\"result_box\" lang=\"de\" style=\"color: #1ca4b4;\" tabindex=\"-1\"><span title=\"Avoid\u2026 \">Meide&#8230;<\/span><\/span><\/h2>\n<h3><span id=\"result_box\" lang=\"de\" style=\"color: #1ca4b4;\" tabindex=\"-1\"><span title=\"High heels \">High Heels<\/span><\/span><\/h3>\n<p><span id=\"result_box\" lang=\"de\" tabindex=\"-1\"><span title=\"High heels also help to increase the risk of thrombosis.\">High Heels tragen auch dazu bei, das Thromboserisiko zu erh\u00f6hen. <\/span><span title=\"Flat shoes or models that only have a slightly raised heel are best suited.\">Flache Schuhe oder Modelle, die nur eine leicht erh\u00f6hte Ferse haben, sind am besten geeignet. <\/span><span title=\"Also recommended are comfortable shoes that are not constricted and provided with a good footbed insert.\">Empfehlenswert sind auch bequeme Schuhe, die nicht eingeschn\u00fcrt und mit einem guten Fu\u00dfbetteinsatz versehen sind. <\/span><span title=\"In between, barefoot running is also optimal, because that is also healthy. \">Dazwischen ist auch Barfu\u00dflaufen optimal, denn das ist auch gesund.<\/span><\/span><\/p>\n<h3><span id=\"result_box\" lang=\"de\" style=\"color: #1ca4b4;\" tabindex=\"-1\"><span title=\"Long sitting and standing \">Langes Sitzen und Stehen<\/span><\/span><\/h3>\n<p><span id=\"result_box\" lang=\"de\" tabindex=\"-1\"><span title=\"Occupational groups associated with prolonged sitting or standing are more prone to thrombosis.\">Berufsgruppen, die mit l\u00e4ngerem Sitzen oder Stehen assoziiert sind, sind anf\u00e4lliger f\u00fcr Thrombosen. <\/span><span title=\"Therefore it is recommended to relieve the legs whenever possible.\">Daher wird empfohlen, die Beine m\u00f6glichst zu markieren. <\/span><span title=\"This can be uplifting your legs, but it also makes sense to get up in between and take a few steps.\">Das kann deine Beine heben, aber es macht auch Sinn, dazwischen zu stehen und ein paar Schritte zu machen. <\/span><span title=\"The legs should be loosely shaken as well as alternately stretched and bent, so that the blood circulation gets going again. \">Die Beine sollten locker gesch\u00fcttelt sowie abwechselnd gedehnt und gebeugt werden, damit die Blutzirkulation wieder in Gang kommt.<\/span><\/span><\/p>\n<p><span id=\"result_box\" lang=\"de\" tabindex=\"-1\"><span title=\"Anyone who practices in the office or has a fundamentally sedentary occupation should choose a chair that has little padding.\">Wer im B\u00fcro arbeitet oder eine grunds\u00e4tzlich sitzende T\u00e4tigkeit aus\u00fcbt, sollte einen Stuhl w\u00e4hlen, der wenig Polsterung hat. <\/span><span title=\"Also, a footrest can bring beneficial relaxation and minimize the risk of thrombosis.\">Auch eine Fu\u00dfst\u00fctze kann wohltuende Entspannung bringen und das Thromboserisiko minimieren. <\/span><span title=\"Also place your feet flat on the floor and strain the underside of the thighs as little as possible.\">Lege auch deine F\u00fc\u00dfe flach auf den Boden und belaste die Unterseite der Oberschenkel so wenig wie m\u00f6glich.<\/span><\/span><\/p>\n<h3><span style=\"color: #1ca4b4;\">Heparin-Prophylaxe bei Thrombosepatienten<\/span><\/h3>\n<p>Wenn du als Hochrisiko-Patient eingestuft wurdest oder bereits eine Thrombose diagnostiziert wurde, sind Heparin-Injektionen das sicherste Prophylaxe-Mittel. Diese Substanz verhindert die Bildung von Venenthrombosen bei direkter Injektion unter die Haut. Wer regelm\u00e4\u00dfig eine Dosis davon ben\u00f6tigt, kann in Form von klassischen Spritzen damit behandelt werden oder man nutzt sogenannte Stifte, also kurze Spritzen, die die individuell erforderliche Dosis enthalten.<\/p>\n<h3><span style=\"color: #1ca4b4;\">Fondaparinux als Alternative<\/span><\/h3>\n<p>Alternativ kann auch Fondaparinux verwendet werden, aber Heparin gilt in Fachkreisen als allgemein anerkanntes und bew\u00e4hrtes Mittel. Wenn der Betroffene nicht nur eine Thrombose, sondern auch eine Neigung zur Blutung in der Niere hat, sollte eine entsprechend geringe Dosis verwendet werden, da Heparin eine erh\u00f6hte Blutungsneigung ausl\u00f6st.<\/p>\n<h3><span style=\"color: #1ca4b4;\">Vorsicht mit Acetylsalicyls\u00e4ure<\/span><\/h3>\n<p>Das Thema &#8222;Aspirin und Thromboseprophylaxe&#8220; ist seit langem sehr umstritten. Es ist jedoch bekannt, dass Aspirin gegen Schlaganfall und Myokardinfarkt zur Pr\u00e4vention von Angioplastie, stabiler Angina pectoris oder vaskul\u00e4rer Erkrankung sch\u00fctzt. Unabh\u00e4ngig von Geschlecht und Alter profitieren Patienten mit einem erh\u00f6hten Risiko f\u00fcr Diabetes oder Bluthochdruck vom Wirkstoff Acetylsalicyls\u00e4ure (ASS).<\/p>\n<p>ASS kann die Rezidivrate bei ven\u00f6sen Thromboembolien fast halbieren, wenn kein Trigger nachweisbar ist. Es wird empfohlen, ASS zur Pr\u00e4vention von Reisethrombose zu nehmen. Dies ist jedoch keine wirksame prophylaktische Ma\u00dfnahme. Diese Substanz wirkt ausschlie\u00dflich auf die Thrombozyten, die nicht als Ursache der Venenthrombose angesehen werden.<\/p>\n<h3><span style=\"color: #1ca4b4;\">Aspirin bei arterieller Thrombose<\/span><\/h3>\n<p>ASS ist eine wichtige Pr\u00e4ventionspille bei arterieller Thrombose und Embolie. Aspirin wird prim\u00e4r und sekund\u00e4r erfolgreich als Thrombozytenaggregationshemmer eingesetzt, da es die Thrombozytenfunktion hemmt. So beeinflusst ASS die Blutgerinnung und reduziert die Adh\u00e4sion von Thrombozyten (Thrombozyten). In kleinen Mengen (100 Milligramm pro Tag) ist die Einnahme von Aspirin sicher. Bei l\u00e4ngerer Anwendung k\u00f6nnen Magen-Darm-Blutungen, Magengeschw\u00fcre und Asthmaanf\u00e4lle aufgrund von Nebenwirkungen auftreten.<\/p>\n<h3><span style=\"color: #1ca4b4;\">Aspirin bei Venenthrombose<\/span><\/h3>\n<p>Im ven\u00f6sen Bein des Gef\u00e4\u00dfsystems entfaltet Aspirin nur eine geringe Wirkung. Als sekund\u00e4re Langzeitprophylaxe stellt sie jedoch eine denkbare Alternative dar. Entsprechend nimmt das Risiko f\u00fcr eine Venenthrombose bei Patienten nach Gelenk- und Knieoperationen durch die Einnahme von ASS signifikant ab. Wissenschaftler der PEP-Studie rekrutierten mehr als 13.000 Patienten mit Knie- oder H\u00fcftprothesen und weitere 4.088 Patienten, die sich einer H\u00fcftfraktur unterzogen mussten. Die Teilnehmer erhielten \u00fcber mehrere Wochen entweder 160 Milligramm ASS oder Placebo. Der Einsatz von ASS reduzierte die Zahl der Lungenemboliepatienten um 43 und 29 Prozent. Die \u00c4rzte stellten jedoch fest, dass die Anzahl der Patienten in der ASS-Gruppe steigt.<\/p>\n<p>ASS-basierte Medikamente &#8211; wie Aspirin &#8211; sollten nicht in Verbindung mit anderen gerinnungshemmenden Medikamenten verwendet werden, da sie die Antikoagulation beeinflussen und hemmen k\u00f6nnen.<\/p>\n<h2><span style=\"color: #1ca4b4;\">Zu guter letzt<\/span><\/h2>\n<p><strong>Sprich mit deinem Hausarzt \u00fcber die lange Fl\u00fcgreise. Er kennt deine k\u00f6rperliche Konstitution und gibt dir sicherlich die besten Ausk\u00fcnfte und Anweisungen.<\/strong><\/p>\n","protected":false},"excerpt":{"rendered":"<p>Vorbeugende Ma\u00dfnahmen Thrombose durch Bewegung verhindern Zu den Sportarten, die zur Thromboseprophylaxe geeignet sind, geh\u00f6ren Schwimmen, Wassergymnastik oder Radfahren sowie Laufen und Gehen. Geeignet sind auch Sportarten wie Golfen, Tanzen und Langlaufen. Eher unsportliche Menschen sollten zumindest regelm\u00e4\u00dfige Spazierg\u00e4nge oder Wanderungen unternehmen. Schwimmen st\u00e4rkt auch die Durchblutung, aber das Wasser sollte hier nicht zu warm [&hellip;]<\/p>\n","protected":false},"author":1,"featured_media":0,"parent":0,"menu_order":0,"comment_status":"closed","ping_status":"closed","template":"","meta":{"footnotes":""},"class_list":["post-17575","page","type-page","status-publish","hentry"],"_links":{"self":[{"href":"https:\/\/www.alemape-tours.com\/de\/wp-json\/wp\/v2\/pages\/17575","targetHints":{"allow":["GET"]}}],"collection":[{"href":"https:\/\/www.alemape-tours.com\/de\/wp-json\/wp\/v2\/pages"}],"about":[{"href":"https:\/\/www.alemape-tours.com\/de\/wp-json\/wp\/v2\/types\/page"}],"author":[{"embeddable":true,"href":"https:\/\/www.alemape-tours.com\/de\/wp-json\/wp\/v2\/users\/1"}],"replies":[{"embeddable":true,"href":"https:\/\/www.alemape-tours.com\/de\/wp-json\/wp\/v2\/comments?post=17575"}],"version-history":[{"count":1,"href":"https:\/\/www.alemape-tours.com\/de\/wp-json\/wp\/v2\/pages\/17575\/revisions"}],"predecessor-version":[{"id":32384,"href":"https:\/\/www.alemape-tours.com\/de\/wp-json\/wp\/v2\/pages\/17575\/revisions\/32384"}],"wp:attachment":[{"href":"https:\/\/www.alemape-tours.com\/de\/wp-json\/wp\/v2\/media?parent=17575"}],"curies":[{"name":"wp","href":"https:\/\/api.w.org\/{rel}","templated":true}]}}