{"id":17544,"date":"2018-08-24T11:33:23","date_gmt":"2018-08-24T09:33:23","guid":{"rendered":"https:\/\/www.alemape-tours.com\/?page_id=17544"},"modified":"2025-08-12T02:43:08","modified_gmt":"2025-08-12T00:43:08","slug":"reisecheckliste-fuer-einen-entspannten-urlaub","status":"publish","type":"page","link":"https:\/\/www.alemape-tours.com\/de\/reisecheckliste-fuer-einen-entspannten-urlaub\/","title":{"rendered":"Reisecheckliste f\u00fcr einen entspannten Urlaub"},"content":{"rendered":"<h1><span style=\"color: #1ca4b4;\">Checkliste<\/span><\/h1>\n<p><strong><span style=\"color: #1ca4b4;\">Damit du bei deiner Reiseplanung nichts vergisst, haben wir f\u00fcr dich wichtige To Dos zusammengestellt. W\u00e4hle einfach einen Punkt nach dem anderen und beginne entspannt deinem Urlaub!<\/span><\/strong><\/p>\n<h3><span style=\"color: #1ca4b4;\">Vorbereitung f\u00fcr die Reise<\/span><\/h3>\n<ul>\n<li>Pass und Reisepass auf G\u00fcltigkeit pr\u00fcfen und ggf. erneut beantragen (evtl. Kinderpass)<\/li>\n<li>Erforderliche Visa oder US-Reise ESTA Reiseerlaubnis und Kanada ETA Reiseerlaubnis<\/li>\n<li>\u00dcberpr\u00fcfe den Impfstatus und lasse gegebenenfalls Impfungen durchf\u00fchren<\/li>\n<li>Antrag f\u00fcr einen internationalen F\u00fchrerschein stellen<\/li>\n<li>Habst du eine Auslandsreisekrankenversicherung?<\/li>\n<li>Pr\u00fcfe die G\u00fcltigkeit der Scheck- \/ Kreditkarte, notiere dir die gesperrten Nummern<\/li>\n<li>Schreibe Adressen von Nachrichten auf<\/li>\n<li>Kopiere dir wichtige Dokumente<\/li>\n<li>Besorge dir sich bei Bedard USD oder Kanadische Dollar, Nuevo Soles erh\u00e4lst du erst in Peru oder \u00fcber Freunde und Bekannte, die noch Restbest\u00e4nde haben<\/li>\n<li>Reiseschecks bestellen<\/li>\n<li>Reisef\u00fchrer \/ Karten \/ Karten zum Kaufen oder ausleihen<\/li>\n<li>Abbestellung oder Postlagerung deines Briefverkehrs<\/li>\n<li>Hast du jemanden, der den Briefkasten f\u00fcr dich leert?<\/li>\n<li>Sonnenschutzmittel mit hohem Lichtschutzfaktor und M\u00fcckenschutz besorgen<\/li>\n<li>Organisation der Pflege von Pflanzen und Haustieren<\/li>\n<li>\u00dcberpr\u00fcfe dein Erste-Hilfe-Set, falls erforderlich, hole dir deine Medikamente in ausreichender Menge<\/li>\n<li>Hinterlasse deine Urlaubsadresse, Telefonnummer und Schl\u00fcssel bei Freunden oder Nachbarn<\/li>\n<li>Stelle dir Adressen f\u00fcr Urlaubsgr\u00fc\u00dfe zusammen<\/li>\n<li>Organisiere die Ankunft zum Flughafen (ggf. Taxi vorbestellen)<\/li>\n<li>Oropax gegen st\u00f6rende Ger\u00e4usche<\/li>\n<\/ul>\n<h3><span style=\"color: #1ca4b4;\">Beim Einpacken nicht vergessen<br \/>\n<\/span><\/h3>\n<ul>\n<li>\u00dcberpr\u00fcfe die notwendige Kleidung auf Vollst\u00e4ndigkeit<\/li>\n<li>Ladeger\u00e4t f\u00fcr das Mobiltelefon (bei Reisen \u00fcber die USA lade das Mobiltelefon auf, da es im Zweifelsfall eingeschaltet sein muss)<\/li>\n<li>M\u00f6glicherweise. Adapter und Ladeger\u00e4te f\u00fcr Elektroger\u00e4te, Kameras, etc.<\/li>\n<li>Kamera, Speicherkarten, Ladeger\u00e4t, Objektive, Zusatzteile<\/li>\n<li>Wecker<\/li>\n<li>Medikamente<\/li>\n<li>Reiseliteratur<\/li>\n<li>Bringe einen Gep\u00e4ckanh\u00e4nger mit Namen und Adresse an (damit keine Einbrecher angezogen werden, sollte die Adresse nicht direkt lesbar sein)<\/li>\n<\/ul>\n<h3><span style=\"color: #1ca4b4;\">Handgep\u00e4ck beinhaltet<\/span><\/h3>\n<ul>\n<li>Flugtickets und \/ oder Zugtickets, Reisedokumente, Telefonnummer des Reiseb\u00fcros, Reservierungsbest\u00e4tigungen<\/li>\n<li>Ausweispapiere, F\u00fchrerschein, Internationaler F\u00fchrerschein, Visum, falls erforderlich oder Impfpass<\/li>\n<li>Kredit- und \/ oder Scheckkarte, Bargeld, Reiseschecks<\/li>\n<li>Mobiltelefon (teure Daten-Roaming-Funktion ausschalten, ggf. Datenvolumen f\u00fcr Ausland kaufen)<\/li>\n<li>Wichtige Medikamente, z.B. gegen Reisekrankheit<\/li>\n<li>Warme Kleidung f\u00fcr das Flugzeug und klimatisierte R\u00e4ume<\/li>\n<li>T-Shirt \/ Unterw\u00e4sche \/ Zahnb\u00fcrste<\/li>\n<li>Nackenpolster<\/li>\n<li>Kaugummi zum Druckausgleich bei Start und Landung<\/li>\n<\/ul>\n<h3><span style=\"color: #1ca4b4;\">Wichtig am Abreisetag<\/span><\/h3>\n<ul>\n<li>Ziehe alle nicht ben\u00f6tigten Netzstecker ab (TV, Radio, etc.)<\/li>\n<li>Schalte das Wasser und die Heizung aus<\/li>\n<li>Leere den K\u00fchlschrank und schalten ihn ab. Verschlie\u00dfe die T\u00fcr nicht komplett<\/li>\n<li>M\u00fcll entsorgen<\/li>\n<li>Schalte den Ofen aus und schalte die Beleuchtung aus<\/li>\n<li>Schlie\u00dfe alle Fenster und sicher sie gegen Einbruch<\/li>\n<li>Schlie\u00dfe deine Haust\u00fcr ab<\/li>\n<\/ul>\n","protected":false},"excerpt":{"rendered":"<p>Checkliste Damit du bei deiner Reiseplanung nichts vergisst, haben wir f\u00fcr dich wichtige To Dos zusammengestellt. W\u00e4hle einfach einen Punkt nach dem anderen und beginne entspannt deinem Urlaub! Vorbereitung f\u00fcr die Reise Pass und Reisepass auf G\u00fcltigkeit pr\u00fcfen und ggf. erneut beantragen (evtl. Kinderpass) Erforderliche Visa oder US-Reise ESTA Reiseerlaubnis und Kanada ETA Reiseerlaubnis \u00dcberpr\u00fcfe [&hellip;]<\/p>\n","protected":false},"author":1,"featured_media":0,"parent":0,"menu_order":8,"comment_status":"closed","ping_status":"closed","template":"","meta":{"footnotes":""},"class_list":["post-17544","page","type-page","status-publish","hentry"],"_links":{"self":[{"href":"https:\/\/www.alemape-tours.com\/de\/wp-json\/wp\/v2\/pages\/17544","targetHints":{"allow":["GET"]}}],"collection":[{"href":"https:\/\/www.alemape-tours.com\/de\/wp-json\/wp\/v2\/pages"}],"about":[{"href":"https:\/\/www.alemape-tours.com\/de\/wp-json\/wp\/v2\/types\/page"}],"author":[{"embeddable":true,"href":"https:\/\/www.alemape-tours.com\/de\/wp-json\/wp\/v2\/users\/1"}],"replies":[{"embeddable":true,"href":"https:\/\/www.alemape-tours.com\/de\/wp-json\/wp\/v2\/comments?post=17544"}],"version-history":[{"count":1,"href":"https:\/\/www.alemape-tours.com\/de\/wp-json\/wp\/v2\/pages\/17544\/revisions"}],"predecessor-version":[{"id":32529,"href":"https:\/\/www.alemape-tours.com\/de\/wp-json\/wp\/v2\/pages\/17544\/revisions\/32529"}],"wp:attachment":[{"href":"https:\/\/www.alemape-tours.com\/de\/wp-json\/wp\/v2\/media?parent=17544"}],"curies":[{"name":"wp","href":"https:\/\/api.w.org\/{rel}","templated":true}]}}