{"id":17462,"date":"2018-08-23T22:12:52","date_gmt":"2018-08-23T20:12:52","guid":{"rendered":"https:\/\/www.alemape-tours.com\/?page_id=17462"},"modified":"2025-08-12T02:31:47","modified_gmt":"2025-08-12T00:31:47","slug":"alles-ueber-die-benutzung-von-taxis-in-peru","status":"publish","type":"page","link":"https:\/\/www.alemape-tours.com\/de\/informationen\/alles-ueber-die-benutzung-von-taxis-in-peru\/","title":{"rendered":"Alles \u00fcber die Benutzung von Taxis in Peru"},"content":{"rendered":"<figure id=\"attachment_6343\" aria-describedby=\"caption-attachment-6343\" style=\"width: 520px\" class=\"wp-caption alignright\"><img decoding=\"async\" class=\"wp-image-6343\" src=\"https:\/\/www.alemape-tours.com\/wp-content\/uploads\/2018\/07\/Beitrag_2016_11_28_Tico.jpg\" alt=\"The cheap and small version\" width=\"520\" height=\"347\" title=\"\"><figcaption id=\"caption-attachment-6343\" class=\"wp-caption-text\"><span style=\"color: #1ca4b4;\"><strong>Tico- Die g\u00fcnstige und kleine Variante<\/strong><\/span><\/figcaption><\/figure>\n<h1><span style=\"color: #1ca4b4;\">Gut zu wissen, wie es in Peru l\u00e4uft<\/span><\/h1>\n<p>In Per\u00fa ist das Taxifahren vergleichsweise g\u00fcnstig. Wie es jedoch oft in Lateinamerika der Fall ist, sollte auch hier besondere Vorsicht geboten sein. So sollte man sich niemals in ein Taxi steigen, in dem mehr als nur der Fahrer sitzt. Auch ist es am sichersten, per Telefon ein Taxi zu einem abgemachten Ort zu bestellen. Hierzu ist z.B. die App <strong><a href=\"https:\/\/www.uber.com\/\" target=\"_blank\" rel=\"noopener noreferrer\">UBER<\/a> <\/strong>sehr verbreitet. Leider k\u00f6nnen die offiziellen Taxis alle Farben und Formen haben \u2013 gepr\u00e4gt sind Perus Stra\u00dfen jedoch von gelben, schwarzen und wei\u00dfen Taxis. Achten Sie au\u00dferdem auf eine Identifikations- bzw. Lizenzkarte, die sich meist an der Windschutzscheibe oder am Innenspiegel befindet. Es gibt zumindest in der Hauptstadt Lima sehr viele &#8222;schwarze&#8220; Taxis, wobei hier nicht die Farbe des Fahrzeuges gemeint ist, sondern das die Taxistas oft mit einem eigenen privaten onder geliehenen Fahrzeug unterwegs sind und dabei dann vorne auf der Ablage lose ein wei\u00dfes Schild mit zumeist roter Beschriftung &#8222;Taxi&#8220; liegt. Das ist oftmals ein Zeichen, das es sich hierbei um m\u00f6gliche &#8222;Schwarzarbeiter&#8220; handelt.<\/p>\n<figure id=\"attachment_6344\" aria-describedby=\"caption-attachment-6344\" style=\"width: 550px\" class=\"wp-caption alignleft\"><img decoding=\"async\" class=\"wp-image-6344\" src=\"https:\/\/www.alemape-tours.com\/wp-content\/uploads\/2018\/07\/Beitrag_2016_11_28_Taxi_Colectivo.jpg\" alt=\"Taxi colectivo. the normal variant\" width=\"550\" height=\"301\" title=\"\"><figcaption id=\"caption-attachment-6344\" class=\"wp-caption-text\"><strong><span style=\"color: #1ca4b4;\">Taxi oder Colectivo. die normale Variante<\/span><\/strong><\/figcaption><\/figure>\n<figure id=\"attachment_6345\" aria-describedby=\"caption-attachment-6345\" style=\"width: 520px\" class=\"wp-caption alignright\"><img decoding=\"async\" class=\"wp-image-6345\" src=\"https:\/\/www.alemape-tours.com\/wp-content\/uploads\/2018\/07\/Beitrag_2016_11_28_Moto_Taxi.jpg\" alt=\"Mototaxi - The cheap version for a maximum of 2 persons\" width=\"520\" height=\"353\" title=\"\"><figcaption id=\"caption-attachment-6345\" class=\"wp-caption-text\"><span style=\"color: #1ca4b4;\"><strong>Mototaxi &#8211; Die Billigvariante f\u00fcr maximal 2 Personen<\/strong><\/span><\/figcaption><\/figure>\n<p>&nbsp;<\/p>\n<p>&nbsp;<\/p>\n<p>&nbsp;<\/p>\n<p>&nbsp;<\/p>\n<p>&nbsp;<\/p>\n<p>&nbsp;<\/p>\n<p>&nbsp;<\/p>\n<p>&nbsp;<\/p>\n<p>&nbsp;<\/p>\n<p>In Peru f\u00e4hrt man nicht mit einem Taxameter, welches einem den genauen Preis angibt. Hier mu\u00df man den Fahrtpreis immer im Voraus aushandeln, Die Fahrtpreise schwanken je nach Tagezeit enorm. Der dann aber ausgehandelte Preis ist f\u00fcr Fahrer und Fahrgast verbindlich. Bei Touristen kommt es aber immer wieder gerne vor, das dann noch einmal versucht wird nachzuverhandeln, worauf man sich nicht einlassen sollte. Nach M\u00f6glichkeit sollte man Einheimische vorher nach realistischen Preisen f\u00fcr eine bestimmte Strecke fragen, damit man wei\u00df, wo man beim Handeln hinauskommen sollte und nicht in die typische Touristenfalle tappt.<\/p>\n<h1><span style=\"color: #1ca4b4;\">Taxipreise sind verhandelbar<\/span><\/h1>\n<p>Da der Preis ist immer Verhandlungsgeschick hier noch ein paar erste Tipps. Die Fahrt vom Flughafen nach Miraflores in Lima\/Peru kostet je nach Tages-\u00a0 und Verkehrsaufkommen zwischen 80 und 120 USD. Am Ausgang vom Flughafen in Lima werden Sie in aller Regel von den Taxifahrern und ihren Helfern abgefangen. Falls Sie es selber erm\u00f6glichen k\u00f6nnen, sollten Sie ihre Koffer auf dem Wagen selbst rangieren, denn die Helfer, die sich pl\u00f6tzlich zu den Taxistas dazugesellen, m\u00f6chten f\u00fcr ihre kurzen Dienste ca. 10 Soles, was f\u00fcr einen einheimischen Helfer schon ein hoher Verdienst f\u00fcr eine solche Hilfsleistung darstellt.<\/p>\n<p>Nehmen Sie ein angemeldetes Taxi, erkennbar an den auf beiden Seiten aufgemalten Nummern und dem innen sichtbar angebrachten Ausweis.<\/p>\n","protected":false},"excerpt":{"rendered":"<p>Gut zu wissen, wie es in Peru l\u00e4uft In Per\u00fa ist das Taxifahren vergleichsweise g\u00fcnstig. Wie es jedoch oft in Lateinamerika der Fall ist, sollte auch hier besondere Vorsicht geboten sein. So sollte man sich niemals in ein Taxi steigen, in dem mehr als nur der Fahrer sitzt. Auch ist es am sichersten, per Telefon [&hellip;]<\/p>\n","protected":false},"author":1,"featured_media":0,"parent":17334,"menu_order":10,"comment_status":"closed","ping_status":"closed","template":"","meta":{"footnotes":""},"class_list":["post-17462","page","type-page","status-publish","hentry"],"_links":{"self":[{"href":"https:\/\/www.alemape-tours.com\/de\/wp-json\/wp\/v2\/pages\/17462","targetHints":{"allow":["GET"]}}],"collection":[{"href":"https:\/\/www.alemape-tours.com\/de\/wp-json\/wp\/v2\/pages"}],"about":[{"href":"https:\/\/www.alemape-tours.com\/de\/wp-json\/wp\/v2\/types\/page"}],"author":[{"embeddable":true,"href":"https:\/\/www.alemape-tours.com\/de\/wp-json\/wp\/v2\/users\/1"}],"replies":[{"embeddable":true,"href":"https:\/\/www.alemape-tours.com\/de\/wp-json\/wp\/v2\/comments?post=17462"}],"version-history":[{"count":1,"href":"https:\/\/www.alemape-tours.com\/de\/wp-json\/wp\/v2\/pages\/17462\/revisions"}],"predecessor-version":[{"id":32517,"href":"https:\/\/www.alemape-tours.com\/de\/wp-json\/wp\/v2\/pages\/17462\/revisions\/32517"}],"up":[{"embeddable":true,"href":"https:\/\/www.alemape-tours.com\/de\/wp-json\/wp\/v2\/pages\/17334"}],"wp:attachment":[{"href":"https:\/\/www.alemape-tours.com\/de\/wp-json\/wp\/v2\/media?parent=17462"}],"curies":[{"name":"wp","href":"https:\/\/api.w.org\/{rel}","templated":true}]}}