{"id":17455,"date":"2018-08-23T22:06:49","date_gmt":"2018-08-23T20:06:49","guid":{"rendered":"https:\/\/www.alemape-tours.com\/?page_id=17455"},"modified":"2025-08-12T02:28:34","modified_gmt":"2025-08-12T00:28:34","slug":"mietwagen","status":"publish","type":"page","link":"https:\/\/www.alemape-tours.com\/de\/informationen\/mietwagen\/","title":{"rendered":"Mietwagen"},"content":{"rendered":"<p><img decoding=\"async\" class=\"size-full wp-image-6337 aligncenter\" src=\"https:\/\/www.alemape-tours.com\/wp-content\/uploads\/2018\/07\/Beitrag_Mietwagen.jpg\" alt=\"Mietwagen\" width=\"617\" height=\"331\" title=\"\" srcset=\"https:\/\/www.alemape-tours.com\/wp-content\/uploads\/2018\/07\/Beitrag_Mietwagen.jpg 617w, https:\/\/www.alemape-tours.com\/wp-content\/uploads\/2018\/07\/Beitrag_Mietwagen-600x322.jpg 600w\" sizes=\"(max-width: 617px) 100vw, 617px\" \/><\/p>\n<p>Voraussetzung sind in beiden L\u00e4ndern der nationale F\u00fchrerschein, ein Mindestalter von 21-25 Jahren (je nach Wagentyp und Verleihfirma) und eine Kreditkarte. Ein Wagen der preisg\u00fcnstigsten Kategorie (z.B. Fiat Uno) kostet in Peru f\u00fcr einen Tag ca. 35 Euro, meist inkl. 200 Freikilometer. Mieter unter 25 Jahren kann eine Zusatzgeb\u00fchr berechnet werden. Benzin wird in Gallonen (3,7 l) berechnet. Die aktuelle \u00dcbersicht \u00fcber die Literpreise in Peru finden Sie hier: <strong><a href=\"https:\/\/de.globalpetrolprices.com\/Peru\/gasoline_prices\/\" target=\"_blank\" rel=\"noopener noreferrer\">GlobalPetroPrices<\/a>.<\/strong> Mietwagen lohnen sich nur f\u00fcr Nahziele, es sei denn Sie haben gen\u00fcgend Zeit und kennen sich mit den speziellen Gegebenheiten Perus sehr gut aus. Die meisten St\u00e4dte sind gut mit dem Flugzeug erreichbar.<\/p>\n<p><a href=\"https:\/\/www.paylesscar.com\/cars\/international\/PE\/\" target=\"_blank\" rel=\"noopener noreferrer\"><img decoding=\"async\" class=\"alignnone wp-image-6339 size-full\" src=\"https:\/\/www.alemape-tours.com\/wp-content\/uploads\/2018\/07\/Beitrag_Logo_Payless.jpg\" alt=\"Payless Car Rental Per\u00fa\" width=\"170\" height=\"61\" title=\"\"><\/a><\/p>\n<p>Our favorite recommendation is e.g. <a href=\"https:\/\/www.paylesscar.pe\/en\/\" target=\"_blank\" rel=\"noopener noreferrer\"><strong>Payless Car Rental<\/strong><\/a> (LEider nur in Englisch oder Spanisch), which has an office across from the Airport Lima &#8211; Jorge Chavez.<\/p>\n","protected":false},"excerpt":{"rendered":"<p>Voraussetzung sind in beiden L\u00e4ndern der nationale F\u00fchrerschein, ein Mindestalter von 21-25 Jahren (je nach Wagentyp und Verleihfirma) und eine Kreditkarte. Ein Wagen der preisg\u00fcnstigsten Kategorie (z.B. Fiat Uno) kostet in Peru f\u00fcr einen Tag ca. 35 Euro, meist inkl. 200 Freikilometer. Mieter unter 25 Jahren kann eine Zusatzgeb\u00fchr berechnet werden. Benzin wird in Gallonen [&hellip;]<\/p>\n","protected":false},"author":1,"featured_media":0,"parent":17334,"menu_order":9,"comment_status":"closed","ping_status":"closed","template":"","meta":{"footnotes":""},"class_list":["post-17455","page","type-page","status-publish","hentry"],"_links":{"self":[{"href":"https:\/\/www.alemape-tours.com\/de\/wp-json\/wp\/v2\/pages\/17455","targetHints":{"allow":["GET"]}}],"collection":[{"href":"https:\/\/www.alemape-tours.com\/de\/wp-json\/wp\/v2\/pages"}],"about":[{"href":"https:\/\/www.alemape-tours.com\/de\/wp-json\/wp\/v2\/types\/page"}],"author":[{"embeddable":true,"href":"https:\/\/www.alemape-tours.com\/de\/wp-json\/wp\/v2\/users\/1"}],"replies":[{"embeddable":true,"href":"https:\/\/www.alemape-tours.com\/de\/wp-json\/wp\/v2\/comments?post=17455"}],"version-history":[{"count":1,"href":"https:\/\/www.alemape-tours.com\/de\/wp-json\/wp\/v2\/pages\/17455\/revisions"}],"predecessor-version":[{"id":32514,"href":"https:\/\/www.alemape-tours.com\/de\/wp-json\/wp\/v2\/pages\/17455\/revisions\/32514"}],"up":[{"embeddable":true,"href":"https:\/\/www.alemape-tours.com\/de\/wp-json\/wp\/v2\/pages\/17334"}],"wp:attachment":[{"href":"https:\/\/www.alemape-tours.com\/de\/wp-json\/wp\/v2\/media?parent=17455"}],"curies":[{"name":"wp","href":"https:\/\/api.w.org\/{rel}","templated":true}]}}