{"id":17418,"date":"2018-08-23T21:00:53","date_gmt":"2018-08-23T19:00:53","guid":{"rendered":"https:\/\/www.alemape-tours.com\/?page_id=17418"},"modified":"2025-08-12T00:52:53","modified_gmt":"2025-08-11T22:52:53","slug":"auslands-krankenversicherung","status":"publish","type":"page","link":"https:\/\/www.alemape-tours.com\/de\/informationen\/auslands-krankenversicherung\/","title":{"rendered":"Auslands-Krankenversicherung"},"content":{"rendered":"<h1><span style=\"color: #1ca4b4;\">Notwendig?<\/span><\/h1>\n<p>Die Jahres-Reise-Krankenversicherung oder eine Auslands-Krankenversicherung geh\u00f6rt zu den wirklich notwendigen Reise-Versicherungen, da sie dein existenzielles Risiko abdeckt und besonders bei l\u00e4ngeren oder auch mehreren Reisen \u00fcber das Jahr verteilt kein ausreichender Schutz durch eine normale gesetzliche Krankenversicherung aus Deutschland besteht.<\/p>\n<h2><span style=\"color: #1ca4b4;\">Wie lange gilt so eine Auslands-Krankenversicherung?<\/span><\/h2>\n<p>Die verschiedenen Versicherung haben sehr verschiedene Tarifmodelle, die aber irgend wie \u00e4hnlich sind. Bei der HanseMerkur kannst du f\u00fcr einen einzigen einmaligen Auslandsaufenthalt (diese gilt dann nur f\u00fcr diesen begrenzten Zeitraum) eine Auslands-Krankenversicherung abschlie\u00dfen. Aber so richtig lohnen tut sich das nicht, vor allem, wenn man jedes Jahr irgend wo im Ausland Urlaub machen m\u00f6chte.<\/p>\n<p>Sobald du mehrmals im Jahr weg sein willst\u2013 und das bis zu je maximal sechs bis acht Wochen \u2013 dann schlie\u00dft du direkt eine g\u00fcnstige Jahres-Reise-Krankenversicherung bei HanseMerkur ab (kostet meist ca. zehn bis zwanzig Euro). Der Vorteil ist auch, da\u00df wenn du die Versicherung nicht k\u00fcndigst, sich diese automatisch f\u00fcr ein weiteres Jahr verl\u00e4ngert. Das sind in etwas die wichtigsten Eckpunkte einer Jahres-Reise-Krankenversicherung:<\/p>\n<p>Willst du noch l\u00e4nger unterwegs sein, z.B. weil du als Rentner gen\u00fcgend Zeit hast, dann wird auch eine herk\u00f6mmliche Auslandskrankenversicherung nicht mehr ausreichen und dabei mu\u00df man dann deutlich mehr bezahlen. Die Tarife der Versicherer unterscheiden sich je nach Alter des zu Versichernden. Auch ist es entscheidend, ob man \u00fcber eine Zeit hinweg die USA und\/oder Canada bereisen will. Die deutlichen Unterschiede sind den hohen Behandlungskosten in Nordamerika geschuldet.<\/p>\n<p>Erforderlich ist die Auslands-Krankenversicherung, weil die gesetzliche Krankenversicherung im au\u00dfereurop\u00e4ischen Ausland fast keine oder keine Leistungen erbringt. Ohne entsprechende Langzeit-Auslandskrankenversicherung kann der medizinische Notfall dann schnell zu Ihrem finanziellen Ruin f\u00fchren.<\/p>\n<h2><span style=\"color: #1ca4b4;\">Unser Tipp<\/span><\/h2>\n<p>Hast du neben einer Langzeit-Auslandskrankenversicherung, die manchmal mit einer Selbstbeteiligung abgeschlo\u00dfen wird, um Kosten zu sparen, auch noch eine normale Jahres-Reise-Auslandskrankenversicherung, die es oft z. B. bei einer Kreditkarte gratis mit dazu gibt, so solltest du bei einem Schadensfall in den ersten sechs Wochen deines Urlaubs pr\u00fcfen, ob eine der beiden Versicherungen keine Selbstbeteiligung hat und dann den Schaden hier\u00fcber regulieren.<\/p>\n<p>Einen Krankenr\u00fccktransport tragen zwar die meisten Versicherungen, aber w\u00e4hrend viele Anbieter den R\u00fccktransport nur bei medizinischer Notwendigkeit bezahlen, gibt es andere, die die Kosten schon \u00fcbernehmen, wenn es medizinisch sinnvoll ist.<\/p>\n<h1><span style=\"color: #1ca4b4;\">Die Hanse Merkur Langzeit- Auslandskrankenversicherung<\/span><\/h1>\n<p><a href=\"https:\/\/www.hansemerkur.de\/angebot\/auslandskrankenversicherung\/\" target=\"_blank\" rel=\"noopener noreferrer\"><img decoding=\"async\" class=\"alignnone wp-image-6096 size-full\" src=\"https:\/\/www.alemape-tours.com\/wp-content\/uploads\/2015\/02\/hansemerkur-logo.png\" alt=\"HanseMerkur\" width=\"280\" height=\"67\" title=\"\"><\/a><\/p>\n<p>Wir haben das f\u00fcr uns selbst auch schon \u00f6fters recherchiert. Bei dem Tarifdschungel ist es absolut erforderlich, Preise und Leistungen im Internet nach den eigenen Erfordernissen zu vergleichen. Auch die Stiftung Warentest testet immer mal wieder die verschiedensten Anbieter von Langzeit-Auslands-Krankenversicherungen. Laut Stiftung Warentest ist man mit der Langzeit-Auslands-Krankenversicherung der Hanse Merkur bestens abgesichert.<\/p>\n<p>Zur Info hier der <a href=\"https:\/\/www.hansemerkur.de\/reiseversicherungen?tcr=2602415&amp;etcc_med=SEA&amp;etcc_var=desktop&amp;etcc_par=Google&amp;etcc_cmp=02_generisch_reise_versicherung&amp;etcc_grp=528231212\" target=\"_blank\" rel=\"noopener noreferrer\"><strong>Link<\/strong><\/a>, der zur \u00dcbersicht der verschiedenen Angebote der HanseMerkur und ein <a href=\"https:\/\/www.hansemerkur.de\/reiseversicherungspakete\/jahresschutz\" target=\"_blank\" rel=\"noopener noreferrer\"><strong>Link<\/strong><\/a> zur HanseMerkur, der speziell f\u00fcr l\u00e4ngerzeitig Reisende interessant ist.<\/p>\n<h1><span style=\"color: #1ca4b4;\">Envivas Krankenversicherung<\/span><\/h1>\n<p><a href=\"https:\/\/www.envivas.de\/tarife\" target=\"_blank\" rel=\"noopener noreferrer\"><img decoding=\"async\" class=\"alignnone wp-image-6097\" src=\"https:\/\/www.alemape-tours.com\/wp-content\/uploads\/2015\/02\/Envivas-logo.png\" alt=\"Envivas\" width=\"280\" height=\"61\" title=\"\"><\/a><\/p>\n<p>Auch hier haben wir die verschiedensten Tarife nach den oben angegebenen Punkten untersucht. Die Envias-Auslands-Krankenversicherungen empfehlen sich haupts\u00e4chlich f\u00fcr die Reisen bis zu 90 Tagen.<\/p>\n<p>Hier zur Info der Link zur <a href=\"https:\/\/www.envivas.de\/de\/tarife-und-service\/zusatzversicherungen\/auslandsreise#\/quickrechner\/reise\" target=\"_blank\" rel=\"noopener noreferrer\"><strong>Envivas<\/strong><\/a>.<\/p>\n","protected":false},"excerpt":{"rendered":"<p>Notwendig? Die Jahres-Reise-Krankenversicherung oder eine Auslands-Krankenversicherung geh\u00f6rt zu den wirklich notwendigen Reise-Versicherungen, da sie dein existenzielles Risiko abdeckt und besonders bei l\u00e4ngeren oder auch mehreren Reisen \u00fcber das Jahr verteilt kein ausreichender Schutz durch eine normale gesetzliche Krankenversicherung aus Deutschland besteht. Wie lange gilt so eine Auslands-Krankenversicherung? Die verschiedenen Versicherung haben sehr verschiedene Tarifmodelle, die [&hellip;]<\/p>\n","protected":false},"author":1,"featured_media":0,"parent":17334,"menu_order":5,"comment_status":"closed","ping_status":"closed","template":"","meta":{"footnotes":""},"class_list":["post-17418","page","type-page","status-publish","hentry"],"_links":{"self":[{"href":"https:\/\/www.alemape-tours.com\/de\/wp-json\/wp\/v2\/pages\/17418","targetHints":{"allow":["GET"]}}],"collection":[{"href":"https:\/\/www.alemape-tours.com\/de\/wp-json\/wp\/v2\/pages"}],"about":[{"href":"https:\/\/www.alemape-tours.com\/de\/wp-json\/wp\/v2\/types\/page"}],"author":[{"embeddable":true,"href":"https:\/\/www.alemape-tours.com\/de\/wp-json\/wp\/v2\/users\/1"}],"replies":[{"embeddable":true,"href":"https:\/\/www.alemape-tours.com\/de\/wp-json\/wp\/v2\/comments?post=17418"}],"version-history":[{"count":1,"href":"https:\/\/www.alemape-tours.com\/de\/wp-json\/wp\/v2\/pages\/17418\/revisions"}],"predecessor-version":[{"id":32502,"href":"https:\/\/www.alemape-tours.com\/de\/wp-json\/wp\/v2\/pages\/17418\/revisions\/32502"}],"up":[{"embeddable":true,"href":"https:\/\/www.alemape-tours.com\/de\/wp-json\/wp\/v2\/pages\/17334"}],"wp:attachment":[{"href":"https:\/\/www.alemape-tours.com\/de\/wp-json\/wp\/v2\/media?parent=17418"}],"curies":[{"name":"wp","href":"https:\/\/api.w.org\/{rel}","templated":true}]}}