{"id":17318,"date":"2018-08-23T14:47:05","date_gmt":"2018-08-23T12:47:05","guid":{"rendered":"https:\/\/www.alemape-tours.com\/?page_id=17318"},"modified":"2025-08-12T00:50:38","modified_gmt":"2025-08-11T22:50:38","slug":"gesundheit","status":"publish","type":"page","link":"https:\/\/www.alemape-tours.com\/de\/informationen\/gesundheit\/","title":{"rendered":"Gesundheit"},"content":{"rendered":"<h1><span style=\"color: #1ca4b4;\">Alles rund um die Gesundheit<\/span><\/h1>\n<h2><span style=\"color: #1ca4b4;\">Wasser<\/span><\/h2>\n<p>Wir raten Ihnen zur Pr\u00e4vention von Durchfallerkrankungen das Leitungswasser nur abgekocht (z.B. als Tee) und Mineralwasser aus Flaschen zu trinken, Bei Eink\u00e4ufen achten Sie bitte darauf, dass der Verschluss unbesch\u00e4digt ist. Au\u00dferdem sollten Sie auf Eisw\u00fcrfel in Getr\u00e4nken verzichten, wenn Sie sich nicht sicher sind, dass diese mit aufbereitetem Wasser hergestellt wurden. Speisen sollte man frisch gekocht und Obst gesch\u00e4lt geniessen.<\/p>\n<h1><span style=\"color: #1ca4b4;\">Sonne und Sonnenschutz<\/span><\/h1>\n<p>Untersch\u00e4tzen Sie die Tropensonne nicht! Insbesondere in den h\u00f6heren Lagen Perus ist die UV-Belastung sehr hoch. Sorgt daher f\u00fcr ausreichend Sonnenschutz durch Kleidung (lange Kleidung, <strong><a href=\"http:\/\/amzn.to\/2njfjVt\" target=\"_blank\" rel=\"noopener noreferrer\">Sonnenbrille<\/a><\/strong> *, Wir verwenden auf dieser Seite Amazon Affiliate Links: Der Klick kostet Ihnen keinen Cent mehr, aber Sie unterst\u00fctzen uns mit einer kleinen Provision. Vielen Dank daf\u00fcr., <strong><a href=\"http:\/\/amzn.to\/2mPUX8y\" target=\"_blank\" rel=\"noopener noreferrer\">Sonnenhut<\/a><\/strong> * oder <strong><a href=\"http:\/\/amzn.to\/2nd0SW6\" target=\"_blank\" rel=\"noopener noreferrer\">Basecap<\/a><\/strong> *)\u00a0 und <strong><a href=\"http:\/\/amzn.to\/2ndh8WZ\" target=\"_blank\" rel=\"noopener noreferrer\">Sonnenschutzmittel mit hohem Lichtschutzfaktor z.B. 50<\/a><\/strong> *.<\/p>\n<h1><span style=\"color: #1ca4b4;\">Hinweis zur H\u00f6henkrankheit<\/span><\/h1>\n<figure id=\"attachment_17320\" aria-describedby=\"caption-attachment-17320\" style=\"width: 230px\" class=\"wp-caption alignright\"><a href=\"http:\/\/www.sorojchipills.com\" target=\"_blank\" rel=\"noopener noreferrer\"><img decoding=\"async\" class=\"wp-image-17320\" src=\"https:\/\/www.alemape-tours.com\/wp-content\/uploads\/2018\/08\/2016_11_28_sorojchi_pills.jpg\" alt=\"Sorojchi Pills\" width=\"230\" height=\"251\" title=\"\"><\/a><figcaption id=\"caption-attachment-17320\" class=\"wp-caption-text\">Zur Infoseite der Sorojchi Pills bitte hier klicken<\/figcaption><\/figure>\n<p>Auf unseren Touren durch Peru erreichen wir H\u00f6hen von \u00fcber 3.800m als auch 5.000m. Die H\u00f6henluft ist sauerstoffarm und von geringerem atmosph\u00e4rischem Druck, weshalb sich bei H\u00f6hen ab 2.500m Symptome der H\u00f6henkrankheit wie z.B. Kopfschmerzen, Schwindel und \u00dcbelkeit zeigen k\u00f6nnen. Auch wenn der Reiseverlauf eine langsame H\u00f6henanpassung vorsieht, setzen Reisen durch Peru eine gute Gesundheit sowie eine gute Grundkondition voraus. Allen Reiseinteressierten mit Herz-Kreislaufbeschwerden wird dringend eine Beratung durch den Hausarzt empfohlen, der Ihnen dann auch \u00fcber m\u00f6gliche Pr\u00e4ventionsmassnahmen aufkl\u00e4ren soll. <span style=\"color: #1ca4b4;\"><strong>Sorochi Pills kaufen Sie man am besten direkt in Lima, weil sie au\u00dferhalb einiges teurer sind<\/strong>.<\/span><\/p>\n<h1><span style=\"color: #1ca4b4;\">Medizinische Versorgung vor Ort<\/span><\/h1>\n<p>Obwohl Peru in den Augen einiger Menschen immer noch mehr zu den sogenannten \u201eEntwicklungsl\u00e4ndern\u201c z\u00e4hlt, sind die Standards im Bereich Hygiene und Gesundheit relativ hoch. Peru ist diesen Status \u00fcbrigens seit einigen Jahren los geworden. Insbesondere in gro\u00dfen St\u00e4dten wie Lima entspricht die medizinische Versorgung dem europ\u00e4ischen Standard. In l\u00e4ndlichen Regionen herrschen andere technische und hygienische Voraussetzungen. In gro\u00dfen, privaten Krankenh\u00e4usern m\u00fcssen Medikamente und eine ggf. notwendige medizinische Behandlung\u00a0 meist direkt in bar (oder Kreditkarte) und noch vor Ort gezahlt werden. Bitte informieren Sie sich vor Ihrer Reise unbedingt bei einem Reisemediziner oder einer Beratungsstelle. Wir empfehlen au\u00dferdem grunds\u00e4tzlich den Abschlu\u00df einer Reisekrankenversicherung (z.B. <strong><a href=\"https:\/\/www.envivas.de\/de\/tarife-und-service\/zusatzversicherungen\/auslandsreise#\/quickrechner\/reise\" target=\"_blank\" rel=\"noopener noreferrer\">Envivas Krankenversicherung<\/a><\/strong> oder <strong><a href=\"https:\/\/www.hansemerkur.de\/reiseversicherungen?tcr=2602415&amp;etcc_med=SEA&amp;etcc_var=desktop&amp;etcc_par=Google&amp;etcc_cmp=02_generisch_reise_versicherung&amp;etcc_grp=528231212\" target=\"_blank\" rel=\"noopener noreferrer\">HanseMerkur Reiseversicherungs AG<\/a><\/strong>).<\/p>\n<h1><span style=\"color: #1ca4b4;\">Impfungen<\/span><\/h1>\n<p>F\u00fcr europ\u00e4ische Reisende sind momentan keine Impfungen vorgeschrieben. Bitte \u00fcberpr\u00fcfen Sie, ob die \u00fcblichen Impfungen wie Polio, Tetanus und ggf. Typhus die Wirksamkeit noch nicht verloren haben. Ausserdem wird Hepatitis A und B bei l\u00e4ngerem Aufenthalt in den n\u00f6rdlichen Regionen\u00a0 empfohlen (<strong><a href=\"http:\/\/www.auswaertiges-amt.de\/DE\/Laenderinformationen\/00-SiHi\/PeruSicherheit.html?nn=332704?nnm=332704\" target=\"_blank\" rel=\"noopener noreferrer\">Ausw\u00e4rtiges Amt<\/a><\/strong>).<\/p>\n<p>Grunds\u00e4tzlich kann bei der Einreise von allen Reisenden, die \u00e4lter als zw\u00f6lf Monate sind die Vorlage eines Gelbfieber-Impfzertifikats verlangt werden. Rechtslage und Verwaltungspraxis stimmen allerdings nicht immer \u00fcberein.<\/p>\n<p>Denguefieber ist eine zun\u00e4chst grippe\u00e4hnliche Erkrankung, die durch M\u00fcckenstiche \u00fcbertragen wird. Da es keine Impfung gegen Denguefieber gibt, empfiehlt es sich sch\u00fctzende Kleidung zu tragen (lange Hosen, lang\u00e4rmelige Hemden) und auch immer F\u00fcsse und Fussgelenke zu sch\u00fctzen. Ausserdem empfehlen wir Ihnen ein Insektenschutzmittel zu benutzen (z.B. <strong><a href=\"http:\/\/amzn.to\/2mfTKDr\" target=\"_blank\" rel=\"noopener noreferrer\">Autan<\/a><\/strong> * oder <strong><a href=\"http:\/\/amzn.to\/2mzrbCH\" target=\"_blank\" rel=\"noopener noreferrer\">OFF<\/a><\/strong> * oder <strong><a href=\"http:\/\/amzn.to\/2mzn0XD\" target=\"_blank\" rel=\"noopener noreferrer\">\u00e4hnliches<\/a><\/strong> *).<br \/>\nSowohl Dengue als auch Malaria treten immer wieder in tropischen L\u00e4ndern auf. Hier gilt es die oben genannten Pr\u00e4ventionsmassnahmen zu beachten. Die auf unserer Tour besuchten Gebiete gelten jedoch in aller Regel als malariafrei und frei von Denguefieber.<\/p>\n<p>Wir empfehlen Ihnen unbedingt, sich rechtzeitig vor der Abreise mit Ihrem Arzt oder einem Reisemediziner in Verbindung zu setzen, um sich \u00fcber entsprechende Impfungen bzw. Risiken anderer Infektionskrankheiten (z.B. Malaria, Gelbfieber etc.) zu informieren und ggf. weiteren Impfschutz bzw. Prophylaxemassnahmen zu ergreifen.<\/p>\n<p>Impfpass \u2013 Haben Sie alle notwendigen Reise-Impfungen? Wenn Sie sich nicht sicher sind, lesen Sie unseren Artikel zu Reise-Impfungen. Den Impf-Pass brauchen Sie in vielen L\u00e4ndern um nachzuweisen, dass Sie gegen bestimmte Krankheiten geimpft sind.<br \/>\nHier eine <a href=\"http:\/\/www.crm.de\/krankenkassen\/kk_tabelle_kassen.htm\" target=\"_blank\" rel=\"noopener noreferrer\"><strong>Liste<\/strong><\/a> der Krankenkassen uns was sie bei Impfungen \u00fcbernehmen.<\/p>\n<h1><span style=\"color: #1ca4b4;\">Aktueller Hinweis zum Zika-Virus<\/span><\/h1>\n<p>Zur Zeit treten in Lateinamerika mehrere F\u00e4lle des Zika-Virus auf, das eng verwandt mit dem Erreger des Dengue-Fiebers ist. Da es auch bei diesem Virus keine Impfung gibt und die \u00dcbertragung ausschliesslich \u00fcber Stechm\u00fccken erfolgt, sollte unbedingt darauf geachtet werden, sch\u00fctzende Kleidung, wie lange Hosen und lang\u00e4rmelige Oberteile zu tragen. Zus\u00e4tzlich empfehlen wir Ihnen Insektenschutzmittel aufzutragen (z.B. <strong><a href=\"http:\/\/amzn.to\/2mfTKDr\" target=\"_blank\" rel=\"noopener noreferrer\">Autan<\/a><\/strong> * oder <strong><a href=\"http:\/\/amzn.to\/2mzrbCH\" target=\"_blank\" rel=\"noopener noreferrer\">OFF<\/a><\/strong> * oder <strong><a href=\"http:\/\/amzn.to\/2mzn0XD\" target=\"_blank\" rel=\"noopener noreferrer\">\u00e4hnliches<\/a><\/strong> *).<\/p>\n<h1><span style=\"color: #1ca4b4;\">Reiseapotheke<\/span><\/h1>\n<p><img decoding=\"async\" class=\"alignright wp-image-17323\" src=\"https:\/\/www.alemape-tours.com\/wp-content\/uploads\/2018\/08\/2016_11_28_reiseapotheke.jpg\" alt=\"Reiseapotheke\" width=\"250\" height=\"170\" title=\"\" srcset=\"https:\/\/www.alemape-tours.com\/wp-content\/uploads\/2018\/08\/2016_11_28_reiseapotheke.jpg 780w, https:\/\/www.alemape-tours.com\/wp-content\/uploads\/2018\/08\/2016_11_28_reiseapotheke-768x521.jpg 768w, https:\/\/www.alemape-tours.com\/wp-content\/uploads\/2018\/08\/2016_11_28_reiseapotheke-600x407.jpg 600w\" sizes=\"(max-width: 250px) 100vw, 250px\" \/><\/p>\n<p>Sollten Sie regelm\u00e4\u00dfig Medikamente einnehmen m\u00fcssen, so nehmen Sie davon einen ausreichenden Vorrat davon mit. Ihre Reiseapotheke sollte zus\u00e4tzlich so mit Medikamenten ausgestattet sein, das Sie gegen Durchfall (<strong><a href=\"http:\/\/amzn.to\/2mfV49m\" target=\"_blank\" rel=\"noopener noreferrer\">Kohletabletten<\/a><\/strong> *,\u00a0 <strong><a href=\"http:\/\/amzn.to\/2nddYml\" target=\"_blank\" rel=\"noopener noreferrer\">Eubiol<\/a><\/strong> * und <strong><a href=\"http:\/\/amzn.to\/2mXmTHN\" target=\"_blank\" rel=\"noopener noreferrer\">Elotrans<\/a><\/strong> *), Reisekrankheit (z.B. <strong><a href=\"http:\/\/amzn.to\/2mX6h2R\" target=\"_blank\" rel=\"noopener noreferrer\">Reisegold<\/a><\/strong> * ), Bauchschmerzen oder Kr\u00e4mpfe im Darm (z.B. <strong><a href=\"http:\/\/amzn.to\/2mfGgHU\" target=\"_blank\" rel=\"noopener noreferrer\">Buscopan<\/a><\/strong>), Bl\u00e4hungen (z.B. <strong><a href=\"http:\/\/amzn.to\/2nj5Cq9\" target=\"_blank\" rel=\"noopener noreferrer\">Espumisan<\/a><\/strong> *), Fieber (z.B. <strong><a href=\"http:\/\/amzn.to\/2nj05Ql\" target=\"_blank\" rel=\"noopener noreferrer\">ASS<\/a><\/strong> *), Schmerzen (z.B. <strong><a href=\"http:\/\/amzn.to\/2msWOjO\" target=\"_blank\" rel=\"noopener noreferrer\">Paracetamol<\/a><\/strong> *) sowie <strong><a href=\"http:\/\/amzn.to\/2ltoVzL\" target=\"_blank\" rel=\"noopener noreferrer\">Wunddesinfektionsmittel<\/a><\/strong> *, Wundsalbe (z.B. <strong><a href=\"http:\/\/amzn.to\/2lOLElC\" target=\"_blank\" rel=\"noopener noreferrer\">Bepanthen<\/a><\/strong> *, <strong><a href=\"http:\/\/amzn.to\/2mfXqoT\" target=\"_blank\" rel=\"noopener noreferrer\">Insekten<\/a><\/strong>&#8211; * und <strong><a href=\"http:\/\/amzn.to\/2lQIhyU\" target=\"_blank\" rel=\"noopener noreferrer\">Sonnenschutzmittel<\/a><\/strong> *, <strong><a href=\"http:\/\/amzn.to\/2mg5Xb7\" target=\"_blank\" rel=\"noopener noreferrer\">Salbe bei Insektenstichen<\/a><\/strong> * oder anderen Hautreizungen (z.B. <strong><a href=\"http:\/\/amzn.to\/2mqjMrx\" target=\"_blank\" rel=\"noopener noreferrer\">Feinistil<\/a><\/strong> *), <strong><a href=\"http:\/\/amzn.to\/2mXbMi8\" target=\"_blank\" rel=\"noopener noreferrer\">Fieberthermometer<\/a><\/strong> * und Verbandsmaterial (z.B. <strong><a href=\"http:\/\/amzn.to\/2msVayu\" target=\"_blank\" rel=\"noopener noreferrer\">Leucotape<\/a><\/strong> * und <strong><a href=\"http:\/\/amzn.to\/2n2CXVk\" target=\"_blank\" rel=\"noopener noreferrer\">Mullbinde<\/a><\/strong> *), (<strong><a href=\"http:\/\/amzn.to\/2ltnhOB\" target=\"_blank\" rel=\"noopener noreferrer\">Pflaster<\/a><\/strong> * und <strong><a href=\"http:\/\/amzn.to\/2mPMm5t\" target=\"_blank\" rel=\"noopener noreferrer\">Blasenpflaster<\/a><\/strong> *)ausreichend ger\u00fcstet seid.<\/p>\n<p>&nbsp;<\/p>\n<h3><span style=\"color: #1ca4b4;\"><em><strong>Disclaimer:<\/strong><\/em><\/span><\/h3>\n<p>Bitte beachten Sie, dass dieser Beitrag Affiliate-Links (mit * gekennzeichnet) enthalten kann. Wir bekommen eine kleine Provision, wenn Sie \u00fcber einen dieser Links etwas kauft. Es entstehen Ihnen keine zus\u00e4tzlichen Kosten. Wir empfehlen nichts, was wir nicht selber gut finden und auch selbst im Gebrauch haben oder hatten. Wir hoffen unsere Berichte, Tips und Tricks Ihnen bei der eigenen Auswahl helfen. Sie k\u00f6nnen uns unterst\u00fctzen indem Sie \u00fcber diese Links kaufen. Sollten Sie Fragen oder Anregungen haben, schreiben Sie uns. Wir beantworten gerne jede Frage.<\/p>\n","protected":false},"excerpt":{"rendered":"<p>Alles rund um die Gesundheit Wasser Wir raten Ihnen zur Pr\u00e4vention von Durchfallerkrankungen das Leitungswasser nur abgekocht (z.B. als Tee) und Mineralwasser aus Flaschen zu trinken, Bei Eink\u00e4ufen achten Sie bitte darauf, dass der Verschluss unbesch\u00e4digt ist. Au\u00dferdem sollten Sie auf Eisw\u00fcrfel in Getr\u00e4nken verzichten, wenn Sie sich nicht sicher sind, dass diese mit aufbereitetem [&hellip;]<\/p>\n","protected":false},"author":1,"featured_media":0,"parent":17334,"menu_order":4,"comment_status":"closed","ping_status":"closed","template":"","meta":{"footnotes":""},"class_list":["post-17318","page","type-page","status-publish","hentry"],"_links":{"self":[{"href":"https:\/\/www.alemape-tours.com\/de\/wp-json\/wp\/v2\/pages\/17318","targetHints":{"allow":["GET"]}}],"collection":[{"href":"https:\/\/www.alemape-tours.com\/de\/wp-json\/wp\/v2\/pages"}],"about":[{"href":"https:\/\/www.alemape-tours.com\/de\/wp-json\/wp\/v2\/types\/page"}],"author":[{"embeddable":true,"href":"https:\/\/www.alemape-tours.com\/de\/wp-json\/wp\/v2\/users\/1"}],"replies":[{"embeddable":true,"href":"https:\/\/www.alemape-tours.com\/de\/wp-json\/wp\/v2\/comments?post=17318"}],"version-history":[{"count":1,"href":"https:\/\/www.alemape-tours.com\/de\/wp-json\/wp\/v2\/pages\/17318\/revisions"}],"predecessor-version":[{"id":32499,"href":"https:\/\/www.alemape-tours.com\/de\/wp-json\/wp\/v2\/pages\/17318\/revisions\/32499"}],"up":[{"embeddable":true,"href":"https:\/\/www.alemape-tours.com\/de\/wp-json\/wp\/v2\/pages\/17334"}],"wp:attachment":[{"href":"https:\/\/www.alemape-tours.com\/de\/wp-json\/wp\/v2\/media?parent=17318"}],"curies":[{"name":"wp","href":"https:\/\/api.w.org\/{rel}","templated":true}]}}