{"id":17312,"date":"2018-08-23T14:37:56","date_gmt":"2018-08-23T12:37:56","guid":{"rendered":"https:\/\/www.alemape-tours.com\/?page_id=17312"},"modified":"2025-08-12T00:45:48","modified_gmt":"2025-08-11T22:45:48","slug":"diplomatische-vertretungen","status":"publish","type":"page","link":"https:\/\/www.alemape-tours.com\/de\/informationen\/diplomatische-vertretungen\/","title":{"rendered":"Diplomatische Vertretungen"},"content":{"rendered":"<h1><span style=\"color: #1ca4b4;\">Botschaft der Bundesrepublik Deutschland<\/span><\/h1>\n<h2><span style=\"color: #1ca4b4;\">Leiter<\/span><\/h2>\n<p>Stefan Herzberg, au\u00dferordentlicher und bevollm\u00e4chtigter Botschafter<\/p>\n<h2><span style=\"color: #1ca4b4;\">Ort<\/span><\/h2>\n<p>Lima<\/p>\n<h2><span style=\"color: #1ca4b4;\">Telefon<\/span><\/h2>\n<p>+51 1 203 59 40<\/p>\n<h2><span style=\"color: #1ca4b4;\">Fax<\/span><\/h2>\n<p>+51 1 422 48 13; \u00fcber das Ausw\u00e4rtige Amt in Berlin: +49 30 1817 671 51<\/p>\n<h2><span style=\"color: #1ca4b4;\">Postadresse<\/span><\/h2>\n<p>Embajada de la Rep\u00fablica Federal de Alemania, Apartado 18-0504, Lima 18, Per\u00fa.<\/p>\n<h2><span style=\"color: #1ca4b4;\">Stra\u00dfenanschrift<\/span><\/h2>\n<p>Av. Dionisio Derteano 144, Edificio Alto Caral, pisos 7 y 8, San Isidro, Lima 27.<\/p>\n<h2><span style=\"color: #1ca4b4;\">\u00d6ffnungszeiten<\/span><\/h2>\n<h3><span style=\"color: #1ca4b4;\">Erreichbarkeit der Telefonzentrale:<\/span><\/h3>\n<p>(s. nachstehend f\u00fcr konsularische Angelegenheiten und Visa)<\/p>\n<p>Montag bis Donnerstag 08:00 bis 16:30 Uhr<br \/>\nFreitag 08:00 bis 13:30 Uhr<br \/>\n(Vom 1. Januar bis 31. M\u00e4rz: Donnerstags bis 13:30 Uhr)<\/p>\n<p>Tel.: (+51) 1 203 59 40<\/p>\n<hr \/>\n<h2><span style=\"color: #1ca4b4;\">Bereitschaftsdienst<\/span><\/h2>\n<h3><span style=\"color: #1ca4b4;\">(nur f\u00fcr dringende Notf\u00e4lle wie z. B. Unfall, \u00dcberfall, Todesfall etc.)<\/span><\/h3>\n<p>Montag bis Donnerstag 16:30 bis 00:00 Uhr<br \/>\nFreitag 13:30 bis 00:00 Uhr<br \/>\nSamstag und Sonntag 08:00 bis 00:00 Uhr<br \/>\n(vom 1. Januar bis 31. M\u00e4rz: donnerstags bereits ab 13:30 Uhr)<\/p>\n<p>Mobitel.: (+51) 997 576 200<\/p>\n<p>An diese Telefonnummer kann auch eine SMS geschickt werden.<\/p>\n<hr \/>\n<h2><span style=\"color: #1ca4b4;\">Alle konsularischen Angelegenheiten au\u00dfer Visa<\/span><\/h2>\n<h3><span style=\"color: #1ca4b4;\">Schalterzeiten:<\/span><\/h3>\n<p>Montag bis Freitag 08:30 bis 11:00 Uhr sowie am<br \/>\nMittwochnachmittag 13:30 bis 15.30 Uhr<\/p>\n<h3><span style=\"color: #1ca4b4;\">Telefonzeiten:<\/span><\/h3>\n<p>Montag bis Freitag 12:00 bis 13:00 Uhr<br \/>\nTel. (+51) 1 203 59 50<br \/>\nFax-Nr. \u00fcber das Ausw\u00e4rtige Amt: +49 30 1817 67152<\/p>\n<hr \/>\n<h2><span style=\"color: #1ca4b4;\">Visastelle<\/span><\/h2>\n<h3><span style=\"color: #1ca4b4;\">Schalterzeiten:<\/span><\/h3>\n<p>Montag bis Freitag 08:30 bis 11:00 Uhr sowie am<br \/>\nMittwochnachmittag 13:30 bis 15.30 Uhr<\/p>\n<h3><span style=\"color: #1ca4b4;\">Telefonzeiten:<\/span><\/h3>\n<p>Montag, Dienstag und Donnerstag 14:30 bis 15:30 Uhr<br \/>\n(vom 1. Januar bis 31. M\u00e4rz: nur Montag und Dienstag)<br \/>\nTel.: (+51) 1 203 59 49<br \/>\nFax-Nr. \u00fcber das Ausw\u00e4rtige Amt: +49 30 1817 67152<\/p>\n<h2><span style=\"color: #1ca4b4;\">Amtsbezirk \/ Konsularbezirk<\/span><\/h2>\n<p>Peru<\/p>\n<h2><span style=\"color: #1ca4b4;\">Website<\/span><\/h2>\n<p><a href=\"http:\/\/www.lima.diplo.de\" target=\"_blank\" rel=\"noopener noreferrer\"><strong><span style=\"color: #1ca4b4;\">http:\/\/www.lima.diplo.de<\/span><\/strong><\/a><\/p>\n<h2><span style=\"color: #1ca4b4;\">E-Mail<\/span><\/h2>\n<p><a href=\"mailto:info@lima.diplo.de\" target=\"_blank\" rel=\"noopener noreferrer\"><span style=\"color: #1ca4b4;\"><strong>info@lima.diplo.de<\/strong><\/span><\/a><\/p>\n<h2><span style=\"color: #1ca4b4;\">Kontakt zur Botschaft<\/span><\/h2>\n<p>Beh\u00f6rdensprachen im Gastland: Spanisch<\/p>\n<h2><span style=\"color: #1ca4b4;\">Hinweis<\/span><\/h2>\n<p>Bei Benutzung einer Telefon- bzw. Faxverbindung via Satellit (Satcom) entstehen h\u00f6here Geb\u00fchren.<\/p>\n<hr \/>\n<hr \/>\n<h1><span style=\"color: #1ca4b4;\">\u00a0Vertretungen der Republik Peru in Deutschland<\/span><\/h1>\n<p>Hier geht es zur <strong><span style=\"color: #1ca4b4;\"><a style=\"color: #1ca4b4;\" href=\"https:\/\/www.auswaertiges-amt.de\/de\/aussenpolitik\/laender\/peru-node\/vertretungenperu\/211946?openAccordionId=item-211996-0-panel\" target=\"_blank\" rel=\"noopener noreferrer\">aktuellen Liste<\/a><\/span><\/strong> des Ausw\u00e4rtigen Amtes<\/p>\n","protected":false},"excerpt":{"rendered":"<p>Botschaft der Bundesrepublik Deutschland Leiter Stefan Herzberg, au\u00dferordentlicher und bevollm\u00e4chtigter Botschafter Ort Lima Telefon +51 1 203 59 40 Fax +51 1 422 48 13; \u00fcber das Ausw\u00e4rtige Amt in Berlin: +49 30 1817 671 51 Postadresse Embajada de la Rep\u00fablica Federal de Alemania, Apartado 18-0504, Lima 18, Per\u00fa. Stra\u00dfenanschrift Av. Dionisio Derteano 144, Edificio [&hellip;]<\/p>\n","protected":false},"author":1,"featured_media":0,"parent":17334,"menu_order":2,"comment_status":"closed","ping_status":"closed","template":"","meta":{"footnotes":""},"class_list":["post-17312","page","type-page","status-publish","hentry"],"_links":{"self":[{"href":"https:\/\/www.alemape-tours.com\/de\/wp-json\/wp\/v2\/pages\/17312","targetHints":{"allow":["GET"]}}],"collection":[{"href":"https:\/\/www.alemape-tours.com\/de\/wp-json\/wp\/v2\/pages"}],"about":[{"href":"https:\/\/www.alemape-tours.com\/de\/wp-json\/wp\/v2\/types\/page"}],"author":[{"embeddable":true,"href":"https:\/\/www.alemape-tours.com\/de\/wp-json\/wp\/v2\/users\/1"}],"replies":[{"embeddable":true,"href":"https:\/\/www.alemape-tours.com\/de\/wp-json\/wp\/v2\/comments?post=17312"}],"version-history":[{"count":1,"href":"https:\/\/www.alemape-tours.com\/de\/wp-json\/wp\/v2\/pages\/17312\/revisions"}],"predecessor-version":[{"id":32493,"href":"https:\/\/www.alemape-tours.com\/de\/wp-json\/wp\/v2\/pages\/17312\/revisions\/32493"}],"up":[{"embeddable":true,"href":"https:\/\/www.alemape-tours.com\/de\/wp-json\/wp\/v2\/pages\/17334"}],"wp:attachment":[{"href":"https:\/\/www.alemape-tours.com\/de\/wp-json\/wp\/v2\/media?parent=17312"}],"curies":[{"name":"wp","href":"https:\/\/api.w.org\/{rel}","templated":true}]}}