{"id":17288,"date":"2018-08-23T14:25:59","date_gmt":"2018-08-23T12:25:59","guid":{"rendered":"https:\/\/www.alemape-tours.com\/?page_id=17288"},"modified":"2025-08-12T00:41:28","modified_gmt":"2025-08-11T22:41:28","slug":"einreise-ausreise-und-zollbestimmungen","status":"publish","type":"page","link":"https:\/\/www.alemape-tours.com\/de\/informationen\/einreise-ausreise-und-zollbestimmungen\/","title":{"rendered":"Einreise, Ausreise und Zollbestimmungen"},"content":{"rendered":"<h1><span style=\"color: #1ca4b4;\">Einreisebestimmungen f\u00fcr Peru<\/span><\/h1>\n<p><img decoding=\"async\" class=\"alignright wp-image-17290\" src=\"https:\/\/www.alemape-tours.com\/wp-content\/uploads\/2018\/08\/Reisepass-001.jpg\" alt=\"Reisepass\" width=\"300\" height=\"225\" title=\"\" srcset=\"https:\/\/www.alemape-tours.com\/wp-content\/uploads\/2018\/08\/Reisepass-001.jpg 800w, https:\/\/www.alemape-tours.com\/wp-content\/uploads\/2018\/08\/Reisepass-001-768x576.jpg 768w, https:\/\/www.alemape-tours.com\/wp-content\/uploads\/2018\/08\/Reisepass-001-600x450.jpg 600w\" sizes=\"(max-width: 300px) 100vw, 300px\" \/><\/p>\n<p>Ein spezielles Visum f\u00fcr eine Einreise als EU-Staatsb\u00fcrger und der Schweiz ist nicht erforderlich. Einziges wichtigstes Dokument ist der Reisepass, der bei der Einreise noch mindestens 6 Monate g\u00fcltig sein muss. Pr\u00fcft bitte die G\u00fcltigkeit eures Reisepasses. Bitte passt w\u00e4hrend der Touren stets gut auf eure Reisedokumente auf und fertigt vor Abreise einen Scan oder ein paar Kopien an, die ihr zur Sicherheit mit euch f\u00fchrt. Ihr k\u00f6nnt die Scans der Dokumente auch sehr gut in einem Online-Speicher (Dropbox oder \u00e4hnliches) oder eurem Emailpostfach ablegen. Der Verlust eines Reisepasses ist mit enorm viel Aufwand und Rennerei verbunden und kann auch das vorzeitige Ende der Reise bedeuten.<\/p>\n<p><img decoding=\"async\" class=\"wp-image-17293 alignleft\" src=\"https:\/\/www.alemape-tours.com\/wp-content\/uploads\/2018\/08\/Aeropuerto-de-Lima-001.jpg\" alt=\"Aeropuerto de Lima\" width=\"350\" height=\"263\" title=\"\"><\/p>\n<p>Bei der Einreise wird Ihnen das Visum und die G\u00fcltigkeitsdauer in Ihren Reisepass gestempelt. Dieses Verfahren wurde erst vor kurzem ge\u00e4ndert und vereinfachte den Einreiseprozess.\u00a0Beachtet auch, dass in Hotels und Hostals immer Ihr Reisepass kopiert wird. Stellen Sie\u00a0danach sicher, dass Ihr\u00a0Reisepass vollst\u00e4ndig ist.<\/p>\n<p><strong>Achtung:<\/strong> Bitte verlangen Sie am Einreiseschalter unbedingt einen Ausdruck der Einreisekarte, da Sie durch Vorlage dieser in Kombination mit Ihrem Reisepass von der Mehrwertsteuer in allen Hotels befreit sind.<\/p>\n<p><img decoding=\"async\" class=\"aligncenter wp-image-17296\" src=\"https:\/\/www.alemape-tours.com\/wp-content\/uploads\/2018\/08\/Aeropuerto-de-Lima-002.jpg\" alt=\"Aeropuerto de Lima\" width=\"800\" height=\"448\" title=\"\" srcset=\"https:\/\/www.alemape-tours.com\/wp-content\/uploads\/2018\/08\/Aeropuerto-de-Lima-002.jpg 1071w, https:\/\/www.alemape-tours.com\/wp-content\/uploads\/2018\/08\/Aeropuerto-de-Lima-002-768x430.jpg 768w, https:\/\/www.alemape-tours.com\/wp-content\/uploads\/2018\/08\/Aeropuerto-de-Lima-002-600x336.jpg 600w\" sizes=\"(max-width: 800px) 100vw, 800px\" \/><\/p>\n<p><img decoding=\"async\" class=\"wp-image-17299 alignright\" src=\"https:\/\/www.alemape-tours.com\/wp-content\/uploads\/2018\/08\/Reisepass-002.jpg\" alt=\"Reisepass\" width=\"390\" height=\"229\" title=\"\" srcset=\"https:\/\/www.alemape-tours.com\/wp-content\/uploads\/2018\/08\/Reisepass-002.jpg 1024w, https:\/\/www.alemape-tours.com\/wp-content\/uploads\/2018\/08\/Reisepass-002-768x450.jpg 768w, https:\/\/www.alemape-tours.com\/wp-content\/uploads\/2018\/08\/Reisepass-002-600x352.jpg 600w\" sizes=\"(max-width: 390px) 100vw, 390px\" \/>Touristen d\u00fcrfen sich bis zu 183 Tagen in Peru aufhalten. Im Normalfall tr\u00e4gt Ihnen der Grenzbeamte bei Ihrer Einreise 90 Tage in den Reisepass ein, was f\u00fcr normale touristische Reisen auch ausreichend ist. In den selteneren F\u00e4llen, bekommen Sie aber auch nur 30 Tage in den Pass eingetragen. Bei l\u00e4nger geplantem Aufenthalt hilft an dieser Stelle ein freundlicher Hinweis darauf, dass Sie l\u00e4ngere Reisen im Peru geplant haben und zudem kann das ja auch meist durch das bereits vorhandene R\u00fcckflugticket belegt werden. Dann sollte Ihnen der Grenzbeamte auch die entsprechenden Tage im Dokument eintragen. Sollten Sie einen noch l\u00e4ngeren Aufenthalt in Peru geplant haben, k\u00f6nnen Sie freundlich nach 183 Tagen fragen.<\/p>\n<p>Eine \u00dcberziehung der eingetragenen Aufenthaltsgenehmigung sollten Sie wenn m\u00f6glich vermeiden. Sollte das einmal trotzdem der Fall sein, so liegt die wahrscheinliche Geldstrafe mit bei 1 USD pro Tag. (Diese Strafzahlung muss dann bei der Ausreise bei der Migration des Flughafens bezahlt werden. Beachten Sie in einem solchen Fall, dass sich Ihr Einchecken zum Abflug sehr stark verz\u00f6gern kann und Sie einen gr\u00f6\u00dferen Zeitbedarf daf\u00fcr einkalkulieren m\u00fcssen.<\/p>\n<p>Es kann zudem vorkommen, dass Sie bereits bei der Einreise ein R\u00fcckflugticket oder einen anderen Nachweis \u00fcber die sp\u00e4tere Ausreise aus Peru gefordert werden. Dies entspricht allerdings nicht den offiziellen Einreisebestimmungen aber in aller Regel haben Sie ja ein R\u00fcckflugticket bereits in der Tasche.<\/p>\n<p>Bitte nehmen Sie sich auch eine Kopie Ihres Reisepasses mit, welche bei Verlust oder Diebstahl die Neuerstellung des Dokuments erheblich erleichtert.<\/p>\n<p>Sollten Sie nicht \u00fcber die deutsche Staatsb\u00fcrgerschaft verf\u00fcgen, erkundigen Sie sich wegen der Einreisebestimmungen bitte vor dem Reiseantritt bei den zust\u00e4ndigen Stellen in Ihrem Heimatland. Bitte teilen Sie uns in diesen F\u00e4llen Ihre Staatsb\u00fcrgerschaft auch bei der Reiseanfrage mit, damit wir Sie entsprechend informieren k\u00f6nnen.<\/p>\n<p>F\u00fcr Touristen mit anderen Nationalit\u00e4ten k\u00f6nnen andere Bestimmungen g\u00fcltig sein. Bitte erkundigen Sie sich direkt in Ihrem Heimatland \u00fcber die Einreisebestimmungen f\u00fcr Peru. Touristen mit Schweizer Staatsangeh\u00f6rigkeit k\u00f6nnen sich bei der <strong><a href=\"https:\/\/www.eda.admin.ch\/eda\/de\/home\/laender-reise-information\/peru.html\" target=\"_blank\" rel=\"noopener noreferrer\"><span style=\"color: #1ca4b4;\">Schweizerischen Eidgenossenschaftlichen Departement f\u00fcr ausw\u00e4rtige Angelegenheiten (EDA)<\/span><\/a><\/strong> informieren. Reisende mit \u00f6sterreichischer Staatsangeh\u00f6rigkeit k\u00f6nnen sich die passenden Informationen beim <strong><a href=\"https:\/\/www.bmeia.gv.at\/reise-aufenthalt\/reiseinformation\/land\/peru\/\" target=\"_blank\" rel=\"noopener noreferrer\"><span style=\"color: #1ca4b4;\">Bundesministerium f\u00fcr Europa, Integration und \u00c4u\u00dferes<\/span><\/a><\/strong> holen.<\/p>\n<h1><span style=\"color: #1ca4b4;\"><strong>Regelungen f\u00fcr das Reisen mit Haustieren in die Republik Peru<\/strong><\/span><\/h1>\n<p>F\u00fcr das Reisen mit Hunden und Katzen sind ein Gesundheitszeugnis und ein internationaler Impfausweis notwendig, dass von der peruanischen Botschaft oder dem Konsulat beglaubigt wurde. Der Impfausweis muss Angaben \u00fcber den Halter, die Identit\u00e4t des Tieres und eine Tollwutimpfung die mindestens 30 Tage alt ist bescheinigen. Zudem m\u00fcssen die notwendigen Dokumente vom Amtstierarzt als auch von der ihm \u00fcbergeordneten Dienststelle wie auch von der peruanischen Botschaft oder dem Konsulat beglaubigt werden. Die Haustiere (Heimtiere) d\u00fcrfen nicht zum Verkauf bestimmt sein.<\/p>\n<p><span style=\"color: #1ca4b4;\"><strong>Hinweis:<\/strong><\/span><br \/>\nF\u00fcr Katzen aus Deutschland, \u00d6sterreich und der Schweiz ist eine zus\u00e4tzliche Bescheinigung erforderlich, dass die Katzen nicht mit Rindfleisch gef\u00fcttert wurden.<\/p>\n<h1><span style=\"color: #1ca4b4;\"><strong>Versicherungsschutz<\/strong><\/span><\/h1>\n<p>Eine Auslandsreise-Krankenversicherung ist unbedingt zu empfehlen.<\/p>\n<h1><span style=\"color: #1ca4b4;\">Zollbestimmungen<\/span><\/h1>\n<p>Bei der Einreise nach Peru d\u00fcrfen Sie maximal 2,5 Liter Alkohol, 200 Zigaretten oder 50 Zigarren, und Geschenke bis 300 US$ zollfrei einf\u00fchren. Landes- und Fremdw\u00e4hrungen im Gegenwert von \u00fcber 10.000 US-Dollar m\u00fcssen gemeldet und deklariert werden.<\/p>\n<p>Das Mitf\u00fchren von Waffen ist nicht erlaubt.<\/p>\n<p>Bei der Ausreise ist die Ausfuhr von arch\u00e4ologischen Fundst\u00fccken sowie bedrohten Tier- und Pflanzenarten verboten. Bitte beachten sie bei den allgemeinen deutschen Zollvorschriften, dass die Einfuhr von Koka-Tee und Koka-Bl\u00e4ttern nach Europa selbst in kleinen Mengen verboten ist und in Deutschland einen Versto\u00df gegen das deutsche Bet\u00e4ubungsmittelgesetz darstellt.<\/p>\n<p>Mehr dar\u00fcber f\u00fcr Peru k\u00f6nnten Sie hier bei <a href=\"http:\/\/www.sunat.gob.pe\/orientacionaduanera\/viajeros\/\" target=\"_blank\" rel=\"noopener noreferrer\"><strong><span style=\"color: #1ca4b4;\">SUNAT<\/span><\/strong><\/a> nachlesen und f\u00fcr Deutschland unter <a href=\"http:\/\/www.zoll.de\/\" target=\"_blank\" rel=\"noopener noreferrer\"><strong><span style=\"color: #1ca4b4;\">ZOLL<\/span><\/strong><\/a> .<\/p>\n<p>Hier ein paar Videos, die in Englisch und Spanisch (Leider keine deutsche Version erh\u00e4ltlich) zeigen, was bei der Ein- und Ausreise zu beachten ist:<\/p>\n<h3><span style=\"color: #1ca4b4;\"><strong>Spanische Version<\/strong><\/span><\/p>\n<div class=\"brlbs-cmpnt-container brlbs-cmpnt-content-blocker brlbs-cmpnt-with-individual-styles\" data-borlabs-cookie-content-blocker-id=\"youtube-content-blocker\" data-borlabs-cookie-content=\"PGlmcmFtZSBzcmM9Imh0dHBzOi8vd3d3LnlvdXR1YmUtbm9jb29raWUuY29tL2VtYmVkL1Y4VHI2eGgxR2dFIiB3aWR0aD0iNDMwIiBoZWlnaHQ9IjI1MCIgZnJhbWVib3JkZXI9IjAiIGFsbG93ZnVsbHNjcmVlbj0iYWxsb3dmdWxsc2NyZWVuIiBkYXRhLW1jZS1mcmFnbWVudD0iMSI+PC9pZnJhbWU+\">\n<div class=\"brlbs-cmpnt-cb-preset-c brlbs-cmpnt-cb-youtube\">\n<div class=\"brlbs-cmpnt-cb-thumbnail\" style=\"background-image: url('https:\/\/www.alemape-tours.com\/wp-content\/uploads\/borlabs-cookie\/1\/yt_V8Tr6xh1GgE_hqdefault.jpg')\"><\/div>\n<div class=\"brlbs-cmpnt-cb-main\">\n<div class=\"brlbs-cmpnt-cb-play-button\"><\/div>\n<div class=\"brlbs-cmpnt-cb-content\">\n<p class=\"brlbs-cmpnt-cb-description\">Sie sehen gerade einen Platzhalterinhalt von <strong>YouTube<\/strong>. Um auf den eigentlichen Inhalt zuzugreifen, klicken Sie auf die Schaltfl\u00e4che unten. Bitte beachten Sie, dass dabei Daten an Drittanbieter weitergegeben werden.<\/p>\n<p> <a class=\"brlbs-cmpnt-cb-provider-toggle\" href=\"#\" data-borlabs-cookie-show-provider-information role=\"button\">Mehr Informationen<\/a> <\/div>\n<div class=\"brlbs-cmpnt-cb-buttons\"> <a class=\"brlbs-cmpnt-cb-btn\" href=\"#\" data-borlabs-cookie-unblock role=\"button\">Inhalt entsperren<\/a> <a class=\"brlbs-cmpnt-cb-btn\" href=\"#\" data-borlabs-cookie-accept-service role=\"button\" style=\"display: inherit\">Erforderlichen Service akzeptieren und Inhalte entsperren<\/a> <\/div><\/div><\/div>\n<\/div>\n<div class=\"brlbs-cmpnt-container brlbs-cmpnt-content-blocker brlbs-cmpnt-with-individual-styles\" data-borlabs-cookie-content-blocker-id=\"youtube-content-blocker\" data-borlabs-cookie-content=\"PGlmcmFtZSBzcmM9Imh0dHBzOi8vd3d3LnlvdXR1YmUtbm9jb29raWUuY29tL2VtYmVkLzd4WEFkQ2N3WVR3IiB3aWR0aD0iNDMwIiBoZWlnaHQ9IjI1MCIgZnJhbWVib3JkZXI9IjAiIGFsbG93ZnVsbHNjcmVlbj0iYWxsb3dmdWxsc2NyZWVuIiBkYXRhLW1jZS1mcmFnbWVudD0iMSI+PC9pZnJhbWU+\">\n<div class=\"brlbs-cmpnt-cb-preset-c brlbs-cmpnt-cb-youtube\">\n<div class=\"brlbs-cmpnt-cb-thumbnail\" style=\"background-image: url('https:\/\/www.alemape-tours.com\/wp-content\/uploads\/borlabs-cookie\/1\/yt_7xXAdCcwYTw_hqdefault.jpg')\"><\/div>\n<div class=\"brlbs-cmpnt-cb-main\">\n<div class=\"brlbs-cmpnt-cb-play-button\"><\/div>\n<div class=\"brlbs-cmpnt-cb-content\">\n<p class=\"brlbs-cmpnt-cb-description\">Sie sehen gerade einen Platzhalterinhalt von <strong>YouTube<\/strong>. Um auf den eigentlichen Inhalt zuzugreifen, klicken Sie auf die Schaltfl\u00e4che unten. Bitte beachten Sie, dass dabei Daten an Drittanbieter weitergegeben werden.<\/p>\n<p> <a class=\"brlbs-cmpnt-cb-provider-toggle\" href=\"#\" data-borlabs-cookie-show-provider-information role=\"button\">Mehr Informationen<\/a> <\/div>\n<div class=\"brlbs-cmpnt-cb-buttons\"> <a class=\"brlbs-cmpnt-cb-btn\" href=\"#\" data-borlabs-cookie-unblock role=\"button\">Inhalt entsperren<\/a> <a class=\"brlbs-cmpnt-cb-btn\" href=\"#\" data-borlabs-cookie-accept-service role=\"button\" style=\"display: inherit\">Erforderlichen Service akzeptieren und Inhalte entsperren<\/a> <\/div><\/div><\/div>\n<\/div>\n<\/h3>\n<h3><span style=\"color: #1ca4b4;\"><strong>Englische Version<\/strong><\/span><\/p>\n<div class=\"brlbs-cmpnt-container brlbs-cmpnt-content-blocker brlbs-cmpnt-with-individual-styles\" data-borlabs-cookie-content-blocker-id=\"youtube-content-blocker\" data-borlabs-cookie-content=\"PGlmcmFtZSBzcmM9Imh0dHBzOi8vd3d3LnlvdXR1YmUtbm9jb29raWUuY29tL2VtYmVkL2RzaGxPdjdHX2NNIiB3aWR0aD0iNDMwIiBoZWlnaHQ9IjI1MCIgZnJhbWVib3JkZXI9IjAiIGFsbG93ZnVsbHNjcmVlbj0iYWxsb3dmdWxsc2NyZWVuIiBkYXRhLW1jZS1mcmFnbWVudD0iMSI+PC9pZnJhbWU+\">\n<div class=\"brlbs-cmpnt-cb-preset-c brlbs-cmpnt-cb-youtube\">\n<div class=\"brlbs-cmpnt-cb-thumbnail\" style=\"background-image: url('https:\/\/www.alemape-tours.com\/wp-content\/uploads\/borlabs-cookie\/1\/yt_dshlOv7G_cM_hqdefault.jpg')\"><\/div>\n<div class=\"brlbs-cmpnt-cb-main\">\n<div class=\"brlbs-cmpnt-cb-play-button\"><\/div>\n<div class=\"brlbs-cmpnt-cb-content\">\n<p class=\"brlbs-cmpnt-cb-description\">Sie sehen gerade einen Platzhalterinhalt von <strong>YouTube<\/strong>. Um auf den eigentlichen Inhalt zuzugreifen, klicken Sie auf die Schaltfl\u00e4che unten. Bitte beachten Sie, dass dabei Daten an Drittanbieter weitergegeben werden.<\/p>\n<p> <a class=\"brlbs-cmpnt-cb-provider-toggle\" href=\"#\" data-borlabs-cookie-show-provider-information role=\"button\">Mehr Informationen<\/a> <\/div>\n<div class=\"brlbs-cmpnt-cb-buttons\"> <a class=\"brlbs-cmpnt-cb-btn\" href=\"#\" data-borlabs-cookie-unblock role=\"button\">Inhalt entsperren<\/a> <a class=\"brlbs-cmpnt-cb-btn\" href=\"#\" data-borlabs-cookie-accept-service role=\"button\" style=\"display: inherit\">Erforderlichen Service akzeptieren und Inhalte entsperren<\/a> <\/div><\/div><\/div>\n<\/div>\n<p><span style=\"color: #1ca4b4;\">Leider gibt es keine englische Version f\u00fcr die Ausreise aus Peru.<\/span><\/h3>\n<p>&nbsp;<\/p>\n<p><strong><span style=\"color: #1ca4b4;\">Hinweis: <\/span><\/strong>Alle Angaben ohne Gew\u00e4hr f\u00fcr Vollst\u00e4ndigkeit und Richtigkeit.<\/p>\n","protected":false},"excerpt":{"rendered":"<p>Einreisebestimmungen f\u00fcr Peru Ein spezielles Visum f\u00fcr eine Einreise als EU-Staatsb\u00fcrger und der Schweiz ist nicht erforderlich. Einziges wichtigstes Dokument ist der Reisepass, der bei der Einreise noch mindestens 6 Monate g\u00fcltig sein muss. Pr\u00fcft bitte die G\u00fcltigkeit eures Reisepasses. Bitte passt w\u00e4hrend der Touren stets gut auf eure Reisedokumente auf und fertigt vor Abreise [&hellip;]<\/p>\n","protected":false},"author":1,"featured_media":0,"parent":17334,"menu_order":1,"comment_status":"closed","ping_status":"closed","template":"","meta":{"footnotes":""},"class_list":["post-17288","page","type-page","status-publish","hentry"],"_links":{"self":[{"href":"https:\/\/www.alemape-tours.com\/de\/wp-json\/wp\/v2\/pages\/17288","targetHints":{"allow":["GET"]}}],"collection":[{"href":"https:\/\/www.alemape-tours.com\/de\/wp-json\/wp\/v2\/pages"}],"about":[{"href":"https:\/\/www.alemape-tours.com\/de\/wp-json\/wp\/v2\/types\/page"}],"author":[{"embeddable":true,"href":"https:\/\/www.alemape-tours.com\/de\/wp-json\/wp\/v2\/users\/1"}],"replies":[{"embeddable":true,"href":"https:\/\/www.alemape-tours.com\/de\/wp-json\/wp\/v2\/comments?post=17288"}],"version-history":[{"count":1,"href":"https:\/\/www.alemape-tours.com\/de\/wp-json\/wp\/v2\/pages\/17288\/revisions"}],"predecessor-version":[{"id":32489,"href":"https:\/\/www.alemape-tours.com\/de\/wp-json\/wp\/v2\/pages\/17288\/revisions\/32489"}],"up":[{"embeddable":true,"href":"https:\/\/www.alemape-tours.com\/de\/wp-json\/wp\/v2\/pages\/17334"}],"wp:attachment":[{"href":"https:\/\/www.alemape-tours.com\/de\/wp-json\/wp\/v2\/media?parent=17288"}],"curies":[{"name":"wp","href":"https:\/\/api.w.org\/{rel}","templated":true}]}}