{"id":17266,"date":"2018-08-23T14:06:32","date_gmt":"2018-08-23T12:06:32","guid":{"rendered":"https:\/\/www.alemape-tours.com\/?page_id=17266"},"modified":"2025-08-12T00:54:57","modified_gmt":"2025-08-11T22:54:57","slug":"sicherheit","status":"publish","type":"page","link":"https:\/\/www.alemape-tours.com\/de\/informationen\/sicherheit\/","title":{"rendered":"Sicherheit"},"content":{"rendered":"<h1><span style=\"color: #1ca4b4;\">Rund um die Sicherheit in Peru<br \/>\n<\/span><\/h1>\n<p><img decoding=\"async\" class=\"wp-image-17264 aligncenter\" src=\"https:\/\/www.alemape-tours.com\/wp-content\/uploads\/2018\/08\/Sicherheit_und_Polizei.jpg\" alt=\"Sicherheit und Polizei\" width=\"950\" height=\"570\" title=\"\" srcset=\"https:\/\/www.alemape-tours.com\/wp-content\/uploads\/2018\/08\/Sicherheit_und_Polizei.jpg 1000w, https:\/\/www.alemape-tours.com\/wp-content\/uploads\/2018\/08\/Sicherheit_und_Polizei-768x461.jpg 768w, https:\/\/www.alemape-tours.com\/wp-content\/uploads\/2018\/08\/Sicherheit_und_Polizei-600x360.jpg 600w\" sizes=\"(max-width: 950px) 100vw, 950px\" \/><\/p>\n<p>Grunds\u00e4tzlich gilt Peru aktuell als sicheres Reiseland. Du solltest dich bei deiner Reise jedoch stets dar\u00fcber im Klaren sein, dass du dich in einem Schwellenland befindest und in den Augen der meisten Peruaner alle Touristen reich sind. Im Hinblick darauf ist es auch nicht verwunderlich, dass Diebst\u00e4hle immer wieder vorkommen k\u00f6nnen. Gefahr droht insbesondere eher in touristischen Gro\u00dfst\u00e4dten, wie Lima oder Cusco und in gr\u00f6\u00dferen Menschenansammlungen, wie auf M\u00e4rkten, Festen oder Bahnh\u00f6fen.<\/p>\n<p>Es gibt dennoch keinen Grund f\u00fcr dich, \u00fcbertrieben \u00e4ngstlich und verunsichert wegen deiner Peru-Reise zu sein, denn jedes Jahr reisen tausende Urlauber aus Europa nach Peru und die meisten davon ohne Zwischenf\u00e4lle.<\/p>\n<p>Peru liegt, was die Kriminalit\u00e4t betrifft, im lateinamerikanischen Mittelfeld. Insbesondere in gr\u00f6\u00dferen St\u00e4dten (Lima, Cuzco) sollte man achtsam sein. Um das Diebstahlrisiko auf ein Minimum zu beschr\u00e4nken, m\u00f6chten wir dir die folgenden Hinweise mitgeben:<\/p>\n<p>\u2022 Bedeckt Wertgegenst\u00e4nde wie Schmuck und Digitalkameras (wenn m\u00f6glich, verzichte auf Schmuck m\u00f6glichst ganz)<\/p>\n<p>\u2022 F\u00fchre nie mehr Geld mit dir als du brauchst<\/p>\n<p>\u2022 Lasse keine Wertsachen im Hotelzimmer, frage nach einem Safe oder besorgen dir sogenannte Save-Beutel, die mit einem Verschlu\u00df wie eine Fahrradkette erh\u00e4ltlich sind<\/p>\n<p>\u2022 Taschen und Kamera stets fest im Griff behalten (besonders in Stra\u00dfencaf\u00e9s oder auf Busbahnh\u00f6fen oder bei gro\u00dfen Menschenansammlungen)<\/p>\n<p>\u2022 Behalte dein Handgep\u00e4ck immer bei dir (m\u00f6glichst nicht im oberen Fach im \u00f6ffentlichen Bus oder au\u00dfer Reichweite deponieren)<\/p>\n<p>\u2022 Machen vor der Reise Kopien von allen wichtigen Dokumente (Reisepass, Flugticket etc.)<\/p>\n<h4><span style=\"color: #1ca4b4;\">Dieser Hinweis erfolgt gem\u00e4\u00df BGH 25.04.2006X ZR 198\/04<\/span><\/h4>\n","protected":false},"excerpt":{"rendered":"<p>Rund um die Sicherheit in Peru Grunds\u00e4tzlich gilt Peru aktuell als sicheres Reiseland. Du solltest dich bei deiner Reise jedoch stets dar\u00fcber im Klaren sein, dass du dich in einem Schwellenland befindest und in den Augen der meisten Peruaner alle Touristen reich sind. Im Hinblick darauf ist es auch nicht verwunderlich, dass Diebst\u00e4hle immer wieder [&hellip;]<\/p>\n","protected":false},"author":1,"featured_media":0,"parent":17334,"menu_order":6,"comment_status":"closed","ping_status":"closed","template":"","meta":{"footnotes":""},"class_list":["post-17266","page","type-page","status-publish","hentry"],"_links":{"self":[{"href":"https:\/\/www.alemape-tours.com\/de\/wp-json\/wp\/v2\/pages\/17266","targetHints":{"allow":["GET"]}}],"collection":[{"href":"https:\/\/www.alemape-tours.com\/de\/wp-json\/wp\/v2\/pages"}],"about":[{"href":"https:\/\/www.alemape-tours.com\/de\/wp-json\/wp\/v2\/types\/page"}],"author":[{"embeddable":true,"href":"https:\/\/www.alemape-tours.com\/de\/wp-json\/wp\/v2\/users\/1"}],"replies":[{"embeddable":true,"href":"https:\/\/www.alemape-tours.com\/de\/wp-json\/wp\/v2\/comments?post=17266"}],"version-history":[{"count":1,"href":"https:\/\/www.alemape-tours.com\/de\/wp-json\/wp\/v2\/pages\/17266\/revisions"}],"predecessor-version":[{"id":32505,"href":"https:\/\/www.alemape-tours.com\/de\/wp-json\/wp\/v2\/pages\/17266\/revisions\/32505"}],"up":[{"embeddable":true,"href":"https:\/\/www.alemape-tours.com\/de\/wp-json\/wp\/v2\/pages\/17334"}],"wp:attachment":[{"href":"https:\/\/www.alemape-tours.com\/de\/wp-json\/wp\/v2\/media?parent=17266"}],"curies":[{"name":"wp","href":"https:\/\/api.w.org\/{rel}","templated":true}]}}