{"id":17236,"date":"2018-08-23T13:40:38","date_gmt":"2018-08-23T11:40:38","guid":{"rendered":"https:\/\/www.alemape-tours.com\/?page_id=17236"},"modified":"2025-08-11T22:07:28","modified_gmt":"2025-08-11T20:07:28","slug":"presse-medien","status":"publish","type":"page","link":"https:\/\/www.alemape-tours.com\/de\/unser-alemape-tours-service\/presse-medien\/","title":{"rendered":"Presse &#038; Medien"},"content":{"rendered":"<div class=\"wpb-content-wrapper\"><p>[vc_row][vc_column][vc_column_text css=&#8220;&#8220;]<\/p>\n<h1><span style=\"color: #1ca4b4;\">Informationen<\/span><\/h1>\n<p>Regelm\u00e4\u00dfige Informationen zu unserem Unternehmen AlemaPE-Tours S.A.C., \u00fcber unsere Reisen und Sonderangebote \u2013 gerne nehmen wir Sie in unseren Presseverteiler auf und halten Sie auf dem Laufenden.<\/p>\n<p>Ihre Anfragen richten Sie bitte an:<\/p>\n<p><strong><a href=\"mailto:info@alemape-tours.com\" target=\"_blank\" rel=\"noopener noreferrer\">info@alemape-tours.com<\/a><\/strong><\/p>\n<p>[\/vc_column_text][\/vc_column][\/vc_row]<\/p>\n<\/div>","protected":false},"excerpt":{"rendered":"<p>[vc_row][vc_column][vc_column_text css=&#8220;&#8220;] Informationen Regelm\u00e4\u00dfige Informationen zu unserem Unternehmen AlemaPE-Tours S.A.C., \u00fcber unsere Reisen und Sonderangebote \u2013 gerne nehmen wir Sie in unseren Presseverteiler auf und halten Sie auf dem Laufenden. Ihre Anfragen richten Sie bitte an: info@alemape-tours.com [\/vc_column_text][\/vc_column][\/vc_row]<\/p>\n","protected":false},"author":1,"featured_media":0,"parent":23505,"menu_order":4,"comment_status":"closed","ping_status":"closed","template":"","meta":{"footnotes":""},"class_list":["post-17236","page","type-page","status-publish","hentry"],"_links":{"self":[{"href":"https:\/\/www.alemape-tours.com\/de\/wp-json\/wp\/v2\/pages\/17236","targetHints":{"allow":["GET"]}}],"collection":[{"href":"https:\/\/www.alemape-tours.com\/de\/wp-json\/wp\/v2\/pages"}],"about":[{"href":"https:\/\/www.alemape-tours.com\/de\/wp-json\/wp\/v2\/types\/page"}],"author":[{"embeddable":true,"href":"https:\/\/www.alemape-tours.com\/de\/wp-json\/wp\/v2\/users\/1"}],"replies":[{"embeddable":true,"href":"https:\/\/www.alemape-tours.com\/de\/wp-json\/wp\/v2\/comments?post=17236"}],"version-history":[{"count":1,"href":"https:\/\/www.alemape-tours.com\/de\/wp-json\/wp\/v2\/pages\/17236\/revisions"}],"predecessor-version":[{"id":32371,"href":"https:\/\/www.alemape-tours.com\/de\/wp-json\/wp\/v2\/pages\/17236\/revisions\/32371"}],"up":[{"embeddable":true,"href":"https:\/\/www.alemape-tours.com\/de\/wp-json\/wp\/v2\/pages\/23505"}],"wp:attachment":[{"href":"https:\/\/www.alemape-tours.com\/de\/wp-json\/wp\/v2\/media?parent=17236"}],"curies":[{"name":"wp","href":"https:\/\/api.w.org\/{rel}","templated":true}]}}