{"id":17233,"date":"2018-08-23T13:39:15","date_gmt":"2018-08-23T11:39:15","guid":{"rendered":"https:\/\/www.alemape-tours.com\/?page_id=17233"},"modified":"2025-08-11T23:55:00","modified_gmt":"2025-08-11T21:55:00","slug":"unsere-reiseleiter","status":"publish","type":"page","link":"https:\/\/www.alemape-tours.com\/de\/unsere-reiseleiter\/","title":{"rendered":"Unsere Reiseleiter"},"content":{"rendered":"<h1><span style=\"color: #1ca4b4;\">Lokale Reiseleitung<\/span><\/h1>\n<p style=\"padding-left: 80px;\">Da unsere Reiseleiter in den Regionen leben, die sie dir zeigen, k\u00f6nnen sie dir die historischen Zusammenh\u00e4nge am besten erl\u00e4utern. Wir arbeiten fast ausschlie\u00dflich mit einheimischen Reiseleitern und Guides zusammen. Sie begleiten dich genauso problemlos durch die Gassen von Lima, Cusco, Arequipa oder anderen Orten und helfen dir dabei, mit den Einheimischen ins Gespr\u00e4ch zu kommen \u2013 und das immer mit einem L\u00e4cheln auf den Lippen.<\/p>\n<h2><span style=\"color: #1ca4b4;\">Warum wir mit einem einheimischen Reiseleiter reisen?<\/span><\/h2>\n<h3><span style=\"color: #1ca4b4;\">Lerne die Einheimischen wirklich kennen<\/span><\/h3>\n<p style=\"padding-left: 80px;\">Ein lokaler Reiseleiter ist mehr als nur ein Guide \u2013 er ist dein Schl\u00fcssel, mit den Einheimischen in Kontakt zu kommen. Ob du mit dem Dorfb\u00e4cker in Oropesa quatschen m\u00f6chtest oder mit einer Verk\u00e4uferin in Chinchero \u00fcber den Kauf eines von ihr angebotenen Wollartikels oder Artesanales verhandeln m\u00f6chtest, unsere Reiseleiter helfen dir mit den Einheimischen ins Gespr\u00e4ch zu kommen.<\/p>\n<h3><span style=\"color: #1ca4b4;\">Lerne was es hei\u00dft, ein Einheimischer zu sein<\/span><\/h3>\n<p style=\"padding-left: 80px;\">Unsere Reiseleiter sind echte Einheimische \u2013 sie kennen die Geschichten hinter jedem Platz in der Stadt, die \u00fcblichen Abk\u00fcrzungen durch die alten Gassen und die leckersten Restaurants mit den schmackhaftesten traditionellen Gerichten, die Sie auf keiner Touristenkarte finden. Mit vielen Geschichten und Tipps f\u00fchlst du dich schnell selbst wie ein adoptierter Einheimischer.<\/p>\n<h3><span style=\"color: #1ca4b4;\">Entdecke die versteckten kulturellen Highlights<\/span><\/h3>\n<p style=\"padding-left: 80px;\">Du m\u00f6chtest die wesentlichsten Reiseziele nicht verpassen? Unsere lokalen Reiseleiter zeigen dir nat\u00fcrlich den Sonnentempel Coricancha in Cusco, die historische Altstadt von Lima mit der Kathedrale und dem Palacio Gobierno. Aber wenn die Touristen wieder in den Bus steigen und abreisen, bringt dein Reiseleiter dich durch eine versteckte Gasse und zeigt dir das beste einheimische Restaurant, das die die meisten Touristen alleine nicht finden w\u00fcrden.<\/p>\n<h3><span style=\"color: #1ca4b4;\">Finde immer genug Ideen zur Freizeitgestaltung<\/span><\/h3>\n<p style=\"padding-left: 80px;\">Du m\u00f6chtest eine Stadt in deinem eigenem Tempo erkunden? Kein Problem, von leckerem Cuy in Saylla bis zu Tempelruinen in Raqshi haben unsere Reiseleiter und Guides stets gute Vorschl\u00e4ge und Tipps zur Gestaltung deiner freien Zeit an jedem Reiseziel \u2013 und helfen dir gerne bei der Organisation.<\/p>\n<h3><span style=\"color: #1ca4b4;\">Es kann nicht einfacher sein, von einem Ort zum anderen zu kommen<\/span><\/h3>\n<p style=\"padding-left: 80px;\">Unsere Reiseleiter sorgen daf\u00fcr, dass deine Reise so reibungslos wie m\u00f6glich abl\u00e4uft \u2013 Sie buchen Bus- und Flugtickets, um dich von einem Ziel zum n\u00e4chsten zu bringen, reservieren deinen Tisch im Restaurant, organisieren den Eintritt in Museen und k\u00fcmmern sich um technische Details. In erster Linie geben sie dir Sicherheit, sodass du weniger Zeit brauchst und auf keine Zeitpl\u00e4ne schauen musst. Somit hast du mehr Zeit, die fantastischen Aussichten zu genie\u00dfen.<\/p>\n","protected":false},"excerpt":{"rendered":"<p>Lokale Reiseleitung Da unsere Reiseleiter in den Regionen leben, die sie dir zeigen, k\u00f6nnen sie dir die historischen Zusammenh\u00e4nge am besten erl\u00e4utern. Wir arbeiten fast ausschlie\u00dflich mit einheimischen Reiseleitern und Guides zusammen. Sie begleiten dich genauso problemlos durch die Gassen von Lima, Cusco, Arequipa oder anderen Orten und helfen dir dabei, mit den Einheimischen ins [&hellip;]<\/p>\n","protected":false},"author":1,"featured_media":0,"parent":0,"menu_order":6,"comment_status":"closed","ping_status":"closed","template":"","meta":{"footnotes":""},"class_list":["post-17233","page","type-page","status-publish","hentry"],"_links":{"self":[{"href":"https:\/\/www.alemape-tours.com\/de\/wp-json\/wp\/v2\/pages\/17233","targetHints":{"allow":["GET"]}}],"collection":[{"href":"https:\/\/www.alemape-tours.com\/de\/wp-json\/wp\/v2\/pages"}],"about":[{"href":"https:\/\/www.alemape-tours.com\/de\/wp-json\/wp\/v2\/types\/page"}],"author":[{"embeddable":true,"href":"https:\/\/www.alemape-tours.com\/de\/wp-json\/wp\/v2\/users\/1"}],"replies":[{"embeddable":true,"href":"https:\/\/www.alemape-tours.com\/de\/wp-json\/wp\/v2\/comments?post=17233"}],"version-history":[{"count":1,"href":"https:\/\/www.alemape-tours.com\/de\/wp-json\/wp\/v2\/pages\/17233\/revisions"}],"predecessor-version":[{"id":32473,"href":"https:\/\/www.alemape-tours.com\/de\/wp-json\/wp\/v2\/pages\/17233\/revisions\/32473"}],"wp:attachment":[{"href":"https:\/\/www.alemape-tours.com\/de\/wp-json\/wp\/v2\/media?parent=17233"}],"curies":[{"name":"wp","href":"https:\/\/api.w.org\/{rel}","templated":true}]}}