{"id":17225,"date":"2018-08-23T13:31:27","date_gmt":"2018-08-23T11:31:27","guid":{"rendered":"https:\/\/www.alemape-tours.com\/?page_id=17225"},"modified":"2025-08-11T23:31:45","modified_gmt":"2025-08-11T21:31:45","slug":"warum-reisen-in-kleinen-gruppen","status":"publish","type":"page","link":"https:\/\/www.alemape-tours.com\/de\/warum-reisen-in-kleinen-gruppen\/","title":{"rendered":"Warum Reisen in kleinen Gruppen?"},"content":{"rendered":"<h1><span style=\"color: #1ca4b4;\">Die Idee<\/span><\/h1>\n<p style=\"padding-left: 80px;\">AlemaPE-Tours ist seit der Gr\u00fcndungidee im Jahr 2014 f\u00fcr kleine Gruppen und authentische Reiseerlebnisse ger\u00fcstet. Auf unseren Peru-Touren wirst du in kleinen Gruppen von maximal bis zu 10 G\u00e4sten inklusive der deutsch-, englisch- und\/oder spanischsprachigen Reiseleiter begleitet. Wir f\u00fchren bereits ab 4 Anmeldungen diese Touren durch. Kleine Gruppen haben sehr viele Vorteile, die unsere Peru-Touren zu einem richtigen Erlebnissen machen. Oder kannst du dir vorstellen, dich mit einer gro\u00dfen Gruppe von 30 weiteren Mitreisenden bei einer peruanischen Familie zu Mittag zu essen und einen dabei interessanten Dialog zu f\u00fchren und so die Sitten, Lebensweisen kennen zu lernen? &#8211; Wir auch nicht.<\/p>\n<p style=\"padding-left: 80px;\">Durch die kleineren Gruppen lernst du aber nicht nur die lokale Bev\u00f6lkerung besser kennen, sondern auch ihre Mitreisenden. W\u00e4hrend unserer Peru-Touren entstehen schnell freundschaftliche und gemeinschaftliche Beziehungen \u2013 Eine Reise mit Freunden!<\/p>\n<h2><span style=\"color: #1ca4b4;\">Die 5 wichtigsten Gr\u00fcnde, warum reisen in kleiner Gruppe besser ist:<\/span><\/h2>\n<ul>\n<li style=\"list-style-type: none;\">\n<ul>\n<li style=\"list-style-type: none;\">\n<ul>\n<li style=\"list-style-type: none;\">\n<ul>\n<li style=\"list-style-type: none;\">\n<ul>\n<li style=\"list-style-type: none;\">\n<ul>\n<li>Du reist mit Freunden<\/li>\n<li>Du kommst mit Einheimischen leichter ins Gespr\u00e4ch<\/li>\n<li>Kleinere landestypische Unterk\u00fcnfte sind nur so m\u00f6glich<\/li>\n<li>Dein Reiseleiter hat mehr Zeit f\u00fcr dich<\/li>\n<li>Du bist vor Ort wesentlich flexibler als in einer gro\u00dfen Reisegruppe<\/li>\n<\/ul>\n<\/li>\n<\/ul>\n<\/li>\n<\/ul>\n<\/li>\n<\/ul>\n<\/li>\n<\/ul>\n<\/li>\n<\/ul>\n","protected":false},"excerpt":{"rendered":"<p>Die Idee AlemaPE-Tours ist seit der Gr\u00fcndungidee im Jahr 2014 f\u00fcr kleine Gruppen und authentische Reiseerlebnisse ger\u00fcstet. Auf unseren Peru-Touren wirst du in kleinen Gruppen von maximal bis zu 10 G\u00e4sten inklusive der deutsch-, englisch- und\/oder spanischsprachigen Reiseleiter begleitet. Wir f\u00fchren bereits ab 4 Anmeldungen diese Touren durch. Kleine Gruppen haben sehr viele Vorteile, die [&hellip;]<\/p>\n","protected":false},"author":1,"featured_media":0,"parent":0,"menu_order":2,"comment_status":"closed","ping_status":"closed","template":"","meta":{"footnotes":""},"class_list":["post-17225","page","type-page","status-publish","hentry"],"_links":{"self":[{"href":"https:\/\/www.alemape-tours.com\/de\/wp-json\/wp\/v2\/pages\/17225","targetHints":{"allow":["GET"]}}],"collection":[{"href":"https:\/\/www.alemape-tours.com\/de\/wp-json\/wp\/v2\/pages"}],"about":[{"href":"https:\/\/www.alemape-tours.com\/de\/wp-json\/wp\/v2\/types\/page"}],"author":[{"embeddable":true,"href":"https:\/\/www.alemape-tours.com\/de\/wp-json\/wp\/v2\/users\/1"}],"replies":[{"embeddable":true,"href":"https:\/\/www.alemape-tours.com\/de\/wp-json\/wp\/v2\/comments?post=17225"}],"version-history":[{"count":1,"href":"https:\/\/www.alemape-tours.com\/de\/wp-json\/wp\/v2\/pages\/17225\/revisions"}],"predecessor-version":[{"id":32445,"href":"https:\/\/www.alemape-tours.com\/de\/wp-json\/wp\/v2\/pages\/17225\/revisions\/32445"}],"wp:attachment":[{"href":"https:\/\/www.alemape-tours.com\/de\/wp-json\/wp\/v2\/media?parent=17225"}],"curies":[{"name":"wp","href":"https:\/\/api.w.org\/{rel}","templated":true}]}}