{"id":17222,"date":"2018-08-23T13:30:01","date_gmt":"2018-08-23T11:30:01","guid":{"rendered":"https:\/\/www.alemape-tours.com\/?page_id=17222"},"modified":"2025-08-11T23:47:03","modified_gmt":"2025-08-11T21:47:03","slug":"authentische-erlebnisse","status":"publish","type":"page","link":"https:\/\/www.alemape-tours.com\/de\/authentische-erlebnisse\/","title":{"rendered":"Authentische Erlebnisse"},"content":{"rendered":"<div class=\"wpb-content-wrapper\"><div class=\"wpb_wrapper\">\n<h1><span style=\"color: #1ca4b4;\">Was du sehen und sp\u00fcren kannst<\/span><\/h1>\n<p style=\"padding-left: 80px;\">Authentische Erlebnisse sind die Momente, in denen du dich lebendig f\u00fchlst und etwas Au\u00dfergew\u00f6hnliches erlebst. Dein Reiseziel aus den Augen eines Einheimischen sehen. Die Momente, in denen di dich mitten auf einem Plaza de Armas in irgendeinem Dorf Perus wiederfinden, eine hausgemachte Mahlzeit deiner neuen einheimischen Freunde probieren, oder ein neues Transportmittel testen\u2026 wie w\u00e4re es zum Beispiel mit einem Mototaxi? Um diese unerwarteten, einzigartigen Momente, die einen Trip einmalig und zu etwas besonderem machen, geht es beim Reisen mit uns.<\/p>\n<\/div>\n<div class=\"wpb_column vc_column_container vc_col-sm-6\">\n<div class=\"vc_column-inner \">\n<div class=\"wpb_wrapper\">\n<div class=\"wpb_text_column wpb_content_element \">\n<div class=\"wpb_wrapper\">\n<h2><span style=\"color: #1ca4b4;\">Was bedeutet das f\u00fcr dich?<\/span><\/h2>\n<p style=\"padding-left: 80px;\">Es bedeutet, dass f\u00fcr du auf unseren Reisen so viel Zeit wie m\u00f6glich f\u00fcr deine lokalen Aktivit\u00e4ten mit Einheimischen eingeplant wird. Es geht nicht nur darum, von einem Punkt A zu einem Punkt B zu gelangen oder die Sehensw\u00fcrdigkeiten abzuklappern \u2013 jeder kann das mit einem Reisef\u00fchrer in Buchform selbst tun. Wir bieten das lokale Wissen und die Erfahrung und helfen Ihnen dabei, hinter die Kulissen einer Kultur zu blicken und zu verstehen, was dieses Reiseziel ausmacht. Es erwarten dich einzigartige und authentische Einblicke in das lokale Leben, die speziell f\u00fcr AlemaPE-Tours-Gruppen erm\u00f6glicht werden.<\/p>\n<div class=\"vc_row wpb_row vc_row-fluid\">\n<div class=\"wpb_column vc_column_container vc_col-sm-12\">\n<div class=\"vc_column-inner \">\n<div class=\"wpb_wrapper\">\n<div class=\"wpb_text_column wpb_content_element \">\n<div class=\"wpb_wrapper\">\n<h2><span style=\"color: #1ca4b4;\">Authentische Erlebnisse in jeder Region Perus<\/span><\/h2>\n<\/div>\n<\/div>\n<\/div>\n<\/div>\n<\/div>\n<\/div>\n<div class=\"vc_row wpb_row vc_row-fluid\">\n<div class=\"wpb_column vc_column_container vc_col-sm-12\">\n<div class=\"vc_column-inner \">\n<div class=\"wpb_wrapper\">\n<div class=\"wpb_text_column wpb_content_element \">\n<div class=\"wpb_wrapper\">\n<h3><span style=\"color: #1ca4b4;\">Reale Genu\u00dfabenteuer<\/span><\/h3>\n<p style=\"padding-left: 80px;\">Mit einer Gruppe von Einheimischen an deiner Seite probierst du k\u00f6stliches Streetfood bei &#8222;Tia Veneno&#8220;, wie die Peruaner ihre Essensverk\u00e4uferin an der Ecke liebevoll nennen. Du erkundest die faszinierenden und farbenfrohen au\u00dfergew\u00f6hnliche M\u00e4rkte, die wohlriechenden Gew\u00fcrzst\u00e4nde in einer der lebendigen Marktallen Cusco&#8217;s, und sicher erh\u00e4lst du auch einen Geheimtipp von uns f\u00fcr den besten Drink. Per Mototaxi, zu Fu\u00df oder mit dem Kombi und Bus kommst du zudem mit den Peruanern und deren Lifestyle hautnah in Kontakt.<\/p>\n<\/div>\n<\/div>\n<\/div>\n<\/div>\n<\/div>\n<\/div>\n<\/div>\n<\/div>\n<\/div>\n<\/div>\n<\/div>\n<p style=\"padding-left: 80px;\"><img decoding=\"async\" class=\"alignnone size-full wp-image-5957\" src=\"https:\/\/www.alemape-tours.com\/wp-content\/uploads\/2018\/07\/alemape-tours_food-fruit-market_minka_001.jpg\" alt=\"AlemaPE-Tours Food and Fruitmarket Minka\" width=\"800\" height=\"600\" title=\"\" srcset=\"https:\/\/www.alemape-tours.com\/wp-content\/uploads\/2018\/07\/alemape-tours_food-fruit-market_minka_001.jpg 800w, https:\/\/www.alemape-tours.com\/wp-content\/uploads\/2018\/07\/alemape-tours_food-fruit-market_minka_001-768x576.jpg 768w, https:\/\/www.alemape-tours.com\/wp-content\/uploads\/2018\/07\/alemape-tours_food-fruit-market_minka_001-600x450.jpg 600w\" sizes=\"(max-width: 800px) 100vw, 800px\" \/><\/p>\n<p style=\"padding-left: 80px;\"><img decoding=\"async\" class=\"alignnone size-full wp-image-5958\" src=\"https:\/\/www.alemape-tours.com\/wp-content\/uploads\/2018\/07\/alemape-tours_food-fruit-market_minka_003.jpg\" alt=\"AlemaPE-Tours Food and Fruitmarket Minka\" width=\"800\" height=\"600\" title=\"\" srcset=\"https:\/\/www.alemape-tours.com\/wp-content\/uploads\/2018\/07\/alemape-tours_food-fruit-market_minka_003.jpg 800w, https:\/\/www.alemape-tours.com\/wp-content\/uploads\/2018\/07\/alemape-tours_food-fruit-market_minka_003-768x576.jpg 768w, https:\/\/www.alemape-tours.com\/wp-content\/uploads\/2018\/07\/alemape-tours_food-fruit-market_minka_003-600x450.jpg 600w\" sizes=\"(max-width: 800px) 100vw, 800px\" \/><\/p>\n<p style=\"padding-left: 80px;\"><img decoding=\"async\" class=\"alignnone size-full wp-image-5959\" src=\"https:\/\/www.alemape-tours.com\/wp-content\/uploads\/2018\/07\/alemape-tours_food-fruit-market_minka_004.jpg\" alt=\"AlemaPE-Tours Food and Fruitmarket Minka\" width=\"800\" height=\"600\" title=\"\" srcset=\"https:\/\/www.alemape-tours.com\/wp-content\/uploads\/2018\/07\/alemape-tours_food-fruit-market_minka_004.jpg 800w, https:\/\/www.alemape-tours.com\/wp-content\/uploads\/2018\/07\/alemape-tours_food-fruit-market_minka_004-768x576.jpg 768w, https:\/\/www.alemape-tours.com\/wp-content\/uploads\/2018\/07\/alemape-tours_food-fruit-market_minka_004-600x450.jpg 600w\" sizes=\"(max-width: 800px) 100vw, 800px\" \/><\/p>\n<p style=\"padding-left: 80px;\"><img decoding=\"async\" class=\"alignnone size-full wp-image-5960\" src=\"https:\/\/www.alemape-tours.com\/wp-content\/uploads\/2018\/07\/alemape-tours_food-fruit-market_minka_005.jpg\" alt=\"AlemaPE-Tours Food and Fruitmarket Minka\" width=\"800\" height=\"600\" title=\"\" srcset=\"https:\/\/www.alemape-tours.com\/wp-content\/uploads\/2018\/07\/alemape-tours_food-fruit-market_minka_005.jpg 800w, https:\/\/www.alemape-tours.com\/wp-content\/uploads\/2018\/07\/alemape-tours_food-fruit-market_minka_005-768x576.jpg 768w, https:\/\/www.alemape-tours.com\/wp-content\/uploads\/2018\/07\/alemape-tours_food-fruit-market_minka_005-600x450.jpg 600w\" sizes=\"(max-width: 800px) 100vw, 800px\" \/><\/p>\n<p style=\"padding-left: 80px;\"><img decoding=\"async\" class=\"alignnone size-full wp-image-5961\" src=\"https:\/\/www.alemape-tours.com\/wp-content\/uploads\/2018\/07\/alemape-tours_food-fruit-market_minka_006.jpg\" alt=\"AlemaPE-Tours Food and Fruitmarket Minka\" width=\"800\" height=\"600\" title=\"\" srcset=\"https:\/\/www.alemape-tours.com\/wp-content\/uploads\/2018\/07\/alemape-tours_food-fruit-market_minka_006.jpg 800w, https:\/\/www.alemape-tours.com\/wp-content\/uploads\/2018\/07\/alemape-tours_food-fruit-market_minka_006-768x576.jpg 768w, https:\/\/www.alemape-tours.com\/wp-content\/uploads\/2018\/07\/alemape-tours_food-fruit-market_minka_006-600x450.jpg 600w\" sizes=\"(max-width: 800px) 100vw, 800px\" \/><\/p>\n<p style=\"padding-left: 80px;\">Lomo Saltado und Ceviche sind nur der Beginn eines schier nicht endenden Abenteuers f\u00fcr Ihre Geschmacksnerven. Mache dich auf eine ganz neue Seite von Perus K\u00fcche gefa\u00dft.<\/p>\n<p style=\"padding-left: 80px;\"><img decoding=\"async\" class=\"alignnone size-full wp-image-5962\" src=\"https:\/\/www.alemape-tours.com\/wp-content\/uploads\/2018\/07\/alemape-tours_food-fruit-market_minka_002.jpg\" alt=\"AlemaPE-Tours Food and Fruitmarket Minka\" width=\"800\" height=\"600\" title=\"\" srcset=\"https:\/\/www.alemape-tours.com\/wp-content\/uploads\/2018\/07\/alemape-tours_food-fruit-market_minka_002.jpg 800w, https:\/\/www.alemape-tours.com\/wp-content\/uploads\/2018\/07\/alemape-tours_food-fruit-market_minka_002-768x576.jpg 768w, https:\/\/www.alemape-tours.com\/wp-content\/uploads\/2018\/07\/alemape-tours_food-fruit-market_minka_002-600x450.jpg 600w\" sizes=\"(max-width: 800px) 100vw, 800px\" \/><\/p>\n<p style=\"padding-left: 80px;\"><img decoding=\"async\" class=\"alignnone size-full wp-image-5963\" src=\"https:\/\/www.alemape-tours.com\/wp-content\/uploads\/2018\/07\/alemape-tours_food-fruit-market_minka_007.jpg\" alt=\"AlemaPE-Tours Food and Fruitmarket Minka\" width=\"800\" height=\"600\" title=\"\" srcset=\"https:\/\/www.alemape-tours.com\/wp-content\/uploads\/2018\/07\/alemape-tours_food-fruit-market_minka_007.jpg 800w, https:\/\/www.alemape-tours.com\/wp-content\/uploads\/2018\/07\/alemape-tours_food-fruit-market_minka_007-768x576.jpg 768w, https:\/\/www.alemape-tours.com\/wp-content\/uploads\/2018\/07\/alemape-tours_food-fruit-market_minka_007-600x450.jpg 600w\" sizes=\"(max-width: 800px) 100vw, 800px\" \/><\/p>\n<p style=\"padding-left: 80px;\">Bummel mit uns \u00fcber Callaos Fischmarkt und lerne von einer Peruanerin, wie man typische einheimische Gerichte kocht. Probiere Anticucho (Herz) vom Alpaca und Patasca, eine typische Suppe mit Schaafsfleich oder ein vegetarisches Essen im Klosterhof. Und zum Abschlu\u00df einen Pisco Sour!<\/p>\n<p style=\"padding-left: 80px;\"><img decoding=\"async\" class=\"alignnone size-full wp-image-5964\" src=\"https:\/\/www.alemape-tours.com\/wp-content\/uploads\/2018\/07\/alemape-tours_food-fruit-market_minka_014.jpg\" alt=\"AlemaPE-Tours Food and Fruitmarket Minka\" width=\"800\" height=\"600\" title=\"\" srcset=\"https:\/\/www.alemape-tours.com\/wp-content\/uploads\/2018\/07\/alemape-tours_food-fruit-market_minka_014.jpg 800w, https:\/\/www.alemape-tours.com\/wp-content\/uploads\/2018\/07\/alemape-tours_food-fruit-market_minka_014-768x576.jpg 768w, https:\/\/www.alemape-tours.com\/wp-content\/uploads\/2018\/07\/alemape-tours_food-fruit-market_minka_014-600x450.jpg 600w\" sizes=\"(max-width: 800px) 100vw, 800px\" \/><\/p>\n<p style=\"padding-left: 80px;\"><img decoding=\"async\" class=\"alignnone size-full wp-image-5965\" src=\"https:\/\/www.alemape-tours.com\/wp-content\/uploads\/2018\/07\/alemape-tours_food-fruit-market_minka_015.jpg\" alt=\"AlemaPE-Tours Food and Fruitmarket Minka\" width=\"800\" height=\"600\" title=\"\" srcset=\"https:\/\/www.alemape-tours.com\/wp-content\/uploads\/2018\/07\/alemape-tours_food-fruit-market_minka_015.jpg 800w, https:\/\/www.alemape-tours.com\/wp-content\/uploads\/2018\/07\/alemape-tours_food-fruit-market_minka_015-768x576.jpg 768w, https:\/\/www.alemape-tours.com\/wp-content\/uploads\/2018\/07\/alemape-tours_food-fruit-market_minka_015-600x450.jpg 600w\" sizes=\"(max-width: 800px) 100vw, 800px\" \/><\/p>\n<p style=\"padding-left: 80px;\">Die peruanischen M\u00e4rkte \u00fcberstr\u00f6men uns mit einer Vielzahl von Geruchs- und Geschmacks\u00fcberraschungen, die wir so zu Hause nicht gew\u00f6hnt sind.<\/p>\n<p style=\"padding-left: 80px;\"><img decoding=\"async\" class=\"alignnone size-full wp-image-5966\" src=\"https:\/\/www.alemape-tours.com\/wp-content\/uploads\/2018\/07\/alemape-tours_food-fruit-market_minka_016.jpg\" alt=\"AlemaPE-Tours Food and Fruitmarket Minka\" width=\"800\" height=\"600\" title=\"\" srcset=\"https:\/\/www.alemape-tours.com\/wp-content\/uploads\/2018\/07\/alemape-tours_food-fruit-market_minka_016.jpg 800w, https:\/\/www.alemape-tours.com\/wp-content\/uploads\/2018\/07\/alemape-tours_food-fruit-market_minka_016-768x576.jpg 768w, https:\/\/www.alemape-tours.com\/wp-content\/uploads\/2018\/07\/alemape-tours_food-fruit-market_minka_016-600x450.jpg 600w\" sizes=\"(max-width: 800px) 100vw, 800px\" \/><\/p>\n<p style=\"padding-left: 80px;\"><img decoding=\"async\" class=\"alignnone size-full wp-image-5967\" src=\"https:\/\/www.alemape-tours.com\/wp-content\/uploads\/2018\/07\/alemape-tours_food-fruit-market_minka_017.jpg\" alt=\"AlemaPE-Tours Food and Fruitmarket Minka\" width=\"800\" height=\"600\" title=\"\" srcset=\"https:\/\/www.alemape-tours.com\/wp-content\/uploads\/2018\/07\/alemape-tours_food-fruit-market_minka_017.jpg 800w, https:\/\/www.alemape-tours.com\/wp-content\/uploads\/2018\/07\/alemape-tours_food-fruit-market_minka_017-768x576.jpg 768w, https:\/\/www.alemape-tours.com\/wp-content\/uploads\/2018\/07\/alemape-tours_food-fruit-market_minka_017-600x450.jpg 600w\" sizes=\"(max-width: 800px) 100vw, 800px\" \/><\/p>\n<p style=\"padding-left: 80px;\"><img decoding=\"async\" class=\"alignnone size-full wp-image-5968\" src=\"https:\/\/www.alemape-tours.com\/wp-content\/uploads\/2018\/07\/alemape-tours_food-fruit-market_minka_010.jpg\" alt=\"AlemaPE-Tours Food and Fruitmarket Minka\" width=\"800\" height=\"600\" title=\"\" srcset=\"https:\/\/www.alemape-tours.com\/wp-content\/uploads\/2018\/07\/alemape-tours_food-fruit-market_minka_010.jpg 800w, https:\/\/www.alemape-tours.com\/wp-content\/uploads\/2018\/07\/alemape-tours_food-fruit-market_minka_010-768x576.jpg 768w, https:\/\/www.alemape-tours.com\/wp-content\/uploads\/2018\/07\/alemape-tours_food-fruit-market_minka_010-600x450.jpg 600w\" sizes=\"(max-width: 800px) 100vw, 800px\" \/><\/p>\n<p style=\"padding-left: 80px;\"><img decoding=\"async\" class=\"alignnone size-full wp-image-5969\" src=\"https:\/\/www.alemape-tours.com\/wp-content\/uploads\/2018\/07\/alemape-tours_food-fruit-market_minka_009.jpg\" alt=\"AlemaPE-Tours Food and Fruitmarket Minka\" width=\"800\" height=\"600\" title=\"\" srcset=\"https:\/\/www.alemape-tours.com\/wp-content\/uploads\/2018\/07\/alemape-tours_food-fruit-market_minka_009.jpg 800w, https:\/\/www.alemape-tours.com\/wp-content\/uploads\/2018\/07\/alemape-tours_food-fruit-market_minka_009-768x576.jpg 768w, https:\/\/www.alemape-tours.com\/wp-content\/uploads\/2018\/07\/alemape-tours_food-fruit-market_minka_009-600x450.jpg 600w\" sizes=\"(max-width: 800px) 100vw, 800px\" \/><\/p>\n<p style=\"padding-left: 80px;\"><img decoding=\"async\" class=\"alignnone size-full wp-image-5970\" src=\"https:\/\/www.alemape-tours.com\/wp-content\/uploads\/2018\/07\/alemape-tours_food-fruit-market_minka_008.jpg\" alt=\"AlemaPE-Tours Food and Fruitmarket Minka\" width=\"800\" height=\"600\" title=\"\" srcset=\"https:\/\/www.alemape-tours.com\/wp-content\/uploads\/2018\/07\/alemape-tours_food-fruit-market_minka_008.jpg 800w, https:\/\/www.alemape-tours.com\/wp-content\/uploads\/2018\/07\/alemape-tours_food-fruit-market_minka_008-768x576.jpg 768w, https:\/\/www.alemape-tours.com\/wp-content\/uploads\/2018\/07\/alemape-tours_food-fruit-market_minka_008-600x450.jpg 600w\" sizes=\"(max-width: 800px) 100vw, 800px\" \/><\/p>\n<p style=\"padding-left: 80px;\">Frischer Fisch, Fleisch, H\u00e4hnchen und Puten, Gew\u00fcrze in H\u00fclle und F\u00fclle erwarte in einer f\u00fcr uns Europ\u00e4er unerwarteten Aufmachung. Alles das sind besondere Reize, die du einmal hautnah erlebt haben solltest.<\/p>\n<p style=\"padding-left: 80px;\"><img decoding=\"async\" class=\"alignnone size-full wp-image-5971\" src=\"https:\/\/www.alemape-tours.com\/wp-content\/uploads\/2018\/07\/alemape-tours_food-fruit-market_minka_013.jpg\" alt=\"AlemaPE-Tours Food and Fruitmarket Minka\" width=\"800\" height=\"600\" title=\"\" srcset=\"https:\/\/www.alemape-tours.com\/wp-content\/uploads\/2018\/07\/alemape-tours_food-fruit-market_minka_013.jpg 800w, https:\/\/www.alemape-tours.com\/wp-content\/uploads\/2018\/07\/alemape-tours_food-fruit-market_minka_013-768x576.jpg 768w, https:\/\/www.alemape-tours.com\/wp-content\/uploads\/2018\/07\/alemape-tours_food-fruit-market_minka_013-600x450.jpg 600w\" sizes=\"(max-width: 800px) 100vw, 800px\" \/><\/p>\n<p style=\"padding-left: 80px;\"><img decoding=\"async\" class=\"alignnone size-full wp-image-5972\" src=\"https:\/\/www.alemape-tours.com\/wp-content\/uploads\/2018\/07\/alemape-tours_food-fruit-market_minka_011.jpg\" alt=\"AlemaPE-Tours Food and Fruitmarket Minka\" width=\"800\" height=\"600\" title=\"\" srcset=\"https:\/\/www.alemape-tours.com\/wp-content\/uploads\/2018\/07\/alemape-tours_food-fruit-market_minka_011.jpg 800w, https:\/\/www.alemape-tours.com\/wp-content\/uploads\/2018\/07\/alemape-tours_food-fruit-market_minka_011-768x576.jpg 768w, https:\/\/www.alemape-tours.com\/wp-content\/uploads\/2018\/07\/alemape-tours_food-fruit-market_minka_011-600x450.jpg 600w\" sizes=\"(max-width: 800px) 100vw, 800px\" \/><\/p>\n<p style=\"padding-left: 80px;\"><img decoding=\"async\" class=\"alignnone size-full wp-image-5973\" src=\"https:\/\/www.alemape-tours.com\/wp-content\/uploads\/2018\/07\/alemape-tours_food-fruit-market_minka_012.jpg\" alt=\"AlemaPE-Tours Food and Fruitmarket Minka\" width=\"800\" height=\"600\" title=\"\" srcset=\"https:\/\/www.alemape-tours.com\/wp-content\/uploads\/2018\/07\/alemape-tours_food-fruit-market_minka_012.jpg 800w, https:\/\/www.alemape-tours.com\/wp-content\/uploads\/2018\/07\/alemape-tours_food-fruit-market_minka_012-768x576.jpg 768w, https:\/\/www.alemape-tours.com\/wp-content\/uploads\/2018\/07\/alemape-tours_food-fruit-market_minka_012-600x450.jpg 600w\" sizes=\"(max-width: 800px) 100vw, 800px\" \/><\/p>\n<p style=\"padding-left: 80px;\">Peru ist das einzigste Land der Erde, in dem eine biologische Artenvielfalt von etwa 5.000 verschiedenen Kartoffelsorten frisch erh\u00e4ltlich sind.<\/p>\n<p style=\"padding-left: 80px;\"><img decoding=\"async\" class=\"alignnone size-full wp-image-5974\" src=\"https:\/\/www.alemape-tours.com\/wp-content\/uploads\/2018\/07\/alemape-tours_food-fruit-market_minka_018.jpg\" alt=\"AlemaPE-Tours Food and Fruitmarket Minka\" width=\"800\" height=\"600\" title=\"\" srcset=\"https:\/\/www.alemape-tours.com\/wp-content\/uploads\/2018\/07\/alemape-tours_food-fruit-market_minka_018.jpg 800w, https:\/\/www.alemape-tours.com\/wp-content\/uploads\/2018\/07\/alemape-tours_food-fruit-market_minka_018-768x576.jpg 768w, https:\/\/www.alemape-tours.com\/wp-content\/uploads\/2018\/07\/alemape-tours_food-fruit-market_minka_018-600x450.jpg 600w\" sizes=\"(max-width: 800px) 100vw, 800px\" \/><\/p>\n<p style=\"padding-left: 80px;\">Lerne Peru mit den imposanten Anden, den Kulturen der Wari und Inka, dem urspr\u00fcnglichen Dschungel und gastfreundlichen Menschen kennen. Lerne als Gast in einer peruanischen Familie deren pers\u00f6nlichen Vorlieben entsprechend kennen. Damit sich die Vielfalt von Peru in deiner individuell geplanten Tour widerspiegelt, haben wir eine bunte Mischung aus verschiedenen Unterk\u00fcnften, Ausfl\u00fcgen und interessanten Reisezielen in Peru f\u00fcr dich zusammengestellt. W\u00e4hrend der Reise bist du individuell unterwegs und werden in einzelnen den Tourabschnitten verschiedene Ausfl\u00fcge in Kleingruppen oder ganz privat mit Guide nur f\u00fcr dich alleine durchf\u00fchren. Zudem haben wir an den unterschiedlichen Orten einige landestypische Unterk\u00fcnfte f\u00fcr dich herausgesucht. So lernst du in Peru das Land und die Leute auf eine authentische Art kennen.<\/p>\n<p style=\"padding-left: 80px;\">Rufe uns an Telefon +51 499 8288 oder Telefon +49 151-289-34400 an und wir oder unser Beraterteam helfen dir gern!<\/p>\n<\/div>","protected":false},"excerpt":{"rendered":"<p>Was du sehen und sp\u00fcren kannst Authentische Erlebnisse sind die Momente, in denen du dich lebendig f\u00fchlst und etwas Au\u00dfergew\u00f6hnliches erlebst. Dein Reiseziel aus den Augen eines Einheimischen sehen. Die Momente, in denen di dich mitten auf einem Plaza de Armas in irgendeinem Dorf Perus wiederfinden, eine hausgemachte Mahlzeit deiner neuen einheimischen Freunde probieren, oder [&hellip;]<\/p>\n","protected":false},"author":1,"featured_media":0,"parent":0,"menu_order":5,"comment_status":"closed","ping_status":"closed","template":"","meta":{"footnotes":""},"class_list":["post-17222","page","type-page","status-publish","hentry"],"_links":{"self":[{"href":"https:\/\/www.alemape-tours.com\/de\/wp-json\/wp\/v2\/pages\/17222","targetHints":{"allow":["GET"]}}],"collection":[{"href":"https:\/\/www.alemape-tours.com\/de\/wp-json\/wp\/v2\/pages"}],"about":[{"href":"https:\/\/www.alemape-tours.com\/de\/wp-json\/wp\/v2\/types\/page"}],"author":[{"embeddable":true,"href":"https:\/\/www.alemape-tours.com\/de\/wp-json\/wp\/v2\/users\/1"}],"replies":[{"embeddable":true,"href":"https:\/\/www.alemape-tours.com\/de\/wp-json\/wp\/v2\/comments?post=17222"}],"version-history":[{"count":1,"href":"https:\/\/www.alemape-tours.com\/de\/wp-json\/wp\/v2\/pages\/17222\/revisions"}],"predecessor-version":[{"id":32467,"href":"https:\/\/www.alemape-tours.com\/de\/wp-json\/wp\/v2\/pages\/17222\/revisions\/32467"}],"wp:attachment":[{"href":"https:\/\/www.alemape-tours.com\/de\/wp-json\/wp\/v2\/media?parent=17222"}],"curies":[{"name":"wp","href":"https:\/\/api.w.org\/{rel}","templated":true}]}}