{"id":17000,"date":"2018-08-23T09:19:30","date_gmt":"2018-08-23T07:19:30","guid":{"rendered":"https:\/\/www.alemape-tours.com\/?page_id=17000"},"modified":"2025-08-11T23:12:01","modified_gmt":"2025-08-11T21:12:01","slug":"reise-versicherungen","status":"publish","type":"page","link":"https:\/\/www.alemape-tours.com\/de\/reise-versicherungen\/","title":{"rendered":"Reise-Versicherungen"},"content":{"rendered":"<h1><span style=\"color: #1ca4b4;\">Angebote unseres Versicherungspartners f\u00fcr deine Reise<br \/>\n<\/span><\/h1>\n<p>Bitte kontaktiere uns f\u00fcr weitere Details. In der Regel beantworten wir deine Fragen innerhalb von 24 Stunden.<\/p>\n<p>&nbsp;<\/p>\n<h3><span style=\"color: #ff0000;\">Zur Info:<\/span><\/h3>\n<ul>\n<li>Alle folgenden Versicherungsangebote sind zumeist f\u00fcr Deutsche Staatsangeh\u00f6rige oder f\u00fcr Europ\u00e4er, die dauerhaft einen Wohnsitz in Deutschland haben.<\/li>\n<\/ul>\n<h2 id=\"gt-res-dir-ctr\" class=\"trans-verified-button-small\" dir=\"ltr\"><span id=\"gt-res-error\"><\/span><span id=\"result_box\" lang=\"de\" tabindex=\"-1\"><span style=\"color: #1ca4b4;\">Unser Partner kann auch vor und w\u00e4hrend der Reise dein Partner sein &#8211; die HanseMerkur Reiseversicherung<\/span><br \/>\n<\/span><\/h2>\n<p class=\"trans-verified-button-small\" dir=\"ltr\"><span id=\"result_box\" lang=\"de\" tabindex=\"-1\">Die Reiseversicherungen der HanseMerkur wurden vielfach ausgezeichnet. Damit du sicher und unbeschwert die sch\u00f6nste Zeit des Jahres erleben kannst, bieten wir dir mit den verschiedenen Versicherungen ma\u00dfgeschneiderte L\u00f6sungen f\u00fcr deinen pers\u00f6nlichen Schutz auf Reisen &#8211; und weltweit. Du kannst bequem eine unserer Reiseversicherungen online ausf\u00fcllen und deine Freizeit genie\u00dfen, ohne sich um Stornierungskosten oder Krankheit k\u00fcmmern zu m\u00fcssen.<\/span><\/p>\n<h2 class=\"trans-verified-button-small\" dir=\"ltr\"><span id=\"result_box\" lang=\"de\" style=\"color: #1ca4b4;\" tabindex=\"-1\">Unsere Reiseversicherung f\u00fcr deine Urlaubsreise<\/span><\/h2>\n<h2 class=\"trans-verified-button-small\" dir=\"ltr\"><span id=\"result_box\" lang=\"de\" style=\"color: #1ca4b4;\" tabindex=\"-1\">Internationale Krankenversicherung<\/span><\/h2>\n<p><a href=\"https:\/\/www.hansemerkur.de\/auslandskrankenversicherung\" target=\"_blank\" rel=\"noopener noreferrer\"><img decoding=\"async\" class=\"wp-image-9061 size-full alignnone\" src=\"https:\/\/www.alemape-tours.com\/wp-content\/uploads\/2018\/07\/01_auslandsreisekrankenversicherung-3er-v2-desktop.jpg\" alt=\"Auslandsreisekrankenversicherung\" width=\"370\" height=\"240\" title=\"\"><\/a><\/p>\n<div id=\"gt-res-dir-ctr\" class=\"trans-verified-button-small\" dir=\"ltr\"><span id=\"gt-res-error\"><\/span><span id=\"result_box\" lang=\"de\" tabindex=\"-1\">Ob alleine oder in einer Gruppe. Mit der internationalen Krankenversicherung der HanseMerkur bist du auf Reisen umfassend versichert. Auch als g\u00fcnstige Jahresversicherung m\u00f6glich.<\/span><\/div>\n<div dir=\"ltr\"><\/div>\n<p><strong><span lang=\"de\" tabindex=\"-1\"><a href=\"https:\/\/www.hansemerkur.de\/auslandskrankenversicherung\" target=\"_blank\" rel=\"noopener noreferrer\">Zur Auslandskrankenversicherung<\/a><\/span><\/strong><\/p>\n<h3><\/h3>\n<h2><span style=\"color: #1ca4b4;\">Reiser\u00fccktrittsversicherung<\/span><\/h2>\n<p><a href=\"https:\/\/www.hansemerkur.de\/reiseruecktrittsversicherung\" target=\"_blank\" rel=\"noopener noreferrer\"><img decoding=\"async\" class=\"wp-image-9062 size-full alignnone\" src=\"https:\/\/www.alemape-tours.com\/wp-content\/uploads\/2018\/07\/02_reiseversicherung-last-minute-3er-desktop.jpg\" alt=\"Reiseversicherung\" width=\"370\" height=\"240\" title=\"\"><\/a><\/p>\n<p>Sch\u00fctze dich mit der Reiser\u00fccktrittsversicherung der HanseMerkur vor Stornokosten. Hier erh\u00e4lst du einen optimalen Versicherungsschutz.<\/p>\n<p><a href=\"https:\/\/www.hansemerkur.de\/reiseruecktrittsversicherung\" target=\"_blank\" rel=\"noopener noreferrer\"><strong>Zur Reiser\u00fccktrittsversicherung<\/strong><\/a><\/p>\n<h3><\/h3>\n<h2><span style=\"color: #1ca4b4;\">Reiseversicherung f\u00fcr Studenten<\/span><\/h2>\n<p><a href=\"https:\/\/www.hansemerkur.de\/reiseversicherung-schueler-studenten\" target=\"_blank\" rel=\"noopener noreferrer\"><img decoding=\"async\" class=\"wp-image-9063 size-full alignnone\" src=\"https:\/\/www.alemape-tours.com\/wp-content\/uploads\/2018\/07\/03_auslandskrankenversicherung-studenten-3er-desktop.jpg\" alt=\"Auslandskrankenversicherung Studenten\" width=\"370\" height=\"240\" title=\"\"><\/a><\/p>\n<p>Die Auslandskrankenversicherung f\u00fcr den Auslandsaufenthalt &#8211; insbesondere f\u00fcr Sch\u00fcler und Studenten. Auch als g\u00fcnstige Jahresversicherung m\u00f6glich.<\/p>\n<p><a href=\"https:\/\/www.hansemerkur.de\/reiseversicherung-schueler-studenten\" target=\"_blank\" rel=\"noopener noreferrer\"><strong>Zur Reiseversicherungen f\u00fcr Sch\u00fcler und Studenten<\/strong><\/a><\/p>\n<h3><\/h3>\n<h2><span style=\"color: #1ca4b4;\">Reiseversicherung f\u00fcr Au Pairs<\/span><\/h2>\n<p><a href=\"https:\/\/www.hansemerkur.de\/reiseversicherung-au-pairs\" target=\"_blank\" rel=\"noopener noreferrer\"><img decoding=\"async\" class=\"wp-image-9064 size-full alignnone\" src=\"https:\/\/www.alemape-tours.com\/wp-content\/uploads\/2018\/07\/04_auslandskrankenversicherung-au-pair-3er-desktop.jpg\" alt=\"Auslandskrankenversicherung Au-pair\" width=\"370\" height=\"240\" title=\"\"><\/a><\/p>\n<p>F\u00fcr den Auslandsaufenthalt als Au Pair hast du die Wahl zwischen den Tarifgrundlagen oder Premium f\u00fcr einen optimalen Versicherungsschutz.<\/p>\n<p><a href=\"https:\/\/www.hansemerkur.de\/reiseversicherung-au-pairs\" target=\"_blank\" rel=\"noopener noreferrer\"><strong>Zur Reiseversicherungen f\u00fcr Au Pairs<\/strong><\/a><\/p>\n<h3><\/h3>\n<h2><span style=\"color: #1ca4b4;\">Langfristige ausl\u00e4ndische Krankenversicherung bis zu 1 Jahr<\/span><\/h2>\n<p><a href=\"https:\/\/www.hansemerkur.de\/langfristige-auslandskrankenversicherungen\/auslandskrankenversicherung-bis-1-jahr\" target=\"_blank\" rel=\"noopener noreferrer\"><img decoding=\"async\" class=\"wp-image-9065 size-full alignnone\" src=\"https:\/\/www.alemape-tours.com\/wp-content\/uploads\/2018\/07\/05_auslandskrankenversicherung-bis-1-jahr-3er-desktop.jpg\" alt=\"Auslandskrankenversicherung bis 1 Jahr\" width=\"370\" height=\"240\" title=\"\"><\/a><\/p>\n<p>Mit dieser Krankenversicherung bist du bis zu einem Jahr im Ausland gut versichert.<\/p>\n<p><a href=\"https:\/\/www.hansemerkur.de\/langfristige-auslandskrankenversicherungen\/auslandskrankenversicherung-bis-1-jahr\" target=\"_blank\" rel=\"noopener noreferrer\"><strong>Zur Auslandskrankenversicherung bis 1 Jahr<\/strong><\/a><\/p>\n<h3><\/h3>\n<h2><span style=\"color: #1ca4b4;\">Langzeitkrankenversicherung bis 5 Jahre<\/span><\/h2>\n<p><a href=\"https:\/\/www.hansemerkur.de\/langfristige-auslandskrankenversicherungen\/auslandskrankenversicherung-bis-5-jahre\" target=\"_blank\" rel=\"noopener noreferrer\"><img decoding=\"async\" class=\"wp-image-9066 size-full alignnone\" src=\"https:\/\/www.alemape-tours.com\/wp-content\/uploads\/2018\/07\/05_auslandskrankenversicherung-bis-5-jahre-3er-desktop.jpg\" alt=\"Auslandskrankenversicherung bis 5 Jahre\" width=\"370\" height=\"240\" title=\"\"><\/a><\/p>\n<h3><span lang=\"de\" tabindex=\"-1\">Mit dieser Krankenversicherung bist du bis zu 5 Jahren im Ausland optimal versichert.<\/span><\/h3>\n<p><a href=\"https:\/\/www.hansemerkur.de\/langfristige-auslandskrankenversicherungen\/auslandskrankenversicherung-bis-5-jahre\" target=\"_blank\" rel=\"noopener noreferrer\"><strong>Zur Auslandskrankenversicherung bis 5 Jahre<\/strong><\/a><\/p>\n<p>&nbsp;<\/p>\n<h2><span style=\"color: #1ca4b4;\">Reiseversicherung Young Travel f\u00fcr ausl\u00e4ndische G\u00e4ste<\/span><\/h2>\n<p><a href=\"https:\/\/www.hansemerkur.de\/versicherungen-fuer-auslaendische-gaeste\/young-travel\" target=\"_blank\" rel=\"noopener noreferrer\"><img decoding=\"async\" class=\"wp-image-9067 size-full alignnone\" src=\"https:\/\/www.alemape-tours.com\/wp-content\/uploads\/2018\/07\/06_auslaendische-gaeste-versicherung-young-travel-3er-desktop.jpg\" alt=\"Auslaendische G\u00e4ste-Versicherung Young Travel\" width=\"370\" height=\"240\" title=\"\"><\/a><\/p>\n<p>Die Young Travel Travel Insurance ist die richtige Wahl f\u00fcr junge G\u00e4ste, die zum Beispiel als Austauschsch\u00fcler, Au Pair, Praktikant, Student oder Doktorand in Deutschland sind.<\/p>\n<p><a href=\"https:\/\/www.hansemerkur.de\/versicherungen-fuer-auslaendische-gaeste\/young-travel\" target=\"_blank\" rel=\"noopener noreferrer\"><strong>Zur Reiseversicherung Young Travel f\u00fcr ausl\u00e4ndische G\u00e4ste<\/strong><\/a><\/p>\n<h3><\/h3>\n<h2><span style=\"color: #1ca4b4;\">Flugticketschutz<\/span><\/h2>\n<p><a href=\"https:\/\/www.hansemerkur.de\/flugticketschutz\" target=\"_blank\" rel=\"noopener noreferrer\"><img decoding=\"async\" class=\"wp-image-9068 size-full alignnone\" src=\"https:\/\/www.alemape-tours.com\/wp-content\/uploads\/2018\/07\/07_flugticketschutz-3er-teaser-desktop.jpg\" alt=\"Flugticketschutz\" width=\"370\" height=\"240\" title=\"\"><\/a><\/p>\n<p>Unser Flugticketschutz ist die ma\u00dfgeschneiderte L\u00f6sung f\u00fcr deine Flugbuchung &#8211; sch\u00fctze dich vor hohen Kosten im Falle einer Flugbuchstornierung.<\/p>\n<p><a href=\"https:\/\/www.hansemerkur.de\/flugticketschutz\" target=\"_blank\" rel=\"noopener noreferrer\"><strong>Zum Ticketschutz<\/strong><\/a><\/p>\n","protected":false},"excerpt":{"rendered":"<p>Angebote unseres Versicherungspartners f\u00fcr deine Reise Bitte kontaktiere uns f\u00fcr weitere Details. In der Regel beantworten wir deine Fragen innerhalb von 24 Stunden. &nbsp; Zur Info: Alle folgenden Versicherungsangebote sind zumeist f\u00fcr Deutsche Staatsangeh\u00f6rige oder f\u00fcr Europ\u00e4er, die dauerhaft einen Wohnsitz in Deutschland haben. Unser Partner kann auch vor und w\u00e4hrend der Reise dein Partner [&hellip;]<\/p>\n","protected":false},"author":1,"featured_media":0,"parent":0,"menu_order":0,"comment_status":"closed","ping_status":"closed","template":"","meta":{"footnotes":""},"class_list":["post-17000","page","type-page","status-publish","hentry"],"_links":{"self":[{"href":"https:\/\/www.alemape-tours.com\/de\/wp-json\/wp\/v2\/pages\/17000","targetHints":{"allow":["GET"]}}],"collection":[{"href":"https:\/\/www.alemape-tours.com\/de\/wp-json\/wp\/v2\/pages"}],"about":[{"href":"https:\/\/www.alemape-tours.com\/de\/wp-json\/wp\/v2\/types\/page"}],"author":[{"embeddable":true,"href":"https:\/\/www.alemape-tours.com\/de\/wp-json\/wp\/v2\/users\/1"}],"replies":[{"embeddable":true,"href":"https:\/\/www.alemape-tours.com\/de\/wp-json\/wp\/v2\/comments?post=17000"}],"version-history":[{"count":1,"href":"https:\/\/www.alemape-tours.com\/de\/wp-json\/wp\/v2\/pages\/17000\/revisions"}],"predecessor-version":[{"id":32424,"href":"https:\/\/www.alemape-tours.com\/de\/wp-json\/wp\/v2\/pages\/17000\/revisions\/32424"}],"wp:attachment":[{"href":"https:\/\/www.alemape-tours.com\/de\/wp-json\/wp\/v2\/media?parent=17000"}],"curies":[{"name":"wp","href":"https:\/\/api.w.org\/{rel}","templated":true}]}}