{"id":16995,"date":"2018-08-23T09:04:09","date_gmt":"2018-08-23T07:04:09","guid":{"rendered":"https:\/\/www.alemape-tours.com\/?page_id=16995"},"modified":"2025-08-11T21:38:10","modified_gmt":"2025-08-11T19:38:10","slug":"impressum","status":"publish","type":"page","link":"https:\/\/www.alemape-tours.com\/de\/unser-alemape-tours-service\/impressum\/","title":{"rendered":"Impressum"},"content":{"rendered":"<div class=\"wpb-content-wrapper\"><p>[vc_row][vc_column][vc_column_text css=&#8220;&#8220;]<\/p>\n<h1>Anbieter<\/h1>\n<h3>AlemaPE-Tours S.A.C.<\/h3>\n<p><strong>Inhaber:<\/strong> Karl-Heinz Dibke<br \/>\nCalle Ramon Castilla 442<br \/>\nPE &#8211; 07036 Callao<br \/>\n<strong>E-Mail:<\/strong>\u00a0 <span id=\"result_box\" class=\"\" lang=\"en\" tabindex=\"-1\"><span title=\"E-Mail: info@alemape-tours.com \"><strong><a href=\"mailto:info@alemape-tours.com\" target=\"_blank\" rel=\"noopener noreferrer\">info@alemape-tours.com<\/a><\/strong><\/span><\/span><br \/>\n<strong>Webseite:<\/strong> <span id=\"result_box\" class=\"\" lang=\"en\" tabindex=\"-1\"><span title=\"PE - 07036 Callao \"><span title=\"Website: www.alemape-tours.com \"> <strong><a href=\"https:\/\/www.alemape-tours.com\/de\/\">www.alemape-tours.com<\/a><\/strong>\u00a0, <a href=\"https:\/\/www,alemape-tours.de\" target=\"_blank\" rel=\"noopener noreferrer\"><strong>www.alemape-tours.de<\/strong><\/a> , <a href=\"https:\/\/www.alemape-tours.es\" target=\"_blank\" rel=\"noopener noreferrer\"><strong>www.alemape-tours.es<\/strong><\/a> , <strong><a href=\"https:\/\/www.cincopasos.pe\" target=\"_blank\" rel=\"noopener noreferrer\">www.cincopasos.pe<\/a><\/strong><\/span> , <a href=\"https:\/\/www,cincopasos.de\" target=\"_blank\" rel=\"noopener noreferrer\"><strong>cincopasos.de<\/strong><\/a> , <strong><a href=\"http:\/\/www.5pasos.de\" target=\"_blank\" rel=\"noopener\">www.5pasos.de<\/a><\/strong><\/span><\/span><\/p>\n<p><strong>F\u00fcr Peru RUC:<\/strong> 20602854338<\/p>\n<h2>Hinweis<\/h2>\n<p>Der Anbieter hat seinen Firmensitz in Callao &#8211; Peru und dadurch ist auch der Erf\u00fcllungsort und Gerichtsstand Callao &#8211; Peru.<\/p>\n<p>Wir vermitteln <a href=\"https:\/\/www.alemape-tours.com\/de\/reise-versicherungen\/\"><strong>Reiseversicherungen<\/strong><\/a> im Status eines erlaubnisfreien Annexvermittlers gem\u00e4\u00df \u00a7 34d Abs. 8 Nr. 1 Gewerbeordnung (GewO).<\/p>\n<h2>Urheberrecht<\/h2>\n<p>Die durch den Seitenbetreiber erstellten Inhalte und Werke auf diesen Seiten unterliegen dem peruanischen Urheberrecht. Die Vervielf\u00e4ltigung, Bearbeitung, Verbreitung und jede Art der Verwertung au\u00dferhalb der Grenzen des Urheberrechtes bed\u00fcrfen der schriftlichen Zustimmung des jeweiligen Autors bzw. Erstellers. Downloads und Kopien dieser Seite sind nur f\u00fcr den privaten, nicht kommerziellen Gebrauch gestattet. Marken, Handelsnamen und Logos sind Eigentum von AlemaPE-Tours S.A.C. und unterliegen dem gesetzlichen Schutz nach peruanischem Recht. Eine Verwertung, auch auszugsweise, ohne die schriftliche Genehmigung versto\u00dfen gegen das Urheberrecht und sind damit rechtswidrig.<br \/>\nSoweit die Inhalte auf dieser Seite nicht vom Betreiber erstellt wurden, werden die Urheberrechte Dritter beachtet. Insbesondere werden Inhalte Dritter als solche gekennzeichnet. Sollten Sie trotzdem auf eine Urheberrechtsverletzung aufmerksam werden, bitten wir um einen entsprechenden Hinweis. Bei Bekanntwerden von Rechtsverletzungen werden wir derartige Inhalte umgehend entfernen.<\/p>\n<h2>Datenschutz<\/h2>\n<p>Hinweise zum Datenschutz finden Sie <strong><a href=\"https:\/\/www.alemape-tours.com\/datenschutzerklaerung\/?lang=de\">hier<\/a><\/strong>.[\/vc_column_text][\/vc_column][\/vc_row]<\/p>\n<\/div>","protected":false},"excerpt":{"rendered":"<p>[vc_row][vc_column][vc_column_text css=&#8220;&#8220;] Anbieter AlemaPE-Tours S.A.C. Inhaber: Karl-Heinz Dibke Calle Ramon Castilla 442 PE &#8211; 07036 Callao E-Mail:\u00a0 info@alemape-tours.com Webseite: www.alemape-tours.com\u00a0, www.alemape-tours.de , www.alemape-tours.es , www.cincopasos.pe , cincopasos.de , www.5pasos.de F\u00fcr Peru RUC: 20602854338 Hinweis Der Anbieter hat seinen Firmensitz in Callao &#8211; Peru und dadurch ist auch der Erf\u00fcllungsort und Gerichtsstand Callao &#8211; Peru. Wir [&hellip;]<\/p>\n","protected":false},"author":1,"featured_media":0,"parent":23505,"menu_order":1,"comment_status":"closed","ping_status":"closed","template":"","meta":{"footnotes":""},"class_list":["post-16995","page","type-page","status-publish","hentry"],"_links":{"self":[{"href":"https:\/\/www.alemape-tours.com\/de\/wp-json\/wp\/v2\/pages\/16995","targetHints":{"allow":["GET"]}}],"collection":[{"href":"https:\/\/www.alemape-tours.com\/de\/wp-json\/wp\/v2\/pages"}],"about":[{"href":"https:\/\/www.alemape-tours.com\/de\/wp-json\/wp\/v2\/types\/page"}],"author":[{"embeddable":true,"href":"https:\/\/www.alemape-tours.com\/de\/wp-json\/wp\/v2\/users\/1"}],"replies":[{"embeddable":true,"href":"https:\/\/www.alemape-tours.com\/de\/wp-json\/wp\/v2\/comments?post=16995"}],"version-history":[{"count":2,"href":"https:\/\/www.alemape-tours.com\/de\/wp-json\/wp\/v2\/pages\/16995\/revisions"}],"predecessor-version":[{"id":32357,"href":"https:\/\/www.alemape-tours.com\/de\/wp-json\/wp\/v2\/pages\/16995\/revisions\/32357"}],"up":[{"embeddable":true,"href":"https:\/\/www.alemape-tours.com\/de\/wp-json\/wp\/v2\/pages\/23505"}],"wp:attachment":[{"href":"https:\/\/www.alemape-tours.com\/de\/wp-json\/wp\/v2\/media?parent=16995"}],"curies":[{"name":"wp","href":"https:\/\/api.w.org\/{rel}","templated":true}]}}