{"id":16868,"date":"2018-08-23T06:22:57","date_gmt":"2018-08-23T04:22:57","guid":{"rendered":"https:\/\/www.alemape-tours.com\/?page_id=16868"},"modified":"2025-08-11T17:56:05","modified_gmt":"2025-08-11T15:56:05","slug":"best-preis-garantie","status":"publish","type":"page","link":"https:\/\/www.alemape-tours.com\/de\/best-preis-garantie\/","title":{"rendered":"Best-Preis-Garantie"},"content":{"rendered":"<h1><span style=\"color: #1ca4b4;\">Ihr Vorteil bei AlemaPE-Tours!<\/span><\/h1>\n<p><img decoding=\"async\" class=\"alignleft wp-image-18134\" src=\"https:\/\/www.alemape-tours.com\/wp-content\/uploads\/2018\/08\/Bester-Preis-garantiert.png\" alt=\"Bester Preis garantiert\" width=\"200\" height=\"200\" title=\"\" srcset=\"https:\/\/www.alemape-tours.com\/wp-content\/uploads\/2018\/08\/Bester-Preis-garantiert.png 456w, https:\/\/www.alemape-tours.com\/wp-content\/uploads\/2018\/08\/Bester-Preis-garantiert-300x300.png 300w, https:\/\/www.alemape-tours.com\/wp-content\/uploads\/2018\/08\/Bester-Preis-garantiert-400x400.png 400w, https:\/\/www.alemape-tours.com\/wp-content\/uploads\/2018\/08\/Bester-Preis-garantiert-100x100.png 100w\" sizes=\"(max-width: 200px) 100vw, 200px\" \/><\/p>\n<p>Wenn Sie \u00fcber AlemaPE-Tours eine Last-Minute-, Fr\u00fchbucher- oder Pauschalreise (in diesem Fall die Kombination von Flug und Hotel desselben Reiseveranstalters*) gebucht haben und ein identisches Urlaubsangebot bei einem anderen Anbieter g\u00fcnstiger buchen k\u00f6nnten, erstattet AlemaPE-Tours Ihnen die Preisdifferenz. Diese Garantie gilt unter der Voraussetzung, dass Personenzahl, Reiseziel, Veranstalter, Reisetermin, Buchungstag, Reiseart, Unterkunft, Verpflegungsart, Airline und Flugroute beim Konkurrenzangebot identisch sind. Kurzfristige Preissenkungen durch den Veranstalter nach der Buchung oder unrechtm\u00e4\u00dfig gew\u00e4hrte Rabatte sowie Sonderreisen und Sonderkontingente bleiben von der Garantie ausgeschlossen.<\/p>\n<p>* Zu einem Gesamtpreis und einer Gesamtrechnung.<\/p>\n<p>&nbsp;<\/p>\n","protected":false},"excerpt":{"rendered":"<p>Ihr Vorteil bei AlemaPE-Tours! Wenn Sie \u00fcber AlemaPE-Tours eine Last-Minute-, Fr\u00fchbucher- oder Pauschalreise (in diesem Fall die Kombination von Flug und Hotel desselben Reiseveranstalters*) gebucht haben und ein identisches Urlaubsangebot bei einem anderen Anbieter g\u00fcnstiger buchen k\u00f6nnten, erstattet AlemaPE-Tours Ihnen die Preisdifferenz. Diese Garantie gilt unter der Voraussetzung, dass Personenzahl, Reiseziel, Veranstalter, Reisetermin, Buchungstag, Reiseart, [&hellip;]<\/p>\n","protected":false},"author":1,"featured_media":0,"parent":0,"menu_order":0,"comment_status":"closed","ping_status":"closed","template":"","meta":{"footnotes":""},"class_list":["post-16868","page","type-page","status-publish","hentry"],"_links":{"self":[{"href":"https:\/\/www.alemape-tours.com\/de\/wp-json\/wp\/v2\/pages\/16868","targetHints":{"allow":["GET"]}}],"collection":[{"href":"https:\/\/www.alemape-tours.com\/de\/wp-json\/wp\/v2\/pages"}],"about":[{"href":"https:\/\/www.alemape-tours.com\/de\/wp-json\/wp\/v2\/types\/page"}],"author":[{"embeddable":true,"href":"https:\/\/www.alemape-tours.com\/de\/wp-json\/wp\/v2\/users\/1"}],"replies":[{"embeddable":true,"href":"https:\/\/www.alemape-tours.com\/de\/wp-json\/wp\/v2\/comments?post=16868"}],"version-history":[{"count":1,"href":"https:\/\/www.alemape-tours.com\/de\/wp-json\/wp\/v2\/pages\/16868\/revisions"}],"predecessor-version":[{"id":32219,"href":"https:\/\/www.alemape-tours.com\/de\/wp-json\/wp\/v2\/pages\/16868\/revisions\/32219"}],"wp:attachment":[{"href":"https:\/\/www.alemape-tours.com\/de\/wp-json\/wp\/v2\/media?parent=16868"}],"curies":[{"name":"wp","href":"https:\/\/api.w.org\/{rel}","templated":true}]}}